{"id":158,"date":"2020-03-19T22:30:05","date_gmt":"2020-03-19T21:30:05","guid":{"rendered":"https:\/\/dfvcg-events.de\/zdae\/?page_id=158"},"modified":"2024-04-10T11:21:17","modified_gmt":"2024-04-10T09:21:17","slug":"hotel-anreise","status":"publish","type":"page","link":"https:\/\/dfvcg-events.de\/zdae\/hotel-anreise\/","title":{"rendered":"Hotel &amp; Anreise"},"content":{"rendered":"<div id='av_section_1'  class='avia-section av-k7yuhjt1-676f3ed4420f2c40c202d201fc1a3016 main_color avia-section-default avia-no-border-styling  avia-builder-el-0  el_before_av_section  avia-builder-el-first  header-farbe avia-bg-style-scroll container_wrap fullsize'  ><div class='container av-section-cont-open' ><main  role=\"main\" itemprop=\"mainContentOfPage\"  class='template-page content  av-content-full alpha units'><div class='post-entry post-entry-type-page post-entry-158'><div class='entry-content-wrapper clearfix'>\n\n<style type=\"text\/css\" data-created_by=\"avia_inline_auto\" id=\"style-css-av-kki409e1-0df8f931041d21053b2bec7fdce39e3c\">\n#top .av-special-heading.av-kki409e1-0df8f931041d21053b2bec7fdce39e3c{\npadding-bottom:0;\ncolor:#ffffff;\n}\nbody .av-special-heading.av-kki409e1-0df8f931041d21053b2bec7fdce39e3c .av-special-heading-tag .heading-char{\nfont-size:25px;\n}\n.av-special-heading.av-kki409e1-0df8f931041d21053b2bec7fdce39e3c .special-heading-inner-border{\nborder-color:#ffffff;\n}\n.av-special-heading.av-kki409e1-0df8f931041d21053b2bec7fdce39e3c .av-subheading{\nfont-size:15px;\ncolor:#ffffff;\n}\n<\/style>\n<div  class='av-special-heading av-kki409e1-0df8f931041d21053b2bec7fdce39e3c av-special-heading-h1 custom-color-heading blockquote modern-quote  avia-builder-el-1  avia-builder-el-no-sibling '><div class='av_custom_color av-subheading av-subheading_above'><p>Zukunftsdialog Agrar und Ern\u00e4hrung<\/p>\n<\/div><h1 class='av-special-heading-tag '  itemprop=\"headline\"  >Hotel <span class='special_amp'>&amp;<\/span> Anreise<\/h1><div class=\"special-heading-border\"><div class=\"special-heading-inner-border\"><\/div><\/div><\/div>\n\n<\/div><\/div><\/main><!-- close content main element --><\/div><\/div><div id='av_section_2'  class='avia-section av-kasq6ann-253d6592bbfd5f9b6f5266b4dcf59102 main_color avia-section-default avia-no-border-styling  avia-builder-el-2  el_after_av_section  el_before_av_section  avia-bg-style-scroll container_wrap fullsize'  ><div class='container av-section-cont-open' ><div class='template-page content  av-content-full alpha units'><div class='post-entry post-entry-type-page post-entry-158'><div class='entry-content-wrapper clearfix'>\n<div class='flex_column_table av-g3kbi-5f8daf6809d7348e4b48acf57edb572c sc-av_one_fourth av-break-at-tablet-flextable av-equal-height-column-flextable'>\n<style type=\"text\/css\" data-created_by=\"avia_inline_auto\" id=\"style-css-av-g3kbi-5f8daf6809d7348e4b48acf57edb572c\">\n.flex_column.av-g3kbi-5f8daf6809d7348e4b48acf57edb572c{\nborder-radius:0px 0px 0px 0px;\npadding:0px 0px 0px 0px;\n}\n<\/style>\n<div  class='flex_column av-g3kbi-5f8daf6809d7348e4b48acf57edb572c av_one_fourth  avia-builder-el-3  el_before_av_three_fourth  avia-builder-el-first  first av-break-at-tablet flex_column_table_cell av-equal-height-column av-align-middle av-zero-column-padding  '     ><p>\n<style type=\"text\/css\" data-created_by=\"avia_inline_auto\" id=\"style-css-av-8q8me-40910b82de234c990e90d08269d9c11b\">\n#top .av-special-heading.av-8q8me-40910b82de234c990e90d08269d9c11b{\npadding-bottom:25px;\n}\nbody .av-special-heading.av-8q8me-40910b82de234c990e90d08269d9c11b .av-special-heading-tag .heading-char{\nfont-size:25px;\n}\n.av-special-heading.av-8q8me-40910b82de234c990e90d08269d9c11b .av-subheading{\nfont-size:19px;\n}\n<\/style>\n<div  class='av-special-heading av-8q8me-40910b82de234c990e90d08269d9c11b av-special-heading-h2 blockquote modern-quote  avia-builder-el-4  el_before_av_textblock  avia-builder-el-first '><h2 class='av-special-heading-tag '  itemprop=\"headline\"  >Veranstaltungsort<\/h2><div class=\"special-heading-border\"><div class=\"special-heading-inner-border\"><\/div><\/div><\/div><br \/>\n<section  class='av_textblock_section av-k7z3il24-52b62e98193e907c2d75cd56a1ac2de2 '   itemscope=\"itemscope\" itemtype=\"https:\/\/schema.org\/CreativeWork\" ><div class='avia_textblock'  itemprop=\"text\" ><p><strong>Festsaal Kreuzberg<\/strong><\/p>\n<p>Am Flutgraben 2<br \/>\n12435 Berlin<\/p>\n<\/div><\/section><\/p><\/div><div class='av-flex-placeholder'><\/div>\n<style type=\"text\/css\" data-created_by=\"avia_inline_auto\" id=\"style-css-av-g3kbi-2-10d65bd3a1b1d7a8606f028a7cb9f08b\">\n.flex_column.av-g3kbi-2-10d65bd3a1b1d7a8606f028a7cb9f08b{\nborder-radius:0px 0px 0px 0px;\npadding:0px 0px 0px 0px;\n}\n<\/style>\n<div  class='flex_column av-g3kbi-2-10d65bd3a1b1d7a8606f028a7cb9f08b av_three_fourth  avia-builder-el-6  el_after_av_one_fourth  avia-builder-el-last  av-break-at-tablet flex_column_table_cell av-equal-height-column av-align-middle av-zero-column-padding  '     ><p><div  class='av_gmaps_sc_main_wrap av_gmaps_main_wrap '><div id='av_gmap_0' class='avia-google-map-container avia-google-map-sc av_gmaps_show_unconditionally av-no-fallback-img ' data-mapid='av_gmap_0'  style='height: 400px;'><a class=\"av_gmaps_browser_disabled av_text_confirm_link av_text_confirm_link_visible\" href=\"https:\/\/www.google.com\/maps\/search\/?api=1&#038;query=Am%20Flutgraben%202%2012435%20Berlin\" target=\"_blank\">Karten wurden vom Besucher auf dieser Webseite deaktiviert. Klicken Sie hier, um die Karte in einem neuen Fenster zu \u00f6ffnen.<\/a><\/div><\/div><br \/>\n<section  class='av_textblock_section av-las71s27-9b97dc58f143e0db5becdd4cb73ed480 '   itemscope=\"itemscope\" itemtype=\"https:\/\/schema.org\/CreativeWork\" ><div class='avia_textblock'  itemprop=\"text\" ><p>Wir empfehlen die <strong>Anreise mit den \u00d6ffentlichen Verkehrsmitteln<\/strong> oder dem Taxi.<\/p>\n<p data-block-key=\"bq5hu\"><b>Wie komme ich mit den \u00f6ffentlichen Verkehrsmitteln zum Festsaal?<\/b><\/p>\n<ul>\n<li data-block-key=\"25pdq\">mit der Ringbahn 42\/41 bis Treptower Park + 10min | 800 m Fu\u00dfweg<\/li>\n<li data-block-key=\"clqfq\">mit den Buslinien 165 | 256 | N60 | N65 &#8211; Haltestelle Heckmannufer<\/li>\n<li data-block-key=\"kjn8\">U1 | U3 Schlesisches Tor + 11min |\u2028900 m Fu\u00dfweg<\/li>\n<\/ul>\n<\/div><\/section><\/p><\/div><\/div><!--close column table wrapper. Autoclose: 1 --><\/div><\/div><\/div><!-- close content main div --><\/div><\/div><div id='av_section_3'  class='avia-section av-k7z9vjbr-3e22d832fa217a1975661be0ce7df55e main_color avia-section-default avia-no-shadow  avia-builder-el-9  el_after_av_section  el_before_av_section  avia-bg-style-scroll container_wrap fullsize'  ><div class='container av-section-cont-open' ><div class='template-page content  av-content-full alpha units'><div class='post-entry post-entry-type-page post-entry-158'><div class='entry-content-wrapper clearfix'>\n\n<style type=\"text\/css\" data-created_by=\"avia_inline_auto\" id=\"style-css-av-kasqb63b-60163b8f15b7afb8ce820aa9e5240630\">\n#top .av-special-heading.av-kasqb63b-60163b8f15b7afb8ce820aa9e5240630{\npadding-bottom:25px;\n}\nbody .av-special-heading.av-kasqb63b-60163b8f15b7afb8ce820aa9e5240630 .av-special-heading-tag .heading-char{\nfont-size:25px;\n}\n.av-special-heading.av-kasqb63b-60163b8f15b7afb8ce820aa9e5240630 .av-subheading{\nfont-size:19px;\n}\n<\/style>\n<div  class='av-special-heading av-kasqb63b-60163b8f15b7afb8ce820aa9e5240630 av-special-heading-h2 blockquote modern-quote  avia-builder-el-10  el_before_av_textblock  avia-builder-el-first '><h2 class='av-special-heading-tag '  itemprop=\"headline\"  >Hotels<\/h2><div class=\"special-heading-border\"><div class=\"special-heading-inner-border\"><\/div><\/div><\/div>\n<section  class='av_textblock_section av-k7z3il24-1-817025664717f14dbaeac0435a28da8f '   itemscope=\"itemscope\" itemtype=\"https:\/\/schema.org\/CreativeWork\" ><div class='avia_textblock'  itemprop=\"text\" ><p>Die folgenden Hotels halten ein Zimmerkontingent* f\u00fcr die Kongressteilnehmer bereit, auf das Sie bei Bedarf zur\u00fcckgreifen k\u00f6nnen:<br \/>\n<em>*Preise und Verf\u00fcgbarkeit: Stand Oktober 2023<\/em><\/p>\n<\/div><\/section>\n<div  class='flex_column av-176xqu-898082aedc8bf2f3037af19b683f5ce4 av_one_third  avia-builder-el-12  el_after_av_textblock  el_before_av_one_third  first flex_column_div  column-top-margin'     ><section  class='av_textblock_section av-las79bne-719d17184956abfa93144e68bb030323 '   itemscope=\"itemscope\" itemtype=\"https:\/\/schema.org\/CreativeWork\" ><div class='avia_textblock'  itemprop=\"text\" ><p><b>\u00a0Motel One Spittelmarkt<\/b><\/p>\n<p>Bitte nehmen Sie die Buchung telefonisch oder per E-Mail mit dem Stichwort &#8222;ZDAE&#8220; und diesem <a href=\"https:\/\/dfvcg-events.de\/zdae\/wp-content\/uploads\/sites\/42\/2023\/10\/Buchungsformular.pdf\">Dokument<\/a> vor.<\/p>\n<p>Telefon: +49 30 20143630<\/p>\n<p>E-Mail: <a href=\"&#x6d;a&#x69;&#108;&#x74;&#111;:&#x62;e&#x72;&#108;&#x69;&#110;-&#x73;&#112;&#x69;&#116;t&#x65;l&#x6d;&#97;&#x72;&#107;t&#x40;m&#x6f;&#116;&#x65;&#x6c;-&#x6f;&#110;&#x65;&#46;c&#x6f;m\">&#98;&#x65;&#114;&#x6c;&#105;&#x6e;&#45;&#x73;p&#x69;t&#x74;e&#x6c;m&#97;&#x72;&#107;&#x74;&#64;&#x6d;&#111;&#x74;&#101;&#x6c;-&#x6f;n&#x65;&#46;&#x63;o&#109;<\/a><\/p>\n<p>Weitere Infos zum Hotel finden Sie <a href=\"https:\/\/www.motel-one.com\/de\/hotels\/berlin\/hotel-berlin-spittelmarkt\/\">hier<\/a>.<\/p>\n<p>Entfernung zum Festsaal Kreuzberg: 20 Min (U-Bahn oder Auto)<\/p>\n<p><em>Verf\u00fcgbar bis 25.03.2024<\/em><\/p>\n<\/div><\/section><\/div><div  class='flex_column av-bmd2u-b3ea52b03fe2abd3549493c9f7f189e6 av_one_third  avia-builder-el-14  el_after_av_one_third  el_before_av_one_third  flex_column_div  column-top-margin'     ><section  class='av_textblock_section av-lnd86dq3-7a22265c883ba6589fcddacc488196a5 '   itemscope=\"itemscope\" itemtype=\"https:\/\/schema.org\/CreativeWork\" ><div class='avia_textblock'  itemprop=\"text\" ><p class=\"qrShPb pXs6bb PZPZlf q8U8x aTI8gc EaHP9c\" data-dtype=\"d3ifr\" data-local-attribute=\"d3bn\" data-attrid=\"title\" data-ved=\"2ahUKEwiu4N_Mg9-BAxW33AIHHfaZDNgQ3B0oAHoECGIQAQ\"><strong>Hotel AMANO East Side<\/strong><\/p>\n<p>Bitte nehmen Sie die Buchung \u00fcber diesen <a href=\"https:\/\/bookings.amanogroup.de\/110491?groupID=4088851&amp;hotelID=110491#\/guestsandrooms\">Link<\/a>, per E-Mail oder telefonisch mit dem Stichwort &#8222;ZDAE&#8220; vor.<\/p>\n<p>Telefon: +49 30 347 472 300<\/p>\n<p>E-Mail: <a href=\"&#109;a&#x69;l&#x74;o&#x3a;&#114;&#x65;&#115;&#x65;&#114;v&#x61;t&#x69;o&#x6e;&#115;&#x40;&#97;&#x6d;&#97;&#x6e;&#111;g&#x72;o&#x75;p&#x2e;&#100;&#x65;\">reserv&#97;&#116;&#105;&#111;&#110;&#115;&#64;&#x61;&#x6d;&#x61;&#x6e;&#x6f;&#x67;&#x72;&#x6f;&#x75;&#x70;&#x2e;&#x64;e<\/a><\/p>\n<p>Weitere Infos zum Hotel finden Sie <a href=\"https:\/\/www.amanogroup.de\/de\/hotels\/amano-east-side\/\">hier<\/a>.<\/p>\n<p>Entfernung zum Festsaal Kreuzberg: 17 Min (\u00f6ffentlich), 10 Min. (Auto)<\/p>\n<p><em>Verf\u00fcgbar bis 01.03.2024<\/em><\/p>\n<\/div><\/section><\/div><div  class='flex_column av-8h3x2-92738e7fb6ad56dd5f5860d871309d00 av_one_third  avia-builder-el-16  el_after_av_one_third  avia-builder-el-last  flex_column_div  column-top-margin'     ><\/div>\n<\/p>\n<\/div><\/div><\/div><!-- close content main div --><\/div><\/div><div id='av_section_4'  class='avia-section av-wjooe-4d9015fda18fef7d0a96c38b56a53da8 main_color avia-section-default avia-no-shadow  avia-builder-el-17  el_after_av_section  avia-builder-el-last  avia-bg-style-scroll container_wrap fullsize'  ><div class='container av-section-cont-open' ><div class='template-page content  av-content-full alpha units'><div class='post-entry post-entry-type-page post-entry-158'><div class='entry-content-wrapper clearfix'>\n<div  class='flex_column av-r8b0m-f35fb63e756870770033e9bfb9d2129e av_one_half  avia-builder-el-18  el_before_av_one_half  avia-builder-el-first  first flex_column_div  '     ><style type=\"text\/css\" data-created_by=\"avia_inline_auto\" id=\"style-css-av-las70t7g-fe9b2dc70df2f76cdd055069835d7697\">\n#top .av-special-heading.av-las70t7g-fe9b2dc70df2f76cdd055069835d7697{\npadding-bottom:25px;\n}\nbody .av-special-heading.av-las70t7g-fe9b2dc70df2f76cdd055069835d7697 .av-special-heading-tag .heading-char{\nfont-size:25px;\n}\n.av-special-heading.av-las70t7g-fe9b2dc70df2f76cdd055069835d7697 .av-subheading{\nfont-size:19px;\n}\n<\/style>\n<div  class='av-special-heading av-las70t7g-fe9b2dc70df2f76cdd055069835d7697 av-special-heading-h2 blockquote modern-quote  avia-builder-el-19  avia-builder-el-no-sibling '><h2 class='av-special-heading-tag '  itemprop=\"headline\"  >Anreise<\/h2><div class='av-subheading av-subheading_below'><p>Reisen Sie nachhaltig und zu Sonderkonditionen mit der Deutschen Bahn<\/p>\n<\/div><div class=\"special-heading-border\"><div class=\"special-heading-inner-border\"><\/div><\/div><\/div><\/div><div  class='flex_column av-mhlye-291d13439ebb041ba58b1330ee0277b3 av_one_half  avia-builder-el-20  el_after_av_one_half  el_before_av_three_fifth  flex_column_div  '     ><\/div><div  class='flex_column av-cwvgm-6b46b99915a07179b43cc7c5f700800e av_three_fifth  avia-builder-el-21  el_after_av_one_half  el_before_av_two_fifth  first flex_column_div  column-top-margin'     ><section  class='av_textblock_section av-ld484ld7-2e81bea0e24c524a48266e48189c733d '   itemscope=\"itemscope\" itemtype=\"https:\/\/schema.org\/CreativeWork\" ><div class='avia_textblock'  itemprop=\"text\" ><hr \/>\n<p>Mit dem Kooperationsangebot von dfv Conference Group und der Deutschen Bahn reisen Sie entspannt und komfortabel zu unseren Kongressen.<\/p>\n<p><em>Weitere Informationen finden Sie <a href=\"https:\/\/www.bahn.de\/bahnbusiness\/tickets-und-angebote\/business-tarife\/veranstaltungsticket\">hier<\/a>.<\/em><\/p>\n<hr \/>\n<p><strong>Das Extra f\u00fcr Sie als Besucher: Ihr Veranstaltungsticket zum Festpreis<\/strong><\/p>\n<p>Veranstaltungsticket einfache Fahrt mit Zugbindung\u00a0(solange der Vorrat reicht):<\/p>\n<ol>\n<li>Klasse 80,90 \u20ac<\/li>\n<li>\u00a0Klasse 49,50 \u20ac<\/li>\n<\/ol>\n<p>Veranstaltung einfache Fahrt vollflexibel:<\/p>\n<ol>\n<li>Klasse 98,90 \u20ac<\/li>\n<li>\u00a0Klasse 67,50 \u20ac<\/li>\n<\/ol>\n<p>Bei Fragen zum Buchungsablauf wenden Sie sich bitte an die Service-Nummer +49 (0) 30 58 60 20 901.<\/p>\n<\/div><\/section><\/div><div  class='flex_column av-8te1q-24f4f2af39c422595d4f9343cb80559f av_two_fifth  avia-builder-el-23  el_after_av_three_fifth  avia-builder-el-last  flex_column_div  column-top-margin'     ><\/div>\n\n","protected":false},"excerpt":{"rendered":"","protected":false},"author":1,"featured_media":0,"parent":0,"menu_order":0,"comment_status":"closed","ping_status":"closed","template":"","meta":{"footnotes":""},"class_list":["post-158","page","type-page","status-publish","hentry"],"yoast_head":"<!-- This site is optimized with the Yoast SEO plugin v27.3 - https:\/\/yoast.com\/product\/yoast-seo-wordpress\/ -->\n<title>Hotel &amp; Anreise - Zukunftsdialog Agrar &amp; Ern\u00e4hrung<\/title>\n<meta name=\"description\" content=\"Ein exklusives Zimmerkontingent, sowie Informationen zur Anreise und zur Location der Veranstaltung finden Sie hier.\" \/>\n<meta name=\"robots\" content=\"index, follow, max-snippet:-1, max-image-preview:large, max-video-preview:-1\" \/>\n<link rel=\"canonical\" href=\"https:\/\/dfvcg-events.de\/zdae\/hotel-anreise\/\" \/>\n<meta property=\"og:locale\" content=\"de_DE\" \/>\n<meta property=\"og:type\" content=\"article\" \/>\n<meta property=\"og:title\" content=\"Hotel &amp; Anreise - Zukunftsdialog Agrar &amp; Ern\u00e4hrung\" \/>\n<meta property=\"og:description\" content=\"Ein exklusives Zimmerkontingent, sowie Informationen zur Anreise und zur Location der Veranstaltung finden Sie hier.\" \/>\n<meta property=\"og:url\" content=\"https:\/\/dfvcg-events.de\/zdae\/hotel-anreise\/\" \/>\n<meta property=\"og:site_name\" content=\"Zukunftsdialog Agrar &amp; Ern\u00e4hrung\" \/>\n<meta property=\"article:modified_time\" content=\"2024-04-10T09:21:17+00:00\" \/>\n<meta property=\"og:image\" content=\"https:\/\/www.veranstaltungsticket-bahn.de:443\/resources\/buttons\/design3-2.png\" \/>\n<meta name=\"twitter:card\" content=\"summary_large_image\" \/>\n<meta name=\"twitter:label1\" content=\"Gesch\u00e4tzte Lesezeit\" \/>\n\t<meta name=\"twitter:data1\" content=\"2\u00a0Minuten\" \/>\n<script type=\"application\/ld+json\" class=\"yoast-schema-graph\">{\"@context\":\"https:\\\/\\\/schema.org\",\"@graph\":[{\"@type\":\"WebPage\",\"@id\":\"https:\\\/\\\/dfvcg-events.de\\\/zdae\\\/hotel-anreise\\\/\",\"url\":\"https:\\\/\\\/dfvcg-events.de\\\/zdae\\\/hotel-anreise\\\/\",\"name\":\"Hotel &amp; Anreise - Zukunftsdialog Agrar & Ern\u00e4hrung\",\"isPartOf\":{\"@id\":\"https:\\\/\\\/dfvcg-events.de\\\/zdae\\\/#website\"},\"primaryImageOfPage\":{\"@id\":\"https:\\\/\\\/dfvcg-events.de\\\/zdae\\\/hotel-anreise\\\/#primaryimage\"},\"image\":{\"@id\":\"https:\\\/\\\/dfvcg-events.de\\\/zdae\\\/hotel-anreise\\\/#primaryimage\"},\"thumbnailUrl\":\"https:\\\/\\\/www.veranstaltungsticket-bahn.de:443\\\/resources\\\/buttons\\\/design3-2.png\",\"datePublished\":\"2020-03-19T21:30:05+00:00\",\"dateModified\":\"2024-04-10T09:21:17+00:00\",\"description\":\"Ein exklusives Zimmerkontingent, sowie Informationen zur Anreise und zur Location der Veranstaltung finden Sie hier.\",\"breadcrumb\":{\"@id\":\"https:\\\/\\\/dfvcg-events.de\\\/zdae\\\/hotel-anreise\\\/#breadcrumb\"},\"inLanguage\":\"de\",\"potentialAction\":[{\"@type\":\"ReadAction\",\"target\":[\"https:\\\/\\\/dfvcg-events.de\\\/zdae\\\/hotel-anreise\\\/\"]}]},{\"@type\":\"ImageObject\",\"inLanguage\":\"de\",\"@id\":\"https:\\\/\\\/dfvcg-events.de\\\/zdae\\\/hotel-anreise\\\/#primaryimage\",\"url\":\"https:\\\/\\\/www.veranstaltungsticket-bahn.de:443\\\/resources\\\/buttons\\\/design3-2.png\",\"contentUrl\":\"https:\\\/\\\/www.veranstaltungsticket-bahn.de:443\\\/resources\\\/buttons\\\/design3-2.png\"},{\"@type\":\"BreadcrumbList\",\"@id\":\"https:\\\/\\\/dfvcg-events.de\\\/zdae\\\/hotel-anreise\\\/#breadcrumb\",\"itemListElement\":[{\"@type\":\"ListItem\",\"position\":1,\"name\":\"Startseite\",\"item\":\"https:\\\/\\\/dfvcg-events.de\\\/zdae\\\/\"},{\"@type\":\"ListItem\",\"position\":2,\"name\":\"Hotel &amp; Anreise\"}]},{\"@type\":\"WebSite\",\"@id\":\"https:\\\/\\\/dfvcg-events.de\\\/zdae\\\/#website\",\"url\":\"https:\\\/\\\/dfvcg-events.de\\\/zdae\\\/\",\"name\":\"Zukunftsdialog Agrar & Ern\u00e4hrung\",\"description\":\"dfv Conference Group\",\"potentialAction\":[{\"@type\":\"SearchAction\",\"target\":{\"@type\":\"EntryPoint\",\"urlTemplate\":\"https:\\\/\\\/dfvcg-events.de\\\/zdae\\\/?s={search_term_string}\"},\"query-input\":{\"@type\":\"PropertyValueSpecification\",\"valueRequired\":true,\"valueName\":\"search_term_string\"}}],\"inLanguage\":\"de\"}]}<\/script>\n<!-- \/ Yoast SEO plugin. -->","yoast_head_json":{"title":"Hotel &amp; Anreise - Zukunftsdialog Agrar & Ern\u00e4hrung","description":"Ein exklusives Zimmerkontingent, sowie Informationen zur Anreise und zur Location der Veranstaltung finden Sie hier.","robots":{"index":"index","follow":"follow","max-snippet":"max-snippet:-1","max-image-preview":"max-image-preview:large","max-video-preview":"max-video-preview:-1"},"canonical":"https:\/\/dfvcg-events.de\/zdae\/hotel-anreise\/","og_locale":"de_DE","og_type":"article","og_title":"Hotel &amp; Anreise - Zukunftsdialog Agrar & Ern\u00e4hrung","og_description":"Ein exklusives Zimmerkontingent, sowie Informationen zur Anreise und zur Location der Veranstaltung finden Sie hier.","og_url":"https:\/\/dfvcg-events.de\/zdae\/hotel-anreise\/","og_site_name":"Zukunftsdialog Agrar & Ern\u00e4hrung","article_modified_time":"2024-04-10T09:21:17+00:00","og_image":[{"url":"https:\/\/www.veranstaltungsticket-bahn.de:443\/resources\/buttons\/design3-2.png","type":"","width":"","height":""}],"twitter_card":"summary_large_image","twitter_misc":{"Gesch\u00e4tzte Lesezeit":"2\u00a0Minuten"},"schema":{"@context":"https:\/\/schema.org","@graph":[{"@type":"WebPage","@id":"https:\/\/dfvcg-events.de\/zdae\/hotel-anreise\/","url":"https:\/\/dfvcg-events.de\/zdae\/hotel-anreise\/","name":"Hotel &amp; Anreise - Zukunftsdialog Agrar & Ern\u00e4hrung","isPartOf":{"@id":"https:\/\/dfvcg-events.de\/zdae\/#website"},"primaryImageOfPage":{"@id":"https:\/\/dfvcg-events.de\/zdae\/hotel-anreise\/#primaryimage"},"image":{"@id":"https:\/\/dfvcg-events.de\/zdae\/hotel-anreise\/#primaryimage"},"thumbnailUrl":"https:\/\/www.veranstaltungsticket-bahn.de:443\/resources\/buttons\/design3-2.png","datePublished":"2020-03-19T21:30:05+00:00","dateModified":"2024-04-10T09:21:17+00:00","description":"Ein exklusives Zimmerkontingent, sowie Informationen zur Anreise und zur Location der Veranstaltung finden Sie hier.","breadcrumb":{"@id":"https:\/\/dfvcg-events.de\/zdae\/hotel-anreise\/#breadcrumb"},"inLanguage":"de","potentialAction":[{"@type":"ReadAction","target":["https:\/\/dfvcg-events.de\/zdae\/hotel-anreise\/"]}]},{"@type":"ImageObject","inLanguage":"de","@id":"https:\/\/dfvcg-events.de\/zdae\/hotel-anreise\/#primaryimage","url":"https:\/\/www.veranstaltungsticket-bahn.de:443\/resources\/buttons\/design3-2.png","contentUrl":"https:\/\/www.veranstaltungsticket-bahn.de:443\/resources\/buttons\/design3-2.png"},{"@type":"BreadcrumbList","@id":"https:\/\/dfvcg-events.de\/zdae\/hotel-anreise\/#breadcrumb","itemListElement":[{"@type":"ListItem","position":1,"name":"Startseite","item":"https:\/\/dfvcg-events.de\/zdae\/"},{"@type":"ListItem","position":2,"name":"Hotel &amp; Anreise"}]},{"@type":"WebSite","@id":"https:\/\/dfvcg-events.de\/zdae\/#website","url":"https:\/\/dfvcg-events.de\/zdae\/","name":"Zukunftsdialog Agrar & Ern\u00e4hrung","description":"dfv Conference Group","potentialAction":[{"@type":"SearchAction","target":{"@type":"EntryPoint","urlTemplate":"https:\/\/dfvcg-events.de\/zdae\/?s={search_term_string}"},"query-input":{"@type":"PropertyValueSpecification","valueRequired":true,"valueName":"search_term_string"}}],"inLanguage":"de"}]}},"_links":{"self":[{"href":"https:\/\/dfvcg-events.de\/zdae\/wp-json\/wp\/v2\/pages\/158","targetHints":{"allow":["GET"]}}],"collection":[{"href":"https:\/\/dfvcg-events.de\/zdae\/wp-json\/wp\/v2\/pages"}],"about":[{"href":"https:\/\/dfvcg-events.de\/zdae\/wp-json\/wp\/v2\/types\/page"}],"author":[{"embeddable":true,"href":"https:\/\/dfvcg-events.de\/zdae\/wp-json\/wp\/v2\/users\/1"}],"replies":[{"embeddable":true,"href":"https:\/\/dfvcg-events.de\/zdae\/wp-json\/wp\/v2\/comments?post=158"}],"version-history":[{"count":0,"href":"https:\/\/dfvcg-events.de\/zdae\/wp-json\/wp\/v2\/pages\/158\/revisions"}],"wp:attachment":[{"href":"https:\/\/dfvcg-events.de\/zdae\/wp-json\/wp\/v2\/media?parent=158"}],"curies":[{"name":"wp","href":"https:\/\/api.w.org\/{rel}","templated":true}]}}