{"id":240,"date":"2020-03-20T00:18:11","date_gmt":"2020-03-19T23:18:11","guid":{"rendered":"https:\/\/dfvcg-events.de\/agrar-wirtschaftsforum\/?page_id=240"},"modified":"2023-11-07T14:41:22","modified_gmt":"2023-11-07T13:41:22","slug":"programm","status":"publish","type":"page","link":"https:\/\/dfvcg-events.de\/wirtschaftsforum-agrarzeitung\/programm\/","title":{"rendered":"Programm"},"content":{"rendered":"<div id='av_section_1'  class='avia-section av-k7yuhjt1-676f3ed4420f2c40c202d201fc1a3016 main_color avia-section-default avia-no-border-styling  avia-builder-el-0  el_before_av_section  avia-builder-el-first  header-farbe avia-bg-style-scroll container_wrap fullsize'  ><div class='container av-section-cont-open' ><main  role=\"main\" itemprop=\"mainContentOfPage\"  class='template-page content  av-content-full alpha units'><div class='post-entry post-entry-type-page post-entry-240'><div class='entry-content-wrapper clearfix'>\n\n<style type=\"text\/css\" data-created_by=\"avia_inline_auto\" id=\"style-css-av-kki429qg-a7ffdde440dc1c48069d5aac01583e42\">\n#top .av-special-heading.av-kki429qg-a7ffdde440dc1c48069d5aac01583e42{\npadding-bottom:0;\ncolor:#ffffff;\n}\nbody .av-special-heading.av-kki429qg-a7ffdde440dc1c48069d5aac01583e42 .av-special-heading-tag .heading-char{\nfont-size:25px;\n}\n.av-special-heading.av-kki429qg-a7ffdde440dc1c48069d5aac01583e42 .special-heading-inner-border{\nborder-color:#ffffff;\n}\n.av-special-heading.av-kki429qg-a7ffdde440dc1c48069d5aac01583e42 .av-subheading{\nfont-size:15px;\ncolor:#ffffff;\n}\n<\/style>\n<div  class='av-special-heading av-kki429qg-a7ffdde440dc1c48069d5aac01583e42 av-special-heading-h1 custom-color-heading blockquote modern-quote  avia-builder-el-1  avia-builder-el-no-sibling '><div class='av_custom_color av-subheading av-subheading_above'><p>Wirtschaftsforum agrarzeitung<\/p>\n<\/div><h1 class='av-special-heading-tag '  itemprop=\"headline\"  >Programm<\/h1><div class=\"special-heading-border\"><div class=\"special-heading-inner-border\"><\/div><\/div><\/div>\n\n<\/div><\/div><\/main><!-- close content main element --><\/div><\/div><div id='av_section_2'  class='avia-section av-ayqu0-2af50ecabf81fa175f8a5d929d5e1475 main_color avia-section-default avia-no-border-styling  avia-builder-el-2  el_after_av_section  el_before_av_section  av-desktop-hide av-medium-hide av-small-hide av-mini-hide avia-bg-style-scroll av-minimum-height av-minimum-height-50 av-height-50  container_wrap fullsize'   data-av_minimum_height_pc='50' data-av_min_height_opt='50'><div class='container av-section-cont-open' ><div class='template-page content  av-content-full alpha units'><div class='post-entry post-entry-type-page post-entry-240'><div class='entry-content-wrapper clearfix'>\n<div  class='flex_column av-87eg0-25832f2f99dfcd575b6672381e169ffe av_one_full  avia-builder-el-3  avia-builder-el-no-sibling  first flex_column_div  '     ><p>\n<style type=\"text\/css\" data-created_by=\"avia_inline_auto\" id=\"style-css-av-l6we0y3k-6c028f58dbebc4cfdb95a59ec8d263f9\">\n#top .av-special-heading.av-l6we0y3k-6c028f58dbebc4cfdb95a59ec8d263f9{\npadding-bottom:10px;\n}\nbody .av-special-heading.av-l6we0y3k-6c028f58dbebc4cfdb95a59ec8d263f9 .av-special-heading-tag .heading-char{\nfont-size:25px;\n}\n.av-special-heading.av-l6we0y3k-6c028f58dbebc4cfdb95a59ec8d263f9 .av-subheading{\nfont-size:15px;\n}\n<\/style>\n<div  class='av-special-heading av-l6we0y3k-6c028f58dbebc4cfdb95a59ec8d263f9 av-special-heading-h2 blockquote modern-quote  avia-builder-el-4  el_before_av_textblock  avia-builder-el-first '><h2 class='av-special-heading-tag '  itemprop=\"headline\"  >Ablauf<\/h2><div class=\"special-heading-border\"><div class=\"special-heading-inner-border\"><\/div><\/div><\/div><br \/>\n<section  class='av_textblock_section av-l6we28gu-174fa8ba836522b99592bbf980afa8b5 '   itemscope=\"itemscope\" itemtype=\"https:\/\/schema.org\/CreativeWork\" ><div class='avia_textblock'  itemprop=\"text\" ><p><strong>17:00 Uhr\u00a0<\/strong> \u00a0Einlass und Welcome<\/p>\n<p><strong>18:00 Uhr<\/strong>\u00a0 \u00a0 Opening<\/p>\n<p><strong>18:15 Uhr<\/strong>\u00a0 \u00a0 Keynote<\/p>\n<p><strong>18:45 Uhr<\/strong>\u00a0 \u00a0 Talk Runde<\/p>\n<p><strong>19:30 Uhr<\/strong>\u00a0 \u00a0 AWARD: F\u00f6rderpreis der Agrarwirtschaft<\/p>\n<p><strong>20:00 Uhr<\/strong>\u00a0 \u00a0 AWARD: Agrarunternehmer des Jahres<\/p>\n<p><strong>20:30 Uhr<\/strong>\u00a0 \u00a0Networking und Get-Together<\/p>\n<\/div><\/section><\/p><\/div>\n\n<\/div><\/div><\/div><!-- close content main div --><\/div><\/div><div id='av_section_3'  class='avia-section av-l00yehzl-406030ecb49b976bc467aacfec575a5a main_color avia-section-default avia-no-border-styling  avia-builder-el-6  el_after_av_section  el_before_av_section  avia-bg-style-scroll container_wrap fullsize'  ><div class='container av-section-cont-open' ><div class='template-page content  av-content-full alpha units'><div class='post-entry post-entry-type-page post-entry-240'><div class='entry-content-wrapper clearfix'>\n\n<style type=\"text\/css\" data-created_by=\"avia_inline_auto\" id=\"style-css-av-algfs-ee0fae3821c762ff9d19a36422b340ee\">\n#top .av-special-heading.av-algfs-ee0fae3821c762ff9d19a36422b340ee{\npadding-bottom:10px;\n}\nbody .av-special-heading.av-algfs-ee0fae3821c762ff9d19a36422b340ee .av-special-heading-tag .heading-char{\nfont-size:25px;\n}\n.av-special-heading.av-algfs-ee0fae3821c762ff9d19a36422b340ee .av-subheading{\nfont-size:15px;\n}\n<\/style>\n<div  class='av-special-heading av-algfs-ee0fae3821c762ff9d19a36422b340ee av-special-heading-h2 blockquote modern-quote  avia-builder-el-7  el_before_av_table  avia-builder-el-first '><h2 class='av-special-heading-tag '  itemprop=\"headline\"  >Samstag, 11.November 2023<\/h2><div class=\"special-heading-border\"><div class=\"special-heading-inner-border\"><\/div><\/div><\/div>\n<div class='avia-data-table-wrap av-9insx4-0d32577fe2fd7b247df57f1c2715177b avia_responsive_table avia-table-1'><table  id=\"programm-tabelle\"  class='avia-table avia-data-table avia_pricing_default  avia-builder-el-8  el_after_av_heading  avia-builder-el-last  programm-tabelle'  itemscope=\"itemscope\" itemtype=\"https:\/\/schema.org\/Table\" ><tbody><tr class=''><th class='avia-desc-col'>17.00<\/th><td class=''> Einlass und Welcome<\/td><td class=''><\/td><\/tr><tr class=''><th class='avia-desc-col'>18.00<\/th><td class=''>Opening<\/td><td class=''>Olaf Deininger, Chefredakteur (Agrar-Medien), dfv Mediengruppe<\/td><\/tr><tr class=''><th class='avia-desc-col'>18.15<\/th><td class=''><b>Keynote<\/b><br \/>\nKarriere 007 anstatt 0815<\/td><td class=''>Stefan Kr\u00e4mer, Gesch\u00e4ftsf\u00fchrung, AgroBrain<\/td><\/tr><tr class=''><th class='avia-desc-col'>18.45<\/th><td class=''><b>AWARD<\/b><br \/>\nF\u00f6rderpreis der Agrarwirtschaft<\/td><td class=''>Auszeichnung einer innovativen Ideen &#8211; Live Pitch der TOP 3 &amp; Abstimmung \u00fcber Live-Voting<\/td><\/tr><tr class=''><th class='avia-desc-col'>19.15<\/th><td class=''><b>Talk Runde<\/b><br \/>\nWie sieht das unternehmerische Mindset der Zukunft aus?<\/td><td class=''>Dominik Ewald, Gr\u00fcnder, Entwickler und Vorstandsmitglied, German Agri-Food Society<br \/>\nKarin Guendel Gonzalez, Gesch\u00e4ftsf\u00fchrerin, Bayer CropScience Deutschland GmbH<br \/>\nDr. Julia K\u00f6hn, Gr\u00fcnderin von DeepSoil &amp; VC Investorin<br \/>\nim Gespr\u00e4ch mit:<br \/>\nOlaf Deininger, Chefredakteur (Agrar-Medien), dfv Mediengruppe<\/td><\/tr><tr class=''><th class='avia-desc-col'>20.00<\/th><td class=''><b>AWARD<\/b><br \/>\nagrarunternehmer des Jahres<\/td><td class=''> Auszeichnung f\u00fcr ausgew\u00f6hnliche, unternehmerische Leistungen<\/td><\/tr><tr class=''><th class='avia-desc-col'>20.30<br \/>\n<\/th><td class=''> Networking und Get-Together<\/td><td class=''><\/td><\/tr><\/tbody><\/table><\/div><style type='text\/css'>.avia-table-1 td:nth-of-type(1):before { content: '17.00'; } <\/style>\n<\/div><\/div><\/div><!-- close content main div --><\/div><\/div><div id='av_section_4'  class='avia-section av-1i72m0-53d65fb39c5b5c63bc842f798ced941a main_color avia-section-default avia-no-border-styling  avia-builder-el-9  el_after_av_section  avia-builder-el-last  av-desktop-hide av-medium-hide av-small-hide av-mini-hide avia-bg-style-scroll av-minimum-height av-minimum-height-50 av-height-50  container_wrap fullsize'   data-av_minimum_height_pc='50' data-av_min_height_opt='50'><div class='container av-section-cont-open' ><div class='template-page content  av-content-full alpha units'><div class='post-entry post-entry-type-page post-entry-240'><div class='entry-content-wrapper clearfix'>\n<div  class='flex_column av-5a18g-d6bf14f4eb9effa1e8cbdb4bbfbfd0f4 av_one_half  avia-builder-el-10  el_before_av_one_half  avia-builder-el-first  first flex_column_div  '     ><p>\n<style type=\"text\/css\" data-created_by=\"avia_inline_auto\" id=\"style-css-av-4hp68-83293ee60b3f024cc309a10e5784612c\">\n#top .av-special-heading.av-4hp68-83293ee60b3f024cc309a10e5784612c{\npadding-bottom:10px;\n}\nbody .av-special-heading.av-4hp68-83293ee60b3f024cc309a10e5784612c .av-special-heading-tag .heading-char{\nfont-size:25px;\n}\n.av-special-heading.av-4hp68-83293ee60b3f024cc309a10e5784612c .av-subheading{\nfont-size:15px;\n}\n<\/style>\n<div  class='av-special-heading av-4hp68-83293ee60b3f024cc309a10e5784612c av-special-heading-h2 blockquote modern-quote  avia-builder-el-11  el_before_av_textblock  avia-builder-el-first '><h2 class='av-special-heading-tag '  itemprop=\"headline\"  >Das sind die Top-Themen<\/h2><div class=\"special-heading-border\"><div class=\"special-heading-inner-border\"><\/div><\/div><\/div><br \/>\n<section  class='av_textblock_section av-136iqg-1dc22b68d64ab086ac7593f8dcb5d8eb '   itemscope=\"itemscope\" itemtype=\"https:\/\/schema.org\/CreativeWork\" ><div class='avia_textblock'  itemprop=\"text\" ><ul>\n<li>Developing Strategy: Kreislaufwirtschaft, agtech &amp; Digitalisierung<\/li>\n<li>Developing Retail: Wie digital ist der Agrarhandel?<\/li>\n<li>Developing Sustainability: \u00d6kologisch, \u00f6konomisch, social &#8211; Ist Nachhaltigkeit das neue Gesch\u00e4ftsmodell?<\/li>\n<\/ul>\n<\/div><\/section><br \/>\n<div  class='avia-icon-list-container av-yhgbc-4a88b548d29c29c815b553d377fc8786  avia-builder-el-13  el_after_av_textblock  avia-builder-el-last  av-desktop-hide av-medium-hide av-small-hide av-mini-hide'><ul class='avia-icon-list avia_animate_when_almost_visible avia-icon-list-left av-iconlist-big av-yhgbc-4a88b548d29c29c815b553d377fc8786 avia-iconlist-animate'>\n<li><div class='iconlist_icon av-2l8o0-ab3dd9a2bedd7b8a5247be3813d7d33c avia-font-entypo-fontello avia-iconfont avia-font-entypo-fontello'><span class='av-icon-char' data-av_icon='\ue850' data-av_iconfont='entypo-fontello' aria-hidden=\"true\"><\/span><\/div><article class=\"article-icon-entry av-iconlist-empty\"  itemscope=\"itemscope\" itemtype=\"https:\/\/schema.org\/CreativeWork\" ><div class=\"iconlist_content_wrap\"><header class=\"entry-content-header\" aria-label=\"Icon: &lt;a href=&#039;https:\/\/dfvcg-events.de\/agrar-wirtschaftsforum\/wp-content\/uploads\/sites\/40\/2022\/10\/Programm_AWF_2022.png&#039; title=&#039;Hier finden Sie das Programm 2022&#039;&gt;Hier finden Sie das Programm 2022&lt;\/a&gt;\"><h4 class='av_iconlist_title iconlist_title  '  itemprop=\"headline\" ><a href='https:\/\/dfvcg-events.de\/agrar-wirtschaftsforum\/wp-content\/uploads\/sites\/40\/2022\/10\/Programm_AWF_2022.png' title='Hier finden Sie das Programm 2022'>Hier finden Sie das Programm 2022<\/a><\/h4><\/header><div class='iconlist_content '  itemprop=\"text\" ><\/div><\/div><footer class=\"entry-footer\"><\/footer><\/article><div class=\"iconlist-timeline\"><\/div><\/li>\n<\/ul><\/div><\/p><\/div><div  class='flex_column av-k1zp4-6775540a96375bea56f9e698f65e3d18 av_one_half  avia-builder-el-14  el_after_av_one_half  avia-builder-el-last  flex_column_div  '     ><p>\n<style type=\"text\/css\" data-created_by=\"avia_inline_auto\" id=\"style-css-av-g79vc-30a074bdc33357b56a89e567ad59fce4\">\n#top .av-special-heading.av-g79vc-30a074bdc33357b56a89e567ad59fce4{\npadding-bottom:10px;\n}\nbody .av-special-heading.av-g79vc-30a074bdc33357b56a89e567ad59fce4 .av-special-heading-tag .heading-char{\nfont-size:25px;\n}\n.av-special-heading.av-g79vc-30a074bdc33357b56a89e567ad59fce4 .av-subheading{\nfont-size:15px;\n}\n<\/style>\n<div  class='av-special-heading av-g79vc-30a074bdc33357b56a89e567ad59fce4 av-special-heading-h2 blockquote modern-quote  avia-builder-el-15  el_before_av_textblock  avia-builder-el-first '><h2 class='av-special-heading-tag '  itemprop=\"headline\"  >Das erwartet Sie<\/h2><div class=\"special-heading-border\"><div class=\"special-heading-inner-border\"><\/div><\/div><\/div><br \/>\n<section  class='av_textblock_section av-ah314-b2469561acf77dac7ef345582d28a9e5 '   itemscope=\"itemscope\" itemtype=\"https:\/\/schema.org\/CreativeWork\" ><div class='avia_textblock'  itemprop=\"text\" ><ul>\n<li>Hochkar\u00e4tige Speaker<\/li>\n<li>F\u00f6rderpreis der Agrar Wirtschaft<\/li>\n<li>Agrarunternehmer des Jahres<\/li>\n<li>Networking<\/li>\n<\/ul>\n<\/div><\/section><\/p><\/div>\n<\/p>\n","protected":false},"excerpt":{"rendered":"","protected":false},"author":1,"featured_media":0,"parent":0,"menu_order":0,"comment_status":"closed","ping_status":"closed","template":"","meta":{"footnotes":""},"class_list":["post-240","page","type-page","status-publish","hentry"],"yoast_head":"<!-- This site is optimized with the Yoast SEO plugin v27.3 - https:\/\/yoast.com\/product\/yoast-seo-wordpress\/ -->\n<title>Programm | Wirtschaftsforum der agrarzeitung<\/title>\n<meta name=\"description\" content=\"Freuen Sie sich auf Themen wie Developing Innovation, Strategy, Finance &amp; Retail auf dem diesj\u00e4hrigen agrar Wirtschaftsforum in Frankfurt.\" \/>\n<meta name=\"robots\" content=\"index, follow, max-snippet:-1, max-image-preview:large, max-video-preview:-1\" \/>\n<link rel=\"canonical\" href=\"https:\/\/dfvcg-events.de\/wirtschaftsforum-agrarzeitung\/programm\/\" \/>\n<meta property=\"og:locale\" content=\"de_DE\" \/>\n<meta property=\"og:type\" content=\"article\" \/>\n<meta property=\"og:title\" content=\"Programm | Wirtschaftsforum der agrarzeitung\" \/>\n<meta property=\"og:description\" content=\"Freuen Sie sich auf Themen wie Developing Innovation, Strategy, Finance &amp; Retail auf dem diesj\u00e4hrigen agrar Wirtschaftsforum in Frankfurt.\" \/>\n<meta property=\"og:url\" content=\"https:\/\/dfvcg-events.de\/wirtschaftsforum-agrarzeitung\/programm\/\" \/>\n<meta property=\"og:site_name\" content=\"Wirtschaftsforum der agrarzeitung\" \/>\n<meta property=\"article:modified_time\" content=\"2023-11-07T13:41:22+00:00\" \/>\n<meta property=\"og:image\" content=\"https:\/\/dfvcg-events.de\/wirtschaftsforum-agrarzeitung\/wp-content\/uploads\/sites\/40\/2023\/04\/dfvcg-wirtschaftsforum-agrarzeitung-titel-1200x675-1.jpg\" \/>\n\t<meta property=\"og:image:width\" content=\"1200\" \/>\n\t<meta property=\"og:image:height\" content=\"675\" \/>\n\t<meta property=\"og:image:type\" content=\"image\/jpeg\" \/>\n<meta name=\"twitter:card\" content=\"summary_large_image\" \/>\n<meta name=\"twitter:label1\" content=\"Gesch\u00e4tzte Lesezeit\" \/>\n\t<meta name=\"twitter:data1\" content=\"7\u00a0Minuten\" \/>\n<script type=\"application\/ld+json\" class=\"yoast-schema-graph\">{\"@context\":\"https:\\\/\\\/schema.org\",\"@graph\":[{\"@type\":\"WebPage\",\"@id\":\"https:\\\/\\\/dfvcg-events.de\\\/wirtschaftsforum-agrarzeitung\\\/programm\\\/\",\"url\":\"https:\\\/\\\/dfvcg-events.de\\\/wirtschaftsforum-agrarzeitung\\\/programm\\\/\",\"name\":\"Programm | Wirtschaftsforum der agrarzeitung\",\"isPartOf\":{\"@id\":\"https:\\\/\\\/dfvcg-events.de\\\/wirtschaftsforum-agrarzeitung\\\/#website\"},\"datePublished\":\"2020-03-19T23:18:11+00:00\",\"dateModified\":\"2023-11-07T13:41:22+00:00\",\"description\":\"Freuen Sie sich auf Themen wie Developing Innovation, Strategy, Finance & Retail auf dem diesj\u00e4hrigen agrar Wirtschaftsforum in Frankfurt.\",\"breadcrumb\":{\"@id\":\"https:\\\/\\\/dfvcg-events.de\\\/wirtschaftsforum-agrarzeitung\\\/programm\\\/#breadcrumb\"},\"inLanguage\":\"de\",\"potentialAction\":[{\"@type\":\"ReadAction\",\"target\":[\"https:\\\/\\\/dfvcg-events.de\\\/wirtschaftsforum-agrarzeitung\\\/programm\\\/\"]}]},{\"@type\":\"BreadcrumbList\",\"@id\":\"https:\\\/\\\/dfvcg-events.de\\\/wirtschaftsforum-agrarzeitung\\\/programm\\\/#breadcrumb\",\"itemListElement\":[{\"@type\":\"ListItem\",\"position\":1,\"name\":\"Startseite\",\"item\":\"https:\\\/\\\/dfvcg-events.de\\\/wirtschaftsforum-agrarzeitung\\\/\"},{\"@type\":\"ListItem\",\"position\":2,\"name\":\"Programm\"}]},{\"@type\":\"WebSite\",\"@id\":\"https:\\\/\\\/dfvcg-events.de\\\/wirtschaftsforum-agrarzeitung\\\/#website\",\"url\":\"https:\\\/\\\/dfvcg-events.de\\\/wirtschaftsforum-agrarzeitung\\\/\",\"name\":\"Wirtschaftsforum der agrarzeitung\",\"description\":\"dfv Conference Group\",\"publisher\":{\"@id\":\"https:\\\/\\\/dfvcg-events.de\\\/wirtschaftsforum-agrarzeitung\\\/#organization\"},\"alternateName\":\"dfv Conference Group\",\"potentialAction\":[{\"@type\":\"SearchAction\",\"target\":{\"@type\":\"EntryPoint\",\"urlTemplate\":\"https:\\\/\\\/dfvcg-events.de\\\/wirtschaftsforum-agrarzeitung\\\/?s={search_term_string}\"},\"query-input\":{\"@type\":\"PropertyValueSpecification\",\"valueRequired\":true,\"valueName\":\"search_term_string\"}}],\"inLanguage\":\"de\"},{\"@type\":\"Organization\",\"@id\":\"https:\\\/\\\/dfvcg-events.de\\\/wirtschaftsforum-agrarzeitung\\\/#organization\",\"name\":\"Wirtschaftsforum der agrarzeitung\",\"alternateName\":\"dfv Conference Group\",\"url\":\"https:\\\/\\\/dfvcg-events.de\\\/wirtschaftsforum-agrarzeitung\\\/\",\"logo\":{\"@type\":\"ImageObject\",\"inLanguage\":\"de\",\"@id\":\"https:\\\/\\\/dfvcg-events.de\\\/wirtschaftsforum-agrarzeitung\\\/#\\\/schema\\\/logo\\\/image\\\/\",\"url\":\"https:\\\/\\\/dfvcg-events.de\\\/wirtschaftsforum-agrarzeitung\\\/wp-content\\\/uploads\\\/sites\\\/40\\\/2023\\\/04\\\/wirtschaftsforum-agrarzeitung-key-visual-2023.jpg\",\"contentUrl\":\"https:\\\/\\\/dfvcg-events.de\\\/wirtschaftsforum-agrarzeitung\\\/wp-content\\\/uploads\\\/sites\\\/40\\\/2023\\\/04\\\/wirtschaftsforum-agrarzeitung-key-visual-2023.jpg\",\"width\":800,\"height\":800,\"caption\":\"Wirtschaftsforum der agrarzeitung\"},\"image\":{\"@id\":\"https:\\\/\\\/dfvcg-events.de\\\/wirtschaftsforum-agrarzeitung\\\/#\\\/schema\\\/logo\\\/image\\\/\"}}]}<\/script>\n<!-- \/ Yoast SEO plugin. -->","yoast_head_json":{"title":"Programm | Wirtschaftsforum der agrarzeitung","description":"Freuen Sie sich auf Themen wie Developing Innovation, Strategy, Finance & Retail auf dem diesj\u00e4hrigen agrar Wirtschaftsforum in Frankfurt.","robots":{"index":"index","follow":"follow","max-snippet":"max-snippet:-1","max-image-preview":"max-image-preview:large","max-video-preview":"max-video-preview:-1"},"canonical":"https:\/\/dfvcg-events.de\/wirtschaftsforum-agrarzeitung\/programm\/","og_locale":"de_DE","og_type":"article","og_title":"Programm | Wirtschaftsforum der agrarzeitung","og_description":"Freuen Sie sich auf Themen wie Developing Innovation, Strategy, Finance & Retail auf dem diesj\u00e4hrigen agrar Wirtschaftsforum in Frankfurt.","og_url":"https:\/\/dfvcg-events.de\/wirtschaftsforum-agrarzeitung\/programm\/","og_site_name":"Wirtschaftsforum der agrarzeitung","article_modified_time":"2023-11-07T13:41:22+00:00","og_image":[{"width":1200,"height":675,"url":"https:\/\/dfvcg-events.de\/wirtschaftsforum-agrarzeitung\/wp-content\/uploads\/sites\/40\/2023\/04\/dfvcg-wirtschaftsforum-agrarzeitung-titel-1200x675-1.jpg","type":"image\/jpeg"}],"twitter_card":"summary_large_image","twitter_misc":{"Gesch\u00e4tzte Lesezeit":"7\u00a0Minuten"},"schema":{"@context":"https:\/\/schema.org","@graph":[{"@type":"WebPage","@id":"https:\/\/dfvcg-events.de\/wirtschaftsforum-agrarzeitung\/programm\/","url":"https:\/\/dfvcg-events.de\/wirtschaftsforum-agrarzeitung\/programm\/","name":"Programm | Wirtschaftsforum der agrarzeitung","isPartOf":{"@id":"https:\/\/dfvcg-events.de\/wirtschaftsforum-agrarzeitung\/#website"},"datePublished":"2020-03-19T23:18:11+00:00","dateModified":"2023-11-07T13:41:22+00:00","description":"Freuen Sie sich auf Themen wie Developing Innovation, Strategy, Finance & Retail auf dem diesj\u00e4hrigen agrar Wirtschaftsforum in Frankfurt.","breadcrumb":{"@id":"https:\/\/dfvcg-events.de\/wirtschaftsforum-agrarzeitung\/programm\/#breadcrumb"},"inLanguage":"de","potentialAction":[{"@type":"ReadAction","target":["https:\/\/dfvcg-events.de\/wirtschaftsforum-agrarzeitung\/programm\/"]}]},{"@type":"BreadcrumbList","@id":"https:\/\/dfvcg-events.de\/wirtschaftsforum-agrarzeitung\/programm\/#breadcrumb","itemListElement":[{"@type":"ListItem","position":1,"name":"Startseite","item":"https:\/\/dfvcg-events.de\/wirtschaftsforum-agrarzeitung\/"},{"@type":"ListItem","position":2,"name":"Programm"}]},{"@type":"WebSite","@id":"https:\/\/dfvcg-events.de\/wirtschaftsforum-agrarzeitung\/#website","url":"https:\/\/dfvcg-events.de\/wirtschaftsforum-agrarzeitung\/","name":"Wirtschaftsforum der agrarzeitung","description":"dfv Conference Group","publisher":{"@id":"https:\/\/dfvcg-events.de\/wirtschaftsforum-agrarzeitung\/#organization"},"alternateName":"dfv Conference Group","potentialAction":[{"@type":"SearchAction","target":{"@type":"EntryPoint","urlTemplate":"https:\/\/dfvcg-events.de\/wirtschaftsforum-agrarzeitung\/?s={search_term_string}"},"query-input":{"@type":"PropertyValueSpecification","valueRequired":true,"valueName":"search_term_string"}}],"inLanguage":"de"},{"@type":"Organization","@id":"https:\/\/dfvcg-events.de\/wirtschaftsforum-agrarzeitung\/#organization","name":"Wirtschaftsforum der agrarzeitung","alternateName":"dfv Conference Group","url":"https:\/\/dfvcg-events.de\/wirtschaftsforum-agrarzeitung\/","logo":{"@type":"ImageObject","inLanguage":"de","@id":"https:\/\/dfvcg-events.de\/wirtschaftsforum-agrarzeitung\/#\/schema\/logo\/image\/","url":"https:\/\/dfvcg-events.de\/wirtschaftsforum-agrarzeitung\/wp-content\/uploads\/sites\/40\/2023\/04\/wirtschaftsforum-agrarzeitung-key-visual-2023.jpg","contentUrl":"https:\/\/dfvcg-events.de\/wirtschaftsforum-agrarzeitung\/wp-content\/uploads\/sites\/40\/2023\/04\/wirtschaftsforum-agrarzeitung-key-visual-2023.jpg","width":800,"height":800,"caption":"Wirtschaftsforum der agrarzeitung"},"image":{"@id":"https:\/\/dfvcg-events.de\/wirtschaftsforum-agrarzeitung\/#\/schema\/logo\/image\/"}}]}},"_links":{"self":[{"href":"https:\/\/dfvcg-events.de\/wirtschaftsforum-agrarzeitung\/wp-json\/wp\/v2\/pages\/240","targetHints":{"allow":["GET"]}}],"collection":[{"href":"https:\/\/dfvcg-events.de\/wirtschaftsforum-agrarzeitung\/wp-json\/wp\/v2\/pages"}],"about":[{"href":"https:\/\/dfvcg-events.de\/wirtschaftsforum-agrarzeitung\/wp-json\/wp\/v2\/types\/page"}],"author":[{"embeddable":true,"href":"https:\/\/dfvcg-events.de\/wirtschaftsforum-agrarzeitung\/wp-json\/wp\/v2\/users\/1"}],"replies":[{"embeddable":true,"href":"https:\/\/dfvcg-events.de\/wirtschaftsforum-agrarzeitung\/wp-json\/wp\/v2\/comments?post=240"}],"version-history":[{"count":0,"href":"https:\/\/dfvcg-events.de\/wirtschaftsforum-agrarzeitung\/wp-json\/wp\/v2\/pages\/240\/revisions"}],"wp:attachment":[{"href":"https:\/\/dfvcg-events.de\/wirtschaftsforum-agrarzeitung\/wp-json\/wp\/v2\/media?parent=240"}],"curies":[{"name":"wp","href":"https:\/\/api.w.org\/{rel}","templated":true}]}}