{"id":3575,"date":"2023-03-29T17:43:07","date_gmt":"2023-03-29T15:43:07","guid":{"rendered":"https:\/\/dfvcg-events.de\/tw-summit\/?page_id=3575"},"modified":"2026-02-04T09:49:16","modified_gmt":"2026-02-04T08:49:16","slug":"partner-aussteller","status":"publish","type":"page","link":"https:\/\/dfvcg-events.de\/tw-summit\/partner-aussteller\/","title":{"rendered":"Partner &amp; Aussteller 2026"},"content":{"rendered":"<div id='av_section_1'  class='avia-section av-k7yuhjt1-ed130515dfde2ab83b8b09b38c6a9c95 main_color avia-section-default avia-no-border-styling  avia-builder-el-0  el_before_av_section  avia-builder-el-first  header-verlauf avia-bg-style-scroll container_wrap fullsize'  ><div class='container av-section-cont-open' ><main  role=\"main\" itemprop=\"mainContentOfPage\"  class='template-page content  av-content-full alpha units'><div class='post-entry post-entry-type-page post-entry-3575'><div class='entry-content-wrapper clearfix'>\n\n<style type=\"text\/css\" data-created_by=\"avia_inline_auto\" id=\"style-css-av-5d29u5-cf903600c8de9bdfafe0809f2d60dd55\">\n#top .av-special-heading.av-5d29u5-cf903600c8de9bdfafe0809f2d60dd55{\npadding-bottom:0;\ncolor:#ffffff;\n}\nbody .av-special-heading.av-5d29u5-cf903600c8de9bdfafe0809f2d60dd55 .av-special-heading-tag .heading-char{\nfont-size:25px;\n}\n.av-special-heading.av-5d29u5-cf903600c8de9bdfafe0809f2d60dd55 .special-heading-inner-border{\nborder-color:#ffffff;\n}\n.av-special-heading.av-5d29u5-cf903600c8de9bdfafe0809f2d60dd55 .av-subheading{\nfont-size:19px;\n}\n<\/style>\n<div  class='av-special-heading av-5d29u5-cf903600c8de9bdfafe0809f2d60dd55 av-special-heading-h1 custom-color-heading blockquote modern-quote  avia-builder-el-1  avia-builder-el-no-sibling '><div class='av_custom_color av-subheading av-subheading_above'><p>TW Strategy Summit<\/p>\n<\/div><h1 class='av-special-heading-tag '  itemprop=\"headline\"  >Partner <span class='special_amp'>&amp;<\/span> Aussteller<\/h1><div class=\"special-heading-border\"><div class=\"special-heading-inner-border\"><\/div><\/div><\/div>\n<\/div><\/div><\/main><!-- close content main element --><\/div><\/div><div id='av_section_2'  class='avia-section av-eccv9-a05aad59f97599171fe61b4dd435e23c main_color avia-section-default avia-no-border-styling  avia-builder-el-2  el_after_av_section  avia-builder-el-last  avia-bg-style-scroll container_wrap fullsize'  ><div class='container av-section-cont-open' ><div class='template-page content  av-content-full alpha units'><div class='post-entry post-entry-type-page post-entry-3575'><div class='entry-content-wrapper clearfix'>\n\n<style type=\"text\/css\" data-created_by=\"avia_inline_auto\" id=\"style-css-av-7s2zm5-f26b5e6ad5ab769de912cd14a1afd81f\">\n#top .av-special-heading.av-7s2zm5-f26b5e6ad5ab769de912cd14a1afd81f{\npadding-bottom:10px;\n}\nbody .av-special-heading.av-7s2zm5-f26b5e6ad5ab769de912cd14a1afd81f .av-special-heading-tag .heading-char{\nfont-size:25px;\n}\n.av-special-heading.av-7s2zm5-f26b5e6ad5ab769de912cd14a1afd81f .av-subheading{\nfont-size:15px;\n}\n<\/style>\n<div  class='av-special-heading av-7s2zm5-f26b5e6ad5ab769de912cd14a1afd81f av-special-heading-h2 blockquote modern-quote  avia-builder-el-3  el_before_av_two_third  avia-builder-el-first '><h2 class='av-special-heading-tag '  itemprop=\"headline\"  >Begleiten Sie als Sponsor, Aussteller oder Partner den TW Strategy Summit!<\/h2><div class=\"special-heading-border\"><div class=\"special-heading-inner-border\"><\/div><\/div><\/div>\n<div class='flex_column_table av-kauxmmrr-f5e0321c8df61028b7ab8eb2fdffdcc8 sc-av_two_third av-equal-height-column-flextable'>\n<style type=\"text\/css\" data-created_by=\"avia_inline_auto\" id=\"style-css-av-kauxmmrr-f5e0321c8df61028b7ab8eb2fdffdcc8\">\n.flex_column.av-kauxmmrr-f5e0321c8df61028b7ab8eb2fdffdcc8{\nborder-radius:0px 0px 0px 0px;\npadding:0px 0px 0px 0px;\n}\n<\/style>\n<div  class='flex_column av-kauxmmrr-f5e0321c8df61028b7ab8eb2fdffdcc8 av_two_third  avia-builder-el-4  el_after_av_heading  el_before_av_one_third  first flex_column_table_cell av-equal-height-column av-align-middle av-zero-column-padding  '     ><section  class='av_textblock_section av-kauxm635-6e961896ad03d723817689a042453196 '   itemscope=\"itemscope\" itemtype=\"https:\/\/schema.org\/CreativeWork\" ><div class='avia_textblock'  itemprop=\"text\" ><p>Nutzen Sie den hochkar\u00e4tig besetzten, einzigartigen Branchentreff der Top-Entscheiderinnen und Entscheider im Fashion-Business und werden Sie Sponsor, Aussteller oder Partner:<\/p>\n<ul>\n<li>Setzen Sie Impulse und r\u00fccken Sie als Expertin und Experte in das Blickfeld der Branche \u2013 zum Beispiel als Gastgeberin oder Gastgeber einer Deep Dive Session oder Inner Circle.<\/li>\n<li>Profitieren Sie von der starken Medienpr\u00e4senz, der reichweitenstarken und intensiven Begleitung durch die TextilWirtschaft und die Partnermedien.<\/li>\n<li>Treffen Sie F\u00fchrungskr\u00e4fte, Unternehmerinnen und Unternehmer sowie Top-Entscheiderinnen und Entscheider aus f\u00fchrenden Unternehmen der Fashion-Branche.<\/li>\n<li>Generieren Sie neue Leads und optimieren Sie Ihr Netzwerk.<\/li>\n<li>\u00dcberraschen Sie mit einem raffinierten Gadget f\u00fcr maximale Aufmerksamkeit.<\/li>\n<\/ul>\n<p><strong>Gerne berate ich Sie zu Ihrem individuellen Auftritt:<\/strong><\/p>\n<p><strong>Kirsten Elsen<br \/>\n<\/strong>E-Mail: <a href=\"&#x6d;&#97;&#x69;&#x6c;&#116;&#x6f;&#x3a;&#107;&#x69;&#x72;&#115;&#x74;&#x65;n&#x2e;&#x65;l&#x73;&#101;n&#x40;&#100;f&#x76;&#99;g&#x2e;&#100;e\">&#107;&#x69;&#114;&#x73;&#116;&#x65;&#110;&#x2e;&#101;&#x6c;&#115;&#x65;&#110;&#x40;&#100;&#x66;&#118;&#x63;&#103;&#x2e;&#100;&#x65;<\/a><br \/>\nTelefon: +49 69 7595-3045<\/p>\n<\/div><\/section><\/div><div class='av-flex-placeholder'><\/div>\n<style type=\"text\/css\" data-created_by=\"avia_inline_auto\" id=\"style-css-av-70vj1-00292db64ce6f592d658eec37ab25598\">\n.flex_column.av-70vj1-00292db64ce6f592d658eec37ab25598{\nborder-radius:0px 0px 0px 0px;\npadding:0px 0px 0px 0px;\n}\n<\/style>\n<div  class='flex_column av-70vj1-00292db64ce6f592d658eec37ab25598 av_one_third  avia-builder-el-6  el_after_av_two_third  avia-builder-el-last  flex_column_table_cell av-equal-height-column av-align-middle av-zero-column-padding  '     ><style type=\"text\/css\" data-created_by=\"avia_inline_auto\" id=\"style-css-av-kauxmgni-eec9d6bc3f256ea4da11cd3358e25ddb\">\n.avia-image-container.av-kauxmgni-eec9d6bc3f256ea4da11cd3358e25ddb img.avia_image{\nbox-shadow:none;\n}\n.avia-image-container.av-kauxmgni-eec9d6bc3f256ea4da11cd3358e25ddb .av-image-caption-overlay-center{\ncolor:#ffffff;\n}\n<\/style>\n<div  class='avia-image-container av-kauxmgni-eec9d6bc3f256ea4da11cd3358e25ddb av-styling-no-styling avia-align-center  avia-builder-el-7  avia-builder-el-no-sibling '   itemprop=\"image\" itemscope=\"itemscope\" itemtype=\"https:\/\/schema.org\/ImageObject\" ><div class=\"avia-image-container-inner\"><div class=\"avia-image-overlay-wrap\"><img decoding=\"async\" fetchpriority=\"high\" class='wp-image-3878 avia-img-lazy-loading-not-3878 avia_image ' src=\"https:\/\/dfvcg-events.de\/tw-summit\/wp-content\/uploads\/sites\/12\/2023\/04\/Bild-WEB_V1.jpg\" alt='' title='Bild WEB_V1'  height=\"508\" width=\"335\"  itemprop=\"thumbnailUrl\"  \/><\/div><\/div><\/div><\/div><\/div><!--close column table wrapper. Autoclose: 1 --><\/p>\n","protected":false},"excerpt":{"rendered":"","protected":false},"author":1,"featured_media":0,"parent":0,"menu_order":0,"comment_status":"closed","ping_status":"closed","template":"","meta":{"footnotes":""},"class_list":["post-3575","page","type-page","status-publish","hentry"],"yoast_head":"<!-- This site is optimized with the Yoast SEO plugin v27.3 - https:\/\/yoast.com\/product\/yoast-seo-wordpress\/ -->\n<title>Partner &amp; Aussteller 2026 | TW Summit<\/title>\n<meta name=\"description\" content=\"Nutzen Sie den hochkar\u00e4tig besetzten, einzigartigen Branchentreff der Top-Entscheider im Fashion-Business und werden Sie Partner!\" \/>\n<meta name=\"robots\" content=\"index, follow, max-snippet:-1, max-image-preview:large, max-video-preview:-1\" \/>\n<link rel=\"canonical\" href=\"https:\/\/dfvcg-events.de\/tw-summit\/partner-aussteller\/\" \/>\n<meta property=\"og:locale\" content=\"de_DE\" \/>\n<meta property=\"og:type\" content=\"article\" \/>\n<meta property=\"og:title\" content=\"Partner &amp; Aussteller 2026 | TW Summit\" \/>\n<meta property=\"og:description\" content=\"Nutzen Sie den hochkar\u00e4tig besetzten, einzigartigen Branchentreff der Top-Entscheider im Fashion-Business und werden Sie Partner!\" \/>\n<meta property=\"og:url\" content=\"https:\/\/dfvcg-events.de\/tw-summit\/partner-aussteller\/\" \/>\n<meta property=\"og:site_name\" content=\"TW Summit\" \/>\n<meta property=\"article:modified_time\" content=\"2026-02-04T08:49:16+00:00\" \/>\n<meta property=\"og:image\" content=\"https:\/\/dfvcg-events.de\/tw-summit\/wp-content\/uploads\/sites\/12\/2023\/04\/dfvcg-TW-Summit-2023-1200x675px.jpg\" \/>\n\t<meta property=\"og:image:width\" content=\"1200\" \/>\n\t<meta property=\"og:image:height\" content=\"675\" \/>\n\t<meta property=\"og:image:type\" content=\"image\/jpeg\" \/>\n<meta name=\"twitter:card\" content=\"summary_large_image\" \/>\n<meta name=\"twitter:label1\" content=\"Gesch\u00e4tzte Lesezeit\" \/>\n\t<meta name=\"twitter:data1\" content=\"1\u00a0Minute\" \/>\n<script type=\"application\/ld+json\" class=\"yoast-schema-graph\">{\"@context\":\"https:\\\/\\\/schema.org\",\"@graph\":[{\"@type\":\"WebPage\",\"@id\":\"https:\\\/\\\/dfvcg-events.de\\\/tw-summit\\\/partner-aussteller\\\/\",\"url\":\"https:\\\/\\\/dfvcg-events.de\\\/tw-summit\\\/partner-aussteller\\\/\",\"name\":\"Partner &amp; Aussteller 2026 | TW Summit\",\"isPartOf\":{\"@id\":\"https:\\\/\\\/dfvcg-events.de\\\/tw-summit\\\/#website\"},\"datePublished\":\"2023-03-29T15:43:07+00:00\",\"dateModified\":\"2026-02-04T08:49:16+00:00\",\"description\":\"Nutzen Sie den hochkar\u00e4tig besetzten, einzigartigen Branchentreff der Top-Entscheider im Fashion-Business und werden Sie Partner!\",\"breadcrumb\":{\"@id\":\"https:\\\/\\\/dfvcg-events.de\\\/tw-summit\\\/partner-aussteller\\\/#breadcrumb\"},\"inLanguage\":\"de\",\"potentialAction\":[{\"@type\":\"ReadAction\",\"target\":[\"https:\\\/\\\/dfvcg-events.de\\\/tw-summit\\\/partner-aussteller\\\/\"]}]},{\"@type\":\"BreadcrumbList\",\"@id\":\"https:\\\/\\\/dfvcg-events.de\\\/tw-summit\\\/partner-aussteller\\\/#breadcrumb\",\"itemListElement\":[{\"@type\":\"ListItem\",\"position\":1,\"name\":\"Startseite\",\"item\":\"https:\\\/\\\/dfvcg-events.de\\\/tw-summit\\\/\"},{\"@type\":\"ListItem\",\"position\":2,\"name\":\"Partner &amp; Aussteller 2026\"}]},{\"@type\":\"WebSite\",\"@id\":\"https:\\\/\\\/dfvcg-events.de\\\/tw-summit\\\/#website\",\"url\":\"https:\\\/\\\/dfvcg-events.de\\\/tw-summit\\\/\",\"name\":\"TW SUMMIT\",\"description\":\"dfv Conference Group\",\"publisher\":{\"@id\":\"https:\\\/\\\/dfvcg-events.de\\\/tw-summit\\\/#organization\"},\"alternateName\":\"Der Strategie-Kongress der Fashion-Branche\",\"potentialAction\":[{\"@type\":\"SearchAction\",\"target\":{\"@type\":\"EntryPoint\",\"urlTemplate\":\"https:\\\/\\\/dfvcg-events.de\\\/tw-summit\\\/?s={search_term_string}\"},\"query-input\":{\"@type\":\"PropertyValueSpecification\",\"valueRequired\":true,\"valueName\":\"search_term_string\"}}],\"inLanguage\":\"de\"},{\"@type\":\"Organization\",\"@id\":\"https:\\\/\\\/dfvcg-events.de\\\/tw-summit\\\/#organization\",\"name\":\"TW SUMMIT\",\"alternateName\":\"Der Strategie-Kongress der Fashion-Branche\",\"url\":\"https:\\\/\\\/dfvcg-events.de\\\/tw-summit\\\/\",\"logo\":{\"@type\":\"ImageObject\",\"inLanguage\":\"de\",\"@id\":\"https:\\\/\\\/dfvcg-events.de\\\/tw-summit\\\/#\\\/schema\\\/logo\\\/image\\\/\",\"url\":\"https:\\\/\\\/dfvcg-events.de\\\/tw-summit\\\/wp-content\\\/uploads\\\/sites\\\/12\\\/2023\\\/03\\\/dfvcg_TWSummit23_Teaser_800x800.jpg\",\"contentUrl\":\"https:\\\/\\\/dfvcg-events.de\\\/tw-summit\\\/wp-content\\\/uploads\\\/sites\\\/12\\\/2023\\\/03\\\/dfvcg_TWSummit23_Teaser_800x800.jpg\",\"width\":800,\"height\":800,\"caption\":\"TW SUMMIT\"},\"image\":{\"@id\":\"https:\\\/\\\/dfvcg-events.de\\\/tw-summit\\\/#\\\/schema\\\/logo\\\/image\\\/\"}}]}<\/script>\n<!-- \/ Yoast SEO plugin. -->","yoast_head_json":{"title":"Partner &amp; Aussteller 2026 | TW Summit","description":"Nutzen Sie den hochkar\u00e4tig besetzten, einzigartigen Branchentreff der Top-Entscheider im Fashion-Business und werden Sie Partner!","robots":{"index":"index","follow":"follow","max-snippet":"max-snippet:-1","max-image-preview":"max-image-preview:large","max-video-preview":"max-video-preview:-1"},"canonical":"https:\/\/dfvcg-events.de\/tw-summit\/partner-aussteller\/","og_locale":"de_DE","og_type":"article","og_title":"Partner &amp; Aussteller 2026 | TW Summit","og_description":"Nutzen Sie den hochkar\u00e4tig besetzten, einzigartigen Branchentreff der Top-Entscheider im Fashion-Business und werden Sie Partner!","og_url":"https:\/\/dfvcg-events.de\/tw-summit\/partner-aussteller\/","og_site_name":"TW Summit","article_modified_time":"2026-02-04T08:49:16+00:00","og_image":[{"width":1200,"height":675,"url":"https:\/\/dfvcg-events.de\/tw-summit\/wp-content\/uploads\/sites\/12\/2023\/04\/dfvcg-TW-Summit-2023-1200x675px.jpg","type":"image\/jpeg"}],"twitter_card":"summary_large_image","twitter_misc":{"Gesch\u00e4tzte Lesezeit":"1\u00a0Minute"},"schema":{"@context":"https:\/\/schema.org","@graph":[{"@type":"WebPage","@id":"https:\/\/dfvcg-events.de\/tw-summit\/partner-aussteller\/","url":"https:\/\/dfvcg-events.de\/tw-summit\/partner-aussteller\/","name":"Partner &amp; Aussteller 2026 | TW Summit","isPartOf":{"@id":"https:\/\/dfvcg-events.de\/tw-summit\/#website"},"datePublished":"2023-03-29T15:43:07+00:00","dateModified":"2026-02-04T08:49:16+00:00","description":"Nutzen Sie den hochkar\u00e4tig besetzten, einzigartigen Branchentreff der Top-Entscheider im Fashion-Business und werden Sie Partner!","breadcrumb":{"@id":"https:\/\/dfvcg-events.de\/tw-summit\/partner-aussteller\/#breadcrumb"},"inLanguage":"de","potentialAction":[{"@type":"ReadAction","target":["https:\/\/dfvcg-events.de\/tw-summit\/partner-aussteller\/"]}]},{"@type":"BreadcrumbList","@id":"https:\/\/dfvcg-events.de\/tw-summit\/partner-aussteller\/#breadcrumb","itemListElement":[{"@type":"ListItem","position":1,"name":"Startseite","item":"https:\/\/dfvcg-events.de\/tw-summit\/"},{"@type":"ListItem","position":2,"name":"Partner &amp; Aussteller 2026"}]},{"@type":"WebSite","@id":"https:\/\/dfvcg-events.de\/tw-summit\/#website","url":"https:\/\/dfvcg-events.de\/tw-summit\/","name":"TW SUMMIT","description":"dfv Conference Group","publisher":{"@id":"https:\/\/dfvcg-events.de\/tw-summit\/#organization"},"alternateName":"Der Strategie-Kongress der Fashion-Branche","potentialAction":[{"@type":"SearchAction","target":{"@type":"EntryPoint","urlTemplate":"https:\/\/dfvcg-events.de\/tw-summit\/?s={search_term_string}"},"query-input":{"@type":"PropertyValueSpecification","valueRequired":true,"valueName":"search_term_string"}}],"inLanguage":"de"},{"@type":"Organization","@id":"https:\/\/dfvcg-events.de\/tw-summit\/#organization","name":"TW SUMMIT","alternateName":"Der Strategie-Kongress der Fashion-Branche","url":"https:\/\/dfvcg-events.de\/tw-summit\/","logo":{"@type":"ImageObject","inLanguage":"de","@id":"https:\/\/dfvcg-events.de\/tw-summit\/#\/schema\/logo\/image\/","url":"https:\/\/dfvcg-events.de\/tw-summit\/wp-content\/uploads\/sites\/12\/2023\/03\/dfvcg_TWSummit23_Teaser_800x800.jpg","contentUrl":"https:\/\/dfvcg-events.de\/tw-summit\/wp-content\/uploads\/sites\/12\/2023\/03\/dfvcg_TWSummit23_Teaser_800x800.jpg","width":800,"height":800,"caption":"TW SUMMIT"},"image":{"@id":"https:\/\/dfvcg-events.de\/tw-summit\/#\/schema\/logo\/image\/"}}]}},"_links":{"self":[{"href":"https:\/\/dfvcg-events.de\/tw-summit\/wp-json\/wp\/v2\/pages\/3575","targetHints":{"allow":["GET"]}}],"collection":[{"href":"https:\/\/dfvcg-events.de\/tw-summit\/wp-json\/wp\/v2\/pages"}],"about":[{"href":"https:\/\/dfvcg-events.de\/tw-summit\/wp-json\/wp\/v2\/types\/page"}],"author":[{"embeddable":true,"href":"https:\/\/dfvcg-events.de\/tw-summit\/wp-json\/wp\/v2\/users\/1"}],"replies":[{"embeddable":true,"href":"https:\/\/dfvcg-events.de\/tw-summit\/wp-json\/wp\/v2\/comments?post=3575"}],"version-history":[{"count":5,"href":"https:\/\/dfvcg-events.de\/tw-summit\/wp-json\/wp\/v2\/pages\/3575\/revisions"}],"predecessor-version":[{"id":5784,"href":"https:\/\/dfvcg-events.de\/tw-summit\/wp-json\/wp\/v2\/pages\/3575\/revisions\/5784"}],"wp:attachment":[{"href":"https:\/\/dfvcg-events.de\/tw-summit\/wp-json\/wp\/v2\/media?parent=3575"}],"curies":[{"name":"wp","href":"https:\/\/api.w.org\/{rel}","templated":true}]}}