{"id":1463,"date":"2021-01-28T11:59:43","date_gmt":"2021-01-28T10:59:43","guid":{"rendered":"https:\/\/dfvcg-events.de\/fashion-summit\/?page_id=1463"},"modified":"2025-04-01T09:54:11","modified_gmt":"2025-04-01T07:54:11","slug":"anreise-hotel","status":"publish","type":"page","link":"https:\/\/dfvcg-events.de\/tech-summit\/anreise-hotel\/","title":{"rendered":"Anreise &amp; Hotel"},"content":{"rendered":"<div id='av_section_1'  class='avia-section av-2u7q9j-9347c00fc0a2270d0f19eab365970a79 main_color avia-section-default avia-no-border-styling  avia-builder-el-0  el_before_av_section  avia-builder-el-first  header-verlauf avia-bg-style-scroll container_wrap fullsize'  ><div class='container av-section-cont-open' ><main  role=\"main\" itemprop=\"mainContentOfPage\"  class='template-page content  av-content-full alpha units'><div class='post-entry post-entry-type-page post-entry-1463'><div class='entry-content-wrapper clearfix'>\n\n<style type=\"text\/css\" data-created_by=\"avia_inline_auto\" id=\"style-css-av-kq0mwcdx-5bbf163b01eaef56a57cca5401f33c4e\">\n#top .av-special-heading.av-kq0mwcdx-5bbf163b01eaef56a57cca5401f33c4e{\npadding-bottom:0;\ncolor:#ffffff;\n}\nbody .av-special-heading.av-kq0mwcdx-5bbf163b01eaef56a57cca5401f33c4e .av-special-heading-tag .heading-char{\nfont-size:25px;\n}\n.av-special-heading.av-kq0mwcdx-5bbf163b01eaef56a57cca5401f33c4e .special-heading-inner-border{\nborder-color:#ffffff;\n}\n.av-special-heading.av-kq0mwcdx-5bbf163b01eaef56a57cca5401f33c4e .av-subheading{\nfont-size:21px;\n}\n<\/style>\n<div  class='av-special-heading av-kq0mwcdx-5bbf163b01eaef56a57cca5401f33c4e av-special-heading-h1 custom-color-heading blockquote modern-quote  avia-builder-el-1  avia-builder-el-no-sibling '><div class='av_custom_color av-subheading av-subheading_above'><p>TW Tech Summit<\/p>\n<\/div><h1 class='av-special-heading-tag '  itemprop=\"headline\"  >Anreise <span class='special_amp'>&amp;<\/span> Hotels<\/h1><div class=\"special-heading-border\"><div class=\"special-heading-inner-border\"><\/div><\/div><\/div>\n<\/div><\/div><\/main><!-- close content main element --><\/div><\/div><div id='av_section_2'  class='avia-section av-n5dquv-81c7831aabdda256caa0dae4ebe74f21 main_color avia-section-default avia-no-shadow  avia-builder-el-2  el_after_av_section  el_before_av_section  avia-bg-style-scroll container_wrap fullsize'  ><div class='container av-section-cont-open' ><div class='template-page content  av-content-full alpha units'><div class='post-entry post-entry-type-page post-entry-1463'><div class='entry-content-wrapper clearfix'>\n<div class='flex_column_table av-kb4z53-bc27df8d6b8436d5b5536f2e8b23499b sc-av_one_third av-equal-height-column-flextable'>\n<style type=\"text\/css\" data-created_by=\"avia_inline_auto\" id=\"style-css-av-kb4z53-bc27df8d6b8436d5b5536f2e8b23499b\">\n.flex_column.av-kb4z53-bc27df8d6b8436d5b5536f2e8b23499b{\nborder-radius:0px 0px 0px 0px;\npadding:0px 0px 0px 0px;\n}\n<\/style>\n<div  class='flex_column av-kb4z53-bc27df8d6b8436d5b5536f2e8b23499b av_one_third  avia-builder-el-3  el_before_av_two_third  avia-builder-el-first  first flex_column_table_cell av-equal-height-column av-align-middle av-zero-column-padding  '     ><p>\n<style type=\"text\/css\" data-created_by=\"avia_inline_auto\" id=\"style-css-av-lp6uh9jl-b4b5ca3cec5b857854ae3fc455a7c85f\">\n#top .av-special-heading.av-lp6uh9jl-b4b5ca3cec5b857854ae3fc455a7c85f{\npadding-bottom:10px;\n}\nbody .av-special-heading.av-lp6uh9jl-b4b5ca3cec5b857854ae3fc455a7c85f .av-special-heading-tag .heading-char{\nfont-size:25px;\n}\n.av-special-heading.av-lp6uh9jl-b4b5ca3cec5b857854ae3fc455a7c85f .av-subheading{\nfont-size:15px;\n}\n<\/style>\n<div  class='av-special-heading av-lp6uh9jl-b4b5ca3cec5b857854ae3fc455a7c85f av-special-heading-h2 blockquote modern-quote  avia-builder-el-4  el_before_av_textblock  avia-builder-el-first '><h2 class='av-special-heading-tag '  itemprop=\"headline\"  >Veranstaltungsort<\/h2><div class=\"special-heading-border\"><div class=\"special-heading-inner-border\"><\/div><\/div><\/div><br \/>\n<section  class='av_textblock_section av-j8kauv-7fe6e776d1d769af55971c5a1c21a21d '   itemscope=\"itemscope\" itemtype=\"https:\/\/schema.org\/CreativeWork\" ><div class='avia_textblock'  itemprop=\"text\" ><p><strong>Spreespeicher Berlin<\/strong><br \/>\nStralauer Allee 2<br \/>\n&#8211; Eingang A &#8211;<br \/>\n10245 Berlin<\/p>\n<p><a href=\"https:\/\/faro-gruppe.de\/locations\/spreespeicher\/kundenbereich\/anreise\/\">Wegbeschreibung &#8211; Parkpl\u00e4tze<\/a><\/p>\n<\/div><\/section><\/p><\/div><div class='av-flex-placeholder'><\/div>\n<style type=\"text\/css\" data-created_by=\"avia_inline_auto\" id=\"style-css-av-hj0xrr-74feb2945d184ce26f0480d0e966bebd\">\n.flex_column.av-hj0xrr-74feb2945d184ce26f0480d0e966bebd{\nborder-radius:0px 0px 0px 0px;\npadding:0px 0px 0px 0px;\n}\n<\/style>\n<div  class='flex_column av-hj0xrr-74feb2945d184ce26f0480d0e966bebd av_two_third  avia-builder-el-6  el_after_av_one_third  avia-builder-el-last  flex_column_table_cell av-equal-height-column av-align-middle av-zero-column-padding  '     ><div  class='av_gmaps_sc_main_wrap av_gmaps_main_wrap '><div id='av_gmap_0' class='avia-google-map-container avia-google-map-sc av_gmaps_show_unconditionally av-no-fallback-img ' data-mapid='av_gmap_0'  style='height: 400px;'><a class=\"av_gmaps_browser_disabled av_text_confirm_link av_text_confirm_link_visible\" href=\"https:\/\/www.google.com\/maps\/search\/?api=1&#038;query=Stralauer%20Allee%202%2010245%20Berlin%20Berlin%20Deutschland\" target=\"_blank\">Karten wurden vom Besucher auf dieser Webseite deaktiviert. Klicken Sie hier, um die Karte in einem neuen Fenster zu \u00f6ffnen.<\/a><\/div><\/div><\/div><\/div><!--close column table wrapper. Autoclose: 1 -->\n<\/p>\n<\/div><\/div><\/div><!-- close content main div --><\/div><\/div><div id='av_section_3'  class='avia-section av-k66h6bak-4-f9b90a10b3090f28450306be347c9daa main_color avia-section-default avia-no-shadow  avia-builder-el-8  el_after_av_section  el_before_av_section  avia-bg-style-scroll container_wrap fullsize'  ><div class='container av-section-cont-open' ><div class='template-page content  av-content-full alpha units'><div class='post-entry post-entry-type-page post-entry-1463'><div class='entry-content-wrapper clearfix'>\n\n<style type=\"text\/css\" data-created_by=\"avia_inline_auto\" id=\"style-css-av-aam0i-e52ccc4a12ed90dfbf0bdbae480990b6\">\n#top .av-special-heading.av-aam0i-e52ccc4a12ed90dfbf0bdbae480990b6{\nmargin:0 0 0 0;\npadding-bottom:35px;\n}\nbody .av-special-heading.av-aam0i-e52ccc4a12ed90dfbf0bdbae480990b6 .av-special-heading-tag .heading-char{\nfont-size:25px;\n}\n.av-special-heading.av-aam0i-e52ccc4a12ed90dfbf0bdbae480990b6 .av-subheading{\nfont-size:19px;\n}\n<\/style>\n<div  class='av-special-heading av-aam0i-e52ccc4a12ed90dfbf0bdbae480990b6 av-special-heading-h2 blockquote modern-quote  avia-builder-el-9  el_before_av_textblock  avia-builder-el-first '><h2 class='av-special-heading-tag '  itemprop=\"headline\"  >Ihre \u00dcbernachtungsm\u00f6glichkeiten<\/h2><div class=\"special-heading-border\"><div class=\"special-heading-inner-border\"><\/div><\/div><\/div>\n<section  class='av_textblock_section av-lrp4hrz4-f49e9b8314a65f384ab8215c00ad56d7 '   itemscope=\"itemscope\" itemtype=\"https:\/\/schema.org\/CreativeWork\" ><div class='avia_textblock'  itemprop=\"text\" ><p>Profitieren Sie von unseren exklusiven Sonderraten und buchen Sie jetzt bei Bedarf Ihr Hotelzimmer zum TW Tech Summit in einem der folgenden Hotels:<\/p>\n<\/div><\/section>\n<div  class='flex_column av-6fi7zr-7d1d33a99f6db1936a20ff77244b4d0f av_one_half  avia-builder-el-11  el_after_av_textblock  el_before_av_one_half  first flex_column_div  column-top-margin'     ><section  class='av_textblock_section av-lbdg0ypb-3e7a1773b40664a4a31103312d04ec6a '   itemscope=\"itemscope\" itemtype=\"https:\/\/schema.org\/CreativeWork\" ><div class='avia_textblock'  itemprop=\"text\" ><p><strong>Hotel AMANO East Side<\/strong><br \/>\nStralauer Platz 30-31<br \/>\n10243 Berlin<br \/>\nTelefon: +49 (0)30 39 77 90 00<br \/>\nE-Mail: <a href=\"&#109;&#x61;i&#x6c;&#x74;&#111;&#x3a;g&#x72;&#x6f;&#117;&#x70;r&#x65;&#x73;&#101;&#x72;v&#x61;&#x74;&#105;&#x6f;n&#x73;&#x40;&#97;&#x6d;a&#x6e;&#x6f;&#103;&#x72;o&#x75;&#x70;&#46;&#x63;o&#x6d;\">&#x67;&#x72;&#111;u&#x70;&#x72;&#101;se&#x72;&#x76;&#97;t&#x69;&#x6f;&#110;&#115;&#64;&#x61;&#x6d;&#97;n&#x6f;&#x67;&#114;&#111;u&#x70;&#x2e;&#99;o&#x6d;<\/a><\/p>\n<p><strong>Stichwort &#8222;TW<\/strong><strong>TS25&#8243;<\/strong><\/p>\n<p>Buchungen sind ab sofort \u00fcber den folgenden Link m\u00f6glich:<br \/>\n<a href=\"https:\/\/bookings.amanogroup.com\/110491?groupID=4600294&amp;hotelID=110491#\/guestsandrooms\">Hotel AMANO East Side<\/a><br \/>\nBitte die Anzahl der G\u00e4ste bei der Buchung oben links bei Bedarf anpassen.<\/p>\n<p>EZ: 239,- EUR inkl. Fr\u00fchst\u00fcck | zzgl. City-Tax<\/p>\n<p><strong>Abrufbar bis zum: 07.02.2025<\/strong><\/p>\n<p>Informationen zum Hotel, Lage und Umgebung sowie Anfahrt und Parkm\u00f6glichkeiten finden Sie <a href=\"https:\/\/www.amanogroup.com\/de\/hotels\/berlin-friedrichshain-hotel-amano-east-side\">hier<\/a>.<\/p>\n<\/div><\/section><\/div><div  class='flex_column av-gkb6f-95e0d40094f323baf2d44b9fb1a75f54 av_one_half  avia-builder-el-13  el_after_av_one_half  avia-builder-el-last  flex_column_div  column-top-margin'     ><section  class='av_textblock_section av-2555zb-f519d8ec1de93ed2b1dcbd227fe1fe5d '   itemscope=\"itemscope\" itemtype=\"https:\/\/schema.org\/CreativeWork\" ><div class='avia_textblock'  itemprop=\"text\" ><p><strong>Holiday Inn Express Berlin-Alexanderplatz<br \/>\n<\/strong>Stralauer Strasse 45<br \/>\n10179 Berlin<br \/>\nTelefon: +49 (0)30 750 107 0<br \/>\nE-Mail:\u00a0<a href=\"&#x6d;&#x61;&#105;lt&#x6f;&#x3a;&#104;&#105;e&#x78;&#x2d;&#98;&#101;r&#x6c;&#x69;&#x6e;&#64;ih&#x67;&#x2e;&#99;&#111;m\">&#x68;&#x69;&#x65;&#x78;&#x2d;&#98;&#101;&#114;&#108;in&#64;&#x69;&#x68;&#x67;&#x2e;&#x63;&#x6f;&#109;<\/a><\/p>\n<p><strong>Stichwort &#8222;TWTS25&#8220;<\/strong><\/p>\n<p>Buchungen sind ab sofort \u00fcber den folgenden Link m\u00f6glich:<br \/>\n<a href=\"https:\/\/www.ihg.com\/holidayinnexpress\/hotels\/de\/de\/find-hotels\/select-roomrate?qDest=Berlin,%20Deutschland&amp;qPt=CASH&amp;qCiD=9&amp;qCoD=10&amp;qCiMy=032025&amp;qCoMy=032025&amp;qAdlt=1&amp;qChld=0&amp;qRms=1&amp;qRtP=6CBARC&amp;qAAR=6CBARC&amp;qGrpCd=TWT&amp;qSlH=berax&amp;srb_u=1&amp;qSrt=sBR&amp;qBrs=6c.hi.ex.sb.ul.ic.cp.cw.in.vn.cv.rs.ki.kd.ma.sp.va.sp.re.vx.nd.sx.we.lx.rn.sn.sn.sn.sn.sn.nu&amp;qWch=0&amp;qSmP=0&amp;qRad=30&amp;qRdU=mi&amp;setPMCookies=false&amp;qpMbw=0&amp;qErm=false&amp;qpMn=0&amp;qRmFltr=&amp;qChAge=\">Hotel Holiday Inn Express Berlin-Alexanderplatz<\/a><\/p>\n<p>EZ: 161,25 EUR inkl. Fr\u00fchst\u00fcck | inkl. City-Tax<\/p>\n<p><strong>Abrufbar bis zum: 01.03.2025<\/strong><\/p>\n<p>Informationen zum Hotel und die Anfahrtsbeschreibung finden Sie <a href=\"https:\/\/www.ihg.com\/holidayinnexpress\/hotels\/de\/de\/berlin\/berax\/hoteldetail?qDest=10178%20Berlin,%20Deutschland&amp;qPt=CASH&amp;qCiD=12&amp;qCoD=13&amp;qCiMy=112024&amp;qCoMy=112024&amp;qAdlt=1&amp;qChld=0&amp;qRms=1&amp;qRtP=6CBARC&amp;qAAR=6CBARC&amp;srb_u=1&amp;qSrt=sBR&amp;qBrs=6c.hi.ex.sb.ul.ic.cp.cw.in.vn.cv.rs.ki.kd.ma.sp.va.sp.re.vx.nd.sx.we.lx.rn.sn.sn.sn.sn.sn.nu&amp;qWch=0&amp;qSmP=0&amp;qRad=30&amp;qRdU=mi&amp;setPMCookies=false&amp;qpMbw=0&amp;qErm=false&amp;qpMn=0\" target=\"_blank\" rel=\"noopener\">hier<\/a>.<\/p>\n<\/div><\/section><\/div>\n\n<\/div><\/div><\/div><!-- close content main div --><\/div><\/div><div id='av_section_4'  class='avia-section av-4k7lhj-3cacd9c3f3c053c722ea7a0df83eb4d9 main_color avia-section-default avia-no-shadow  avia-builder-el-15  el_after_av_section  avia-builder-el-last  avia-bg-style-scroll container_wrap fullsize'  ><div class='container av-section-cont-open' ><div class='template-page content  av-content-full alpha units'><div class='post-entry post-entry-type-page post-entry-1463'><div class='entry-content-wrapper clearfix'>\n\n<style type=\"text\/css\" data-created_by=\"avia_inline_auto\" id=\"style-css-av-lr7pgsuz-79920297655f4c2f8953d7fdfe9c80cf\">\n#top .av-special-heading.av-lr7pgsuz-79920297655f4c2f8953d7fdfe9c80cf{\nmargin:0 0 0 0;\npadding-bottom:35px;\n}\nbody .av-special-heading.av-lr7pgsuz-79920297655f4c2f8953d7fdfe9c80cf .av-special-heading-tag .heading-char{\nfont-size:25px;\n}\n.av-special-heading.av-lr7pgsuz-79920297655f4c2f8953d7fdfe9c80cf .av-subheading{\nfont-size:19px;\n}\n<\/style>\n<div  class='av-special-heading av-lr7pgsuz-79920297655f4c2f8953d7fdfe9c80cf av-special-heading-h2 blockquote modern-quote  avia-builder-el-16  el_before_av_textblock  avia-builder-el-first '><h2 class='av-special-heading-tag '  itemprop=\"headline\"  >Ihre Anreise mit der Bahn<\/h2><div class=\"special-heading-border\"><div class=\"special-heading-inner-border\"><\/div><\/div><\/div>\n<section  class='av_textblock_section av-lr7pi82s-744f1187d65acb9870cb4faed3c8e042 '   itemscope=\"itemscope\" itemtype=\"https:\/\/schema.org\/CreativeWork\" ><div class='avia_textblock'  itemprop=\"text\" ><p><strong>Reisen Sie nachhaltig, entspannt und bequem zum TW Tech Summit!<\/strong><\/p>\n<p>Profitieren Sie von unseren exklusiven Sonderkonditionen und buchen Sie jetzt Ihre Anreise mit der Deutschen Bahn. \u00dcber den Button gelangen Sie direkt zum Buchungsportal der Deutschen Bahn.<\/p>\n<\/div><\/section>\n<section  class='av_textblock_section av-2m1vk7-2bc093d7f98a96c36edd3943e148c7b9 '   itemscope=\"itemscope\" itemtype=\"https:\/\/schema.org\/CreativeWork\" ><div class='avia_textblock'  itemprop=\"text\" ><p>Veranstaltungsticket einfache Fahrt mit Zugbindung (solange der Vorrat reicht):<\/p>\n<p>\u2022 1. Klasse 95,00 \u20ac (inkl. Sitzplatzreservierung)<br \/>\n\u2022 2. Klasse 59,00 \u20ac<\/p>\n<p>Veranstaltungsticket einfache Fahrt vollflexibel (immer verf\u00fcgbar):<\/p>\n<p>\u2022 1. Klasse 119,00 \u20ac (inkl. Sitzplatzreservierung)<br \/>\n\u2022 2. Klasse 82,00 \u20ac<\/p>\n<p>Buchen Sie jetzt online, sehen Sie alle Bahn-Angebote auf Ihrer Wunschstrecke und sichern Sie sich das garantiert g\u00fcnstigste Ticket.<\/p>\n<p>Wichtige Information: Bitte beachten Sie, dass das Ticket keine rechnungsrelevanten Daten mehr enth\u00e4lt. Falls Sie<br \/>\neine Rechnung ben\u00f6tigen, geben Sie im Buchungsvorgang unter pers\u00f6nliche Daten bitte die gew\u00fcnschte Rechnungsadresse an.<\/p>\n<p>Bei technischen Fragen wenden Sie sich bitte an die Service-Nummer +49 (0) 30 58 60 20 901.<\/p>\n<\/div><\/section>\n\n\n","protected":false},"excerpt":{"rendered":"","protected":false},"author":1,"featured_media":0,"parent":0,"menu_order":0,"comment_status":"closed","ping_status":"closed","template":"","meta":{"footnotes":""},"class_list":["post-1463","page","type-page","status-publish","hentry"],"yoast_head":"<!-- This site is optimized with the Yoast SEO plugin v27.3 - https:\/\/yoast.com\/product\/yoast-seo-wordpress\/ -->\n<title>Anreise &amp; Hotel | TW Tech Summit | 10. April 2025<\/title>\n<meta name=\"description\" content=\"TW TECH Summit am 10. April 2025. Wichtige Informationen zu Anreise und Hotel finden Sie hier\" \/>\n<meta name=\"robots\" content=\"index, follow, max-snippet:-1, max-image-preview:large, max-video-preview:-1\" \/>\n<link rel=\"canonical\" href=\"https:\/\/dfvcg-events.de\/tech-summit\/anreise-hotel\/\" \/>\n<meta property=\"og:locale\" content=\"de_DE\" \/>\n<meta property=\"og:type\" content=\"article\" \/>\n<meta property=\"og:title\" content=\"Anreise &amp; Hotel | TW Tech Summit | 10. April 2025\" \/>\n<meta property=\"og:description\" content=\"TW TECH Summit am 10. April 2025. Wichtige Informationen zu Anreise und Hotel finden Sie hier\" \/>\n<meta property=\"og:url\" content=\"https:\/\/dfvcg-events.de\/tech-summit\/anreise-hotel\/\" \/>\n<meta property=\"og:site_name\" content=\"TextilWirtschaft TECH Summit\" \/>\n<meta property=\"article:publisher\" content=\"https:\/\/www.facebook.com\/TextilWirtschaft\" \/>\n<meta property=\"article:modified_time\" content=\"2025-04-01T07:54:11+00:00\" \/>\n<meta property=\"og:image\" content=\"https:\/\/www.veranstaltungsticket-bahn.de:443\/resources\/buttons\/design2-2.png\" \/>\n<meta name=\"twitter:card\" content=\"summary_large_image\" \/>\n<meta name=\"twitter:site\" content=\"@TW_online\" \/>\n<meta name=\"twitter:label1\" content=\"Gesch\u00e4tzte Lesezeit\" \/>\n\t<meta name=\"twitter:data1\" content=\"2\u00a0Minuten\" \/>\n<script type=\"application\/ld+json\" class=\"yoast-schema-graph\">{\"@context\":\"https:\\\/\\\/schema.org\",\"@graph\":[{\"@type\":\"WebPage\",\"@id\":\"https:\\\/\\\/dfvcg-events.de\\\/tech-summit\\\/anreise-hotel\\\/\",\"url\":\"https:\\\/\\\/dfvcg-events.de\\\/tech-summit\\\/anreise-hotel\\\/\",\"name\":\"Anreise & Hotel | TW Tech Summit | 10. April 2025\",\"isPartOf\":{\"@id\":\"https:\\\/\\\/dfvcg-events.de\\\/tech-summit\\\/#website\"},\"primaryImageOfPage\":{\"@id\":\"https:\\\/\\\/dfvcg-events.de\\\/tech-summit\\\/anreise-hotel\\\/#primaryimage\"},\"image\":{\"@id\":\"https:\\\/\\\/dfvcg-events.de\\\/tech-summit\\\/anreise-hotel\\\/#primaryimage\"},\"thumbnailUrl\":\"https:\\\/\\\/www.veranstaltungsticket-bahn.de:443\\\/resources\\\/buttons\\\/design2-2.png\",\"datePublished\":\"2021-01-28T10:59:43+00:00\",\"dateModified\":\"2025-04-01T07:54:11+00:00\",\"description\":\"TW TECH Summit am 10. April 2025. Wichtige Informationen zu Anreise und Hotel finden Sie hier\",\"breadcrumb\":{\"@id\":\"https:\\\/\\\/dfvcg-events.de\\\/tech-summit\\\/anreise-hotel\\\/#breadcrumb\"},\"inLanguage\":\"de\",\"potentialAction\":[{\"@type\":\"ReadAction\",\"target\":[\"https:\\\/\\\/dfvcg-events.de\\\/tech-summit\\\/anreise-hotel\\\/\"]}]},{\"@type\":\"ImageObject\",\"inLanguage\":\"de\",\"@id\":\"https:\\\/\\\/dfvcg-events.de\\\/tech-summit\\\/anreise-hotel\\\/#primaryimage\",\"url\":\"https:\\\/\\\/www.veranstaltungsticket-bahn.de:443\\\/resources\\\/buttons\\\/design2-2.png\",\"contentUrl\":\"https:\\\/\\\/www.veranstaltungsticket-bahn.de:443\\\/resources\\\/buttons\\\/design2-2.png\"},{\"@type\":\"BreadcrumbList\",\"@id\":\"https:\\\/\\\/dfvcg-events.de\\\/tech-summit\\\/anreise-hotel\\\/#breadcrumb\",\"itemListElement\":[{\"@type\":\"ListItem\",\"position\":1,\"name\":\"Startseite\",\"item\":\"https:\\\/\\\/dfvcg-events.de\\\/tech-summit\\\/\"},{\"@type\":\"ListItem\",\"position\":2,\"name\":\"Anreise &amp; Hotel\"}]},{\"@type\":\"WebSite\",\"@id\":\"https:\\\/\\\/dfvcg-events.de\\\/tech-summit\\\/#website\",\"url\":\"https:\\\/\\\/dfvcg-events.de\\\/tech-summit\\\/\",\"name\":\"TextilWirtschaft TECH Summit\",\"description\":\"Der Digital-Kongress der Fashion-Branche\",\"publisher\":{\"@id\":\"https:\\\/\\\/dfvcg-events.de\\\/tech-summit\\\/#organization\"},\"alternateName\":\"TW TECH Summit\",\"potentialAction\":[{\"@type\":\"SearchAction\",\"target\":{\"@type\":\"EntryPoint\",\"urlTemplate\":\"https:\\\/\\\/dfvcg-events.de\\\/tech-summit\\\/?s={search_term_string}\"},\"query-input\":{\"@type\":\"PropertyValueSpecification\",\"valueRequired\":true,\"valueName\":\"search_term_string\"}}],\"inLanguage\":\"de\"},{\"@type\":\"Organization\",\"@id\":\"https:\\\/\\\/dfvcg-events.de\\\/tech-summit\\\/#organization\",\"name\":\"TW TECH Summit\",\"alternateName\":\"Textilwirtschaft dfv Conference Group\",\"url\":\"https:\\\/\\\/dfvcg-events.de\\\/tech-summit\\\/\",\"logo\":{\"@type\":\"ImageObject\",\"inLanguage\":\"de\",\"@id\":\"https:\\\/\\\/dfvcg-events.de\\\/tech-summit\\\/#\\\/schema\\\/logo\\\/image\\\/\",\"url\":\"https:\\\/\\\/dfvcg-events.de\\\/tech-summit\\\/wp-content\\\/uploads\\\/sites\\\/35\\\/2023\\\/11\\\/dfvcg-TW-Tech-Summit-Key-Visual-1200x675px.jpg\",\"contentUrl\":\"https:\\\/\\\/dfvcg-events.de\\\/tech-summit\\\/wp-content\\\/uploads\\\/sites\\\/35\\\/2023\\\/11\\\/dfvcg-TW-Tech-Summit-Key-Visual-1200x675px.jpg\",\"width\":1200,\"height\":675,\"caption\":\"TW TECH Summit\"},\"image\":{\"@id\":\"https:\\\/\\\/dfvcg-events.de\\\/tech-summit\\\/#\\\/schema\\\/logo\\\/image\\\/\"},\"sameAs\":[\"https:\\\/\\\/www.facebook.com\\\/TextilWirtschaft\",\"https:\\\/\\\/x.com\\\/TW_online\"]}]}<\/script>\n<!-- \/ Yoast SEO plugin. -->","yoast_head_json":{"title":"Anreise & Hotel | TW Tech Summit | 10. April 2025","description":"TW TECH Summit am 10. April 2025. Wichtige Informationen zu Anreise und Hotel finden Sie hier","robots":{"index":"index","follow":"follow","max-snippet":"max-snippet:-1","max-image-preview":"max-image-preview:large","max-video-preview":"max-video-preview:-1"},"canonical":"https:\/\/dfvcg-events.de\/tech-summit\/anreise-hotel\/","og_locale":"de_DE","og_type":"article","og_title":"Anreise & Hotel | TW Tech Summit | 10. April 2025","og_description":"TW TECH Summit am 10. April 2025. Wichtige Informationen zu Anreise und Hotel finden Sie hier","og_url":"https:\/\/dfvcg-events.de\/tech-summit\/anreise-hotel\/","og_site_name":"TextilWirtschaft TECH Summit","article_publisher":"https:\/\/www.facebook.com\/TextilWirtschaft","article_modified_time":"2025-04-01T07:54:11+00:00","og_image":[{"url":"https:\/\/www.veranstaltungsticket-bahn.de:443\/resources\/buttons\/design2-2.png","type":"","width":"","height":""}],"twitter_card":"summary_large_image","twitter_site":"@TW_online","twitter_misc":{"Gesch\u00e4tzte Lesezeit":"2\u00a0Minuten"},"schema":{"@context":"https:\/\/schema.org","@graph":[{"@type":"WebPage","@id":"https:\/\/dfvcg-events.de\/tech-summit\/anreise-hotel\/","url":"https:\/\/dfvcg-events.de\/tech-summit\/anreise-hotel\/","name":"Anreise & Hotel | TW Tech Summit | 10. April 2025","isPartOf":{"@id":"https:\/\/dfvcg-events.de\/tech-summit\/#website"},"primaryImageOfPage":{"@id":"https:\/\/dfvcg-events.de\/tech-summit\/anreise-hotel\/#primaryimage"},"image":{"@id":"https:\/\/dfvcg-events.de\/tech-summit\/anreise-hotel\/#primaryimage"},"thumbnailUrl":"https:\/\/www.veranstaltungsticket-bahn.de:443\/resources\/buttons\/design2-2.png","datePublished":"2021-01-28T10:59:43+00:00","dateModified":"2025-04-01T07:54:11+00:00","description":"TW TECH Summit am 10. April 2025. Wichtige Informationen zu Anreise und Hotel finden Sie hier","breadcrumb":{"@id":"https:\/\/dfvcg-events.de\/tech-summit\/anreise-hotel\/#breadcrumb"},"inLanguage":"de","potentialAction":[{"@type":"ReadAction","target":["https:\/\/dfvcg-events.de\/tech-summit\/anreise-hotel\/"]}]},{"@type":"ImageObject","inLanguage":"de","@id":"https:\/\/dfvcg-events.de\/tech-summit\/anreise-hotel\/#primaryimage","url":"https:\/\/www.veranstaltungsticket-bahn.de:443\/resources\/buttons\/design2-2.png","contentUrl":"https:\/\/www.veranstaltungsticket-bahn.de:443\/resources\/buttons\/design2-2.png"},{"@type":"BreadcrumbList","@id":"https:\/\/dfvcg-events.de\/tech-summit\/anreise-hotel\/#breadcrumb","itemListElement":[{"@type":"ListItem","position":1,"name":"Startseite","item":"https:\/\/dfvcg-events.de\/tech-summit\/"},{"@type":"ListItem","position":2,"name":"Anreise &amp; Hotel"}]},{"@type":"WebSite","@id":"https:\/\/dfvcg-events.de\/tech-summit\/#website","url":"https:\/\/dfvcg-events.de\/tech-summit\/","name":"TextilWirtschaft TECH Summit","description":"Der Digital-Kongress der Fashion-Branche","publisher":{"@id":"https:\/\/dfvcg-events.de\/tech-summit\/#organization"},"alternateName":"TW TECH Summit","potentialAction":[{"@type":"SearchAction","target":{"@type":"EntryPoint","urlTemplate":"https:\/\/dfvcg-events.de\/tech-summit\/?s={search_term_string}"},"query-input":{"@type":"PropertyValueSpecification","valueRequired":true,"valueName":"search_term_string"}}],"inLanguage":"de"},{"@type":"Organization","@id":"https:\/\/dfvcg-events.de\/tech-summit\/#organization","name":"TW TECH Summit","alternateName":"Textilwirtschaft dfv Conference Group","url":"https:\/\/dfvcg-events.de\/tech-summit\/","logo":{"@type":"ImageObject","inLanguage":"de","@id":"https:\/\/dfvcg-events.de\/tech-summit\/#\/schema\/logo\/image\/","url":"https:\/\/dfvcg-events.de\/tech-summit\/wp-content\/uploads\/sites\/35\/2023\/11\/dfvcg-TW-Tech-Summit-Key-Visual-1200x675px.jpg","contentUrl":"https:\/\/dfvcg-events.de\/tech-summit\/wp-content\/uploads\/sites\/35\/2023\/11\/dfvcg-TW-Tech-Summit-Key-Visual-1200x675px.jpg","width":1200,"height":675,"caption":"TW TECH Summit"},"image":{"@id":"https:\/\/dfvcg-events.de\/tech-summit\/#\/schema\/logo\/image\/"},"sameAs":["https:\/\/www.facebook.com\/TextilWirtschaft","https:\/\/x.com\/TW_online"]}]}},"_links":{"self":[{"href":"https:\/\/dfvcg-events.de\/tech-summit\/wp-json\/wp\/v2\/pages\/1463","targetHints":{"allow":["GET"]}}],"collection":[{"href":"https:\/\/dfvcg-events.de\/tech-summit\/wp-json\/wp\/v2\/pages"}],"about":[{"href":"https:\/\/dfvcg-events.de\/tech-summit\/wp-json\/wp\/v2\/types\/page"}],"author":[{"embeddable":true,"href":"https:\/\/dfvcg-events.de\/tech-summit\/wp-json\/wp\/v2\/users\/1"}],"replies":[{"embeddable":true,"href":"https:\/\/dfvcg-events.de\/tech-summit\/wp-json\/wp\/v2\/comments?post=1463"}],"version-history":[{"count":25,"href":"https:\/\/dfvcg-events.de\/tech-summit\/wp-json\/wp\/v2\/pages\/1463\/revisions"}],"predecessor-version":[{"id":5316,"href":"https:\/\/dfvcg-events.de\/tech-summit\/wp-json\/wp\/v2\/pages\/1463\/revisions\/5316"}],"wp:attachment":[{"href":"https:\/\/dfvcg-events.de\/tech-summit\/wp-json\/wp\/v2\/media?parent=1463"}],"curies":[{"name":"wp","href":"https:\/\/api.w.org\/{rel}","templated":true}]}}