{"id":3562,"date":"2024-01-30T14:59:12","date_gmt":"2024-01-30T13:59:12","guid":{"rendered":"https:\/\/dfvcg-events.de\/sustainability-summit\/?page_id=3562"},"modified":"2026-02-10T16:36:36","modified_gmt":"2026-02-10T15:36:36","slug":"partner-aussteller","status":"publish","type":"page","link":"https:\/\/dfvcg-events.de\/sustainability-day\/partner-aussteller\/","title":{"rendered":"Partner &amp; Aussteller 2026"},"content":{"rendered":"<div id='av_section_1'  class='avia-section av-k7yuhjt1-ba5d951d805ccc387084b7d219eb2b77 main_color avia-section-default avia-no-border-styling  avia-builder-el-0  el_before_av_section  avia-builder-el-first  header-verlauf avia-bg-style-scroll container_wrap fullsize'  ><div class='container av-section-cont-open' ><main  role=\"main\" itemprop=\"mainContentOfPage\"  class='template-page content  av-content-full alpha units'><div class='post-entry post-entry-type-page post-entry-3562'><div class='entry-content-wrapper clearfix'>\n\n<style type=\"text\/css\" data-created_by=\"avia_inline_auto\" id=\"style-css-av-knfvi5gc-77c052af3b405cea24cd7ab73ebbec86\">\n#top .av-special-heading.av-knfvi5gc-77c052af3b405cea24cd7ab73ebbec86{\npadding-bottom:0;\ncolor:#ffffff;\n}\nbody .av-special-heading.av-knfvi5gc-77c052af3b405cea24cd7ab73ebbec86 .av-special-heading-tag .heading-char{\nfont-size:25px;\n}\n.av-special-heading.av-knfvi5gc-77c052af3b405cea24cd7ab73ebbec86 .special-heading-inner-border{\nborder-color:#ffffff;\n}\n.av-special-heading.av-knfvi5gc-77c052af3b405cea24cd7ab73ebbec86 .av-subheading{\nfont-size:19px;\ncolor:#ffffff;\n}\n<\/style>\n<div  class='av-special-heading av-knfvi5gc-77c052af3b405cea24cd7ab73ebbec86 av-special-heading-h1 custom-color-heading blockquote modern-quote  avia-builder-el-1  avia-builder-el-no-sibling '><div class='av_custom_color av-subheading av-subheading_above'><p>TW Sustainability Day<\/p>\n<\/div><h1 class='av-special-heading-tag '  itemprop=\"headline\"  >Partner <span class='special_amp'>&amp;<\/span> Aussteller 2026<\/h1><div class=\"special-heading-border\"><div class=\"special-heading-inner-border\"><\/div><\/div><\/div>\n\n<\/div><\/div><\/main><!-- close content main element --><\/div><\/div><div id='av_section_2'  class='avia-section av-eccv9-28f8decba1682f8d3f2548763ac20830 main_color avia-section-default avia-no-border-styling  avia-builder-el-2  el_after_av_section  avia-builder-el-last  avia-bg-style-scroll container_wrap fullsize'  ><div class='container av-section-cont-open' ><div class='template-page content  av-content-full alpha units'><div class='post-entry post-entry-type-page post-entry-3562'><div class='entry-content-wrapper clearfix'>\n\n<style type=\"text\/css\" data-created_by=\"avia_inline_auto\" id=\"style-css-av-lvdsftua-d74be084ac4bd398d4d74e9b32d1e49d\">\n#top .av-special-heading.av-lvdsftua-d74be084ac4bd398d4d74e9b32d1e49d{\npadding-bottom:10px;\n}\nbody .av-special-heading.av-lvdsftua-d74be084ac4bd398d4d74e9b32d1e49d .av-special-heading-tag .heading-char{\nfont-size:25px;\n}\n.av-special-heading.av-lvdsftua-d74be084ac4bd398d4d74e9b32d1e49d .av-subheading{\nfont-size:15px;\n}\n<\/style>\n<div  class='av-special-heading av-lvdsftua-d74be084ac4bd398d4d74e9b32d1e49d av-special-heading-h2 blockquote modern-quote  avia-builder-el-3  el_before_av_one_half  avia-builder-el-first '><h2 class='av-special-heading-tag '  itemprop=\"headline\"  >Begleiten Sie als Partner oder Aussteller den TW Sustainability Day 2026<\/h2><div class=\"special-heading-border\"><div class=\"special-heading-inner-border\"><\/div><\/div><\/div>\n<div class='flex_column_table av-kauxmmrr-a95f473ebf3b0686301975744af8d631 sc-av_one_half av-equal-height-column-flextable'>\n<style type=\"text\/css\" data-created_by=\"avia_inline_auto\" id=\"style-css-av-kauxmmrr-a95f473ebf3b0686301975744af8d631\">\n.flex_column.av-kauxmmrr-a95f473ebf3b0686301975744af8d631{\nborder-radius:0px 0px 0px 0px;\npadding:0px 0px 0px 0px;\n}\n<\/style>\n<div  class='flex_column av-kauxmmrr-a95f473ebf3b0686301975744af8d631 av_one_half  avia-builder-el-4  el_after_av_heading  el_before_av_one_fourth  first flex_column_table_cell av-equal-height-column av-align-top av-zero-column-padding  '     ><section  class='av_textblock_section av-lvdsnqe7-6c2c504b87cdad4f57afc7396369ade9 '   itemscope=\"itemscope\" itemtype=\"https:\/\/schema.org\/CreativeWork\" ><div class='avia_textblock'  itemprop=\"text\" ><p><strong>Nutzen Sie das j\u00e4hrliche Gipfeltreffen und werden Sie Partner oder Aussteller:<\/strong><\/p>\n<ul>\n<li>Treffen Sie F\u00fchrungskr\u00e4fte, Unternehmer:innen und Top-Entscheider:innen, sowie Digital-Verantwortliche und Sustainability-Manager:innen aus f\u00fchrenden Unternehmen der Fashion Branche.<\/li>\n<li>Generieren Sie neue Leads und optimieren Sie Ihr Netzwerk.<\/li>\n<li>Setzen Sie Impulse und r\u00fccken Sie als Expert:in in das Blickfeld der Branche.<\/li>\n<li>\u00dcberraschen Sie mit einem raffinierten Gadget f\u00fcr maximale Aufmerksamkeit.<\/li>\n<li>Profitieren Sie von der starken Medienpr\u00e4senz, der reichweitenstarken und intensiven Begleitung durch die TextilWirtschaft und die Partnermedien.<\/li>\n<\/ul>\n<\/div><\/section><\/div><div class='av-flex-placeholder'><\/div>\n<style type=\"text\/css\" data-created_by=\"avia_inline_auto\" id=\"style-css-av-70vj1-00292db64ce6f592d658eec37ab25598\">\n.flex_column.av-70vj1-00292db64ce6f592d658eec37ab25598{\nborder-radius:0px 0px 0px 0px;\npadding:0px 0px 0px 0px;\n}\n<\/style>\n<div  class='flex_column av-70vj1-00292db64ce6f592d658eec37ab25598 av_one_fourth  avia-builder-el-6  el_after_av_one_half  el_before_av_one_fourth  flex_column_table_cell av-equal-height-column av-align-top av-zero-column-padding  '     ><section  class='av_textblock_section av-mlgrdnxl-9cfb730c39ea4ee63fcf35733ce11f95 '   itemscope=\"itemscope\" itemtype=\"https:\/\/schema.org\/CreativeWork\" ><div class='avia_textblock'  itemprop=\"text\" ><p><strong>F\u00fcr Ihren individuellen Auftritt berate ich Sie gerne:<\/strong><\/p>\n<p><strong>Kirsten Elsen<\/strong><br \/>\nE-Mail: <a href=\"&#109;&#x61;i&#108;&#x74;&#111;&#x3a;k&#105;&#x72;s&#x74;&#x65;&#110;&#x2e;e&#108;&#x73;e&#x6e;&#x40;&#100;&#x66;v&#99;&#x67;&#46;&#x64;e\">&#x6b;&#x69;&#114;s&#x74;&#x65;&#x6e;&#46;e&#x6c;&#x73;&#x65;&#110;&#64;&#x64;&#x66;&#x76;&#99;g&#x2e;&#x64;&#x65;<\/a><br \/>\nTelefon: +49 69 7595-3045<\/p>\n<\/div><\/section><\/div><div class='av-flex-placeholder'><\/div>\n<style type=\"text\/css\" data-created_by=\"avia_inline_auto\" id=\"style-css-av-av_one_fourth-49f6e875884219cf77c24341e550af53\">\n.flex_column.av-av_one_fourth-49f6e875884219cf77c24341e550af53{\nborder-radius:0px 0px 0px 0px;\npadding:0px 0px 0px 0px;\n}\n<\/style>\n<div  class='flex_column av-av_one_fourth-49f6e875884219cf77c24341e550af53 av_one_fourth  avia-builder-el-8  el_after_av_one_fourth  avia-builder-el-last  flex_column_table_cell av-equal-height-column av-align-top av-zero-column-padding  '     ><style type=\"text\/css\" data-created_by=\"avia_inline_auto\" id=\"style-css-av-av_image-ee90ca2523f299120d022a67820eedf4\">\n@keyframes av_boxShadowEffect_av-av_image-ee90ca2523f299120d022a67820eedf4 {\n0%   { box-shadow:  0 0 0 0 #7eaec2; opacity: 1; }\n100% { box-shadow:  0 0 10px 0 #7eaec2; opacity: 1; }\n}\n.avia-image-container.av-av_image-ee90ca2523f299120d022a67820eedf4 img.avia_image{\nbox-shadow: 0 0 10px 0 #7eaec2;\n}\n.avia-image-container.av-av_image-ee90ca2523f299120d022a67820eedf4 .av-image-caption-overlay-center{\ncolor:#ffffff;\n}\n<\/style>\n<div  class='avia-image-container av-av_image-ee90ca2523f299120d022a67820eedf4 av-styling-circle avia-align-center  avia-builder-el-9  avia-builder-el-no-sibling  av-img-box-shadow av-box-shadow-not-animated'   itemprop=\"image\" itemscope=\"itemscope\" itemtype=\"https:\/\/schema.org\/ImageObject\" ><div class=\"avia-image-container-inner\"><div class=\"avia-image-overlay-wrap\"><img class='avia_image shadow-not-animated' src='https:\/\/dfvcg-events.de\/sustainability-day\/wp-content\/uploads\/sites\/33\/2026\/02\/Kirsten-Elsen-dfvCG-2024-180x180.jpg' alt='' title='Kirsten-Elsen-dfvCG-2024'  height=\"180\" width=\"180\"  itemprop=\"thumbnailUrl\"  \/><\/div><\/div><\/div><\/div><\/div><!--close column table wrapper. Autoclose: 1 -->\n","protected":false},"excerpt":{"rendered":"","protected":false},"author":4,"featured_media":0,"parent":0,"menu_order":0,"comment_status":"closed","ping_status":"closed","template":"","meta":{"footnotes":""},"class_list":["post-3562","page","type-page","status-publish","hentry"],"yoast_head":"<!-- This site is optimized with the Yoast SEO plugin v27.3 - https:\/\/yoast.com\/product\/yoast-seo-wordpress\/ -->\n<title>Partner &amp; Aussteller 2026 | TextilWirtschaft Sustainability Day<\/title>\n<meta name=\"description\" content=\"Treffen Sie F\u00fchrungskr\u00e4fte, Unternehmer und Entscheider, Verantwortliche und Sustainability-Manager aus f\u00fchrenden Unternehmen der Branche.\" \/>\n<meta name=\"robots\" content=\"index, follow, max-snippet:-1, max-image-preview:large, max-video-preview:-1\" \/>\n<link rel=\"canonical\" href=\"https:\/\/dfvcg-events.de\/sustainability-day\/partner-aussteller\/\" \/>\n<meta property=\"og:locale\" content=\"de_DE\" \/>\n<meta property=\"og:type\" content=\"article\" \/>\n<meta property=\"og:title\" content=\"Partner &amp; Aussteller 2026 | TextilWirtschaft Sustainability Day\" \/>\n<meta property=\"og:description\" content=\"Treffen Sie F\u00fchrungskr\u00e4fte, Unternehmer und Entscheider, Verantwortliche und Sustainability-Manager aus f\u00fchrenden Unternehmen der Branche.\" \/>\n<meta property=\"og:url\" content=\"https:\/\/dfvcg-events.de\/sustainability-day\/partner-aussteller\/\" \/>\n<meta property=\"og:site_name\" content=\"TextilWirtschaft Sustainability Day\" \/>\n<meta property=\"article:modified_time\" content=\"2026-02-10T15:36:36+00:00\" \/>\n<meta property=\"og:image\" content=\"https:\/\/dfvcg-events.de\/sustainability-day\/wp-content\/uploads\/sites\/33\/2025\/06\/dfvcg-TW-SS25-Teaser-800x400-1.png\" \/>\n\t<meta property=\"og:image:width\" content=\"800\" \/>\n\t<meta property=\"og:image:height\" content=\"400\" \/>\n\t<meta property=\"og:image:type\" content=\"image\/png\" \/>\n<meta name=\"twitter:card\" content=\"summary_large_image\" \/>\n<meta name=\"twitter:label1\" content=\"Gesch\u00e4tzte Lesezeit\" \/>\n\t<meta name=\"twitter:data1\" content=\"1\u00a0Minute\" \/>\n<script type=\"application\/ld+json\" class=\"yoast-schema-graph\">{\"@context\":\"https:\\\/\\\/schema.org\",\"@graph\":[{\"@type\":\"WebPage\",\"@id\":\"https:\\\/\\\/dfvcg-events.de\\\/sustainability-day\\\/partner-aussteller\\\/\",\"url\":\"https:\\\/\\\/dfvcg-events.de\\\/sustainability-day\\\/partner-aussteller\\\/\",\"name\":\"Partner &amp; Aussteller 2026 | TextilWirtschaft Sustainability Day\",\"isPartOf\":{\"@id\":\"https:\\\/\\\/dfvcg-events.de\\\/sustainability-day\\\/#website\"},\"datePublished\":\"2024-01-30T13:59:12+00:00\",\"dateModified\":\"2026-02-10T15:36:36+00:00\",\"description\":\"Treffen Sie F\u00fchrungskr\u00e4fte, Unternehmer und Entscheider, Verantwortliche und Sustainability-Manager aus f\u00fchrenden Unternehmen der Branche.\",\"breadcrumb\":{\"@id\":\"https:\\\/\\\/dfvcg-events.de\\\/sustainability-day\\\/partner-aussteller\\\/#breadcrumb\"},\"inLanguage\":\"de\",\"potentialAction\":[{\"@type\":\"ReadAction\",\"target\":[\"https:\\\/\\\/dfvcg-events.de\\\/sustainability-day\\\/partner-aussteller\\\/\"]}]},{\"@type\":\"BreadcrumbList\",\"@id\":\"https:\\\/\\\/dfvcg-events.de\\\/sustainability-day\\\/partner-aussteller\\\/#breadcrumb\",\"itemListElement\":[{\"@type\":\"ListItem\",\"position\":1,\"name\":\"Startseite\",\"item\":\"https:\\\/\\\/dfvcg-events.de\\\/sustainability-day\\\/\"},{\"@type\":\"ListItem\",\"position\":2,\"name\":\"Partner &amp; Aussteller 2026\"}]},{\"@type\":\"WebSite\",\"@id\":\"https:\\\/\\\/dfvcg-events.de\\\/sustainability-day\\\/#website\",\"url\":\"https:\\\/\\\/dfvcg-events.de\\\/sustainability-day\\\/\",\"name\":\"TW Sustainability Summit 2025\",\"description\":\"Der Nachhaltigkeitskongress f\u00fcr die Fashion-Branche\",\"publisher\":{\"@id\":\"https:\\\/\\\/dfvcg-events.de\\\/sustainability-day\\\/#organization\"},\"alternateName\":\"dfv Conference Group | TextilWirtschaft\",\"potentialAction\":[{\"@type\":\"SearchAction\",\"target\":{\"@type\":\"EntryPoint\",\"urlTemplate\":\"https:\\\/\\\/dfvcg-events.de\\\/sustainability-day\\\/?s={search_term_string}\"},\"query-input\":{\"@type\":\"PropertyValueSpecification\",\"valueRequired\":true,\"valueName\":\"search_term_string\"}}],\"inLanguage\":\"de\"},{\"@type\":\"Organization\",\"@id\":\"https:\\\/\\\/dfvcg-events.de\\\/sustainability-day\\\/#organization\",\"name\":\"TW Sustainability Summit 2025\",\"alternateName\":\"dfv Conference Group | TextilWirtschaft\",\"url\":\"https:\\\/\\\/dfvcg-events.de\\\/sustainability-day\\\/\",\"logo\":{\"@type\":\"ImageObject\",\"inLanguage\":\"de\",\"@id\":\"https:\\\/\\\/dfvcg-events.de\\\/sustainability-day\\\/#\\\/schema\\\/logo\\\/image\\\/\",\"url\":\"https:\\\/\\\/dfvcg-events.de\\\/sustainability-summit\\\/wp-content\\\/uploads\\\/sites\\\/33\\\/2025\\\/06\\\/dfvcg-TW-SS25-Teaser-800x800-1.png\",\"contentUrl\":\"https:\\\/\\\/dfvcg-events.de\\\/sustainability-summit\\\/wp-content\\\/uploads\\\/sites\\\/33\\\/2025\\\/06\\\/dfvcg-TW-SS25-Teaser-800x800-1.png\",\"width\":800,\"height\":800,\"caption\":\"TW Sustainability Summit 2025\"},\"image\":{\"@id\":\"https:\\\/\\\/dfvcg-events.de\\\/sustainability-day\\\/#\\\/schema\\\/logo\\\/image\\\/\"}}]}<\/script>\n<!-- \/ Yoast SEO plugin. -->","yoast_head_json":{"title":"Partner &amp; Aussteller 2026 | TextilWirtschaft Sustainability Day","description":"Treffen Sie F\u00fchrungskr\u00e4fte, Unternehmer und Entscheider, Verantwortliche und Sustainability-Manager aus f\u00fchrenden Unternehmen der Branche.","robots":{"index":"index","follow":"follow","max-snippet":"max-snippet:-1","max-image-preview":"max-image-preview:large","max-video-preview":"max-video-preview:-1"},"canonical":"https:\/\/dfvcg-events.de\/sustainability-day\/partner-aussteller\/","og_locale":"de_DE","og_type":"article","og_title":"Partner &amp; Aussteller 2026 | TextilWirtschaft Sustainability Day","og_description":"Treffen Sie F\u00fchrungskr\u00e4fte, Unternehmer und Entscheider, Verantwortliche und Sustainability-Manager aus f\u00fchrenden Unternehmen der Branche.","og_url":"https:\/\/dfvcg-events.de\/sustainability-day\/partner-aussteller\/","og_site_name":"TextilWirtschaft Sustainability Day","article_modified_time":"2026-02-10T15:36:36+00:00","og_image":[{"width":800,"height":400,"url":"https:\/\/dfvcg-events.de\/sustainability-day\/wp-content\/uploads\/sites\/33\/2025\/06\/dfvcg-TW-SS25-Teaser-800x400-1.png","type":"image\/png"}],"twitter_card":"summary_large_image","twitter_misc":{"Gesch\u00e4tzte Lesezeit":"1\u00a0Minute"},"schema":{"@context":"https:\/\/schema.org","@graph":[{"@type":"WebPage","@id":"https:\/\/dfvcg-events.de\/sustainability-day\/partner-aussteller\/","url":"https:\/\/dfvcg-events.de\/sustainability-day\/partner-aussteller\/","name":"Partner &amp; Aussteller 2026 | TextilWirtschaft Sustainability Day","isPartOf":{"@id":"https:\/\/dfvcg-events.de\/sustainability-day\/#website"},"datePublished":"2024-01-30T13:59:12+00:00","dateModified":"2026-02-10T15:36:36+00:00","description":"Treffen Sie F\u00fchrungskr\u00e4fte, Unternehmer und Entscheider, Verantwortliche und Sustainability-Manager aus f\u00fchrenden Unternehmen der Branche.","breadcrumb":{"@id":"https:\/\/dfvcg-events.de\/sustainability-day\/partner-aussteller\/#breadcrumb"},"inLanguage":"de","potentialAction":[{"@type":"ReadAction","target":["https:\/\/dfvcg-events.de\/sustainability-day\/partner-aussteller\/"]}]},{"@type":"BreadcrumbList","@id":"https:\/\/dfvcg-events.de\/sustainability-day\/partner-aussteller\/#breadcrumb","itemListElement":[{"@type":"ListItem","position":1,"name":"Startseite","item":"https:\/\/dfvcg-events.de\/sustainability-day\/"},{"@type":"ListItem","position":2,"name":"Partner &amp; Aussteller 2026"}]},{"@type":"WebSite","@id":"https:\/\/dfvcg-events.de\/sustainability-day\/#website","url":"https:\/\/dfvcg-events.de\/sustainability-day\/","name":"TW Sustainability Summit 2025","description":"Der Nachhaltigkeitskongress f\u00fcr die Fashion-Branche","publisher":{"@id":"https:\/\/dfvcg-events.de\/sustainability-day\/#organization"},"alternateName":"dfv Conference Group | TextilWirtschaft","potentialAction":[{"@type":"SearchAction","target":{"@type":"EntryPoint","urlTemplate":"https:\/\/dfvcg-events.de\/sustainability-day\/?s={search_term_string}"},"query-input":{"@type":"PropertyValueSpecification","valueRequired":true,"valueName":"search_term_string"}}],"inLanguage":"de"},{"@type":"Organization","@id":"https:\/\/dfvcg-events.de\/sustainability-day\/#organization","name":"TW Sustainability Summit 2025","alternateName":"dfv Conference Group | TextilWirtschaft","url":"https:\/\/dfvcg-events.de\/sustainability-day\/","logo":{"@type":"ImageObject","inLanguage":"de","@id":"https:\/\/dfvcg-events.de\/sustainability-day\/#\/schema\/logo\/image\/","url":"https:\/\/dfvcg-events.de\/sustainability-summit\/wp-content\/uploads\/sites\/33\/2025\/06\/dfvcg-TW-SS25-Teaser-800x800-1.png","contentUrl":"https:\/\/dfvcg-events.de\/sustainability-summit\/wp-content\/uploads\/sites\/33\/2025\/06\/dfvcg-TW-SS25-Teaser-800x800-1.png","width":800,"height":800,"caption":"TW Sustainability Summit 2025"},"image":{"@id":"https:\/\/dfvcg-events.de\/sustainability-day\/#\/schema\/logo\/image\/"}}]}},"_links":{"self":[{"href":"https:\/\/dfvcg-events.de\/sustainability-day\/wp-json\/wp\/v2\/pages\/3562","targetHints":{"allow":["GET"]}}],"collection":[{"href":"https:\/\/dfvcg-events.de\/sustainability-day\/wp-json\/wp\/v2\/pages"}],"about":[{"href":"https:\/\/dfvcg-events.de\/sustainability-day\/wp-json\/wp\/v2\/types\/page"}],"author":[{"embeddable":true,"href":"https:\/\/dfvcg-events.de\/sustainability-day\/wp-json\/wp\/v2\/users\/4"}],"replies":[{"embeddable":true,"href":"https:\/\/dfvcg-events.de\/sustainability-day\/wp-json\/wp\/v2\/comments?post=3562"}],"version-history":[{"count":31,"href":"https:\/\/dfvcg-events.de\/sustainability-day\/wp-json\/wp\/v2\/pages\/3562\/revisions"}],"predecessor-version":[{"id":5521,"href":"https:\/\/dfvcg-events.de\/sustainability-day\/wp-json\/wp\/v2\/pages\/3562\/revisions\/5521"}],"wp:attachment":[{"href":"https:\/\/dfvcg-events.de\/sustainability-day\/wp-json\/wp\/v2\/media?parent=3562"}],"curies":[{"name":"wp","href":"https:\/\/api.w.org\/{rel}","templated":true}]}}