{"id":26,"date":"2020-03-18T21:23:17","date_gmt":"2020-03-18T20:23:17","guid":{"rendered":"https:\/\/dfvcg-events.de\/snack-day\/?page_id=26"},"modified":"2026-03-09T13:59:51","modified_gmt":"2026-03-09T12:59:51","slug":"ticketshop","status":"publish","type":"page","link":"https:\/\/dfvcg-events.de\/snack-day\/ticketshop\/","title":{"rendered":"Ticketshop"},"content":{"rendered":"<div id='av_section_1'  class='avia-section av-k7yuhjt1-fb764376f3d8391109e77cf2b59be3b5 main_color avia-section-default avia-no-border-styling  avia-builder-el-0  el_before_av_one_full  avia-builder-el-first  header-farbe avia-bg-style-scroll container_wrap fullsize'  ><div class='container av-section-cont-open' ><main  role=\"main\" itemprop=\"mainContentOfPage\"  class='template-page content  av-content-full alpha units'><div class='post-entry post-entry-type-page post-entry-26'><div class='entry-content-wrapper clearfix'>\n\n<style type=\"text\/css\" data-created_by=\"avia_inline_auto\" id=\"style-css-av-kki3vl60-6a21d27d709332983ee5960bdf14bf51\">\n#top .av-special-heading.av-kki3vl60-6a21d27d709332983ee5960bdf14bf51{\npadding-bottom:0;\n}\nbody .av-special-heading.av-kki3vl60-6a21d27d709332983ee5960bdf14bf51 .av-special-heading-tag .heading-char{\nfont-size:25px;\n}\n.av-special-heading.av-kki3vl60-6a21d27d709332983ee5960bdf14bf51 .av-subheading{\nfont-size:19px;\n}\n<\/style>\n<div  class='av-special-heading av-kki3vl60-6a21d27d709332983ee5960bdf14bf51 av-special-heading-h1 custom-color-heading blockquote modern-quote  avia-builder-el-1  avia-builder-el-no-sibling '><div class='av-subheading av-subheading_above'><p>snackday<\/p>\n<\/div><h1 class='av-special-heading-tag '  itemprop=\"headline\"  >Ticketshop<\/h1><div class=\"special-heading-border\"><div class=\"special-heading-inner-border\"><\/div><\/div><\/div>\n<\/div><\/div><\/main><!-- close content main element --><\/div><\/div><div id='after_section_1'  class='main_color av_default_container_wrap container_wrap fullsize'  ><div class='container av-section-cont-open' ><div class='template-page content  av-content-full alpha units'><div class='post-entry post-entry-type-page post-entry-26'><div class='entry-content-wrapper clearfix'>\n<div  class='flex_column av-19bfa-cf16532828a6bf65e5c0f43fd089d0c8 av_one_full  avia-builder-el-2  el_after_av_section  el_before_av_one_full  avia-builder-el-first  first flex_column_div  '     ><style type=\"text\/css\" data-created_by=\"avia_inline_auto\" id=\"style-css-av-mmj17x9z-6286b6571af75b57adf9b4298243dd63\">\n#top .av-special-heading.av-mmj17x9z-6286b6571af75b57adf9b4298243dd63{\npadding-bottom:10px;\n}\nbody .av-special-heading.av-mmj17x9z-6286b6571af75b57adf9b4298243dd63 .av-special-heading-tag .heading-char{\nfont-size:25px;\n}\n.av-special-heading.av-mmj17x9z-6286b6571af75b57adf9b4298243dd63 .av-subheading{\nfont-size:15px;\n}\n<\/style>\n<div  class='av-special-heading av-mmj17x9z-6286b6571af75b57adf9b4298243dd63 av-special-heading-h2 blockquote modern-quote  avia-builder-el-3  avia-builder-el-no-sibling '><h2 class='av-special-heading-tag '  itemprop=\"headline\"  >Im Ticketpreis inbegriffen sind:<\/h2><div class=\"special-heading-border\"><div class=\"special-heading-inner-border\"><\/div><\/div><\/div><\/div>\n<div  class='flex_column av-16j1e-48e0f3047d115047a40c6406a1f322bd av_one_full  avia-builder-el-4  el_after_av_one_full  el_before_av_one_full  first flex_column_div  column-top-margin'     ><style type=\"text\/css\" data-created_by=\"avia_inline_auto\" id=\"style-css-av-mmj1asy4-b242ca0e6dd14c50864b4eaa094e4cf3\">\n#top .avia-icon-list-container.av-mmj1asy4-b242ca0e6dd14c50864b4eaa094e4cf3 .iconlist_icon{\nbackground-color:#a6c790;\n}\n<\/style>\n<div  class='avia-icon-list-container av-mmj1asy4-b242ca0e6dd14c50864b4eaa094e4cf3  avia-builder-el-5  avia-builder-el-no-sibling '><ul class='avia-icon-list avia_animate_when_almost_visible avia-icon-list-left av-iconlist-big av-mmj1asy4-b242ca0e6dd14c50864b4eaa094e4cf3 avia-iconlist-animate'>\n<li><div class='iconlist_icon av-mmj1924c-7b399ab58c11bd05f2c8a07921274d3a avia-font-entypo-fontello avia-iconfont avia-font-entypo-fontello'><span class='av-icon-char' data-av_icon='\ue84b' data-av_iconfont='entypo-fontello' aria-hidden=\"true\"><\/span><\/div><article class=\"article-icon-entry av-iconlist-empty\"  itemscope=\"itemscope\" itemtype=\"https:\/\/schema.org\/CreativeWork\" ><div class=\"iconlist_content_wrap\"><header class=\"entry-content-header\" aria-label=\"Icon: Die Teilnahme am gesamten Kongressprogramm.\"><h4 class='av_iconlist_title iconlist_title  '  itemprop=\"headline\" >Die Teilnahme am gesamten Kongressprogramm.<\/h4><\/header><div class='iconlist_content '  itemprop=\"text\" ><\/div><\/div><footer class=\"entry-footer\"><\/footer><\/article><div class=\"iconlist-timeline\"><\/div><\/li>\n<li><div class='iconlist_icon av-mmj1a8nr-41bb82439fb031018c1acacd6c40ff7f avia-font-entypo-fontello avia-iconfont avia-font-entypo-fontello'><span class='av-icon-char' data-av_icon='\ue846' data-av_iconfont='entypo-fontello' aria-hidden=\"true\"><\/span><\/div><article class=\"article-icon-entry av-iconlist-empty\"  itemscope=\"itemscope\" itemtype=\"https:\/\/schema.org\/CreativeWork\" ><div class=\"iconlist_content_wrap\"><header class=\"entry-content-header\" aria-label=\"Icon: Speisen und Getr\u00e4nke w\u00e4hrend des Veranstaltungstages.\"><h4 class='av_iconlist_title iconlist_title  '  itemprop=\"headline\" >Speisen und Getr\u00e4nke w\u00e4hrend des Veranstaltungstages.<\/h4><\/header><div class='iconlist_content '  itemprop=\"text\" ><\/div><\/div><footer class=\"entry-footer\"><\/footer><\/article><div class=\"iconlist-timeline\"><\/div><\/li>\n<li><div class='iconlist_icon av-mmj1aq4e-ff3f851c1a5b0bd22954d5f9d08cb48e avia-font-entypo-fontello avia-iconfont avia-font-entypo-fontello'><span class='av-icon-char' data-av_icon='\ue8bc' data-av_iconfont='entypo-fontello' aria-hidden=\"true\"><\/span><\/div><article class=\"article-icon-entry av-iconlist-empty\"  itemscope=\"itemscope\" itemtype=\"https:\/\/schema.org\/CreativeWork\" ><div class=\"iconlist_content_wrap\"><header class=\"entry-content-header\" aria-label=\"Icon: Verg\u00fcnstigte Konditionen in unseren Partnerhotels.\"><h4 class='av_iconlist_title iconlist_title  '  itemprop=\"headline\" >Verg\u00fcnstigte Konditionen in unseren Partnerhotels.<\/h4><\/header><div class='iconlist_content '  itemprop=\"text\" ><\/div><\/div><footer class=\"entry-footer\"><\/footer><\/article><div class=\"iconlist-timeline\"><\/div><\/li>\n<\/ul><\/div><\/div><div  class='flex_column av-11u7m-f177795a9a98de9231a377dbed657038 av_one_full  avia-builder-el-6  el_after_av_one_full  avia-builder-el-last  first flex_column_div  column-top-margin'     ><\/div><\/p>\n","protected":false},"excerpt":{"rendered":"","protected":false},"author":1,"featured_media":0,"parent":0,"menu_order":0,"comment_status":"closed","ping_status":"closed","template":"","meta":{"footnotes":""},"class_list":["post-26","page","type-page","status-publish","hentry"],"yoast_head":"<!-- This site is optimized with the Yoast SEO plugin v27.3 - https:\/\/yoast.com\/product\/yoast-seo-wordpress\/ -->\n<title>Ticketshop | snackday | 13. Oktober 2026 | D\u00fcsseldorf<\/title>\n<meta name=\"description\" content=\"Seien Sie dabei und treffen Sie F\u00fchrungskr\u00e4fte, Unternehmer und Top-Entscheider aus f\u00fchrenden Unternehmen der Branche. Jetzt anmelden!\" \/>\n<meta name=\"robots\" content=\"index, follow, max-snippet:-1, max-image-preview:large, max-video-preview:-1\" \/>\n<link rel=\"canonical\" href=\"https:\/\/dfvcg-events.de\/snack-day\/ticketshop\/\" \/>\n<meta property=\"og:locale\" content=\"de_DE\" \/>\n<meta property=\"og:type\" content=\"article\" \/>\n<meta property=\"og:title\" content=\"Ticketshop | snackday | 13. Oktober 2026 | D\u00fcsseldorf\" \/>\n<meta property=\"og:description\" content=\"Seien Sie dabei und treffen Sie F\u00fchrungskr\u00e4fte, Unternehmer und Top-Entscheider aus f\u00fchrenden Unternehmen der Branche. Jetzt anmelden!\" \/>\n<meta property=\"og:url\" content=\"https:\/\/dfvcg-events.de\/snack-day\/ticketshop\/\" \/>\n<meta property=\"og:site_name\" content=\"snackday\" \/>\n<meta property=\"article:publisher\" content=\"https:\/\/www.facebook.com\/foodservice.de\" \/>\n<meta property=\"article:modified_time\" content=\"2026-03-09T12:59:51+00:00\" \/>\n<meta name=\"twitter:card\" content=\"summary_large_image\" \/>\n<meta name=\"twitter:site\" content=\"@foodservice_de\" \/>\n<meta name=\"twitter:label1\" content=\"Gesch\u00e4tzte Lesezeit\" \/>\n\t<meta name=\"twitter:data1\" content=\"1\u00a0Minute\" \/>\n<script type=\"application\/ld+json\" class=\"yoast-schema-graph\">{\"@context\":\"https:\\\/\\\/schema.org\",\"@graph\":[{\"@type\":\"WebPage\",\"@id\":\"https:\\\/\\\/dfvcg-events.de\\\/snack-day\\\/ticketshop\\\/\",\"url\":\"https:\\\/\\\/dfvcg-events.de\\\/snack-day\\\/ticketshop\\\/\",\"name\":\"Ticketshop | snackday | 13. Oktober 2026 | D\u00fcsseldorf\",\"isPartOf\":{\"@id\":\"https:\\\/\\\/dfvcg-events.de\\\/snack-day\\\/#website\"},\"datePublished\":\"2020-03-18T20:23:17+00:00\",\"dateModified\":\"2026-03-09T12:59:51+00:00\",\"description\":\"Seien Sie dabei und treffen Sie F\u00fchrungskr\u00e4fte, Unternehmer und Top-Entscheider aus f\u00fchrenden Unternehmen der Branche. Jetzt anmelden!\",\"breadcrumb\":{\"@id\":\"https:\\\/\\\/dfvcg-events.de\\\/snack-day\\\/ticketshop\\\/#breadcrumb\"},\"inLanguage\":\"de\",\"potentialAction\":[{\"@type\":\"ReadAction\",\"target\":[\"https:\\\/\\\/dfvcg-events.de\\\/snack-day\\\/ticketshop\\\/\"]}]},{\"@type\":\"BreadcrumbList\",\"@id\":\"https:\\\/\\\/dfvcg-events.de\\\/snack-day\\\/ticketshop\\\/#breadcrumb\",\"itemListElement\":[{\"@type\":\"ListItem\",\"position\":1,\"name\":\"Startseite\",\"item\":\"https:\\\/\\\/dfvcg-events.de\\\/snack-day\\\/\"},{\"@type\":\"ListItem\",\"position\":2,\"name\":\"Ticketshop\"}]},{\"@type\":\"WebSite\",\"@id\":\"https:\\\/\\\/dfvcg-events.de\\\/snack-day\\\/#website\",\"url\":\"https:\\\/\\\/dfvcg-events.de\\\/snack-day\\\/\",\"name\":\"snackday - Small meals, big business\",\"description\":\"foodservice &amp; dfv Conference Group\",\"publisher\":{\"@id\":\"https:\\\/\\\/dfvcg-events.de\\\/snack-day\\\/#organization\"},\"potentialAction\":[{\"@type\":\"SearchAction\",\"target\":{\"@type\":\"EntryPoint\",\"urlTemplate\":\"https:\\\/\\\/dfvcg-events.de\\\/snack-day\\\/?s={search_term_string}\"},\"query-input\":{\"@type\":\"PropertyValueSpecification\",\"valueRequired\":true,\"valueName\":\"search_term_string\"}}],\"inLanguage\":\"de\"},{\"@type\":\"Organization\",\"@id\":\"https:\\\/\\\/dfvcg-events.de\\\/snack-day\\\/#organization\",\"name\":\"foodservice snack day\",\"alternateName\":\"dfv Conference Group\",\"url\":\"https:\\\/\\\/dfvcg-events.de\\\/snack-day\\\/\",\"logo\":{\"@type\":\"ImageObject\",\"inLanguage\":\"de\",\"@id\":\"https:\\\/\\\/dfvcg-events.de\\\/snack-day\\\/#\\\/schema\\\/logo\\\/image\\\/\",\"url\":\"https:\\\/\\\/dfvcg-events.de\\\/snack-day\\\/wp-content\\\/uploads\\\/sites\\\/57\\\/2024\\\/02\\\/dfvcg_Snack24_800x400.jpg\",\"contentUrl\":\"https:\\\/\\\/dfvcg-events.de\\\/snack-day\\\/wp-content\\\/uploads\\\/sites\\\/57\\\/2024\\\/02\\\/dfvcg_Snack24_800x400.jpg\",\"width\":800,\"height\":400,\"caption\":\"foodservice snack day\"},\"image\":{\"@id\":\"https:\\\/\\\/dfvcg-events.de\\\/snack-day\\\/#\\\/schema\\\/logo\\\/image\\\/\"},\"sameAs\":[\"https:\\\/\\\/www.facebook.com\\\/foodservice.de\",\"https:\\\/\\\/x.com\\\/foodservice_de\"]}]}<\/script>\n<!-- \/ Yoast SEO plugin. -->","yoast_head_json":{"title":"Ticketshop | snackday | 13. Oktober 2026 | D\u00fcsseldorf","description":"Seien Sie dabei und treffen Sie F\u00fchrungskr\u00e4fte, Unternehmer und Top-Entscheider aus f\u00fchrenden Unternehmen der Branche. Jetzt anmelden!","robots":{"index":"index","follow":"follow","max-snippet":"max-snippet:-1","max-image-preview":"max-image-preview:large","max-video-preview":"max-video-preview:-1"},"canonical":"https:\/\/dfvcg-events.de\/snack-day\/ticketshop\/","og_locale":"de_DE","og_type":"article","og_title":"Ticketshop | snackday | 13. Oktober 2026 | D\u00fcsseldorf","og_description":"Seien Sie dabei und treffen Sie F\u00fchrungskr\u00e4fte, Unternehmer und Top-Entscheider aus f\u00fchrenden Unternehmen der Branche. Jetzt anmelden!","og_url":"https:\/\/dfvcg-events.de\/snack-day\/ticketshop\/","og_site_name":"snackday","article_publisher":"https:\/\/www.facebook.com\/foodservice.de","article_modified_time":"2026-03-09T12:59:51+00:00","twitter_card":"summary_large_image","twitter_site":"@foodservice_de","twitter_misc":{"Gesch\u00e4tzte Lesezeit":"1\u00a0Minute"},"schema":{"@context":"https:\/\/schema.org","@graph":[{"@type":"WebPage","@id":"https:\/\/dfvcg-events.de\/snack-day\/ticketshop\/","url":"https:\/\/dfvcg-events.de\/snack-day\/ticketshop\/","name":"Ticketshop | snackday | 13. Oktober 2026 | D\u00fcsseldorf","isPartOf":{"@id":"https:\/\/dfvcg-events.de\/snack-day\/#website"},"datePublished":"2020-03-18T20:23:17+00:00","dateModified":"2026-03-09T12:59:51+00:00","description":"Seien Sie dabei und treffen Sie F\u00fchrungskr\u00e4fte, Unternehmer und Top-Entscheider aus f\u00fchrenden Unternehmen der Branche. Jetzt anmelden!","breadcrumb":{"@id":"https:\/\/dfvcg-events.de\/snack-day\/ticketshop\/#breadcrumb"},"inLanguage":"de","potentialAction":[{"@type":"ReadAction","target":["https:\/\/dfvcg-events.de\/snack-day\/ticketshop\/"]}]},{"@type":"BreadcrumbList","@id":"https:\/\/dfvcg-events.de\/snack-day\/ticketshop\/#breadcrumb","itemListElement":[{"@type":"ListItem","position":1,"name":"Startseite","item":"https:\/\/dfvcg-events.de\/snack-day\/"},{"@type":"ListItem","position":2,"name":"Ticketshop"}]},{"@type":"WebSite","@id":"https:\/\/dfvcg-events.de\/snack-day\/#website","url":"https:\/\/dfvcg-events.de\/snack-day\/","name":"snackday - Small meals, big business","description":"foodservice &amp; dfv Conference Group","publisher":{"@id":"https:\/\/dfvcg-events.de\/snack-day\/#organization"},"potentialAction":[{"@type":"SearchAction","target":{"@type":"EntryPoint","urlTemplate":"https:\/\/dfvcg-events.de\/snack-day\/?s={search_term_string}"},"query-input":{"@type":"PropertyValueSpecification","valueRequired":true,"valueName":"search_term_string"}}],"inLanguage":"de"},{"@type":"Organization","@id":"https:\/\/dfvcg-events.de\/snack-day\/#organization","name":"foodservice snack day","alternateName":"dfv Conference Group","url":"https:\/\/dfvcg-events.de\/snack-day\/","logo":{"@type":"ImageObject","inLanguage":"de","@id":"https:\/\/dfvcg-events.de\/snack-day\/#\/schema\/logo\/image\/","url":"https:\/\/dfvcg-events.de\/snack-day\/wp-content\/uploads\/sites\/57\/2024\/02\/dfvcg_Snack24_800x400.jpg","contentUrl":"https:\/\/dfvcg-events.de\/snack-day\/wp-content\/uploads\/sites\/57\/2024\/02\/dfvcg_Snack24_800x400.jpg","width":800,"height":400,"caption":"foodservice snack day"},"image":{"@id":"https:\/\/dfvcg-events.de\/snack-day\/#\/schema\/logo\/image\/"},"sameAs":["https:\/\/www.facebook.com\/foodservice.de","https:\/\/x.com\/foodservice_de"]}]}},"_links":{"self":[{"href":"https:\/\/dfvcg-events.de\/snack-day\/wp-json\/wp\/v2\/pages\/26","targetHints":{"allow":["GET"]}}],"collection":[{"href":"https:\/\/dfvcg-events.de\/snack-day\/wp-json\/wp\/v2\/pages"}],"about":[{"href":"https:\/\/dfvcg-events.de\/snack-day\/wp-json\/wp\/v2\/types\/page"}],"author":[{"embeddable":true,"href":"https:\/\/dfvcg-events.de\/snack-day\/wp-json\/wp\/v2\/users\/1"}],"replies":[{"embeddable":true,"href":"https:\/\/dfvcg-events.de\/snack-day\/wp-json\/wp\/v2\/comments?post=26"}],"version-history":[{"count":13,"href":"https:\/\/dfvcg-events.de\/snack-day\/wp-json\/wp\/v2\/pages\/26\/revisions"}],"predecessor-version":[{"id":2660,"href":"https:\/\/dfvcg-events.de\/snack-day\/wp-json\/wp\/v2\/pages\/26\/revisions\/2660"}],"wp:attachment":[{"href":"https:\/\/dfvcg-events.de\/snack-day\/wp-json\/wp\/v2\/media?parent=26"}],"curies":[{"name":"wp","href":"https:\/\/api.w.org\/{rel}","templated":true}]}}