{"id":240,"date":"2020-03-20T00:18:11","date_gmt":"2020-03-19T23:18:11","guid":{"rendered":"https:\/\/dfvcg-events.de\/snack-day\/?page_id=240"},"modified":"2026-03-06T16:01:09","modified_gmt":"2026-03-06T15:01:09","slug":"programm","status":"publish","type":"page","link":"https:\/\/dfvcg-events.de\/snack-day\/programm\/","title":{"rendered":"Programm"},"content":{"rendered":"<div id='av_section_1'  class='avia-section av-k7yuhjt1-676f3ed4420f2c40c202d201fc1a3016 main_color avia-section-default avia-no-border-styling  avia-builder-el-0  el_before_av_section  avia-builder-el-first  header-farbe avia-bg-style-scroll container_wrap fullsize'  ><div class='container av-section-cont-open' ><main  role=\"main\" itemprop=\"mainContentOfPage\"  class='template-page content  av-content-full alpha units'><div class='post-entry post-entry-type-page post-entry-240'><div class='entry-content-wrapper clearfix'>\n\n<style type=\"text\/css\" data-created_by=\"avia_inline_auto\" id=\"style-css-av-kki429qg-3575affbcfd3a4af68fa37831923c4c4\">\n#top .av-special-heading.av-kki429qg-3575affbcfd3a4af68fa37831923c4c4{\npadding-bottom:0;\n}\nbody .av-special-heading.av-kki429qg-3575affbcfd3a4af68fa37831923c4c4 .av-special-heading-tag .heading-char{\nfont-size:25px;\n}\n.av-special-heading.av-kki429qg-3575affbcfd3a4af68fa37831923c4c4 .av-subheading{\nfont-size:15px;\n}\n<\/style>\n<div  class='av-special-heading av-kki429qg-3575affbcfd3a4af68fa37831923c4c4 av-special-heading-h1 blockquote modern-quote  avia-builder-el-1  avia-builder-el-no-sibling '><div class='av-subheading av-subheading_above'><p>snackday<\/p>\n<\/div><h1 class='av-special-heading-tag '  itemprop=\"headline\"  >Das war das Programm 2025<\/h1><div class=\"special-heading-border\"><div class=\"special-heading-inner-border\"><\/div><\/div><\/div>\n<\/div><\/div><\/main><!-- close content main element --><\/div><\/div><div id='av_section_2'  class='avia-section av-8aheag-e00bdac7e009e220069ec12a23bd58a1 main_color avia-section-default avia-no-border-styling  avia-builder-el-2  el_after_av_section  avia-builder-el-last  avia-bg-style-scroll container_wrap fullsize'  ><div class='container av-section-cont-open' ><div class='template-page content  av-content-full alpha units'><div class='post-entry post-entry-type-page post-entry-240'><div class='entry-content-wrapper clearfix'>\n<div  class='flex_column av-86f100-413e304401f9170b27026a3d48f385df av_one_full  avia-builder-el-3  el_before_av_hr  avia-builder-el-first  first flex_column_div  '     ><style type=\"text\/css\" data-created_by=\"avia_inline_auto\" id=\"style-css-av-81529k-f4a50f7980f25baecab6024bdce0d7e5\">\n#top .av-special-heading.av-81529k-f4a50f7980f25baecab6024bdce0d7e5{\npadding-bottom:10px;\n}\nbody .av-special-heading.av-81529k-f4a50f7980f25baecab6024bdce0d7e5 .av-special-heading-tag .heading-char{\nfont-size:25px;\n}\n.av-special-heading.av-81529k-f4a50f7980f25baecab6024bdce0d7e5 .av-subheading{\nfont-size:15px;\n}\n<\/style>\n<div  class='av-special-heading av-81529k-f4a50f7980f25baecab6024bdce0d7e5 av-special-heading-h2 blockquote modern-quote  avia-builder-el-4  avia-builder-el-no-sibling '><h2 class='av-special-heading-tag '  itemprop=\"headline\"  >Mittwoch, 29. Oktober 2025<\/h2><div class=\"special-heading-border\"><div class=\"special-heading-inner-border\"><\/div><\/div><\/div><\/div>\n<style type=\"text\/css\" data-created_by=\"avia_inline_auto\" id=\"style-css-av-7mk8qw-893b0b4e2666607b5dd39c9e170bbef1\">\n#top .hr.hr-invisible.av-7mk8qw-893b0b4e2666607b5dd39c9e170bbef1{\nheight:50px;\n}\n<\/style>\n<div  class='hr av-7mk8qw-893b0b4e2666607b5dd39c9e170bbef1 hr-invisible  avia-builder-el-5  el_after_av_one_full  el_before_av_table '><span class='hr-inner '><span class=\"hr-inner-style\"><\/span><\/span><\/div>\n<div class='avia-data-table-wrap av-7kic94-97a32c75c5872185153cdb8bb94e3f88 avia_responsive_table avia-table-1'><table  id=\"programm-tabelle\"  class='avia-table avia-data-table avia_pricing_default  avia-builder-el-6  el_after_av_hr  avia-builder-el-last  programm-tabelle'  itemscope=\"itemscope\" itemtype=\"https:\/\/schema.org\/Table\" ><tbody><tr class=''><th class='avia-desc-col'><\/th><td class=''><\/td><td class=''><\/td><\/tr><tr class=''><th class='avia-desc-col'>08.30<\/th><td class=''><strong>WELCOME &amp; NETWORKING<\/strong><\/td><td class=''><\/td><\/tr><tr class=''><th class='avia-desc-col'>09.30<\/th><td class=''><strong>OPENING<\/strong><\/td><td class=''>Moderation:<br \/>\n<strong>Charlotte Holzh\u00e4user<\/strong>, Redakteurin, dfv Hotel- und Gastromedien<br \/>\n<\/td><\/tr><tr class='avia-heading-row'><th class='avia-desc-col'><\/th><th class=''><strong><span style=\"color: #fb265f\">FOKUSTHEMA I: Gamechanger im Snack-Business: Wie sich der Markt neu erfindet <\/span><\/strong><\/th><th class=''><\/th><\/tr><tr class=''><th class='avia-desc-col'>09.35<\/th><td class=''><strong>KEYNOTE<\/strong><br \/>\nSnacking 2.0: Was 199 Ern\u00e4hrungsexpert:innen \u00fcber die Zukunft sagen<br \/>\n<\/td><td class=''><strong>Henrike B\u00f6hme<\/strong>, PR &amp; Community, Nutrition Hub<\/td><\/tr><tr class=''><th class='avia-desc-col'>10.05<\/th><td class=''><strong>KEYNOTE<\/strong><br \/>\nEinblicke ins Snack-Liefergesch\u00e4ft: Bestellverhalten und Markttrends<\/td><td class=''><strong>Pascal Scheidt<\/strong>, Head of Strategic Accounts, Lieferando<\/td><\/tr><tr class='avia-heading-row'><th class='avia-desc-col'><\/th><th class=''><strong><span style=\"color: #fb265f\">FOKUSTHEMA II: Smart Snacking: Kreative Vorreiter f\u00fcr neue Anspr\u00fcche<\/span><\/strong><\/th><th class=''><\/th><\/tr><tr class=''><th class='avia-desc-col'>10.35<\/th><td class=''><strong>PANEL<\/strong><br \/>\nNext-Gen Snacking: Was neue Gastro-Konzepte heute anders machen<\/td><td class=''><strong>Charlotte Bruls<\/strong>, CEO, Charly &amp; Ben Bagels<br \/>\n<strong>Philipp Selzle<\/strong>, gesch\u00e4ftsf\u00fchrender Gesellschafter, Kaspar Schmauser<br \/>\nModeration: <strong>Charlotte Holzh\u00e4user<\/strong>, Redakteurin, dfv Hotel- und Gastromedien<\/td><\/tr><tr class=''><th class='avia-desc-col'>11.05<\/th><td class=''><strong>COFFEE BREAK<\/strong><\/td><td class=''><\/td><\/tr><tr class=''><th class='avia-desc-col'>11.25<\/th><td class=''><strong>IMPULS<\/strong><br \/>\nPetit Four reloaded &#8211; Smart Snacking auf Franz\u00f6sisch<br \/>\n<\/td><td class=''><strong>Lennart Prickaarts<\/strong>, Deutschlandchef bei LA MAISON DU PAIN<\/td><\/tr><tr class=''><th class='avia-desc-col'>11.45<\/th><td class=''><strong>VORTRAG<\/strong><br \/>\nHow Irish snack exporters are addressing smart snacking trends<br \/>\n<\/td><td class=''><strong>Sarah Settke<\/strong>, Market Specialist DACH, Bord Bia<\/td><\/tr><tr class='avia-heading-row'><th class='avia-desc-col'><\/th><th class=''><strong><span style=\"color: #fb265f\">FOKUSTHEMA III: Snacks to go: Erfolgsrezepte f\u00fcr mobile M\u00e4rkte<\/span><\/strong><\/th><th class=''><\/th><\/tr><tr class=''><th class='avia-desc-col'>12.10<\/th><td class=''><strong>VORTRAG<\/strong><br \/>\nMehr als Coffee-to-go: Erfolgsfaktor Verkehrsgastro<\/td><td class=''><strong>Sybille Stauch<\/strong>, Leiterin Marketing &amp; Sustainability, Coffee Fellows GmbH<\/td><\/tr><tr class=''><th class='avia-desc-col'>12.30<\/th><td class=''><strong>LUNCH BREAK<\/strong><\/td><td class=''><\/td><\/tr><tr class=''><th class='avia-desc-col'>14.00<\/th><td class=''><strong>PANEL<\/strong><br \/>\nImpulse to go: Zwischen classics, health &amp; indulgence \u2013 wohin wird die Reise gehen<\/td><td class=''><strong>Peter Prislin<\/strong>, Director Marketing Strategy &amp; Communication, HANS IM GL\u00dcCK<br \/>\n<strong>Catrin Cichon<\/strong>, CEO, dean&amp;david Franchise GmbH<br \/>\n<strong>Marta Grewe<\/strong>, Commercial Director Deutschland, Espresso House Germany GmbH &amp; Co. KG<br \/>\nModeration: Patrizia Stitz<\/td><\/tr><tr class=''><th class='avia-desc-col'>14.35<\/th><td class=''><strong>IMPULS<\/strong><br \/>\nKulinarik bei Breuninger: Vom Vesperst\u00fcble zum Erlebnisportfolio <\/td><td class=''><strong>Selina Leidner<\/strong>, Head of Gastronomy Operations, Breuninger<\/td><\/tr><tr class=''><th class='avia-desc-col'>14.55<\/th><td class=''><strong>VORTRAG<\/strong><br \/>\nVon der Zapfs\u00e4ule zum Snack-Hub: Warum Tankstellen wie B\u00e4cker denken m\u00fcssen<\/td><td class=''><strong>Friedrich-Georg Lischke<\/strong>, Sprecher der Gesch\u00e4ftsf\u00fchrung, BACKUNION GmbH<\/td><\/tr><tr class=''><th class='avia-desc-col'>15.20<\/th><td class=''><strong>IMPULS<\/strong><br \/>\nNext Level Streetfood: Wie To-go bei uns zur Marke wird<\/td><td class=''><strong>Marco Schepers<\/strong>, Managing Director, Mangal x Lukas Podolski<br \/>\n<\/td><\/tr><tr class=''><th class='avia-desc-col'>15.40<\/th><td class=''><strong>COFFEE BREAK<\/strong><\/td><td class=''><\/td><\/tr><tr class='avia-heading-row'><th class='avia-desc-col'><\/th><th class=''><strong><span style=\"color: #fb265f\">FOKUSTHEMA IV: Snackfluencer: Wie Social Media den Snackmarkt pr\u00e4gt<\/span><\/strong><\/th><th class=''><\/th><\/tr><tr class=''><th class='avia-desc-col'>16.00<\/th><td class=''><strong>10 FRAGEN AN<\/strong><br \/>\nSeitenwechsel: die Gastro aus der Blogger-Perspektive<br \/>\n<\/td><td class=''><strong>Julia Kretschmer<\/strong>, Digital Creator als &#8222;juliasdiaries&#8220;<\/td><\/tr><tr class=''><th class='avia-desc-col'>16.15<\/th><td class=''><strong>IMPULS<\/strong><br \/>\nSnackable Brands: Warum Content heute Teil des Produkts ist<br \/>\n<\/td><td class=''><strong>Felix Eitler<\/strong>, Gr\u00fcnder &amp; Gesch\u00e4ftsf\u00fchrer, Compleat<\/td><\/tr><tr class=''><th class='avia-desc-col'>16.35<\/th><td class=''><strong>IMPULS<\/strong><br \/>\nInfluencer-Kooperationen als Wachstumshebel<\/td><td class=''><strong>Kevin Kock<\/strong>, Co-Founder, LANCH<\/td><\/tr><tr class=''><th class='avia-desc-col'>16.55<\/th><td class=''><strong>CLOSING<\/strong><br \/>\n<\/td><td class=''>Moderation:<br \/>\n<strong>Charlotte Holzh\u00e4user<\/strong>, Redakteurin, dfv Hotel- und Gastromedien<\/td><\/tr><tr class=''><th class='avia-desc-col'>17:00<\/th><td class=''>ENDE DER VERANSTALTUNG<\/td><td class=''><\/td><\/tr><\/tbody><\/table><\/div><style type='text\/css'>.avia-table-1 td:nth-of-type(1):before { content: ''; } <\/style>\n<\/p>\n","protected":false},"excerpt":{"rendered":"","protected":false},"author":1,"featured_media":0,"parent":0,"menu_order":0,"comment_status":"closed","ping_status":"closed","template":"","meta":{"footnotes":""},"class_list":["post-240","page","type-page","status-publish","hentry"],"yoast_head":"<!-- This site is optimized with the Yoast SEO plugin v27.3 - https:\/\/yoast.com\/product\/yoast-seo-wordpress\/ -->\n<title>Programm | snackday | 29. Oktober 2025 | Frankfurt<\/title>\n<meta name=\"description\" content=\"Als Teilnehmer:in des snackdays erwarten Sie die wichtigsten Themen, Innovationen und Highlights der Branche. Hier geht es zum Programm!\" \/>\n<meta name=\"robots\" content=\"index, follow, max-snippet:-1, max-image-preview:large, max-video-preview:-1\" \/>\n<link rel=\"canonical\" href=\"https:\/\/dfvcg-events.de\/snack-day\/programm\/\" \/>\n<meta property=\"og:locale\" content=\"de_DE\" \/>\n<meta property=\"og:type\" content=\"article\" \/>\n<meta property=\"og:title\" content=\"Programm | snackday | 29. Oktober 2025 | Frankfurt\" \/>\n<meta property=\"og:description\" content=\"Als Teilnehmer:in des snackdays erwarten Sie die wichtigsten Themen, Innovationen und Highlights der Branche. Hier geht es zum Programm!\" \/>\n<meta property=\"og:url\" content=\"https:\/\/dfvcg-events.de\/snack-day\/programm\/\" \/>\n<meta property=\"og:site_name\" content=\"snackday\" \/>\n<meta property=\"article:publisher\" content=\"https:\/\/www.facebook.com\/foodservice.de\" \/>\n<meta property=\"article:modified_time\" content=\"2026-03-06T15:01:09+00:00\" \/>\n<meta name=\"twitter:card\" content=\"summary_large_image\" \/>\n<meta name=\"twitter:site\" content=\"@foodservice_de\" \/>\n<meta name=\"twitter:label1\" content=\"Gesch\u00e4tzte Lesezeit\" \/>\n\t<meta name=\"twitter:data1\" content=\"2\u00a0Minuten\" \/>\n<script type=\"application\/ld+json\" class=\"yoast-schema-graph\">{\"@context\":\"https:\\\/\\\/schema.org\",\"@graph\":[{\"@type\":\"WebPage\",\"@id\":\"https:\\\/\\\/dfvcg-events.de\\\/snack-day\\\/programm\\\/\",\"url\":\"https:\\\/\\\/dfvcg-events.de\\\/snack-day\\\/programm\\\/\",\"name\":\"Programm | snackday | 29. Oktober 2025 | Frankfurt\",\"isPartOf\":{\"@id\":\"https:\\\/\\\/dfvcg-events.de\\\/snack-day\\\/#website\"},\"datePublished\":\"2020-03-19T23:18:11+00:00\",\"dateModified\":\"2026-03-06T15:01:09+00:00\",\"description\":\"Als Teilnehmer:in des snackdays erwarten Sie die wichtigsten Themen, Innovationen und Highlights der Branche. Hier geht es zum Programm!\",\"breadcrumb\":{\"@id\":\"https:\\\/\\\/dfvcg-events.de\\\/snack-day\\\/programm\\\/#breadcrumb\"},\"inLanguage\":\"de\",\"potentialAction\":[{\"@type\":\"ReadAction\",\"target\":[\"https:\\\/\\\/dfvcg-events.de\\\/snack-day\\\/programm\\\/\"]}]},{\"@type\":\"BreadcrumbList\",\"@id\":\"https:\\\/\\\/dfvcg-events.de\\\/snack-day\\\/programm\\\/#breadcrumb\",\"itemListElement\":[{\"@type\":\"ListItem\",\"position\":1,\"name\":\"Startseite\",\"item\":\"https:\\\/\\\/dfvcg-events.de\\\/snack-day\\\/\"},{\"@type\":\"ListItem\",\"position\":2,\"name\":\"Programm\"}]},{\"@type\":\"WebSite\",\"@id\":\"https:\\\/\\\/dfvcg-events.de\\\/snack-day\\\/#website\",\"url\":\"https:\\\/\\\/dfvcg-events.de\\\/snack-day\\\/\",\"name\":\"snackday - Small meals, big business\",\"description\":\"foodservice &amp; dfv Conference Group\",\"publisher\":{\"@id\":\"https:\\\/\\\/dfvcg-events.de\\\/snack-day\\\/#organization\"},\"potentialAction\":[{\"@type\":\"SearchAction\",\"target\":{\"@type\":\"EntryPoint\",\"urlTemplate\":\"https:\\\/\\\/dfvcg-events.de\\\/snack-day\\\/?s={search_term_string}\"},\"query-input\":{\"@type\":\"PropertyValueSpecification\",\"valueRequired\":true,\"valueName\":\"search_term_string\"}}],\"inLanguage\":\"de\"},{\"@type\":\"Organization\",\"@id\":\"https:\\\/\\\/dfvcg-events.de\\\/snack-day\\\/#organization\",\"name\":\"foodservice snack day\",\"alternateName\":\"dfv Conference Group\",\"url\":\"https:\\\/\\\/dfvcg-events.de\\\/snack-day\\\/\",\"logo\":{\"@type\":\"ImageObject\",\"inLanguage\":\"de\",\"@id\":\"https:\\\/\\\/dfvcg-events.de\\\/snack-day\\\/#\\\/schema\\\/logo\\\/image\\\/\",\"url\":\"https:\\\/\\\/dfvcg-events.de\\\/snack-day\\\/wp-content\\\/uploads\\\/sites\\\/57\\\/2024\\\/02\\\/dfvcg_Snack24_800x400.jpg\",\"contentUrl\":\"https:\\\/\\\/dfvcg-events.de\\\/snack-day\\\/wp-content\\\/uploads\\\/sites\\\/57\\\/2024\\\/02\\\/dfvcg_Snack24_800x400.jpg\",\"width\":800,\"height\":400,\"caption\":\"foodservice snack day\"},\"image\":{\"@id\":\"https:\\\/\\\/dfvcg-events.de\\\/snack-day\\\/#\\\/schema\\\/logo\\\/image\\\/\"},\"sameAs\":[\"https:\\\/\\\/www.facebook.com\\\/foodservice.de\",\"https:\\\/\\\/x.com\\\/foodservice_de\"]}]}<\/script>\n<!-- \/ Yoast SEO plugin. -->","yoast_head_json":{"title":"Programm | snackday | 29. Oktober 2025 | Frankfurt","description":"Als Teilnehmer:in des snackdays erwarten Sie die wichtigsten Themen, Innovationen und Highlights der Branche. Hier geht es zum Programm!","robots":{"index":"index","follow":"follow","max-snippet":"max-snippet:-1","max-image-preview":"max-image-preview:large","max-video-preview":"max-video-preview:-1"},"canonical":"https:\/\/dfvcg-events.de\/snack-day\/programm\/","og_locale":"de_DE","og_type":"article","og_title":"Programm | snackday | 29. Oktober 2025 | Frankfurt","og_description":"Als Teilnehmer:in des snackdays erwarten Sie die wichtigsten Themen, Innovationen und Highlights der Branche. Hier geht es zum Programm!","og_url":"https:\/\/dfvcg-events.de\/snack-day\/programm\/","og_site_name":"snackday","article_publisher":"https:\/\/www.facebook.com\/foodservice.de","article_modified_time":"2026-03-06T15:01:09+00:00","twitter_card":"summary_large_image","twitter_site":"@foodservice_de","twitter_misc":{"Gesch\u00e4tzte Lesezeit":"2\u00a0Minuten"},"schema":{"@context":"https:\/\/schema.org","@graph":[{"@type":"WebPage","@id":"https:\/\/dfvcg-events.de\/snack-day\/programm\/","url":"https:\/\/dfvcg-events.de\/snack-day\/programm\/","name":"Programm | snackday | 29. Oktober 2025 | Frankfurt","isPartOf":{"@id":"https:\/\/dfvcg-events.de\/snack-day\/#website"},"datePublished":"2020-03-19T23:18:11+00:00","dateModified":"2026-03-06T15:01:09+00:00","description":"Als Teilnehmer:in des snackdays erwarten Sie die wichtigsten Themen, Innovationen und Highlights der Branche. Hier geht es zum Programm!","breadcrumb":{"@id":"https:\/\/dfvcg-events.de\/snack-day\/programm\/#breadcrumb"},"inLanguage":"de","potentialAction":[{"@type":"ReadAction","target":["https:\/\/dfvcg-events.de\/snack-day\/programm\/"]}]},{"@type":"BreadcrumbList","@id":"https:\/\/dfvcg-events.de\/snack-day\/programm\/#breadcrumb","itemListElement":[{"@type":"ListItem","position":1,"name":"Startseite","item":"https:\/\/dfvcg-events.de\/snack-day\/"},{"@type":"ListItem","position":2,"name":"Programm"}]},{"@type":"WebSite","@id":"https:\/\/dfvcg-events.de\/snack-day\/#website","url":"https:\/\/dfvcg-events.de\/snack-day\/","name":"snackday - Small meals, big business","description":"foodservice &amp; dfv Conference Group","publisher":{"@id":"https:\/\/dfvcg-events.de\/snack-day\/#organization"},"potentialAction":[{"@type":"SearchAction","target":{"@type":"EntryPoint","urlTemplate":"https:\/\/dfvcg-events.de\/snack-day\/?s={search_term_string}"},"query-input":{"@type":"PropertyValueSpecification","valueRequired":true,"valueName":"search_term_string"}}],"inLanguage":"de"},{"@type":"Organization","@id":"https:\/\/dfvcg-events.de\/snack-day\/#organization","name":"foodservice snack day","alternateName":"dfv Conference Group","url":"https:\/\/dfvcg-events.de\/snack-day\/","logo":{"@type":"ImageObject","inLanguage":"de","@id":"https:\/\/dfvcg-events.de\/snack-day\/#\/schema\/logo\/image\/","url":"https:\/\/dfvcg-events.de\/snack-day\/wp-content\/uploads\/sites\/57\/2024\/02\/dfvcg_Snack24_800x400.jpg","contentUrl":"https:\/\/dfvcg-events.de\/snack-day\/wp-content\/uploads\/sites\/57\/2024\/02\/dfvcg_Snack24_800x400.jpg","width":800,"height":400,"caption":"foodservice snack day"},"image":{"@id":"https:\/\/dfvcg-events.de\/snack-day\/#\/schema\/logo\/image\/"},"sameAs":["https:\/\/www.facebook.com\/foodservice.de","https:\/\/x.com\/foodservice_de"]}]}},"_links":{"self":[{"href":"https:\/\/dfvcg-events.de\/snack-day\/wp-json\/wp\/v2\/pages\/240","targetHints":{"allow":["GET"]}}],"collection":[{"href":"https:\/\/dfvcg-events.de\/snack-day\/wp-json\/wp\/v2\/pages"}],"about":[{"href":"https:\/\/dfvcg-events.de\/snack-day\/wp-json\/wp\/v2\/types\/page"}],"author":[{"embeddable":true,"href":"https:\/\/dfvcg-events.de\/snack-day\/wp-json\/wp\/v2\/users\/1"}],"replies":[{"embeddable":true,"href":"https:\/\/dfvcg-events.de\/snack-day\/wp-json\/wp\/v2\/comments?post=240"}],"version-history":[{"count":30,"href":"https:\/\/dfvcg-events.de\/snack-day\/wp-json\/wp\/v2\/pages\/240\/revisions"}],"predecessor-version":[{"id":2631,"href":"https:\/\/dfvcg-events.de\/snack-day\/wp-json\/wp\/v2\/pages\/240\/revisions\/2631"}],"wp:attachment":[{"href":"https:\/\/dfvcg-events.de\/snack-day\/wp-json\/wp\/v2\/media?parent=240"}],"curies":[{"name":"wp","href":"https:\/\/api.w.org\/{rel}","templated":true}]}}