{"id":173,"date":"2020-03-19T22:45:57","date_gmt":"2020-03-19T21:45:57","guid":{"rendered":"https:\/\/dfvcg-events.de\/snack-day\/?page_id=173"},"modified":"2026-03-06T16:08:19","modified_gmt":"2026-03-06T15:08:19","slug":"partner-aussteller","status":"publish","type":"page","link":"https:\/\/dfvcg-events.de\/snack-day\/partner-aussteller\/","title":{"rendered":"Partner &amp; Aussteller"},"content":{"rendered":"<div id='av_section_1'  class='avia-section av-eccv9-a05aad59f97599171fe61b4dd435e23c main_color avia-section-default avia-no-border-styling  avia-builder-el-0  el_before_av_section  avia-builder-el-first  avia-bg-style-scroll container_wrap fullsize'  ><div class='container av-section-cont-open' ><main  role=\"main\" itemprop=\"mainContentOfPage\"  class='template-page content  av-content-full alpha units'><div class='post-entry post-entry-type-page post-entry-173'><div class='entry-content-wrapper clearfix'>\n\n<style type=\"text\/css\" data-created_by=\"avia_inline_auto\" id=\"style-css-av-8w41x-0396224cacc4b72a01c3883f9c49744a\">\n#top .av-special-heading.av-8w41x-0396224cacc4b72a01c3883f9c49744a{\npadding-bottom:10px;\ncolor:#89a17b;\n}\nbody .av-special-heading.av-8w41x-0396224cacc4b72a01c3883f9c49744a .av-special-heading-tag .heading-char{\nfont-size:25px;\n}\n.av-special-heading.av-8w41x-0396224cacc4b72a01c3883f9c49744a .special-heading-inner-border{\nborder-color:#89a17b;\n}\n.av-special-heading.av-8w41x-0396224cacc4b72a01c3883f9c49744a .av-subheading{\nfont-size:15px;\n}\n<\/style>\n<div  class='av-special-heading av-8w41x-0396224cacc4b72a01c3883f9c49744a av-special-heading-h2 custom-color-heading blockquote modern-quote  avia-builder-el-1  el_before_av_textblock  avia-builder-el-first '><h2 class='av-special-heading-tag '  itemprop=\"headline\"  >Begleiten Sie uns als Partner oder Aussteller auf dem foodservice Snackday:<\/h2><div class=\"special-heading-border\"><div class=\"special-heading-inner-border\"><\/div><\/div><\/div>\n\n<style type=\"text\/css\" data-created_by=\"avia_inline_auto\" id=\"style-css-av-mmf125o2-0c2b4d2bff90a1a366ba79cb463464a4\">\n#top .av_textblock_section.av-mmf125o2-0c2b4d2bff90a1a366ba79cb463464a4 .avia_textblock{\nfont-size:21px;\n}\n<\/style>\n<section  class='av_textblock_section av-mmf125o2-0c2b4d2bff90a1a366ba79cb463464a4 '   itemscope=\"itemscope\" itemtype=\"https:\/\/schema.org\/CreativeWork\" ><div class='avia_textblock'  itemprop=\"text\" ><ul>\n<li>Treffen Sie die Entscheiderinnen und Entscheider im Au\u00dfer-Haus-Markt<\/li>\n<li>Generieren Sie neue Leads und optimieren Sie Ihr Netzwerk.<\/li>\n<li>Setzen Sie Ihre Produkte und Angebote eindrucksvoll in Szene.<\/li>\n<li>Profitieren Sie von der starken Medienpr\u00e4senz \u2013 die reichweitenstarke Begleitung durch den foodservice.<\/li>\n<\/ul>\n<\/div><\/section>\n<div class='flex_column_table av-kauxmmrr-f5e0321c8df61028b7ab8eb2fdffdcc8 sc-av_three_fourth av-equal-height-column-flextable'>\n<style type=\"text\/css\" data-created_by=\"avia_inline_auto\" id=\"style-css-av-kauxmmrr-f5e0321c8df61028b7ab8eb2fdffdcc8\">\n.flex_column.av-kauxmmrr-f5e0321c8df61028b7ab8eb2fdffdcc8{\nborder-radius:0px 0px 0px 0px;\npadding:0px 0px 0px 0px;\n}\n<\/style>\n<div  class='flex_column av-kauxmmrr-f5e0321c8df61028b7ab8eb2fdffdcc8 av_three_fourth  avia-builder-el-3  el_after_av_textblock  el_before_av_one_fourth  first flex_column_table_cell av-equal-height-column av-align-middle av-zero-column-padding  column-top-margin'     ><section  class='av_textblock_section av-kauxm635-6e961896ad03d723817689a042453196 '   itemscope=\"itemscope\" itemtype=\"https:\/\/schema.org\/CreativeWork\" ><div class='avia_textblock'  itemprop=\"text\" ><p>Setzen Sie Ihre Produkte und Angebote eindrucksvoll in Szene.<\/p>\n<p><strong>F\u00fcr Ihren individuellen Auftritt berate ich Sie gerne:<\/strong><\/p>\n<p><strong>Mehtap Acar<\/strong><br \/>\nTelefon: +49 69 7595-2883<br \/>\nMobil: +49 160 9059 2867<br \/>\nE-Mail: <a href=\"&#109;a&#x69;l&#x74;o&#x3a;m&#x65;&#104;&#x74;&#97;&#x70;&#46;&#x61;&#99;a&#114;&#64;&#x64;f&#x76;c&#x67;&#46;&#x64;&#101;\">&#x6d;&#x65;&#x68;&#x74;&#x61;&#x70;&#x2e;&#x61;&#x63;&#x61;&#x72;&#x40;&#x64;&#x66;&#x76;&#x63;&#x67;&#x2e;&#x64;&#x65;<\/a><\/p>\n<\/div><\/section><\/div><div class='av-flex-placeholder'><\/div>\n<style type=\"text\/css\" data-created_by=\"avia_inline_auto\" id=\"style-css-av-70vj1-00292db64ce6f592d658eec37ab25598\">\n.flex_column.av-70vj1-00292db64ce6f592d658eec37ab25598{\nborder-radius:0px 0px 0px 0px;\npadding:0px 0px 0px 0px;\n}\n<\/style>\n<div  class='flex_column av-70vj1-00292db64ce6f592d658eec37ab25598 av_one_fourth  avia-builder-el-5  el_after_av_three_fourth  avia-builder-el-last  flex_column_table_cell av-equal-height-column av-align-middle av-zero-column-padding  column-top-margin'     ><style type=\"text\/css\" data-created_by=\"avia_inline_auto\" id=\"style-css-av-kauxmgni-88187fb53aec8fe88473f50b58698fbe\">\n.avia-image-container.av-kauxmgni-88187fb53aec8fe88473f50b58698fbe img.avia_image{\nbox-shadow:none;\n}\n.avia-image-container.av-kauxmgni-88187fb53aec8fe88473f50b58698fbe .av-image-caption-overlay-center{\ncolor:#ffffff;\n}\n<\/style>\n<div  class='avia-image-container av-kauxmgni-88187fb53aec8fe88473f50b58698fbe av-styling- avia-align-center  avia-builder-el-6  avia-builder-el-no-sibling '   itemprop=\"image\" itemscope=\"itemscope\" itemtype=\"https:\/\/schema.org\/ImageObject\" ><div class=\"avia-image-container-inner\"><div class=\"avia-image-overlay-wrap\"><img decoding=\"async\" fetchpriority=\"high\" class='wp-image-2619 avia-img-lazy-loading-not-2619 avia_image ' src=\"https:\/\/dfvcg-events.de\/snack-day\/wp-content\/uploads\/sites\/57\/2026\/01\/Mehtap-Acar-dfvCG-2024.jpg\" alt='' title='Mehtap-Acar-dfvCG-2024'  height=\"800\" width=\"600\"  itemprop=\"thumbnailUrl\" srcset=\"https:\/\/dfvcg-events.de\/snack-day\/wp-content\/uploads\/sites\/57\/2026\/01\/Mehtap-Acar-dfvCG-2024.jpg 600w, https:\/\/dfvcg-events.de\/snack-day\/wp-content\/uploads\/sites\/57\/2026\/01\/Mehtap-Acar-dfvCG-2024-529x705.jpg 529w\" sizes=\"(max-width: 600px) 100vw, 600px\" \/><\/div><\/div><\/div><\/div><\/div><!--close column table wrapper. Autoclose: 1 --><\/div><\/div><\/main><!-- close content main element --><\/div><\/div><div id='av_section_2'  class='avia-section av-kauxiont-2-19cc2d089f42c18aee1ed8a386a5dab9 main_color avia-section-default avia-no-shadow  avia-builder-el-7  el_after_av_section  avia-builder-el-last  avia-bg-style-scroll container_wrap fullsize'  ><div class='container av-section-cont-open' ><div class='template-page content  av-content-full alpha units'><div class='post-entry post-entry-type-page post-entry-173'><div class='entry-content-wrapper clearfix'>\n\n<style type=\"text\/css\" data-created_by=\"avia_inline_auto\" id=\"style-css-av-kauxh99v-a830495348e329ff279e83571a8f3c8b\">\n#top .av-special-heading.av-kauxh99v-a830495348e329ff279e83571a8f3c8b{\npadding-bottom:10px;\n}\nbody .av-special-heading.av-kauxh99v-a830495348e329ff279e83571a8f3c8b .av-special-heading-tag .heading-char{\nfont-size:25px;\n}\n.av-special-heading.av-kauxh99v-a830495348e329ff279e83571a8f3c8b .av-subheading{\nfont-size:15px;\n}\n<\/style>\n<div  class='av-special-heading av-kauxh99v-a830495348e329ff279e83571a8f3c8b av-special-heading-h3 blockquote modern-quote  avia-builder-el-8  el_before_av_masonry_entries  avia-builder-el-no-sibling '><h3 class='av-special-heading-tag '  itemprop=\"headline\"  >Medienpartner<\/h3><div class=\"special-heading-border\"><div class=\"special-heading-inner-border\"><\/div><\/div><\/div>\n<div id='av-masonry-1' class='av-masonry av-k7zap5p9-1-d5f3d2df54bd6049af84101400c3f907 noHover av-fixed-size av-large-gap av-hover-overlay- av-masonry-animation-active av-masonry-col-6 av-caption-always av-caption-style- av-masonry-entries ' data-post_id=\"173\"><div class=\"av-masonry-container isotope av-js-disabled\"><div class='av-masonry-entry isotope-item av-masonry-item-no-image '><\/div><a href=\"https:\/\/dfvcg-events.de\/snack-day\/foodservice\/\"  id='av-masonry-1-item-1349' data-av-masonry-item='1349' class='av-masonry-entry isotope-item post-1349 post type-post status-publish format-standard has-post-thumbnail hentry category-medienpartner  av-masonry-item-with-image' title=\"dfvcg-food-service\"   itemscope=\"itemscope\" itemtype=\"https:\/\/schema.org\/CreativeWork\" ><div class='av-inner-masonry-sizer'><\/div><figure class='av-inner-masonry main_color'><div class=\"av-masonry-outerimage-container\"><div class='av-masonry-image-container' style=\"background-image: url(https:\/\/dfvcg-events.de\/snack-day\/wp-content\/uploads\/sites\/57\/2024\/01\/dfvcg-food-service-705x529.jpg);\"  title=\"dfvcg-food-service\" ><\/div><\/div><\/figure><\/a><!--end av-masonry entry--><\/div><\/div>\n<\/p>\n","protected":false},"excerpt":{"rendered":"","protected":false},"author":1,"featured_media":0,"parent":0,"menu_order":0,"comment_status":"closed","ping_status":"closed","template":"","meta":{"footnotes":""},"class_list":["post-173","page","type-page","status-publish","hentry"],"yoast_head":"<!-- This site is optimized with the Yoast SEO plugin v27.3 - https:\/\/yoast.com\/product\/yoast-seo-wordpress\/ -->\n<title>Partner &amp; Aussteller | snackday | 13. Oktober 2026 | D\u00fcsseldorf<\/title>\n<meta name=\"description\" content=\"Als Partner &amp; Aussteller erhalten Sie maximale Aufmerksamkeit und haben die M\u00f6glichkeit interessante Kontakte zu kn\u00fcpfen. Jetzt informieren!\" \/>\n<meta name=\"robots\" content=\"index, follow, max-snippet:-1, max-image-preview:large, max-video-preview:-1\" \/>\n<link rel=\"canonical\" href=\"https:\/\/dfvcg-events.de\/snack-day\/partner-aussteller\/\" \/>\n<meta property=\"og:locale\" content=\"de_DE\" \/>\n<meta property=\"og:type\" content=\"article\" \/>\n<meta property=\"og:title\" content=\"Partner &amp; Aussteller | snackday | 13. Oktober 2026 | D\u00fcsseldorf\" \/>\n<meta property=\"og:description\" content=\"Als Partner &amp; Aussteller erhalten Sie maximale Aufmerksamkeit und haben die M\u00f6glichkeit interessante Kontakte zu kn\u00fcpfen. Jetzt informieren!\" \/>\n<meta property=\"og:url\" content=\"https:\/\/dfvcg-events.de\/snack-day\/partner-aussteller\/\" \/>\n<meta property=\"og:site_name\" content=\"snackday\" \/>\n<meta property=\"article:publisher\" content=\"https:\/\/www.facebook.com\/foodservice.de\" \/>\n<meta property=\"article:modified_time\" content=\"2026-03-06T15:08:19+00:00\" \/>\n<meta name=\"twitter:card\" content=\"summary_large_image\" \/>\n<meta name=\"twitter:site\" content=\"@foodservice_de\" \/>\n<meta name=\"twitter:label1\" content=\"Gesch\u00e4tzte Lesezeit\" \/>\n\t<meta name=\"twitter:data1\" content=\"1\u00a0Minute\" \/>\n<script type=\"application\/ld+json\" class=\"yoast-schema-graph\">{\"@context\":\"https:\\\/\\\/schema.org\",\"@graph\":[{\"@type\":\"WebPage\",\"@id\":\"https:\\\/\\\/dfvcg-events.de\\\/snack-day\\\/partner-aussteller\\\/\",\"url\":\"https:\\\/\\\/dfvcg-events.de\\\/snack-day\\\/partner-aussteller\\\/\",\"name\":\"Partner & Aussteller | snackday | 13. Oktober 2026 | D\u00fcsseldorf\",\"isPartOf\":{\"@id\":\"https:\\\/\\\/dfvcg-events.de\\\/snack-day\\\/#website\"},\"datePublished\":\"2020-03-19T21:45:57+00:00\",\"dateModified\":\"2026-03-06T15:08:19+00:00\",\"description\":\"Als Partner & Aussteller erhalten Sie maximale Aufmerksamkeit und haben die M\u00f6glichkeit interessante Kontakte zu kn\u00fcpfen. Jetzt informieren!\",\"breadcrumb\":{\"@id\":\"https:\\\/\\\/dfvcg-events.de\\\/snack-day\\\/partner-aussteller\\\/#breadcrumb\"},\"inLanguage\":\"de\",\"potentialAction\":[{\"@type\":\"ReadAction\",\"target\":[\"https:\\\/\\\/dfvcg-events.de\\\/snack-day\\\/partner-aussteller\\\/\"]}]},{\"@type\":\"BreadcrumbList\",\"@id\":\"https:\\\/\\\/dfvcg-events.de\\\/snack-day\\\/partner-aussteller\\\/#breadcrumb\",\"itemListElement\":[{\"@type\":\"ListItem\",\"position\":1,\"name\":\"Startseite\",\"item\":\"https:\\\/\\\/dfvcg-events.de\\\/snack-day\\\/\"},{\"@type\":\"ListItem\",\"position\":2,\"name\":\"Partner &amp; Aussteller\"}]},{\"@type\":\"WebSite\",\"@id\":\"https:\\\/\\\/dfvcg-events.de\\\/snack-day\\\/#website\",\"url\":\"https:\\\/\\\/dfvcg-events.de\\\/snack-day\\\/\",\"name\":\"snackday - Small meals, big business\",\"description\":\"foodservice &amp; dfv Conference Group\",\"publisher\":{\"@id\":\"https:\\\/\\\/dfvcg-events.de\\\/snack-day\\\/#organization\"},\"potentialAction\":[{\"@type\":\"SearchAction\",\"target\":{\"@type\":\"EntryPoint\",\"urlTemplate\":\"https:\\\/\\\/dfvcg-events.de\\\/snack-day\\\/?s={search_term_string}\"},\"query-input\":{\"@type\":\"PropertyValueSpecification\",\"valueRequired\":true,\"valueName\":\"search_term_string\"}}],\"inLanguage\":\"de\"},{\"@type\":\"Organization\",\"@id\":\"https:\\\/\\\/dfvcg-events.de\\\/snack-day\\\/#organization\",\"name\":\"foodservice snack day\",\"alternateName\":\"dfv Conference Group\",\"url\":\"https:\\\/\\\/dfvcg-events.de\\\/snack-day\\\/\",\"logo\":{\"@type\":\"ImageObject\",\"inLanguage\":\"de\",\"@id\":\"https:\\\/\\\/dfvcg-events.de\\\/snack-day\\\/#\\\/schema\\\/logo\\\/image\\\/\",\"url\":\"https:\\\/\\\/dfvcg-events.de\\\/snack-day\\\/wp-content\\\/uploads\\\/sites\\\/57\\\/2024\\\/02\\\/dfvcg_Snack24_800x400.jpg\",\"contentUrl\":\"https:\\\/\\\/dfvcg-events.de\\\/snack-day\\\/wp-content\\\/uploads\\\/sites\\\/57\\\/2024\\\/02\\\/dfvcg_Snack24_800x400.jpg\",\"width\":800,\"height\":400,\"caption\":\"foodservice snack day\"},\"image\":{\"@id\":\"https:\\\/\\\/dfvcg-events.de\\\/snack-day\\\/#\\\/schema\\\/logo\\\/image\\\/\"},\"sameAs\":[\"https:\\\/\\\/www.facebook.com\\\/foodservice.de\",\"https:\\\/\\\/x.com\\\/foodservice_de\"]}]}<\/script>\n<!-- \/ Yoast SEO plugin. -->","yoast_head_json":{"title":"Partner & Aussteller | snackday | 13. Oktober 2026 | D\u00fcsseldorf","description":"Als Partner & Aussteller erhalten Sie maximale Aufmerksamkeit und haben die M\u00f6glichkeit interessante Kontakte zu kn\u00fcpfen. Jetzt informieren!","robots":{"index":"index","follow":"follow","max-snippet":"max-snippet:-1","max-image-preview":"max-image-preview:large","max-video-preview":"max-video-preview:-1"},"canonical":"https:\/\/dfvcg-events.de\/snack-day\/partner-aussteller\/","og_locale":"de_DE","og_type":"article","og_title":"Partner & Aussteller | snackday | 13. Oktober 2026 | D\u00fcsseldorf","og_description":"Als Partner & Aussteller erhalten Sie maximale Aufmerksamkeit und haben die M\u00f6glichkeit interessante Kontakte zu kn\u00fcpfen. Jetzt informieren!","og_url":"https:\/\/dfvcg-events.de\/snack-day\/partner-aussteller\/","og_site_name":"snackday","article_publisher":"https:\/\/www.facebook.com\/foodservice.de","article_modified_time":"2026-03-06T15:08:19+00:00","twitter_card":"summary_large_image","twitter_site":"@foodservice_de","twitter_misc":{"Gesch\u00e4tzte Lesezeit":"1\u00a0Minute"},"schema":{"@context":"https:\/\/schema.org","@graph":[{"@type":"WebPage","@id":"https:\/\/dfvcg-events.de\/snack-day\/partner-aussteller\/","url":"https:\/\/dfvcg-events.de\/snack-day\/partner-aussteller\/","name":"Partner & Aussteller | snackday | 13. Oktober 2026 | D\u00fcsseldorf","isPartOf":{"@id":"https:\/\/dfvcg-events.de\/snack-day\/#website"},"datePublished":"2020-03-19T21:45:57+00:00","dateModified":"2026-03-06T15:08:19+00:00","description":"Als Partner & Aussteller erhalten Sie maximale Aufmerksamkeit und haben die M\u00f6glichkeit interessante Kontakte zu kn\u00fcpfen. Jetzt informieren!","breadcrumb":{"@id":"https:\/\/dfvcg-events.de\/snack-day\/partner-aussteller\/#breadcrumb"},"inLanguage":"de","potentialAction":[{"@type":"ReadAction","target":["https:\/\/dfvcg-events.de\/snack-day\/partner-aussteller\/"]}]},{"@type":"BreadcrumbList","@id":"https:\/\/dfvcg-events.de\/snack-day\/partner-aussteller\/#breadcrumb","itemListElement":[{"@type":"ListItem","position":1,"name":"Startseite","item":"https:\/\/dfvcg-events.de\/snack-day\/"},{"@type":"ListItem","position":2,"name":"Partner &amp; Aussteller"}]},{"@type":"WebSite","@id":"https:\/\/dfvcg-events.de\/snack-day\/#website","url":"https:\/\/dfvcg-events.de\/snack-day\/","name":"snackday - Small meals, big business","description":"foodservice &amp; dfv Conference Group","publisher":{"@id":"https:\/\/dfvcg-events.de\/snack-day\/#organization"},"potentialAction":[{"@type":"SearchAction","target":{"@type":"EntryPoint","urlTemplate":"https:\/\/dfvcg-events.de\/snack-day\/?s={search_term_string}"},"query-input":{"@type":"PropertyValueSpecification","valueRequired":true,"valueName":"search_term_string"}}],"inLanguage":"de"},{"@type":"Organization","@id":"https:\/\/dfvcg-events.de\/snack-day\/#organization","name":"foodservice snack day","alternateName":"dfv Conference Group","url":"https:\/\/dfvcg-events.de\/snack-day\/","logo":{"@type":"ImageObject","inLanguage":"de","@id":"https:\/\/dfvcg-events.de\/snack-day\/#\/schema\/logo\/image\/","url":"https:\/\/dfvcg-events.de\/snack-day\/wp-content\/uploads\/sites\/57\/2024\/02\/dfvcg_Snack24_800x400.jpg","contentUrl":"https:\/\/dfvcg-events.de\/snack-day\/wp-content\/uploads\/sites\/57\/2024\/02\/dfvcg_Snack24_800x400.jpg","width":800,"height":400,"caption":"foodservice snack day"},"image":{"@id":"https:\/\/dfvcg-events.de\/snack-day\/#\/schema\/logo\/image\/"},"sameAs":["https:\/\/www.facebook.com\/foodservice.de","https:\/\/x.com\/foodservice_de"]}]}},"_links":{"self":[{"href":"https:\/\/dfvcg-events.de\/snack-day\/wp-json\/wp\/v2\/pages\/173","targetHints":{"allow":["GET"]}}],"collection":[{"href":"https:\/\/dfvcg-events.de\/snack-day\/wp-json\/wp\/v2\/pages"}],"about":[{"href":"https:\/\/dfvcg-events.de\/snack-day\/wp-json\/wp\/v2\/types\/page"}],"author":[{"embeddable":true,"href":"https:\/\/dfvcg-events.de\/snack-day\/wp-json\/wp\/v2\/users\/1"}],"replies":[{"embeddable":true,"href":"https:\/\/dfvcg-events.de\/snack-day\/wp-json\/wp\/v2\/comments?post=173"}],"version-history":[{"count":14,"href":"https:\/\/dfvcg-events.de\/snack-day\/wp-json\/wp\/v2\/pages\/173\/revisions"}],"predecessor-version":[{"id":2116,"href":"https:\/\/dfvcg-events.de\/snack-day\/wp-json\/wp\/v2\/pages\/173\/revisions\/2116"}],"wp:attachment":[{"href":"https:\/\/dfvcg-events.de\/snack-day\/wp-json\/wp\/v2\/media?parent=173"}],"curies":[{"name":"wp","href":"https:\/\/api.w.org\/{rel}","templated":true}]}}