{"id":158,"date":"2020-03-19T22:30:05","date_gmt":"2020-03-19T21:30:05","guid":{"rendered":"https:\/\/dfvcg-events.de\/nachhaltigkeit\/?page_id=158"},"modified":"2021-04-13T19:46:40","modified_gmt":"2021-04-13T17:46:40","slug":"hotel-anreise","status":"publish","type":"page","link":"https:\/\/dfvcg-events.de\/nachhaltigkeit\/hotel-anreise\/","title":{"rendered":"Hotel &amp; Anreise"},"content":{"rendered":"<div class='clear'><\/div><div id='sub_menu1'  class='av-submenu-container av-k7xs13ge-5299e7ad8db48b67a374cf453fc34006 alternate_color av-switch-990  avia-builder-el-0  el_before_av_section  avia-builder-el-first  av-sticky-submenu container_wrap fullsize' style='z-index:301' ><div class='container av-menu-mobile-active av-submenu-pos-left av-submenu-hidden'><a href=\"#\" class=\"mobile_menu_toggle\"><span class='avia-svg-icon avia-font-svg_entypo-fontello' data-av_svg_icon='list' data-av_iconset='svg_entypo-fontello'><svg version=\"1.1\" xmlns=\"http:\/\/www.w3.org\/2000\/svg\" width=\"22\" height=\"32\" viewBox=\"0 0 22 32\" preserveAspectRatio=\"xMidYMid meet\" aria-labelledby='av-svg-title-1' aria-describedby='av-svg-desc-1' role=\"graphics-symbol\" aria-hidden=\"true\">\n<title id='av-svg-title-1'>List<\/title>\n<desc id='av-svg-desc-1'>List<\/desc>\n<path d=\"M3.2 20.8q0.64 0 1.12 0.48t0.48 1.12-0.48 1.12-1.12 0.48h-1.6q-0.64 0-1.12-0.48t-0.48-1.12 0.448-1.12 1.152-0.48h1.6zM3.2 14.4q0.64 0 1.12 0.48t0.48 1.12-0.48 1.12-1.12 0.48h-1.6q-0.64 0-1.12-0.48t-0.48-1.12 0.448-1.12 1.152-0.48h1.6zM3.2 8q0.64 0 1.12 0.48t0.48 1.12-0.48 1.12-1.12 0.48h-1.6q-0.64 0-1.12-0.48t-0.48-1.12 0.448-1.12 1.152-0.48h1.6zM9.6 11.2q-0.64 0-1.12-0.48t-0.48-1.12 0.48-1.12 1.12-0.48h11.2q0.704 0 1.152 0.48t0.448 1.12-0.48 1.12-1.12 0.48h-11.2zM20.8 14.4q0.704 0 1.152 0.48t0.448 1.12-0.48 1.12-1.12 0.48h-11.2q-0.64 0-1.12-0.48t-0.48-1.12 0.48-1.12 1.12-0.48h11.2zM20.8 20.8q0.704 0 1.152 0.48t0.448 1.12-0.48 1.12-1.12 0.48h-11.2q-0.64 0-1.12-0.48t-0.48-1.12 0.48-1.12 1.12-0.48h11.2z\"><\/path>\n<\/svg><\/span><span class=\"av-current-placeholder\">Men\u00fc<\/span><\/a><ul id=\"menu-submenu\" class=\"av-subnav-menu\" role=\"menu\"><li role=\"menuitem\" id=\"menu-item-1722\" class=\"menu-item menu-item-type-post_type menu-item-object-page av-menu-button av-menu-button-colored menu-item-top-level menu-item-top-level-1\"><a href=\"https:\/\/dfvcg-events.de\/nachhaltigkeit\/?page_id=26\" itemprop=\"url\" tabindex=\"0\"><span class=\"avia-bullet\"><\/span><span class=\"avia-menu-text\">Jetzt anmelden<\/span><span class=\"avia-menu-fx\"><span class=\"avia-arrow-wrap\"><span class=\"avia-arrow\"><\/span><\/span><\/span><\/a><\/li>\n<li role=\"menuitem\" id=\"menu-item-1723\" class=\"menu-item menu-item-type-post_type menu-item-object-page menu-item-home menu-item-top-level menu-item-top-level-2\"><a href=\"https:\/\/dfvcg-events.de\/nachhaltigkeit\/\" itemprop=\"url\" tabindex=\"0\"><span class=\"avia-bullet\"><\/span><span class=\"avia-menu-text\">Forum Nachhaltigkeit<\/span><span class=\"avia-menu-fx\"><span class=\"avia-arrow-wrap\"><span class=\"avia-arrow\"><\/span><\/span><\/span><\/a><\/li>\n<li role=\"menuitem\" id=\"menu-item-1728\" class=\"menu-item menu-item-type-post_type menu-item-object-page menu-item-top-level menu-item-top-level-3\"><a href=\"https:\/\/dfvcg-events.de\/nachhaltigkeit\/programm-2021\/\" itemprop=\"url\" tabindex=\"0\"><span class=\"avia-bullet\"><\/span><span class=\"avia-menu-text\">Programm<\/span><span class=\"avia-menu-fx\"><span class=\"avia-arrow-wrap\"><span class=\"avia-arrow\"><\/span><\/span><\/span><\/a><\/li>\n<li role=\"menuitem\" id=\"menu-item-1729\" class=\"menu-item menu-item-type-post_type menu-item-object-page menu-item-top-level menu-item-top-level-4\"><a href=\"https:\/\/dfvcg-events.de\/nachhaltigkeit\/referenten-2021\/\" itemprop=\"url\" tabindex=\"0\"><span class=\"avia-bullet\"><\/span><span class=\"avia-menu-text\">Referenten<\/span><span class=\"avia-menu-fx\"><span class=\"avia-arrow-wrap\"><span class=\"avia-arrow\"><\/span><\/span><\/span><\/a><\/li>\n<li role=\"menuitem\" id=\"menu-item-1724\" class=\"menu-item menu-item-type-post_type menu-item-object-page menu-item-top-level menu-item-top-level-5\"><a href=\"https:\/\/dfvcg-events.de\/nachhaltigkeit\/aussteller-partner-2021\/\" itemprop=\"url\" tabindex=\"0\"><span class=\"avia-bullet\"><\/span><span class=\"avia-menu-text\">Aussteller &#038; Partner<\/span><span class=\"avia-menu-fx\"><span class=\"avia-arrow-wrap\"><span class=\"avia-arrow\"><\/span><\/span><\/span><\/a><\/li>\n<li role=\"menuitem\" id=\"menu-item-581\" class=\"menu-item menu-item-type-custom menu-item-object-custom menu-item-has-children menu-item-top-level menu-item-top-level-6\"><a href=\"#\" itemprop=\"url\" tabindex=\"0\"><span class=\"avia-bullet\"><\/span><span class=\"avia-menu-text\">Service<\/span><span class=\"avia-menu-fx\"><span class=\"avia-arrow-wrap\"><span class=\"avia-arrow\"><\/span><\/span><\/span><\/a>\n\n\n<ul class=\"sub-menu\">\n\t<li role=\"menuitem\" id=\"menu-item-1727\" class=\"menu-item menu-item-type-post_type menu-item-object-page\"><a href=\"https:\/\/dfvcg-events.de\/nachhaltigkeit\/hotel-anreise\/\" itemprop=\"url\" tabindex=\"0\"><span class=\"avia-bullet\"><\/span><span class=\"avia-menu-text\">Hotel &amp; Anreise<\/span><\/a><\/li>\n\t<li role=\"menuitem\" id=\"menu-item-1731\" class=\"menu-item menu-item-type-post_type menu-item-object-page\"><a href=\"https:\/\/dfvcg-events.de\/nachhaltigkeit\/kontakt\/\" itemprop=\"url\" tabindex=\"0\"><span class=\"avia-bullet\"><\/span><span class=\"avia-menu-text\">Kontakt<\/span><\/a><\/li>\n\t<li role=\"menuitem\" id=\"menu-item-1725\" class=\"menu-item menu-item-type-post_type menu-item-object-page menu-item-has-children\"><a href=\"https:\/\/dfvcg-events.de\/nachhaltigkeit\/download-center-2021\/\" itemprop=\"url\" tabindex=\"0\"><span class=\"avia-bullet\"><\/span><span class=\"avia-menu-text\">Download-Center<\/span><\/a>\n\t<ul class=\"sub-menu\">\n\t\t<li role=\"menuitem\" id=\"menu-item-1726\" class=\"menu-item menu-item-type-post_type menu-item-object-page\"><a href=\"https:\/\/dfvcg-events.de\/nachhaltigkeit\/download-center-2021\/teilnehmerbereich-2021\/\" itemprop=\"url\" tabindex=\"0\"><span class=\"avia-bullet\"><\/span><span class=\"avia-menu-text\">Teilnehmerbereich<\/span><\/a><\/li>\n\t<\/ul>\n<\/li>\n<\/ul>\n<\/li>\n<\/ul><\/div><\/div><div class='sticky_placeholder'><\/div>\n<div id='av_section_1'  class='avia-section av-k7yuhjt1-676f3ed4420f2c40c202d201fc1a3016 main_color avia-section-default avia-no-border-styling  avia-builder-el-1  el_after_av_submenu  el_before_av_heading  header-farbe avia-bg-style-scroll container_wrap fullsize'  ><div class='container av-section-cont-open' ><div class='template-page content  av-content-full alpha units'><div class='post-entry post-entry-type-page post-entry-158'><div class='entry-content-wrapper clearfix'>\n\n<style type=\"text\/css\" data-created_by=\"avia_inline_auto\" id=\"style-css-av-kkdxfqit-0dc1730c7b5d8e3bc6c26ffa7cd65c52\">\n#top .av-special-heading.av-kkdxfqit-0dc1730c7b5d8e3bc6c26ffa7cd65c52{\npadding-bottom:0;\n}\nbody .av-special-heading.av-kkdxfqit-0dc1730c7b5d8e3bc6c26ffa7cd65c52 .av-special-heading-tag .heading-char{\nfont-size:25px;\n}\n.av-special-heading.av-kkdxfqit-0dc1730c7b5d8e3bc6c26ffa7cd65c52 .av-subheading{\nfont-size:19px;\n}\n<\/style>\n<div  class='av-special-heading av-kkdxfqit-0dc1730c7b5d8e3bc6c26ffa7cd65c52 av-special-heading-h1 blockquote modern-quote  avia-builder-el-2  avia-builder-el-no-sibling '><div class='av-subheading av-subheading_above'><p>Forum Nachhaltigkeit<\/p>\n<\/div><h1 class='av-special-heading-tag '  itemprop=\"headline\"  >Hotel <span class='special_amp'>&amp;<\/span> Anreise<\/h1><div class=\"special-heading-border\"><div class=\"special-heading-inner-border\"><\/div><\/div><\/div>\n<\/div><\/div><\/div><!-- close content main div --><\/div><\/div><div id='after_section_1'  class='main_color av_default_container_wrap container_wrap fullsize'  ><div class='container av-section-cont-open' ><div class='template-page content  av-content-full alpha units'><div class='post-entry post-entry-type-page post-entry-158'><div class='entry-content-wrapper clearfix'>\n\n<style type=\"text\/css\" data-created_by=\"avia_inline_auto\" id=\"style-css-av-av_heading-f23825264829263baa5e2fc300b16b2b\">\n#top .av-special-heading.av-av_heading-f23825264829263baa5e2fc300b16b2b{\npadding-bottom:35px;\n}\nbody .av-special-heading.av-av_heading-f23825264829263baa5e2fc300b16b2b .av-special-heading-tag .heading-char{\nfont-size:25px;\n}\n.av-special-heading.av-av_heading-f23825264829263baa5e2fc300b16b2b .av-subheading{\nfont-size:19px;\n}\n<\/style>\n<div  class='av-special-heading av-av_heading-f23825264829263baa5e2fc300b16b2b av-special-heading-h2 blockquote modern-quote  avia-builder-el-3  el_after_av_section  el_before_av_section  avia-builder-el-no-sibling '><h2 class='av-special-heading-tag '  itemprop=\"headline\"  >7. Oktober 2021<\/h2><div class='av-subheading av-subheading_below'><p>Scandic Frankfurt Museumsufer | Frankfurt am Main<\/p>\n<\/div><div class=\"special-heading-border\"><div class=\"special-heading-inner-border\"><\/div><\/div><\/div>\n<\/div><\/div><\/div><!-- close content main div --><\/div><\/div><div id='av_section_2'  class='avia-section av-kasq6ann-4c180856afc4bd20156057bb8cc7eb25 main_color avia-section-default avia-no-border-styling  avia-builder-el-4  el_after_av_heading  el_before_av_section  avia-bg-style-scroll container_wrap fullsize'  ><div class='container av-section-cont-open' ><div class='template-page content  av-content-full alpha units'><div class='post-entry post-entry-type-page post-entry-158'><div class='entry-content-wrapper clearfix'>\n<div class='flex_column_table av-g3kbi-5f8daf6809d7348e4b48acf57edb572c sc-av_one_fourth av-break-at-tablet-flextable av-equal-height-column-flextable'>\n<style type=\"text\/css\" data-created_by=\"avia_inline_auto\" id=\"style-css-av-g3kbi-5f8daf6809d7348e4b48acf57edb572c\">\n.flex_column.av-g3kbi-5f8daf6809d7348e4b48acf57edb572c{\nborder-radius:0px 0px 0px 0px;\npadding:0px 0px 0px 0px;\n}\n<\/style>\n<div  class='flex_column av-g3kbi-5f8daf6809d7348e4b48acf57edb572c av_one_fourth  avia-builder-el-5  el_before_av_three_fourth  avia-builder-el-first  first av-break-at-tablet flex_column_table_cell av-equal-height-column av-align-middle av-zero-column-padding  '     ><p>\n<style type=\"text\/css\" data-created_by=\"avia_inline_auto\" id=\"style-css-av-7c7p2-50edd5d9313cb24012f798ade7fc0bcf\">\n#top .av-special-heading.av-7c7p2-50edd5d9313cb24012f798ade7fc0bcf{\npadding-bottom:25px;\n}\nbody .av-special-heading.av-7c7p2-50edd5d9313cb24012f798ade7fc0bcf .av-special-heading-tag .heading-char{\nfont-size:25px;\n}\n.av-special-heading.av-7c7p2-50edd5d9313cb24012f798ade7fc0bcf .av-subheading{\nfont-size:19px;\n}\n<\/style>\n<div  class='av-special-heading av-7c7p2-50edd5d9313cb24012f798ade7fc0bcf av-special-heading-h3 blockquote modern-quote  avia-builder-el-6  el_before_av_textblock  avia-builder-el-first '><h3 class='av-special-heading-tag '  itemprop=\"headline\"  >Veranstaltungsort<\/h3><div class=\"special-heading-border\"><div class=\"special-heading-inner-border\"><\/div><\/div><\/div><br \/>\n<section  class='av_textblock_section av-k7z3il24-9566662f4ae51f1dabb4464f38c5f31a '   itemscope=\"itemscope\" itemtype=\"https:\/\/schema.org\/CreativeWork\" ><div class='avia_textblock'  itemprop=\"text\" ><p><strong>Scandic Frankfurt Museumsufer<\/strong><\/p>\n<p>Wilhelm-Leuschner-Stra\u00dfe 44<br \/>\n60329 Frankfurt am Main<\/p>\n<p>Telefon: 069 9074590<\/p>\n<\/div><\/section><\/p><\/div><div class='av-flex-placeholder'><\/div>\n<style type=\"text\/css\" data-created_by=\"avia_inline_auto\" id=\"style-css-av-g3kbi-7bf19c91c2fa31850bf7a080e8fd9c83\">\n.flex_column.av-g3kbi-7bf19c91c2fa31850bf7a080e8fd9c83{\nborder-radius:0px 0px 0px 0px;\npadding:0px 0px 0px 0px;\n}\n<\/style>\n<div  class='flex_column av-g3kbi-7bf19c91c2fa31850bf7a080e8fd9c83 av_three_fourth  avia-builder-el-8  el_after_av_one_fourth  avia-builder-el-last  av-break-at-tablet flex_column_table_cell av-equal-height-column av-align-middle av-zero-column-padding  '     ><div  class='av_gmaps_sc_main_wrap av_gmaps_main_wrap '><div id='av_gmap_0' class='avia-google-map-container avia-google-map-sc av_gmaps_show_unconditionally av-no-fallback-img ' data-mapid='av_gmap_0'  style='height: 400px;'><a class=\"av_gmaps_browser_disabled av_text_confirm_link av_text_confirm_link_visible\" href=\"https:\/\/www.google.com\/maps\/search\/?api=1&#038;query=Wilhelm-Leuschner-Stra\u00dfe%2044%20%2060329%20%20Frankfurt\" target=\"_blank\">Karten wurden vom Besucher auf dieser Webseite deaktiviert. Klicken Sie hier, um die Karte in einem neuen Fenster zu \u00f6ffnen.<\/a><\/div><\/div><\/div><\/div><!--close column table wrapper. Autoclose: 1 -->\n\n<\/div><\/div><\/div><!-- close content main div --><\/div><\/div><div id='av_section_3'  class='avia-section av-k7z9vjbr-f03eed16e0b5a73415541a971347cd58 main_color avia-section-default avia-no-shadow  avia-builder-el-10  el_after_av_section  el_before_av_section  avia-bg-style-scroll container_wrap fullsize'  ><div class='container av-section-cont-open' ><div class='template-page content  av-content-full alpha units'><div class='post-entry post-entry-type-page post-entry-158'><div class='entry-content-wrapper clearfix'>\n\n<style type=\"text\/css\" data-created_by=\"avia_inline_auto\" id=\"style-css-av-av_heading-a14dab4ee6c421ec62fb30eff2b377fe\">\n#top .av-special-heading.av-av_heading-a14dab4ee6c421ec62fb30eff2b377fe{\npadding-bottom:25px;\n}\nbody .av-special-heading.av-av_heading-a14dab4ee6c421ec62fb30eff2b377fe .av-special-heading-tag .heading-char{\nfont-size:25px;\n}\n.av-special-heading.av-av_heading-a14dab4ee6c421ec62fb30eff2b377fe .av-subheading{\nfont-size:19px;\n}\n<\/style>\n<div  class='av-special-heading av-av_heading-a14dab4ee6c421ec62fb30eff2b377fe av-special-heading-h3 blockquote modern-quote  avia-builder-el-11  el_before_av_textblock  avia-builder-el-first '><h3 class='av-special-heading-tag '  itemprop=\"headline\"  >Zimmerreservierung<\/h3><div class=\"special-heading-border\"><div class=\"special-heading-inner-border\"><\/div><\/div><\/div>\n<section  class='av_textblock_section av-k7z3il24-9566662f4ae51f1dabb4464f38c5f31a '   itemscope=\"itemscope\" itemtype=\"https:\/\/schema.org\/CreativeWork\" ><div class='avia_textblock'  itemprop=\"text\" ><p><strong>Scandic Hotel Museumsufer Frankfurt<br \/>\n<\/strong>Wilhelm-Leuschner-Stra\u00dfe 44<br \/>\n60329 Frankfurt<br \/>\nTelefon: +49 69 9074 59 0<br \/>\nE-Mail: <a href=\"&#x6d;&#x61;&#x69;&#x6c;&#x74;&#x6f;&#58;&#109;&#117;&#115;eums&#x75;&#x66;&#x65;&#x72;&#x40;&#x73;&#99;&#97;&#110;&#100;&#105;cho&#x74;&#x65;&#x6c;&#x73;&#x2e;&#x63;&#111;&#109;\">&#109;&#x75;s&#101;&#x75;m&#115;&#x75;f&#101;&#x72;&#64;&#115;&#x63;&#97;&#x6e;&#x64;&#105;&#x63;&#x68;&#111;&#x74;e&#108;&#x73;&#46;&#99;&#x6f;m<\/a><\/p>\n<p>Weitere Informationen zum Hotel und die Anfahrtsbeschreibung finden Sie <a href=\"https:\/\/www.scandichotels.de\/hotelsuche\/deutschland\/frankfurt\/scandic-frankfurt-museumsufer?cmpid=ppc_BH2d&amp;s_kwcid=AL!7589!3!448581423591!b!!g!!%2Bscandic%20%2Bmuseumsufer&amp;gclid=EAIaIQobChMI8rrVscK57gIVjrmyCh0QSwDgEAAYASAAEgJRAfD_BwE\" target=\"_blank\" rel=\"noopener\">hier<\/a>.<\/p>\n<p><strong>Bitte nehmen Sie die Buchung \u00fcber <\/strong><a href=\"https:\/\/www.scandichotels.de\/hotelreservation\/select-hotel?city=FRANKFURT&amp;fromDate=2021-10-6&amp;toDate=2021-10-7&amp;room%5b0%5d.adults=1&amp;bookingCode=BDFV061021&amp;_ga=2.257664905.320168829.1617707675-380584914.1616684105\">diesen<\/a><a href=\"https:\/\/www.scandichotels.de\/hotelreservation\/select-hotel?city=FRANKFURT&amp;fromDate=2021-10-6&amp;toDate=2021-10-7&amp;room%5b0%5d.adults=1&amp;bookingCode=BDFV061021&amp;_ga=2.257664905.320168829.1617707675-380584914.1616684105\"> Link <\/a><strong>vor.<\/strong><\/p>\n<\/div><\/section>\n<\/div><\/div><\/div><!-- close content main div --><\/div><\/div><div id='av_section_4'  class='avia-section av-k7z9vjbr-3c94b2d294d5929377553139055f6459 main_color avia-section-default avia-no-shadow  avia-builder-el-13  el_after_av_section  avia-builder-el-last  av-desktop-hide av-medium-hide av-small-hide av-mini-hide avia-bg-style-scroll container_wrap fullsize'  ><div class='container av-section-cont-open' ><div class='template-page content  av-content-full alpha units'><div class='post-entry post-entry-type-page post-entry-158'><div class='entry-content-wrapper clearfix'>\n\n<style type=\"text\/css\" data-created_by=\"avia_inline_auto\" id=\"style-css-av-80eu6-05b9cab3c085a32568044594e8e78a36\">\n#top .av-special-heading.av-80eu6-05b9cab3c085a32568044594e8e78a36{\npadding-bottom:25px;\n}\nbody .av-special-heading.av-80eu6-05b9cab3c085a32568044594e8e78a36 .av-special-heading-tag .heading-char{\nfont-size:25px;\n}\n.av-special-heading.av-80eu6-05b9cab3c085a32568044594e8e78a36 .av-subheading{\nfont-size:19px;\n}\n<\/style>\n<div  class='av-special-heading av-80eu6-05b9cab3c085a32568044594e8e78a36 av-special-heading-h3 blockquote modern-quote  avia-builder-el-14  el_before_av_textblock  avia-builder-el-first '><h3 class='av-special-heading-tag '  itemprop=\"headline\"  >Anreise<\/h3><div class=\"special-heading-border\"><div class=\"special-heading-inner-border\"><\/div><\/div><\/div>\n<section  class='av_textblock_section av-k7z3il24-9566662f4ae51f1dabb4464f38c5f31a '   itemscope=\"itemscope\" itemtype=\"https:\/\/schema.org\/CreativeWork\" ><div class='avia_textblock'  itemprop=\"text\" ><p><strong>Parkm\u00f6glichkeiten:<\/strong><br \/>\n\u00dcber das \u00f6ffentliche APCOA Parkhaus Hotel Intercontinental (3,90 \u20ac \/ Stunde) haben Sie einen direkten und barrierefreien Zugang zum Veranstaltungshotel. Alternativ steht Ihnen das \u00f6ffentliche Parkhaus Untermainanlage nur 6 Gehminuten vom Hotel t\u00e4glich von 06:00 bis 00:00 Uhr zur Verf\u00fcgung (Ausfahrten sind jederzeit m\u00f6glich).<\/p>\n<p><strong>Reisen Sie bequem mit der Deutschen Bahn:<\/strong><br \/>\nMit dem Kooperationsangebot von der dfv Conference Group und der Deutschen Bahn reisen Sie entspannt und komfortabel zu unseren Kongressen.<br \/>\n<a href=\"https:\/\/dfvcg-events.de\/nachhaltigkeit\/wp-content\/uploads\/sites\/17\/2020\/08\/Deutsche-Bahn-Nachhaltigkeit-wagen.pdf\" target=\"_blank\" rel=\"noopener\">Weitere Informationen finden Sie hier.<\/a><\/p>\n<p><strong>Sondertarife der Lufthansa Group Partner Airlines:<\/strong><br \/>\nDie Lufthansa Group Partner Airlines offerieren ein globales Streckennetz, das alle gr\u00f6\u00dferen Metropolen der Welt miteinander verbindet. Als Airline-Partner bieten die Lufthansa Group Partner Airlines verg\u00fcnstigte Flugpreise und Sonderbedingungen f\u00fcr Teilnehmer, Besucher, Aussteller, geladene G\u00e4ste und Angestellte des Vertragspartners sowie deren Begleitung.<\/p>\n<p>Um Ihre Buchung vorzunehmen, klicken Sie bitte auf diesen Link <a href=\"https:\/\/www.lufthansa.com\/de\/de\/meetings-und-events-teilnehmer\" target=\"_blank\" rel=\"noopener\">www.lh.com\/Event-Flugbuchung<\/a> und geben den <strong>Zugangscode DEZQDKD<\/strong> in das Feld \u201eZugang zu Ihrem Lufthansa Angebot\u201c ein. Von dort aus werden Sie direkt auf die Online-Buchungs-Plattform geleitet. Automatisch wird Ihnen der erm\u00e4\u00dfigte Flugpreis angezeigt. Sollten g\u00fcnstigere Aktionstarife verf\u00fcgbar sein, werden auch diese automatisch angezeigt.<\/p>\n<p>Achtung: Lassen Sie Popups auf diese Website dauerhaft zu, da sich andernfalls das Fenster der Buchungsplattform nicht \u00f6ffnet.<\/p>\n<p>Die erm\u00e4\u00dfigten Tarife k\u00f6nnen Sie auch \u00fcber Ihr IATA-Reiseb\u00fcro beziehen. Reiseb\u00fcros haben die M\u00f6glichkeit, die Ticketing Instructions unter Angabe des Zugangscodes via eMail an <a href=\"&#109;a&#x69;l&#x74;o&#x3a;&#108;&#x75;&#102;&#x74;&#104;a&#x6e;s&#x61;&#46;&#x6d;&#111;&#x62;&#105;&#x6c;&#105;&#x74;&#121;&#64;&#x64;l&#x68;&#46;&#x64;&#101;\">&#108;&#x75;f&#x74;&#x68;&#97;&#x6e;s&#97;&#x2e;&#109;&#x6f;b&#105;&#x6c;i&#x74;y&#64;&#x64;l&#x68;&#x2e;&#100;&#x65;<\/a> anzufordern.<\/p>\n<\/div><\/section>\n<\/p>\n","protected":false},"excerpt":{"rendered":"","protected":false},"author":1,"featured_media":0,"parent":0,"menu_order":0,"comment_status":"closed","ping_status":"closed","template":"","meta":{"footnotes":""},"class_list":["post-158","page","type-page","status-publish","hentry"],"yoast_head":"<!-- This site is optimized with the Yoast SEO plugin v27.3 - https:\/\/yoast.com\/product\/yoast-seo-wordpress\/ -->\n<title>Hotel &amp; Anreise - Forum Nachhaltigkeit<\/title>\n<meta name=\"robots\" content=\"noindex, follow, max-snippet:-1, max-image-preview:large, max-video-preview:-1\" \/>\n<meta property=\"og:locale\" content=\"de_DE\" \/>\n<meta property=\"og:type\" content=\"article\" \/>\n<meta property=\"og:title\" content=\"Hotel &amp; Anreise - Forum Nachhaltigkeit\" \/>\n<meta property=\"og:url\" content=\"https:\/\/dfvcg-events.de\/nachhaltigkeit\/hotel-anreise\/\" \/>\n<meta property=\"og:site_name\" content=\"Forum Nachhaltigkeit | Frankfurt\" \/>\n<meta property=\"article:modified_time\" content=\"2021-04-13T17:46:40+00:00\" \/>\n<meta name=\"twitter:card\" content=\"summary_large_image\" \/>\n<meta name=\"twitter:label1\" content=\"Gesch\u00e4tzte Lesezeit\" \/>\n\t<meta name=\"twitter:data1\" content=\"9\u00a0Minuten\" \/>\n<script type=\"application\/ld+json\" class=\"yoast-schema-graph\">{\"@context\":\"https:\\\/\\\/schema.org\",\"@graph\":[{\"@type\":\"WebPage\",\"@id\":\"https:\\\/\\\/dfvcg-events.de\\\/nachhaltigkeit\\\/hotel-anreise\\\/\",\"url\":\"https:\\\/\\\/dfvcg-events.de\\\/nachhaltigkeit\\\/hotel-anreise\\\/\",\"name\":\"Hotel &amp; Anreise - Forum Nachhaltigkeit\",\"isPartOf\":{\"@id\":\"https:\\\/\\\/dfvcg-events.de\\\/nachhaltigkeit\\\/#website\"},\"datePublished\":\"2020-03-19T21:30:05+00:00\",\"dateModified\":\"2021-04-13T17:46:40+00:00\",\"breadcrumb\":{\"@id\":\"https:\\\/\\\/dfvcg-events.de\\\/nachhaltigkeit\\\/hotel-anreise\\\/#breadcrumb\"},\"inLanguage\":\"de\",\"potentialAction\":[{\"@type\":\"ReadAction\",\"target\":[\"https:\\\/\\\/dfvcg-events.de\\\/nachhaltigkeit\\\/hotel-anreise\\\/\"]}]},{\"@type\":\"BreadcrumbList\",\"@id\":\"https:\\\/\\\/dfvcg-events.de\\\/nachhaltigkeit\\\/hotel-anreise\\\/#breadcrumb\",\"itemListElement\":[{\"@type\":\"ListItem\",\"position\":1,\"name\":\"Startseite\",\"item\":\"https:\\\/\\\/dfvcg-events.de\\\/nachhaltigkeit\\\/\"},{\"@type\":\"ListItem\",\"position\":2,\"name\":\"Hotel &amp; Anreise\"}]},{\"@type\":\"WebSite\",\"@id\":\"https:\\\/\\\/dfvcg-events.de\\\/nachhaltigkeit\\\/#website\",\"url\":\"https:\\\/\\\/dfvcg-events.de\\\/nachhaltigkeit\\\/\",\"name\":\"Forum Nachhaltigkeit | Frankfurt\",\"description\":\"dfv Conference Group\",\"potentialAction\":[{\"@type\":\"SearchAction\",\"target\":{\"@type\":\"EntryPoint\",\"urlTemplate\":\"https:\\\/\\\/dfvcg-events.de\\\/nachhaltigkeit\\\/?s={search_term_string}\"},\"query-input\":{\"@type\":\"PropertyValueSpecification\",\"valueRequired\":true,\"valueName\":\"search_term_string\"}}],\"inLanguage\":\"de\"}]}<\/script>\n<!-- \/ Yoast SEO plugin. -->","yoast_head_json":{"title":"Hotel &amp; Anreise - Forum Nachhaltigkeit","robots":{"index":"noindex","follow":"follow","max-snippet":"max-snippet:-1","max-image-preview":"max-image-preview:large","max-video-preview":"max-video-preview:-1"},"og_locale":"de_DE","og_type":"article","og_title":"Hotel &amp; Anreise - Forum Nachhaltigkeit","og_url":"https:\/\/dfvcg-events.de\/nachhaltigkeit\/hotel-anreise\/","og_site_name":"Forum Nachhaltigkeit | Frankfurt","article_modified_time":"2021-04-13T17:46:40+00:00","twitter_card":"summary_large_image","twitter_misc":{"Gesch\u00e4tzte Lesezeit":"9\u00a0Minuten"},"schema":{"@context":"https:\/\/schema.org","@graph":[{"@type":"WebPage","@id":"https:\/\/dfvcg-events.de\/nachhaltigkeit\/hotel-anreise\/","url":"https:\/\/dfvcg-events.de\/nachhaltigkeit\/hotel-anreise\/","name":"Hotel &amp; Anreise - Forum Nachhaltigkeit","isPartOf":{"@id":"https:\/\/dfvcg-events.de\/nachhaltigkeit\/#website"},"datePublished":"2020-03-19T21:30:05+00:00","dateModified":"2021-04-13T17:46:40+00:00","breadcrumb":{"@id":"https:\/\/dfvcg-events.de\/nachhaltigkeit\/hotel-anreise\/#breadcrumb"},"inLanguage":"de","potentialAction":[{"@type":"ReadAction","target":["https:\/\/dfvcg-events.de\/nachhaltigkeit\/hotel-anreise\/"]}]},{"@type":"BreadcrumbList","@id":"https:\/\/dfvcg-events.de\/nachhaltigkeit\/hotel-anreise\/#breadcrumb","itemListElement":[{"@type":"ListItem","position":1,"name":"Startseite","item":"https:\/\/dfvcg-events.de\/nachhaltigkeit\/"},{"@type":"ListItem","position":2,"name":"Hotel &amp; Anreise"}]},{"@type":"WebSite","@id":"https:\/\/dfvcg-events.de\/nachhaltigkeit\/#website","url":"https:\/\/dfvcg-events.de\/nachhaltigkeit\/","name":"Forum Nachhaltigkeit | Frankfurt","description":"dfv Conference Group","potentialAction":[{"@type":"SearchAction","target":{"@type":"EntryPoint","urlTemplate":"https:\/\/dfvcg-events.de\/nachhaltigkeit\/?s={search_term_string}"},"query-input":{"@type":"PropertyValueSpecification","valueRequired":true,"valueName":"search_term_string"}}],"inLanguage":"de"}]}},"_links":{"self":[{"href":"https:\/\/dfvcg-events.de\/nachhaltigkeit\/wp-json\/wp\/v2\/pages\/158","targetHints":{"allow":["GET"]}}],"collection":[{"href":"https:\/\/dfvcg-events.de\/nachhaltigkeit\/wp-json\/wp\/v2\/pages"}],"about":[{"href":"https:\/\/dfvcg-events.de\/nachhaltigkeit\/wp-json\/wp\/v2\/types\/page"}],"author":[{"embeddable":true,"href":"https:\/\/dfvcg-events.de\/nachhaltigkeit\/wp-json\/wp\/v2\/users\/1"}],"replies":[{"embeddable":true,"href":"https:\/\/dfvcg-events.de\/nachhaltigkeit\/wp-json\/wp\/v2\/comments?post=158"}],"version-history":[{"count":0,"href":"https:\/\/dfvcg-events.de\/nachhaltigkeit\/wp-json\/wp\/v2\/pages\/158\/revisions"}],"wp:attachment":[{"href":"https:\/\/dfvcg-events.de\/nachhaltigkeit\/wp-json\/wp\/v2\/media?parent=158"}],"curies":[{"name":"wp","href":"https:\/\/api.w.org\/{rel}","templated":true}]}}