{"id":1572,"date":"2020-12-04T17:24:09","date_gmt":"2020-12-04T16:24:09","guid":{"rendered":"https:\/\/dfvcg-events.de\/nachhaltigkeit\/?page_id=1572"},"modified":"2021-04-13T19:44:50","modified_gmt":"2021-04-13T17:44:50","slug":"teilnehmerbereich-2021","status":"publish","type":"page","link":"https:\/\/dfvcg-events.de\/nachhaltigkeit\/download-center-2021\/teilnehmerbereich-2021\/","title":{"rendered":"Teilnehmerbereich 2021"},"content":{"rendered":"<div class='clear'><\/div><div id='sub_menu1'  class='av-submenu-container av-k7xs13ge-5299e7ad8db48b67a374cf453fc34006 alternate_color av-switch-990  avia-builder-el-0  el_before_av_section  avia-builder-el-first  av-sticky-submenu container_wrap fullsize' style='z-index:301' ><div class='container av-menu-mobile-active av-submenu-pos-left av-submenu-hidden'><a href=\"#\" class=\"mobile_menu_toggle\"><span class='avia-svg-icon avia-font-svg_entypo-fontello' data-av_svg_icon='list' data-av_iconset='svg_entypo-fontello'><svg version=\"1.1\" xmlns=\"http:\/\/www.w3.org\/2000\/svg\" width=\"22\" height=\"32\" viewBox=\"0 0 22 32\" preserveAspectRatio=\"xMidYMid meet\" aria-labelledby='av-svg-title-1' aria-describedby='av-svg-desc-1' role=\"graphics-symbol\" aria-hidden=\"true\">\n<title id='av-svg-title-1'>List<\/title>\n<desc id='av-svg-desc-1'>List<\/desc>\n<path d=\"M3.2 20.8q0.64 0 1.12 0.48t0.48 1.12-0.48 1.12-1.12 0.48h-1.6q-0.64 0-1.12-0.48t-0.48-1.12 0.448-1.12 1.152-0.48h1.6zM3.2 14.4q0.64 0 1.12 0.48t0.48 1.12-0.48 1.12-1.12 0.48h-1.6q-0.64 0-1.12-0.48t-0.48-1.12 0.448-1.12 1.152-0.48h1.6zM3.2 8q0.64 0 1.12 0.48t0.48 1.12-0.48 1.12-1.12 0.48h-1.6q-0.64 0-1.12-0.48t-0.48-1.12 0.448-1.12 1.152-0.48h1.6zM9.6 11.2q-0.64 0-1.12-0.48t-0.48-1.12 0.48-1.12 1.12-0.48h11.2q0.704 0 1.152 0.48t0.448 1.12-0.48 1.12-1.12 0.48h-11.2zM20.8 14.4q0.704 0 1.152 0.48t0.448 1.12-0.48 1.12-1.12 0.48h-11.2q-0.64 0-1.12-0.48t-0.48-1.12 0.48-1.12 1.12-0.48h11.2zM20.8 20.8q0.704 0 1.152 0.48t0.448 1.12-0.48 1.12-1.12 0.48h-11.2q-0.64 0-1.12-0.48t-0.48-1.12 0.48-1.12 1.12-0.48h11.2z\"><\/path>\n<\/svg><\/span><span class=\"av-current-placeholder\">Men\u00fc<\/span><\/a><ul id=\"menu-submenu\" class=\"av-subnav-menu\" role=\"menu\"><li role=\"menuitem\" id=\"menu-item-1722\" class=\"menu-item menu-item-type-post_type menu-item-object-page av-menu-button av-menu-button-colored menu-item-top-level menu-item-top-level-1\"><a href=\"https:\/\/dfvcg-events.de\/nachhaltigkeit\/?page_id=26\" itemprop=\"url\" tabindex=\"0\"><span class=\"avia-bullet\"><\/span><span class=\"avia-menu-text\">Jetzt anmelden<\/span><span class=\"avia-menu-fx\"><span class=\"avia-arrow-wrap\"><span class=\"avia-arrow\"><\/span><\/span><\/span><\/a><\/li>\n<li role=\"menuitem\" id=\"menu-item-1723\" class=\"menu-item menu-item-type-post_type menu-item-object-page menu-item-home menu-item-top-level menu-item-top-level-2\"><a href=\"https:\/\/dfvcg-events.de\/nachhaltigkeit\/\" itemprop=\"url\" tabindex=\"0\"><span class=\"avia-bullet\"><\/span><span class=\"avia-menu-text\">Forum Nachhaltigkeit<\/span><span class=\"avia-menu-fx\"><span class=\"avia-arrow-wrap\"><span class=\"avia-arrow\"><\/span><\/span><\/span><\/a><\/li>\n<li role=\"menuitem\" id=\"menu-item-1728\" class=\"menu-item menu-item-type-post_type menu-item-object-page menu-item-top-level menu-item-top-level-3\"><a href=\"https:\/\/dfvcg-events.de\/nachhaltigkeit\/programm-2021\/\" itemprop=\"url\" tabindex=\"0\"><span class=\"avia-bullet\"><\/span><span class=\"avia-menu-text\">Programm<\/span><span class=\"avia-menu-fx\"><span class=\"avia-arrow-wrap\"><span class=\"avia-arrow\"><\/span><\/span><\/span><\/a><\/li>\n<li role=\"menuitem\" id=\"menu-item-1729\" class=\"menu-item menu-item-type-post_type menu-item-object-page menu-item-top-level menu-item-top-level-4\"><a href=\"https:\/\/dfvcg-events.de\/nachhaltigkeit\/referenten-2021\/\" itemprop=\"url\" tabindex=\"0\"><span class=\"avia-bullet\"><\/span><span class=\"avia-menu-text\">Referenten<\/span><span class=\"avia-menu-fx\"><span class=\"avia-arrow-wrap\"><span class=\"avia-arrow\"><\/span><\/span><\/span><\/a><\/li>\n<li role=\"menuitem\" id=\"menu-item-1724\" class=\"menu-item menu-item-type-post_type menu-item-object-page menu-item-top-level menu-item-top-level-5\"><a href=\"https:\/\/dfvcg-events.de\/nachhaltigkeit\/aussteller-partner-2021\/\" itemprop=\"url\" tabindex=\"0\"><span class=\"avia-bullet\"><\/span><span class=\"avia-menu-text\">Aussteller &#038; Partner<\/span><span class=\"avia-menu-fx\"><span class=\"avia-arrow-wrap\"><span class=\"avia-arrow\"><\/span><\/span><\/span><\/a><\/li>\n<li role=\"menuitem\" id=\"menu-item-581\" class=\"menu-item menu-item-type-custom menu-item-object-custom menu-item-has-children menu-item-top-level menu-item-top-level-6\"><a href=\"#\" itemprop=\"url\" tabindex=\"0\"><span class=\"avia-bullet\"><\/span><span class=\"avia-menu-text\">Service<\/span><span class=\"avia-menu-fx\"><span class=\"avia-arrow-wrap\"><span class=\"avia-arrow\"><\/span><\/span><\/span><\/a>\n\n\n<ul class=\"sub-menu\">\n\t<li role=\"menuitem\" id=\"menu-item-1727\" class=\"menu-item menu-item-type-post_type menu-item-object-page\"><a href=\"https:\/\/dfvcg-events.de\/nachhaltigkeit\/hotel-anreise\/\" itemprop=\"url\" tabindex=\"0\"><span class=\"avia-bullet\"><\/span><span class=\"avia-menu-text\">Hotel &amp; Anreise<\/span><\/a><\/li>\n\t<li role=\"menuitem\" id=\"menu-item-1731\" class=\"menu-item menu-item-type-post_type menu-item-object-page\"><a href=\"https:\/\/dfvcg-events.de\/nachhaltigkeit\/kontakt\/\" itemprop=\"url\" tabindex=\"0\"><span class=\"avia-bullet\"><\/span><span class=\"avia-menu-text\">Kontakt<\/span><\/a><\/li>\n\t<li role=\"menuitem\" id=\"menu-item-1725\" class=\"menu-item menu-item-type-post_type menu-item-object-page menu-item-has-children\"><a href=\"https:\/\/dfvcg-events.de\/nachhaltigkeit\/download-center-2021\/\" itemprop=\"url\" tabindex=\"0\"><span class=\"avia-bullet\"><\/span><span class=\"avia-menu-text\">Download-Center<\/span><\/a>\n\t<ul class=\"sub-menu\">\n\t\t<li role=\"menuitem\" id=\"menu-item-1726\" class=\"menu-item menu-item-type-post_type menu-item-object-page\"><a href=\"https:\/\/dfvcg-events.de\/nachhaltigkeit\/download-center-2021\/teilnehmerbereich-2021\/\" itemprop=\"url\" tabindex=\"0\"><span class=\"avia-bullet\"><\/span><span class=\"avia-menu-text\">Teilnehmerbereich<\/span><\/a><\/li>\n\t<\/ul>\n<\/li>\n<\/ul>\n<\/li>\n<\/ul><\/div><\/div><div class='sticky_placeholder'><\/div>\n<div id='av_section_1'  class='avia-section av-k7yuhjt1-676f3ed4420f2c40c202d201fc1a3016 main_color avia-section-default avia-no-border-styling  avia-builder-el-1  el_after_av_submenu  el_before_av_textblock  header-farbe avia-bg-style-scroll container_wrap fullsize'  ><div class='container av-section-cont-open' ><div class='template-page content  av-content-full alpha units'><div class='post-entry post-entry-type-page post-entry-1572'><div class='entry-content-wrapper clearfix'>\n\n<style type=\"text\/css\" data-created_by=\"avia_inline_auto\" id=\"style-css-av-kkdxyx13-fc0283fc4d5281f78146f1d75974bac1\">\n#top .av-special-heading.av-kkdxyx13-fc0283fc4d5281f78146f1d75974bac1{\npadding-bottom:0;\n}\nbody .av-special-heading.av-kkdxyx13-fc0283fc4d5281f78146f1d75974bac1 .av-special-heading-tag .heading-char{\nfont-size:25px;\n}\n.av-special-heading.av-kkdxyx13-fc0283fc4d5281f78146f1d75974bac1 .av-subheading{\nfont-size:19px;\n}\n<\/style>\n<div  class='av-special-heading av-kkdxyx13-fc0283fc4d5281f78146f1d75974bac1 av-special-heading-h1 blockquote modern-quote  avia-builder-el-2  avia-builder-el-no-sibling '><div class='av-subheading av-subheading_above'><p>Forum Nachhaltigkeit<\/p>\n<\/div><h1 class='av-special-heading-tag '  itemprop=\"headline\"  >Teilnehmerbereich<\/h1><div class=\"special-heading-border\"><div class=\"special-heading-inner-border\"><\/div><\/div><\/div>\n<\/div><\/div><\/div><!-- close content main div --><\/div><\/div><div id='after_section_1'  class='main_color av_default_container_wrap container_wrap fullsize'  ><div class='container av-section-cont-open' ><div class='template-page content  av-content-full alpha units'><div class='post-entry post-entry-type-page post-entry-1572'><div class='entry-content-wrapper clearfix'><section  class='av_textblock_section av-k84maizr-673858fd9773375634b3aa79761fb966 '   itemscope=\"itemscope\" itemtype=\"https:\/\/schema.org\/CreativeWork\" ><div class='avia_textblock'  itemprop=\"text\" ><p>Die Teilnehmerliste ist eine Woche vor Veranstaltungsbeginn abrufbar. Nach Eingabe des Passworts k\u00f6nnen Sie diese auf Ihrem Rechner speichern. Die vom Referenten freigegebenen Pr\u00e4sentationen stehen Ihnen ca. eine Woche nach Kongressende zur Verf\u00fcgung.<\/p>\n<\/div><\/section><\/p>\n<\/div><\/div><\/div><!-- close content main div --><\/div><\/div><div id='av_section_2'  class='avia-section av-aoulu-2648c8be7989f2d26ecfafe763d5f72e main_color avia-section-default avia-no-shadow  avia-builder-el-4  el_after_av_textblock  el_before_av_textblock  avia-bg-style-scroll container_wrap fullsize'  ><div class='container av-section-cont-open' ><div class='template-page content  av-content-full alpha units'><div class='post-entry post-entry-type-page post-entry-1572'><div class='entry-content-wrapper clearfix'>\n<article  class='iconbox iconbox_left_content av-k84lzayj-851005b65bfce32e35cb636543a09d1b av-icon-style-no-border  avia-builder-el-5  avia-builder-el-no-sibling '  itemscope=\"itemscope\" itemtype=\"https:\/\/schema.org\/CreativeWork\" ><a href='https:\/\/dfvcg-events.de\/nachhaltigkeit\/wp-content\/uploads\/sites\/17\/2020\/12\/Rainer-Roehl_201201_dfv_praesentation_v1.pdf' title='Teilnehmerliste Forum Nachhaltigkeit 2021' aria-label='Teilnehmerliste Forum Nachhaltigkeit 2021'  class='iconbox_icon heading-color avia-iconfont avia-font-entypo-fontello' data-av_icon='\ue80b' data-av_iconfont='entypo-fontello' title=\"Teilnehmerliste Forum Nachhaltigkeit 2021\" desc=\"Teilnehmerliste Forum Nachhaltigkeit 2021\" ><\/a><div class=\"iconbox_content\"><header class=\"entry-content-header\" aria-label=\"Icon: Teilnehmerliste Forum Nachhaltigkeit 2021\"><h3 class='iconbox_content_title '  itemprop=\"headline\" ><a href='https:\/\/dfvcg-events.de\/nachhaltigkeit\/wp-content\/uploads\/sites\/17\/2020\/12\/Rainer-Roehl_201201_dfv_praesentation_v1.pdf' title='Teilnehmerliste Forum Nachhaltigkeit 2021' >Teilnehmerliste Forum Nachhaltigkeit 2021<\/a><\/h3><\/header><div class='iconbox_content_container '  itemprop=\"text\" ><p>Stand ##.##.2021<\/p>\n<\/div><\/div><footer class=\"entry-footer\"><\/footer><\/article>\n<\/div><\/div><\/div><!-- close content main div --><\/div><\/div><div id='after_section_2'  class='main_color av_default_container_wrap container_wrap fullsize'  ><div class='container av-section-cont-open' ><div class='template-page content  av-content-full alpha units'><div class='post-entry post-entry-type-page post-entry-1572'><div class='entry-content-wrapper clearfix'><section  class='av_textblock_section av-k84maizr-673858fd9773375634b3aa79761fb966 '   itemscope=\"itemscope\" itemtype=\"https:\/\/schema.org\/CreativeWork\" ><div class='avia_textblock'  itemprop=\"text\" ><h5><strong>WICHTIG: Hier sind nur freigegebene Vortr\u00e4ge zum Download verf\u00fcgbar. Sollten Sie Interesse an einem Thema\/Vortrag haben, welches hier nicht aufgef\u00fchrt ist, kontaktieren Sie uns bitte. Wir werden dann den Kontakt zu dem Referenten f\u00fcr Sie herstellen.<\/strong><\/h5>\n<p>Raphael Como<br \/>\n<a href=\"&#109;&#x61;i&#108;&#x74;o&#58;&#x72;a&#112;&#x68;a&#101;&#x6c;&#46;&#99;&#x6f;m&#111;&#x40;d&#102;&#x76;c&#103;&#x2e;d&#101;\">&#114;&#97;&#x70;h&#97;&#x65;&#x6c;&#46;&#99;&#x6f;&#x6d;o&#64;&#x64;f&#118;&#x63;&#x67;&#46;&#100;&#x65;<\/a><br \/>\n069 7595 3022<\/p>\n<\/div><\/section><\/p>\n<\/div><\/div><\/div><!-- close content main div --><\/div><\/div><div id='av_section_3'  class='avia-section av-aoulu-2648c8be7989f2d26ecfafe763d5f72e main_color avia-section-default avia-no-shadow  avia-builder-el-7  el_after_av_textblock  avia-builder-el-last  avia-bg-style-scroll container_wrap fullsize'  ><div class='container av-section-cont-open' ><div class='template-page content  av-content-full alpha units'><div class='post-entry post-entry-type-page post-entry-1572'><div class='entry-content-wrapper clearfix'>\n<article  class='iconbox iconbox_left_content av-k84lzayj-f0deedd7fe73e6943b190b799e2ed8a6 av-icon-style-no-border  avia-builder-el-8  avia-builder-el-no-sibling '  itemscope=\"itemscope\" itemtype=\"https:\/\/schema.org\/CreativeWork\" ><a href='https:\/\/dfvcg-events.de\/nachhaltigkeit\/wp-content\/uploads\/sites\/17\/2020\/12\/Rainer-Roehl_201201_dfv_praesentation_v1.pdf' title='Titel' aria-label='Titel'  class='iconbox_icon heading-color avia-iconfont avia-font-entypo-fontello' data-av_icon='\ue85e' data-av_iconfont='entypo-fontello' title=\"Titel\" desc=\"Titel\" ><\/a><div class=\"iconbox_content\"><header class=\"entry-content-header\" aria-label=\"Icon: Titel\"><h3 class='iconbox_content_title '  itemprop=\"headline\" ><a href='https:\/\/dfvcg-events.de\/nachhaltigkeit\/wp-content\/uploads\/sites\/17\/2020\/12\/Rainer-Roehl_201201_dfv_praesentation_v1.pdf' title='Titel' >Titel<\/a><\/h3><\/header><div class='iconbox_content_container '  itemprop=\"text\" ><p>Referent, Unternehmen<\/p>\n<\/div><\/div><footer class=\"entry-footer\"><\/footer><\/article>\n\n","protected":false},"excerpt":{"rendered":"","protected":false},"author":1,"featured_media":0,"parent":1573,"menu_order":0,"comment_status":"closed","ping_status":"closed","template":"","meta":{"footnotes":""},"class_list":["post-1572","page","type-page","status-publish","hentry"],"yoast_head":"<!-- This site is optimized with the Yoast SEO plugin v27.3 - https:\/\/yoast.com\/product\/yoast-seo-wordpress\/ -->\n<title>Teilnehmerbereich - Forum Nachhaltigkeit<\/title>\n<meta name=\"robots\" content=\"noindex, follow, max-snippet:-1, max-image-preview:large, max-video-preview:-1\" \/>\n<meta property=\"og:locale\" content=\"de_DE\" \/>\n<meta property=\"og:type\" content=\"article\" \/>\n<meta property=\"og:title\" content=\"Teilnehmerbereich - Forum Nachhaltigkeit\" \/>\n<meta property=\"og:url\" content=\"https:\/\/dfvcg-events.de\/nachhaltigkeit\/download-center-2021\/teilnehmerbereich-2021\/\" \/>\n<meta property=\"og:site_name\" content=\"Forum Nachhaltigkeit | Frankfurt\" \/>\n<meta property=\"article:modified_time\" content=\"2021-04-13T17:44:50+00:00\" \/>\n<meta name=\"twitter:card\" content=\"summary_large_image\" \/>\n<meta name=\"twitter:label1\" content=\"Gesch\u00e4tzte Lesezeit\" \/>\n\t<meta name=\"twitter:data1\" content=\"4\u00a0Minuten\" \/>\n<script type=\"application\/ld+json\" class=\"yoast-schema-graph\">{\"@context\":\"https:\\\/\\\/schema.org\",\"@graph\":[{\"@type\":\"WebPage\",\"@id\":\"https:\\\/\\\/dfvcg-events.de\\\/nachhaltigkeit\\\/download-center-2021\\\/teilnehmerbereich-2021\\\/\",\"url\":\"https:\\\/\\\/dfvcg-events.de\\\/nachhaltigkeit\\\/download-center-2021\\\/teilnehmerbereich-2021\\\/\",\"name\":\"Teilnehmerbereich - Forum Nachhaltigkeit\",\"isPartOf\":{\"@id\":\"https:\\\/\\\/dfvcg-events.de\\\/nachhaltigkeit\\\/#website\"},\"datePublished\":\"2020-12-04T16:24:09+00:00\",\"dateModified\":\"2021-04-13T17:44:50+00:00\",\"breadcrumb\":{\"@id\":\"https:\\\/\\\/dfvcg-events.de\\\/nachhaltigkeit\\\/download-center-2021\\\/teilnehmerbereich-2021\\\/#breadcrumb\"},\"inLanguage\":\"de\",\"potentialAction\":[{\"@type\":\"ReadAction\",\"target\":[\"https:\\\/\\\/dfvcg-events.de\\\/nachhaltigkeit\\\/download-center-2021\\\/teilnehmerbereich-2021\\\/\"]}]},{\"@type\":\"BreadcrumbList\",\"@id\":\"https:\\\/\\\/dfvcg-events.de\\\/nachhaltigkeit\\\/download-center-2021\\\/teilnehmerbereich-2021\\\/#breadcrumb\",\"itemListElement\":[{\"@type\":\"ListItem\",\"position\":1,\"name\":\"Startseite\",\"item\":\"https:\\\/\\\/dfvcg-events.de\\\/nachhaltigkeit\\\/\"},{\"@type\":\"ListItem\",\"position\":2,\"name\":\"Download-Center 2021\",\"item\":\"https:\\\/\\\/dfvcg-events.de\\\/nachhaltigkeit\\\/download-center-2021\\\/\"},{\"@type\":\"ListItem\",\"position\":3,\"name\":\"Teilnehmerbereich 2021\"}]},{\"@type\":\"WebSite\",\"@id\":\"https:\\\/\\\/dfvcg-events.de\\\/nachhaltigkeit\\\/#website\",\"url\":\"https:\\\/\\\/dfvcg-events.de\\\/nachhaltigkeit\\\/\",\"name\":\"Forum Nachhaltigkeit | Frankfurt\",\"description\":\"dfv Conference Group\",\"potentialAction\":[{\"@type\":\"SearchAction\",\"target\":{\"@type\":\"EntryPoint\",\"urlTemplate\":\"https:\\\/\\\/dfvcg-events.de\\\/nachhaltigkeit\\\/?s={search_term_string}\"},\"query-input\":{\"@type\":\"PropertyValueSpecification\",\"valueRequired\":true,\"valueName\":\"search_term_string\"}}],\"inLanguage\":\"de\"}]}<\/script>\n<!-- \/ Yoast SEO plugin. -->","yoast_head_json":{"title":"Teilnehmerbereich - Forum Nachhaltigkeit","robots":{"index":"noindex","follow":"follow","max-snippet":"max-snippet:-1","max-image-preview":"max-image-preview:large","max-video-preview":"max-video-preview:-1"},"og_locale":"de_DE","og_type":"article","og_title":"Teilnehmerbereich - Forum Nachhaltigkeit","og_url":"https:\/\/dfvcg-events.de\/nachhaltigkeit\/download-center-2021\/teilnehmerbereich-2021\/","og_site_name":"Forum Nachhaltigkeit | Frankfurt","article_modified_time":"2021-04-13T17:44:50+00:00","twitter_card":"summary_large_image","twitter_misc":{"Gesch\u00e4tzte Lesezeit":"4\u00a0Minuten"},"schema":{"@context":"https:\/\/schema.org","@graph":[{"@type":"WebPage","@id":"https:\/\/dfvcg-events.de\/nachhaltigkeit\/download-center-2021\/teilnehmerbereich-2021\/","url":"https:\/\/dfvcg-events.de\/nachhaltigkeit\/download-center-2021\/teilnehmerbereich-2021\/","name":"Teilnehmerbereich - Forum Nachhaltigkeit","isPartOf":{"@id":"https:\/\/dfvcg-events.de\/nachhaltigkeit\/#website"},"datePublished":"2020-12-04T16:24:09+00:00","dateModified":"2021-04-13T17:44:50+00:00","breadcrumb":{"@id":"https:\/\/dfvcg-events.de\/nachhaltigkeit\/download-center-2021\/teilnehmerbereich-2021\/#breadcrumb"},"inLanguage":"de","potentialAction":[{"@type":"ReadAction","target":["https:\/\/dfvcg-events.de\/nachhaltigkeit\/download-center-2021\/teilnehmerbereich-2021\/"]}]},{"@type":"BreadcrumbList","@id":"https:\/\/dfvcg-events.de\/nachhaltigkeit\/download-center-2021\/teilnehmerbereich-2021\/#breadcrumb","itemListElement":[{"@type":"ListItem","position":1,"name":"Startseite","item":"https:\/\/dfvcg-events.de\/nachhaltigkeit\/"},{"@type":"ListItem","position":2,"name":"Download-Center 2021","item":"https:\/\/dfvcg-events.de\/nachhaltigkeit\/download-center-2021\/"},{"@type":"ListItem","position":3,"name":"Teilnehmerbereich 2021"}]},{"@type":"WebSite","@id":"https:\/\/dfvcg-events.de\/nachhaltigkeit\/#website","url":"https:\/\/dfvcg-events.de\/nachhaltigkeit\/","name":"Forum Nachhaltigkeit | Frankfurt","description":"dfv Conference Group","potentialAction":[{"@type":"SearchAction","target":{"@type":"EntryPoint","urlTemplate":"https:\/\/dfvcg-events.de\/nachhaltigkeit\/?s={search_term_string}"},"query-input":{"@type":"PropertyValueSpecification","valueRequired":true,"valueName":"search_term_string"}}],"inLanguage":"de"}]}},"_links":{"self":[{"href":"https:\/\/dfvcg-events.de\/nachhaltigkeit\/wp-json\/wp\/v2\/pages\/1572","targetHints":{"allow":["GET"]}}],"collection":[{"href":"https:\/\/dfvcg-events.de\/nachhaltigkeit\/wp-json\/wp\/v2\/pages"}],"about":[{"href":"https:\/\/dfvcg-events.de\/nachhaltigkeit\/wp-json\/wp\/v2\/types\/page"}],"author":[{"embeddable":true,"href":"https:\/\/dfvcg-events.de\/nachhaltigkeit\/wp-json\/wp\/v2\/users\/1"}],"replies":[{"embeddable":true,"href":"https:\/\/dfvcg-events.de\/nachhaltigkeit\/wp-json\/wp\/v2\/comments?post=1572"}],"version-history":[{"count":0,"href":"https:\/\/dfvcg-events.de\/nachhaltigkeit\/wp-json\/wp\/v2\/pages\/1572\/revisions"}],"up":[{"embeddable":true,"href":"https:\/\/dfvcg-events.de\/nachhaltigkeit\/wp-json\/wp\/v2\/pages\/1573"}],"wp:attachment":[{"href":"https:\/\/dfvcg-events.de\/nachhaltigkeit\/wp-json\/wp\/v2\/media?parent=1572"}],"curies":[{"name":"wp","href":"https:\/\/api.w.org\/{rel}","templated":true}]}}