{"id":3462,"date":"2023-02-28T11:52:54","date_gmt":"2023-02-28T10:52:54","guid":{"rendered":"https:\/\/dfvcg-events.de\/molkereikongress\/?page_id=3462"},"modified":"2024-05-28T23:43:03","modified_gmt":"2024-05-28T21:43:03","slug":"teilnehmerbereich","status":"publish","type":"page","link":"https:\/\/dfvcg-events.de\/molkereikongress\/teilnehmerbereich\/","title":{"rendered":"Teilnehmerbereich 2024"},"content":{"rendered":"","protected":true},"excerpt":{"rendered":"","protected":true},"author":1,"featured_media":0,"parent":0,"menu_order":0,"comment_status":"closed","ping_status":"closed","template":"","meta":{"footnotes":""},"class_list":["post-3462","page","type-page","status-publish","post-password-required","hentry"],"yoast_head":"<!-- This site is optimized with the Yoast SEO plugin v27.3 - https:\/\/yoast.com\/product\/yoast-seo-wordpress\/ -->\n<title>Download-Center | Molkerei Kongress | 23.\/24. April 2024 | M\u00fcnchen<\/title>\n<meta name=\"description\" content=\"Im passwortgesch\u00fctzten Download-Center finden angemeldete Teilnehmer:innen Vortr\u00e4ge, Teilnehmerlisten und sonstige Dokumente exklusiv zum Download.\" \/>\n<meta name=\"robots\" content=\"noindex, nofollow\" \/>\n<meta property=\"og:locale\" content=\"de_DE\" \/>\n<meta property=\"og:type\" content=\"article\" \/>\n<meta property=\"og:title\" content=\"Download-Center | Molkerei Kongress | 23.\/24. April 2024 | M\u00fcnchen\" \/>\n<meta property=\"og:description\" content=\"Im passwortgesch\u00fctzten Download-Center finden angemeldete Teilnehmer:innen Vortr\u00e4ge, Teilnehmerlisten und sonstige Dokumente exklusiv zum Download.\" \/>\n<meta property=\"og:url\" content=\"https:\/\/dfvcg-events.de\/molkereikongress\/teilnehmerbereich\/\" \/>\n<meta property=\"og:site_name\" content=\"Molkerei Kongress\" \/>\n<meta property=\"article:modified_time\" content=\"2024-05-28T21:43:03+00:00\" \/>\n<meta name=\"twitter:card\" content=\"summary_large_image\" \/>\n<meta name=\"twitter:label1\" content=\"Gesch\u00e4tzte Lesezeit\" \/>\n\t<meta name=\"twitter:data1\" content=\"3\u00a0Minuten\" \/>\n<script type=\"application\/ld+json\" class=\"yoast-schema-graph\">{\"@context\":\"https:\\\/\\\/schema.org\",\"@graph\":[{\"@type\":\"WebPage\",\"@id\":\"https:\\\/\\\/dfvcg-events.de\\\/molkereikongress\\\/teilnehmerbereich\\\/\",\"url\":\"https:\\\/\\\/dfvcg-events.de\\\/molkereikongress\\\/teilnehmerbereich\\\/\",\"name\":\"Download-Center | Molkerei Kongress | 23.\\\/24. April 2024 | M\u00fcnchen\",\"isPartOf\":{\"@id\":\"https:\\\/\\\/dfvcg-events.de\\\/molkereikongress\\\/#website\"},\"datePublished\":\"2023-02-28T10:52:54+00:00\",\"dateModified\":\"2024-05-28T21:43:03+00:00\",\"breadcrumb\":{\"@id\":\"https:\\\/\\\/dfvcg-events.de\\\/molkereikongress\\\/teilnehmerbereich\\\/#breadcrumb\"},\"inLanguage\":\"de\"},{\"@type\":\"WebSite\",\"@id\":\"https:\\\/\\\/dfvcg-events.de\\\/molkereikongress\\\/#website\",\"url\":\"https:\\\/\\\/dfvcg-events.de\\\/molkereikongress\\\/\",\"name\":\"Molkerei Kongress\",\"description\":\"dfv Conference Group\",\"potentialAction\":[{\"@type\":\"SearchAction\",\"target\":{\"@type\":\"EntryPoint\",\"urlTemplate\":\"https:\\\/\\\/dfvcg-events.de\\\/molkereikongress\\\/?s={search_term_string}\"},\"query-input\":{\"@type\":\"PropertyValueSpecification\",\"valueRequired\":true,\"valueName\":\"search_term_string\"}}],\"inLanguage\":\"de\"}]}<\/script>\n<!-- \/ Yoast SEO plugin. -->","yoast_head_json":{"title":"Download-Center | Molkerei Kongress | 23.\/24. April 2024 | M\u00fcnchen","description":"Im passwortgesch\u00fctzten Download-Center finden angemeldete Teilnehmer:innen Vortr\u00e4ge, Teilnehmerlisten und sonstige Dokumente exklusiv zum Download.","robots":{"index":"noindex","follow":"nofollow"},"og_locale":"de_DE","og_type":"article","og_title":"Download-Center | Molkerei Kongress | 23.\/24. April 2024 | M\u00fcnchen","og_description":"Im passwortgesch\u00fctzten Download-Center finden angemeldete Teilnehmer:innen Vortr\u00e4ge, Teilnehmerlisten und sonstige Dokumente exklusiv zum Download.","og_url":"https:\/\/dfvcg-events.de\/molkereikongress\/teilnehmerbereich\/","og_site_name":"Molkerei Kongress","article_modified_time":"2024-05-28T21:43:03+00:00","twitter_card":"summary_large_image","twitter_misc":{"Gesch\u00e4tzte Lesezeit":"3\u00a0Minuten"},"schema":{"@context":"https:\/\/schema.org","@graph":[{"@type":"WebPage","@id":"https:\/\/dfvcg-events.de\/molkereikongress\/teilnehmerbereich\/","url":"https:\/\/dfvcg-events.de\/molkereikongress\/teilnehmerbereich\/","name":"Download-Center | Molkerei Kongress | 23.\/24. April 2024 | M\u00fcnchen","isPartOf":{"@id":"https:\/\/dfvcg-events.de\/molkereikongress\/#website"},"datePublished":"2023-02-28T10:52:54+00:00","dateModified":"2024-05-28T21:43:03+00:00","breadcrumb":{"@id":"https:\/\/dfvcg-events.de\/molkereikongress\/teilnehmerbereich\/#breadcrumb"},"inLanguage":"de"},{"@type":"WebSite","@id":"https:\/\/dfvcg-events.de\/molkereikongress\/#website","url":"https:\/\/dfvcg-events.de\/molkereikongress\/","name":"Molkerei Kongress","description":"dfv Conference Group","potentialAction":[{"@type":"SearchAction","target":{"@type":"EntryPoint","urlTemplate":"https:\/\/dfvcg-events.de\/molkereikongress\/?s={search_term_string}"},"query-input":{"@type":"PropertyValueSpecification","valueRequired":true,"valueName":"search_term_string"}}],"inLanguage":"de"}]}},"_links":{"self":[{"href":"https:\/\/dfvcg-events.de\/molkereikongress\/wp-json\/wp\/v2\/pages\/3462","targetHints":{"allow":["GET"]}}],"collection":[{"href":"https:\/\/dfvcg-events.de\/molkereikongress\/wp-json\/wp\/v2\/pages"}],"about":[{"href":"https:\/\/dfvcg-events.de\/molkereikongress\/wp-json\/wp\/v2\/types\/page"}],"author":[{"embeddable":true,"href":"https:\/\/dfvcg-events.de\/molkereikongress\/wp-json\/wp\/v2\/users\/1"}],"replies":[{"embeddable":true,"href":"https:\/\/dfvcg-events.de\/molkereikongress\/wp-json\/wp\/v2\/comments?post=3462"}],"version-history":[{"count":1,"href":"https:\/\/dfvcg-events.de\/molkereikongress\/wp-json\/wp\/v2\/pages\/3462\/revisions"}],"predecessor-version":[{"id":4628,"href":"https:\/\/dfvcg-events.de\/molkereikongress\/wp-json\/wp\/v2\/pages\/3462\/revisions\/4628"}],"wp:attachment":[{"href":"https:\/\/dfvcg-events.de\/molkereikongress\/wp-json\/wp\/v2\/media?parent=3462"}],"curies":[{"name":"wp","href":"https:\/\/api.w.org\/{rel}","templated":true}]}}