{"id":173,"date":"2020-03-19T22:45:57","date_gmt":"2020-03-19T21:45:57","guid":{"rendered":"https:\/\/dfvcg-events.de\/metaverse\/?page_id=173"},"modified":"2022-12-08T13:40:41","modified_gmt":"2022-12-08T12:40:41","slug":"aussteller-sponsoren","status":"publish","type":"page","link":"https:\/\/dfvcg-events.de\/metaverse\/aussteller-sponsoren\/","title":{"rendered":"Aussteller &amp; Sponsoren"},"content":{"rendered":"<div id='av_section_1'  class='avia-section av-k7yuhjt1-ed130515dfde2ab83b8b09b38c6a9c95 main_color avia-section-default avia-no-border-styling  avia-builder-el-0  el_before_av_section  avia-builder-el-first  header-verlauf avia-bg-style-scroll container_wrap fullsize'  ><div class='container av-section-cont-open' ><main  role=\"main\" itemprop=\"mainContentOfPage\"  class='template-page content  av-content-full alpha units'><div class='post-entry post-entry-type-page post-entry-173'><div class='entry-content-wrapper clearfix'>\n\n<style type=\"text\/css\" data-created_by=\"avia_inline_auto\" id=\"style-css-av-kki40zxv-d01775fa1b575284d77863febd09967c\">\n#top .av-special-heading.av-kki40zxv-d01775fa1b575284d77863febd09967c{\npadding-bottom:0;\ncolor:#ffffff;\n}\nbody .av-special-heading.av-kki40zxv-d01775fa1b575284d77863febd09967c .av-special-heading-tag .heading-char{\nfont-size:25px;\n}\n.av-special-heading.av-kki40zxv-d01775fa1b575284d77863febd09967c .special-heading-inner-border{\nborder-color:#ffffff;\n}\n.av-special-heading.av-kki40zxv-d01775fa1b575284d77863febd09967c .av-subheading{\nfont-size:15px;\n}\n<\/style>\n<div  class='av-special-heading av-kki40zxv-d01775fa1b575284d77863febd09967c av-special-heading-h1 custom-color-heading blockquote modern-quote  avia-builder-el-1  avia-builder-el-no-sibling '><div class='av_custom_color av-subheading av-subheading_above'><p>METAVERSE NOW<\/p>\n<\/div><h1 class='av-special-heading-tag '  itemprop=\"headline\"  >Aussteller <span class='special_amp'>&amp;<\/span> Sponsoren<\/h1><div class=\"special-heading-border\"><div class=\"special-heading-inner-border\"><\/div><\/div><\/div>\n<\/div><\/div><\/main><!-- close content main element --><\/div><\/div><div id='av_section_2'  class='avia-section av-eccv9-a05aad59f97599171fe61b4dd435e23c main_color avia-section-default avia-no-border-styling  avia-builder-el-2  el_after_av_section  el_before_av_section  avia-bg-style-scroll container_wrap fullsize'  ><div class='container av-section-cont-open' ><div class='template-page content  av-content-full alpha units'><div class='post-entry post-entry-type-page post-entry-173'><div class='entry-content-wrapper clearfix'>\n\n<style type=\"text\/css\" data-created_by=\"avia_inline_auto\" id=\"style-css-av-8w41x-691ee679136e7b364a3c4d3b8004ff3b\">\n#top .av-special-heading.av-8w41x-691ee679136e7b364a3c4d3b8004ff3b{\npadding-bottom:10px;\n}\nbody .av-special-heading.av-8w41x-691ee679136e7b364a3c4d3b8004ff3b .av-special-heading-tag .heading-char{\nfont-size:25px;\n}\n.av-special-heading.av-8w41x-691ee679136e7b364a3c4d3b8004ff3b .av-subheading{\nfont-size:15px;\n}\n<\/style>\n<div  class='av-special-heading av-8w41x-691ee679136e7b364a3c4d3b8004ff3b av-special-heading-h2 blockquote modern-quote  avia-builder-el-3  el_before_av_one_full  avia-builder-el-first '><h2 class='av-special-heading-tag '  itemprop=\"headline\"  >Partner werden<\/h2><div class=\"special-heading-border\"><div class=\"special-heading-inner-border\"><\/div><\/div><\/div>\n<div class='flex_column_table av-kauxmmrr-f5e0321c8df61028b7ab8eb2fdffdcc8 sc-av_one_full av-equal-height-column-flextable'>\n<style type=\"text\/css\" data-created_by=\"avia_inline_auto\" id=\"style-css-av-kauxmmrr-f5e0321c8df61028b7ab8eb2fdffdcc8\">\n.flex_column.av-kauxmmrr-f5e0321c8df61028b7ab8eb2fdffdcc8{\nborder-radius:0px 0px 0px 0px;\npadding:0px 0px 0px 0px;\n}\n<\/style>\n<div  class='flex_column av-kauxmmrr-f5e0321c8df61028b7ab8eb2fdffdcc8 av_one_full  avia-builder-el-4  el_after_av_heading  avia-builder-el-last  first flex_column_table_cell av-equal-height-column av-align-middle av-zero-column-padding  '     ><section  class='av_textblock_section av-kauxm635-4e8090406278cb2241d5b4e5e1bec04c '   itemscope=\"itemscope\" itemtype=\"https:\/\/schema.org\/CreativeWork\" ><div class='avia_textblock'  itemprop=\"text\" ><p><strong>Begleiten Sie als Partner oder Aussteller unseren Kongress zum Thema Metaverse<\/strong><\/p>\n<p>Nutzen Sie unsere breitgef\u00e4cherten Leistungspakete und Branding-Ideen f\u00fcr Ihre erfolgreiche Inszenierung als wichtiger Partner f\u00fcr Entscheidende aus der Lebensmittel-, Textil-, Marketingbranche.<\/p>\n<p>Gerne unterst\u00fctzen wir Sie dabei und freuen uns auf den Austausch mit Ihnen.<\/p>\n<p><strong>Kontakt<\/strong><\/p>\n<p><strong>Kirsten Elsen<\/strong><\/p>\n<p>Telefon: +49 69 7595 3045<br \/>\n<a href=\"&#109;&#x61;i&#x6c;&#x74;&#111;&#x3a;k&#x69;&#x72;&#115;&#x74;e&#x6e;&#x2e;&#101;&#x6c;s&#x65;&#x6e;&#64;&#x64;f&#x76;&#x63;&#103;&#x2e;d&#x65;\">kirsten&#46;else&#110;&#64;&#100;&#102;&#118;&#99;&#103;&#46;&#100;&#101;<\/a><\/p>\n<\/div><\/section><\/div><\/div><!--close column table wrapper. Autoclose: 1 -->\n<\/p>\n<\/div><\/div><\/div><!-- close content main div --><\/div><\/div><div id='av_section_3'  class='avia-section av-kauxiont-549ac9c5c270145736d7b38d62985c18 main_color avia-section-default avia-no-shadow  avia-builder-el-6  el_after_av_section  el_before_av_section  avia-bg-style-scroll container_wrap fullsize'  ><div class='container av-section-cont-open' ><div class='template-page content  av-content-full alpha units'><div class='post-entry post-entry-type-page post-entry-173'><div class='entry-content-wrapper clearfix'>\n\n<style type=\"text\/css\" data-created_by=\"avia_inline_auto\" id=\"style-css-av-dqqbh-d21633743e3085cfcedb2fdad1f31976\">\n#top .av-special-heading.av-dqqbh-d21633743e3085cfcedb2fdad1f31976{\npadding-bottom:10px;\n}\nbody .av-special-heading.av-dqqbh-d21633743e3085cfcedb2fdad1f31976 .av-special-heading-tag .heading-char{\nfont-size:25px;\n}\n.av-special-heading.av-dqqbh-d21633743e3085cfcedb2fdad1f31976 .av-subheading{\nfont-size:15px;\n}\n<\/style>\n<div  class='av-special-heading av-dqqbh-d21633743e3085cfcedb2fdad1f31976 av-special-heading-h3 blockquote modern-quote  avia-builder-el-7  el_before_av_masonry_entries  avia-builder-el-no-sibling '><h3 class='av-special-heading-tag '  itemprop=\"headline\"  >Partner<\/h3><div class=\"special-heading-border\"><div class=\"special-heading-inner-border\"><\/div><\/div><\/div>\n<div id='av-masonry-1' class='av-masonry av-k7zap5p9-0359dc6b6041fa732bc0172783560c5a noHover av-fixed-size av-large-gap av-hover-overlay- av-masonry-animation-active av-masonry-col-6 av-caption-always av-caption-style- av-masonry-entries ' data-post_id=\"173\"><div class=\"av-masonry-container isotope av-js-disabled\"><div class='av-masonry-entry isotope-item av-masonry-item-no-image '><\/div><a href=\"https:\/\/dfvcg-events.de\/metaverse\/meta\/\"  id='av-masonry-1-item-1361' data-av-masonry-item='1361' class='av-masonry-entry isotope-item post-1361 post type-post status-publish format-standard has-post-thumbnail hentry category-partner  av-masonry-item-with-image' title=\"Meta_web\"   itemscope=\"itemscope\" itemtype=\"https:\/\/schema.org\/CreativeWork\" ><div class='av-inner-masonry-sizer'><\/div><figure class='av-inner-masonry main_color'><div class=\"av-masonry-outerimage-container\"><div class='av-masonry-image-container' style=\"background-image: url(https:\/\/dfvcg-events.de\/metaverse\/wp-content\/uploads\/sites\/45\/2022\/11\/Meta_web.jpg);\"  title=\"Meta_web\" ><\/div><\/div><\/figure><\/a><!--end av-masonry entry--><\/div><\/div>\n\n<\/div><\/div><\/div><!-- close content main div --><\/div><\/div><div id='av_section_4'  class='avia-section av-kauxiont-2-19cc2d089f42c18aee1ed8a386a5dab9 main_color avia-section-default avia-no-shadow  avia-builder-el-9  el_after_av_section  avia-builder-el-last  avia-bg-style-scroll container_wrap fullsize'  ><div class='container av-section-cont-open' ><div class='template-page content  av-content-full alpha units'><div class='post-entry post-entry-type-page post-entry-173'><div class='entry-content-wrapper clearfix'>\n\n<style type=\"text\/css\" data-created_by=\"avia_inline_auto\" id=\"style-css-av-kauxh99v-a830495348e329ff279e83571a8f3c8b\">\n#top .av-special-heading.av-kauxh99v-a830495348e329ff279e83571a8f3c8b{\npadding-bottom:10px;\n}\nbody .av-special-heading.av-kauxh99v-a830495348e329ff279e83571a8f3c8b .av-special-heading-tag .heading-char{\nfont-size:25px;\n}\n.av-special-heading.av-kauxh99v-a830495348e329ff279e83571a8f3c8b .av-subheading{\nfont-size:15px;\n}\n<\/style>\n<div  class='av-special-heading av-kauxh99v-a830495348e329ff279e83571a8f3c8b av-special-heading-h3 blockquote modern-quote  avia-builder-el-10  el_before_av_masonry_entries  avia-builder-el-no-sibling '><h3 class='av-special-heading-tag '  itemprop=\"headline\"  >Medienpartner<\/h3><div class=\"special-heading-border\"><div class=\"special-heading-inner-border\"><\/div><\/div><\/div>\n<div id='av-masonry-2' class='av-masonry av-k7zap5p9-1-e288a9d34e6aaf324f67e74c50285d91 noHover av-fixed-size av-large-gap av-hover-overlay- av-masonry-animation-active av-masonry-col-6 av-caption-always av-caption-style- av-masonry-entries ' data-post_id=\"173\"><div class=\"av-masonry-container isotope av-js-disabled\"><div class='av-masonry-entry isotope-item av-masonry-item-no-image '><\/div><a href=\"https:\/\/dfvcg-events.de\/metaverse\/horizont\/\"  id='av-masonry-2-item-1353' data-av-masonry-item='1353' class='av-masonry-entry isotope-item post-1353 post type-post status-publish format-standard has-post-thumbnail hentry category-medienpartner  av-masonry-item-with-image' title=\"2007_HORIZONT_Transparent-Ohne Unterzeile_web-neu\"   itemscope=\"itemscope\" itemtype=\"https:\/\/schema.org\/CreativeWork\" ><div class='av-inner-masonry-sizer'><\/div><figure class='av-inner-masonry main_color'><div class=\"av-masonry-outerimage-container\"><div class='av-masonry-image-container' style=\"background-image: url(https:\/\/dfvcg-events.de\/metaverse\/wp-content\/uploads\/sites\/45\/2022\/11\/2007_HORIZONT_Transparent-Ohne-Unterzeile_web-neu.jpg);\"  title=\"2007_HORIZONT_Transparent-Ohne Unterzeile_web-neu\" ><\/div><\/div><\/figure><\/a><!--end av-masonry entry--><a href=\"https:\/\/dfvcg-events.de\/metaverse\/aussteller-partner\/\"  id='av-masonry-2-item-218' data-av-masonry-item='218' class='av-masonry-entry isotope-item post-218 post type-post status-publish format-standard has-post-thumbnail hentry category-medienpartner  av-masonry-item-with-image' title=\"LZ_2021-website\"   itemscope=\"itemscope\" itemtype=\"https:\/\/schema.org\/CreativeWork\" ><div class='av-inner-masonry-sizer'><\/div><figure class='av-inner-masonry main_color'><div class=\"av-masonry-outerimage-container\"><div class='av-masonry-image-container' style=\"background-image: url(https:\/\/dfvcg-events.de\/metaverse\/wp-content\/uploads\/sites\/45\/2022\/11\/LZ_2021-website.jpg);\"  title=\"LZ_2021-website\" ><\/div><\/div><\/figure><\/a><!--end av-masonry entry--><a href=\"https:\/\/dfvcg-events.de\/metaverse\/textilwirtschaft\/\"  id='av-masonry-2-item-1348' data-av-masonry-item='1348' class='av-masonry-entry isotope-item post-1348 post type-post status-publish format-standard has-post-thumbnail hentry category-medienpartner  av-masonry-item-with-image' title=\"TW Logo Webseite dfvcg\"   itemscope=\"itemscope\" itemtype=\"https:\/\/schema.org\/CreativeWork\" ><div class='av-inner-masonry-sizer'><\/div><figure class='av-inner-masonry main_color'><div class=\"av-masonry-outerimage-container\"><div class='av-masonry-image-container' style=\"background-image: url(https:\/\/dfvcg-events.de\/metaverse\/wp-content\/uploads\/sites\/45\/2022\/11\/TW-Logo-Webseite-dfvcg.jpg);\"  title=\"TW Logo Webseite dfvcg\" ><\/div><\/div><\/figure><\/a><!--end av-masonry entry--><\/div><\/div>\n\n","protected":false},"excerpt":{"rendered":"","protected":false},"author":1,"featured_media":0,"parent":0,"menu_order":0,"comment_status":"closed","ping_status":"closed","template":"","meta":{"footnotes":""},"class_list":["post-173","page","type-page","status-publish","hentry"],"yoast_head":"<!-- This site is optimized with the Yoast SEO plugin v27.4 - https:\/\/yoast.com\/product\/yoast-seo-wordpress\/ -->\n<title>Aussteller &amp; Sponsoren | Metaverse<\/title>\n<meta name=\"robots\" content=\"index, follow, max-snippet:-1, max-image-preview:large, max-video-preview:-1\" \/>\n<link rel=\"canonical\" href=\"https:\/\/dfvcg-events.de\/metaverse\/aussteller-sponsoren\/\" \/>\n<meta property=\"og:locale\" content=\"de_DE\" \/>\n<meta property=\"og:type\" content=\"article\" \/>\n<meta property=\"og:title\" content=\"Aussteller &amp; Sponsoren | Metaverse\" \/>\n<meta property=\"og:url\" content=\"https:\/\/dfvcg-events.de\/metaverse\/aussteller-sponsoren\/\" \/>\n<meta property=\"og:site_name\" content=\"Metaverse\" \/>\n<meta property=\"article:modified_time\" content=\"2022-12-08T12:40:41+00:00\" \/>\n<meta property=\"og:image\" content=\"https:\/\/dfvcg-events.de\/metaverse\/wp-content\/uploads\/sites\/45\/2023\/01\/dfvcg-Metaverse-Teaser.jpg\" \/>\n\t<meta property=\"og:image:width\" content=\"1280\" \/>\n\t<meta property=\"og:image:height\" content=\"720\" \/>\n\t<meta property=\"og:image:type\" content=\"image\/jpeg\" \/>\n<meta name=\"twitter:card\" content=\"summary_large_image\" \/>\n<meta name=\"twitter:label1\" content=\"Gesch\u00e4tzte Lesezeit\" \/>\n\t<meta name=\"twitter:data1\" content=\"4\u00a0Minuten\" \/>\n<script type=\"application\/ld+json\" class=\"yoast-schema-graph\">{\"@context\":\"https:\\\/\\\/schema.org\",\"@graph\":[{\"@type\":\"WebPage\",\"@id\":\"https:\\\/\\\/dfvcg-events.de\\\/metaverse\\\/aussteller-sponsoren\\\/\",\"url\":\"https:\\\/\\\/dfvcg-events.de\\\/metaverse\\\/aussteller-sponsoren\\\/\",\"name\":\"Aussteller &amp; Sponsoren | Metaverse\",\"isPartOf\":{\"@id\":\"https:\\\/\\\/dfvcg-events.de\\\/metaverse\\\/#website\"},\"datePublished\":\"2020-03-19T21:45:57+00:00\",\"dateModified\":\"2022-12-08T12:40:41+00:00\",\"breadcrumb\":{\"@id\":\"https:\\\/\\\/dfvcg-events.de\\\/metaverse\\\/aussteller-sponsoren\\\/#breadcrumb\"},\"inLanguage\":\"de\",\"potentialAction\":[{\"@type\":\"ReadAction\",\"target\":[\"https:\\\/\\\/dfvcg-events.de\\\/metaverse\\\/aussteller-sponsoren\\\/\"]}]},{\"@type\":\"BreadcrumbList\",\"@id\":\"https:\\\/\\\/dfvcg-events.de\\\/metaverse\\\/aussteller-sponsoren\\\/#breadcrumb\",\"itemListElement\":[{\"@type\":\"ListItem\",\"position\":1,\"name\":\"Startseite\",\"item\":\"https:\\\/\\\/dfvcg-events.de\\\/metaverse\\\/\"},{\"@type\":\"ListItem\",\"position\":2,\"name\":\"Aussteller &amp; Sponsoren\"}]},{\"@type\":\"WebSite\",\"@id\":\"https:\\\/\\\/dfvcg-events.de\\\/metaverse\\\/#website\",\"url\":\"https:\\\/\\\/dfvcg-events.de\\\/metaverse\\\/\",\"name\":\"Metaverse Now\",\"description\":\"dfv Conference Group\",\"publisher\":{\"@id\":\"https:\\\/\\\/dfvcg-events.de\\\/metaverse\\\/#organization\"},\"alternateName\":\"dfv Conference Group\",\"potentialAction\":[{\"@type\":\"SearchAction\",\"target\":{\"@type\":\"EntryPoint\",\"urlTemplate\":\"https:\\\/\\\/dfvcg-events.de\\\/metaverse\\\/?s={search_term_string}\"},\"query-input\":{\"@type\":\"PropertyValueSpecification\",\"valueRequired\":true,\"valueName\":\"search_term_string\"}}],\"inLanguage\":\"de\"},{\"@type\":\"Organization\",\"@id\":\"https:\\\/\\\/dfvcg-events.de\\\/metaverse\\\/#organization\",\"name\":\"Metaverse Now\",\"alternateName\":\"dfv Conference Group\",\"url\":\"https:\\\/\\\/dfvcg-events.de\\\/metaverse\\\/\",\"logo\":{\"@type\":\"ImageObject\",\"inLanguage\":\"de\",\"@id\":\"https:\\\/\\\/dfvcg-events.de\\\/metaverse\\\/#\\\/schema\\\/logo\\\/image\\\/\",\"url\":\"https:\\\/\\\/dfvcg-events.de\\\/metaverse\\\/wp-content\\\/uploads\\\/sites\\\/45\\\/2023\\\/01\\\/dfvcg-Metaverse-Teaser.jpg\",\"contentUrl\":\"https:\\\/\\\/dfvcg-events.de\\\/metaverse\\\/wp-content\\\/uploads\\\/sites\\\/45\\\/2023\\\/01\\\/dfvcg-Metaverse-Teaser.jpg\",\"width\":1280,\"height\":720,\"caption\":\"Metaverse Now\"},\"image\":{\"@id\":\"https:\\\/\\\/dfvcg-events.de\\\/metaverse\\\/#\\\/schema\\\/logo\\\/image\\\/\"}}]}<\/script>\n<!-- \/ Yoast SEO plugin. -->","yoast_head_json":{"title":"Aussteller &amp; Sponsoren | Metaverse","robots":{"index":"index","follow":"follow","max-snippet":"max-snippet:-1","max-image-preview":"max-image-preview:large","max-video-preview":"max-video-preview:-1"},"canonical":"https:\/\/dfvcg-events.de\/metaverse\/aussteller-sponsoren\/","og_locale":"de_DE","og_type":"article","og_title":"Aussteller &amp; Sponsoren | Metaverse","og_url":"https:\/\/dfvcg-events.de\/metaverse\/aussteller-sponsoren\/","og_site_name":"Metaverse","article_modified_time":"2022-12-08T12:40:41+00:00","og_image":[{"width":1280,"height":720,"url":"https:\/\/dfvcg-events.de\/metaverse\/wp-content\/uploads\/sites\/45\/2023\/01\/dfvcg-Metaverse-Teaser.jpg","type":"image\/jpeg"}],"twitter_card":"summary_large_image","twitter_misc":{"Gesch\u00e4tzte Lesezeit":"4\u00a0Minuten"},"schema":{"@context":"https:\/\/schema.org","@graph":[{"@type":"WebPage","@id":"https:\/\/dfvcg-events.de\/metaverse\/aussteller-sponsoren\/","url":"https:\/\/dfvcg-events.de\/metaverse\/aussteller-sponsoren\/","name":"Aussteller &amp; Sponsoren | Metaverse","isPartOf":{"@id":"https:\/\/dfvcg-events.de\/metaverse\/#website"},"datePublished":"2020-03-19T21:45:57+00:00","dateModified":"2022-12-08T12:40:41+00:00","breadcrumb":{"@id":"https:\/\/dfvcg-events.de\/metaverse\/aussteller-sponsoren\/#breadcrumb"},"inLanguage":"de","potentialAction":[{"@type":"ReadAction","target":["https:\/\/dfvcg-events.de\/metaverse\/aussteller-sponsoren\/"]}]},{"@type":"BreadcrumbList","@id":"https:\/\/dfvcg-events.de\/metaverse\/aussteller-sponsoren\/#breadcrumb","itemListElement":[{"@type":"ListItem","position":1,"name":"Startseite","item":"https:\/\/dfvcg-events.de\/metaverse\/"},{"@type":"ListItem","position":2,"name":"Aussteller &amp; Sponsoren"}]},{"@type":"WebSite","@id":"https:\/\/dfvcg-events.de\/metaverse\/#website","url":"https:\/\/dfvcg-events.de\/metaverse\/","name":"Metaverse Now","description":"dfv Conference Group","publisher":{"@id":"https:\/\/dfvcg-events.de\/metaverse\/#organization"},"alternateName":"dfv Conference Group","potentialAction":[{"@type":"SearchAction","target":{"@type":"EntryPoint","urlTemplate":"https:\/\/dfvcg-events.de\/metaverse\/?s={search_term_string}"},"query-input":{"@type":"PropertyValueSpecification","valueRequired":true,"valueName":"search_term_string"}}],"inLanguage":"de"},{"@type":"Organization","@id":"https:\/\/dfvcg-events.de\/metaverse\/#organization","name":"Metaverse Now","alternateName":"dfv Conference Group","url":"https:\/\/dfvcg-events.de\/metaverse\/","logo":{"@type":"ImageObject","inLanguage":"de","@id":"https:\/\/dfvcg-events.de\/metaverse\/#\/schema\/logo\/image\/","url":"https:\/\/dfvcg-events.de\/metaverse\/wp-content\/uploads\/sites\/45\/2023\/01\/dfvcg-Metaverse-Teaser.jpg","contentUrl":"https:\/\/dfvcg-events.de\/metaverse\/wp-content\/uploads\/sites\/45\/2023\/01\/dfvcg-Metaverse-Teaser.jpg","width":1280,"height":720,"caption":"Metaverse Now"},"image":{"@id":"https:\/\/dfvcg-events.de\/metaverse\/#\/schema\/logo\/image\/"}}]}},"_links":{"self":[{"href":"https:\/\/dfvcg-events.de\/metaverse\/wp-json\/wp\/v2\/pages\/173","targetHints":{"allow":["GET"]}}],"collection":[{"href":"https:\/\/dfvcg-events.de\/metaverse\/wp-json\/wp\/v2\/pages"}],"about":[{"href":"https:\/\/dfvcg-events.de\/metaverse\/wp-json\/wp\/v2\/types\/page"}],"author":[{"embeddable":true,"href":"https:\/\/dfvcg-events.de\/metaverse\/wp-json\/wp\/v2\/users\/1"}],"replies":[{"embeddable":true,"href":"https:\/\/dfvcg-events.de\/metaverse\/wp-json\/wp\/v2\/comments?post=173"}],"version-history":[{"count":0,"href":"https:\/\/dfvcg-events.de\/metaverse\/wp-json\/wp\/v2\/pages\/173\/revisions"}],"wp:attachment":[{"href":"https:\/\/dfvcg-events.de\/metaverse\/wp-json\/wp\/v2\/media?parent=173"}],"curies":[{"name":"wp","href":"https:\/\/api.w.org\/{rel}","templated":true}]}}