{"id":1719,"date":"2022-04-28T10:36:57","date_gmt":"2022-04-28T08:36:57","guid":{"rendered":"https:\/\/dfvcg-events.de\/lz-strategietag-frische\/?page_id=1719"},"modified":"2023-08-28T13:19:27","modified_gmt":"2023-08-28T11:19:27","slug":"teilnehmerbereich-2023","status":"publish","type":"page","link":"https:\/\/dfvcg-events.de\/lz-strategietag-frische\/download-center-2023\/teilnehmerbereich-2023\/","title":{"rendered":"Teilnehmerbereich 2023"},"content":{"rendered":"","protected":true},"excerpt":{"rendered":"","protected":true},"author":1,"featured_media":0,"parent":1718,"menu_order":0,"comment_status":"closed","ping_status":"closed","template":"","meta":{"footnotes":""},"class_list":["post-1719","page","type-page","status-publish","post-password-required","hentry"],"yoast_head":"<!-- This site is optimized with the Yoast SEO plugin v27.3 - https:\/\/yoast.com\/product\/yoast-seo-wordpress\/ -->\n<title>Download-Center | LZ Strategietag Frische | 7. M\u00e4rz 2023 | Frankfurt<\/title>\n<meta name=\"description\" content=\"m passwortgesch\u00fctzten Download-Center finden angemeldete Teilnehmer:innen Vortr\u00e4ge, Teilnehmerlisten und sonstige Dokumente exklusiv zum Download.\" \/>\n<meta name=\"robots\" content=\"noindex, nofollow\" \/>\n<meta property=\"og:locale\" content=\"de_DE\" \/>\n<meta property=\"og:type\" content=\"article\" \/>\n<meta property=\"og:title\" content=\"Download-Center | LZ Strategietag Frische | 7. M\u00e4rz 2023 | Frankfurt\" \/>\n<meta property=\"og:description\" content=\"m passwortgesch\u00fctzten Download-Center finden angemeldete Teilnehmer:innen Vortr\u00e4ge, Teilnehmerlisten und sonstige Dokumente exklusiv zum Download.\" \/>\n<meta property=\"og:url\" content=\"https:\/\/dfvcg-events.de\/lz-strategietag-frische\/download-center-2023\/teilnehmerbereich-2023\/\" \/>\n<meta property=\"og:site_name\" content=\"LZ Strategietag Frische\" \/>\n<meta property=\"article:modified_time\" content=\"2023-08-28T11:19:27+00:00\" \/>\n<meta name=\"twitter:card\" content=\"summary_large_image\" \/>\n<meta name=\"twitter:label1\" content=\"Gesch\u00e4tzte Lesezeit\" \/>\n\t<meta name=\"twitter:data1\" content=\"6\u00a0Minuten\" \/>\n<script type=\"application\/ld+json\" class=\"yoast-schema-graph\">{\"@context\":\"https:\\\/\\\/schema.org\",\"@graph\":[{\"@type\":\"WebPage\",\"@id\":\"https:\\\/\\\/dfvcg-events.de\\\/lz-strategietag-frische\\\/download-center-2023\\\/teilnehmerbereich-2023\\\/\",\"url\":\"https:\\\/\\\/dfvcg-events.de\\\/lz-strategietag-frische\\\/download-center-2023\\\/teilnehmerbereich-2023\\\/\",\"name\":\"Download-Center | LZ Strategietag Frische | 7. M\u00e4rz 2023 | Frankfurt\",\"isPartOf\":{\"@id\":\"https:\\\/\\\/dfvcg-events.de\\\/lz-strategietag-frische\\\/#website\"},\"datePublished\":\"2022-04-28T08:36:57+00:00\",\"dateModified\":\"2023-08-28T11:19:27+00:00\",\"breadcrumb\":{\"@id\":\"https:\\\/\\\/dfvcg-events.de\\\/lz-strategietag-frische\\\/download-center-2023\\\/teilnehmerbereich-2023\\\/#breadcrumb\"},\"inLanguage\":\"de\"},{\"@type\":\"WebSite\",\"@id\":\"https:\\\/\\\/dfvcg-events.de\\\/lz-strategietag-frische\\\/#website\",\"url\":\"https:\\\/\\\/dfvcg-events.de\\\/lz-strategietag-frische\\\/\",\"name\":\"LZ Strategietag Frische\",\"description\":\"dfv Conference Group\",\"publisher\":{\"@id\":\"https:\\\/\\\/dfvcg-events.de\\\/lz-strategietag-frische\\\/#organization\"},\"potentialAction\":[{\"@type\":\"SearchAction\",\"target\":{\"@type\":\"EntryPoint\",\"urlTemplate\":\"https:\\\/\\\/dfvcg-events.de\\\/lz-strategietag-frische\\\/?s={search_term_string}\"},\"query-input\":{\"@type\":\"PropertyValueSpecification\",\"valueRequired\":true,\"valueName\":\"search_term_string\"}}],\"inLanguage\":\"de\"},{\"@type\":\"Organization\",\"@id\":\"https:\\\/\\\/dfvcg-events.de\\\/lz-strategietag-frische\\\/#organization\",\"name\":\"LZ Strategietag Frische\",\"url\":\"https:\\\/\\\/dfvcg-events.de\\\/lz-strategietag-frische\\\/\",\"logo\":{\"@type\":\"ImageObject\",\"inLanguage\":\"de\",\"@id\":\"https:\\\/\\\/dfvcg-events.de\\\/lz-strategietag-frische\\\/#\\\/schema\\\/logo\\\/image\\\/\",\"url\":\"https:\\\/\\\/dfvcg-events.de\\\/lz-strategietag-frische\\\/wp-content\\\/uploads\\\/sites\\\/10\\\/2020\\\/05\\\/dfvcg-lz-frische-2020.jpg\",\"contentUrl\":\"https:\\\/\\\/dfvcg-events.de\\\/lz-strategietag-frische\\\/wp-content\\\/uploads\\\/sites\\\/10\\\/2020\\\/05\\\/dfvcg-lz-frische-2020.jpg\",\"width\":800,\"height\":800,\"caption\":\"LZ Strategietag Frische\"},\"image\":{\"@id\":\"https:\\\/\\\/dfvcg-events.de\\\/lz-strategietag-frische\\\/#\\\/schema\\\/logo\\\/image\\\/\"}}]}<\/script>\n<!-- \/ Yoast SEO plugin. -->","yoast_head_json":{"title":"Download-Center | LZ Strategietag Frische | 7. M\u00e4rz 2023 | Frankfurt","description":"m passwortgesch\u00fctzten Download-Center finden angemeldete Teilnehmer:innen Vortr\u00e4ge, Teilnehmerlisten und sonstige Dokumente exklusiv zum Download.","robots":{"index":"noindex","follow":"nofollow"},"og_locale":"de_DE","og_type":"article","og_title":"Download-Center | LZ Strategietag Frische | 7. M\u00e4rz 2023 | Frankfurt","og_description":"m passwortgesch\u00fctzten Download-Center finden angemeldete Teilnehmer:innen Vortr\u00e4ge, Teilnehmerlisten und sonstige Dokumente exklusiv zum Download.","og_url":"https:\/\/dfvcg-events.de\/lz-strategietag-frische\/download-center-2023\/teilnehmerbereich-2023\/","og_site_name":"LZ Strategietag Frische","article_modified_time":"2023-08-28T11:19:27+00:00","twitter_card":"summary_large_image","twitter_misc":{"Gesch\u00e4tzte Lesezeit":"6\u00a0Minuten"},"schema":{"@context":"https:\/\/schema.org","@graph":[{"@type":"WebPage","@id":"https:\/\/dfvcg-events.de\/lz-strategietag-frische\/download-center-2023\/teilnehmerbereich-2023\/","url":"https:\/\/dfvcg-events.de\/lz-strategietag-frische\/download-center-2023\/teilnehmerbereich-2023\/","name":"Download-Center | LZ Strategietag Frische | 7. M\u00e4rz 2023 | Frankfurt","isPartOf":{"@id":"https:\/\/dfvcg-events.de\/lz-strategietag-frische\/#website"},"datePublished":"2022-04-28T08:36:57+00:00","dateModified":"2023-08-28T11:19:27+00:00","breadcrumb":{"@id":"https:\/\/dfvcg-events.de\/lz-strategietag-frische\/download-center-2023\/teilnehmerbereich-2023\/#breadcrumb"},"inLanguage":"de"},{"@type":"WebSite","@id":"https:\/\/dfvcg-events.de\/lz-strategietag-frische\/#website","url":"https:\/\/dfvcg-events.de\/lz-strategietag-frische\/","name":"LZ Strategietag Frische","description":"dfv Conference Group","publisher":{"@id":"https:\/\/dfvcg-events.de\/lz-strategietag-frische\/#organization"},"potentialAction":[{"@type":"SearchAction","target":{"@type":"EntryPoint","urlTemplate":"https:\/\/dfvcg-events.de\/lz-strategietag-frische\/?s={search_term_string}"},"query-input":{"@type":"PropertyValueSpecification","valueRequired":true,"valueName":"search_term_string"}}],"inLanguage":"de"},{"@type":"Organization","@id":"https:\/\/dfvcg-events.de\/lz-strategietag-frische\/#organization","name":"LZ Strategietag Frische","url":"https:\/\/dfvcg-events.de\/lz-strategietag-frische\/","logo":{"@type":"ImageObject","inLanguage":"de","@id":"https:\/\/dfvcg-events.de\/lz-strategietag-frische\/#\/schema\/logo\/image\/","url":"https:\/\/dfvcg-events.de\/lz-strategietag-frische\/wp-content\/uploads\/sites\/10\/2020\/05\/dfvcg-lz-frische-2020.jpg","contentUrl":"https:\/\/dfvcg-events.de\/lz-strategietag-frische\/wp-content\/uploads\/sites\/10\/2020\/05\/dfvcg-lz-frische-2020.jpg","width":800,"height":800,"caption":"LZ Strategietag Frische"},"image":{"@id":"https:\/\/dfvcg-events.de\/lz-strategietag-frische\/#\/schema\/logo\/image\/"}}]}},"_links":{"self":[{"href":"https:\/\/dfvcg-events.de\/lz-strategietag-frische\/wp-json\/wp\/v2\/pages\/1719","targetHints":{"allow":["GET"]}}],"collection":[{"href":"https:\/\/dfvcg-events.de\/lz-strategietag-frische\/wp-json\/wp\/v2\/pages"}],"about":[{"href":"https:\/\/dfvcg-events.de\/lz-strategietag-frische\/wp-json\/wp\/v2\/types\/page"}],"author":[{"embeddable":true,"href":"https:\/\/dfvcg-events.de\/lz-strategietag-frische\/wp-json\/wp\/v2\/users\/1"}],"replies":[{"embeddable":true,"href":"https:\/\/dfvcg-events.de\/lz-strategietag-frische\/wp-json\/wp\/v2\/comments?post=1719"}],"version-history":[{"count":0,"href":"https:\/\/dfvcg-events.de\/lz-strategietag-frische\/wp-json\/wp\/v2\/pages\/1719\/revisions"}],"up":[{"embeddable":true,"href":"https:\/\/dfvcg-events.de\/lz-strategietag-frische\/wp-json\/wp\/v2\/pages\/1718"}],"wp:attachment":[{"href":"https:\/\/dfvcg-events.de\/lz-strategietag-frische\/wp-json\/wp\/v2\/media?parent=1719"}],"curies":[{"name":"wp","href":"https:\/\/api.w.org\/{rel}","templated":true}]}}