{"id":1718,"date":"2022-04-28T10:36:22","date_gmt":"2022-04-28T08:36:22","guid":{"rendered":"https:\/\/dfvcg-events.de\/lz-strategietag-frische\/?page_id=1718"},"modified":"2022-09-15T14:23:46","modified_gmt":"2022-09-15T12:23:46","slug":"download-center-2023","status":"publish","type":"page","link":"https:\/\/dfvcg-events.de\/lz-strategietag-frische\/download-center-2023\/","title":{"rendered":"Download-Center 2023"},"content":{"rendered":"<div id='av_section_1'  class='avia-section av-k7yuhjt1-ba5d951d805ccc387084b7d219eb2b77 main_color avia-section-default avia-no-border-styling  avia-builder-el-0  el_before_av_section  avia-builder-el-first  header-verlauf avia-bg-style-scroll container_wrap fullsize'  ><div class='container av-section-cont-open' ><main  role=\"main\" itemprop=\"mainContentOfPage\"  class='template-page content  av-content-full alpha units'><div class='post-entry post-entry-type-page post-entry-1718'><div class='entry-content-wrapper clearfix'>\n\n<style type=\"text\/css\" data-created_by=\"avia_inline_auto\" id=\"style-css-av-bqale-ffe65779f5875d059aa3e3c9842177ea\">\n#top .av-special-heading.av-bqale-ffe65779f5875d059aa3e3c9842177ea{\npadding-bottom:0;\ncolor:#ffffff;\n}\nbody .av-special-heading.av-bqale-ffe65779f5875d059aa3e3c9842177ea .av-special-heading-tag .heading-char{\nfont-size:25px;\n}\n.av-special-heading.av-bqale-ffe65779f5875d059aa3e3c9842177ea .special-heading-inner-border{\nborder-color:#ffffff;\n}\n.av-special-heading.av-bqale-ffe65779f5875d059aa3e3c9842177ea .av-subheading{\nfont-size:19px;\ncolor:#b5cc04;\n}\n<\/style>\n<div  class='av-special-heading av-bqale-ffe65779f5875d059aa3e3c9842177ea av-special-heading-h1 custom-color-heading blockquote modern-quote  avia-builder-el-1  avia-builder-el-no-sibling '><div class='av_custom_color av-subheading av-subheading_above'><p>Teilnehmerbereich, Pressemitteilungen und Berichterstattung zum Event<\/p>\n<\/div><h1 class='av-special-heading-tag '  itemprop=\"headline\"  >Download-Center<\/h1><div class=\"special-heading-border\"><div class=\"special-heading-inner-border\"><\/div><\/div><\/div>\n<\/div><\/div><\/main><!-- close content main element --><\/div><\/div><div id='av_section_2'  class='avia-section av-k84mfkmd-e63034ebef6ff3ef874f1d0b2662870d main_color avia-section-small avia-no-border-styling  avia-builder-el-2  el_after_av_section  avia-builder-el-last  avia-bg-style-scroll container_wrap fullsize'  ><div class='container av-section-cont-open' ><div class='template-page content  av-content-full alpha units'><div class='post-entry post-entry-type-page post-entry-1718'><div class='entry-content-wrapper clearfix'>\n<div class='flex_column_table av-hgxmy-22fbf0cef44fd3415f4c8b65ecc6cc88 sc-av_three_fourth av-break-at-tablet-flextable av-equal-height-column-flextable'>\n<style type=\"text\/css\" data-created_by=\"avia_inline_auto\" id=\"style-css-av-hgxmy-22fbf0cef44fd3415f4c8b65ecc6cc88\">\n.flex_column.av-hgxmy-22fbf0cef44fd3415f4c8b65ecc6cc88{\nborder-radius:0px 0px 0px 0px;\npadding:0px 0px 0px 0px;\n}\n<\/style>\n<div  class='flex_column av-hgxmy-22fbf0cef44fd3415f4c8b65ecc6cc88 av_three_fourth  avia-builder-el-3  el_before_av_one_fourth  avia-builder-el-first  first av-break-at-tablet flex_column_table_cell av-equal-height-column av-align-middle av-zero-column-padding  '     ><section  class='av_textblock_section av-k84mcap0-4b47ff175ff14be7cecef9d543b0ea6e '   itemscope=\"itemscope\" itemtype=\"https:\/\/schema.org\/CreativeWork\" ><div class='avia_textblock'  itemprop=\"text\" ><div class=\"template-page content av-content-full alpha units\">\n<div class=\"post-entry post-entry-type-page post-entry-5075\">\n<div class=\"entry-content-wrapper clearfix\">\n<div class=\"flex_column_table av-equal-height-column-flextable -flextable\">\n<div class=\"flex_column av_two_third flex_column_table_cell av-equal-height-column av-align-middle av-zero-column-padding first avia-builder-el-3 el_before_av_one_third avia-builder-el-first \">\n<section class=\"av_textblock_section \">\n<div class=\"avia_textblock \">\n<p>Passwortgesch\u00fctzter Download-Bereich f\u00fcr bereits angemeldete Teilnehmer.<\/p>\n<\/div>\n<\/section>\n<\/div>\n<\/div>\n<\/div>\n<\/div>\n<\/div>\n<\/div><\/section><\/div><div class='av-flex-placeholder'><\/div>\n<style type=\"text\/css\" data-created_by=\"avia_inline_auto\" id=\"style-css-av-9bx0y-f0ba0d57c856c355d678b0a662e207f2\">\n.flex_column.av-9bx0y-f0ba0d57c856c355d678b0a662e207f2{\nborder-radius:0px 0px 0px 0px;\npadding:0px 0px 0px 0px;\n}\n<\/style>\n<div  class='flex_column av-9bx0y-f0ba0d57c856c355d678b0a662e207f2 av_one_fourth  avia-builder-el-5  el_after_av_three_fourth  avia-builder-el-last  av-break-at-tablet flex_column_table_cell av-equal-height-column av-align-middle av-zero-column-padding  '     ><div  class='avia-button-wrap av-k84mcw15-ba7e11f2f029f211d1c9e7fd5d5c4fe7-wrap avia-button-left  avia-builder-el-6  avia-builder-el-no-sibling '><a href='https:\/\/dfvcg-events.de\/lz-strategietag-frische\/download-center-2023\/teilnehmerbereich-2023\/'  class='avia-button av-k84mcw15-ba7e11f2f029f211d1c9e7fd5d5c4fe7 av-link-btn avia-icon_select-yes-left-icon avia-size-large avia-position-left avia-color-theme-color'   aria-label=\"Login\"><span class='avia_button_icon avia_button_icon_left avia-iconfont avia-font-entypo-fontello' data-av_icon='\ue824' data-av_iconfont='entypo-fontello' ><\/span><span class='avia_iconbox_title' >Login<\/span><\/a><\/div><\/div><\/div><!--close column table wrapper. Autoclose: 1 -->\n<\/p>\n","protected":false},"excerpt":{"rendered":"","protected":false},"author":1,"featured_media":0,"parent":0,"menu_order":0,"comment_status":"closed","ping_status":"closed","template":"","meta":{"footnotes":""},"class_list":["post-1718","page","type-page","status-publish","hentry"],"yoast_head":"<!-- This site is optimized with the Yoast SEO plugin v27.3 - https:\/\/yoast.com\/product\/yoast-seo-wordpress\/ -->\n<title>Download-Center | LZ Strategietag Frische | 7. M\u00e4rz 2023 | Frankfurt<\/title>\n<meta name=\"description\" content=\"Im passwortgesch\u00fctzten Download-Center finden angemeldete Teilnehmer:innen Vortr\u00e4ge, Teilnehmerlisten und sonstige Dokumente exklusiv zum Download.\" \/>\n<meta name=\"robots\" content=\"index, follow, max-snippet:-1, max-image-preview:large, max-video-preview:-1\" \/>\n<link rel=\"canonical\" href=\"https:\/\/dfvcg-events.de\/lz-strategietag-frische\/download-center-2023\/\" \/>\n<meta property=\"og:locale\" content=\"de_DE\" \/>\n<meta property=\"og:type\" content=\"article\" \/>\n<meta property=\"og:title\" content=\"Download-Center | LZ Strategietag Frische | 7. M\u00e4rz 2023 | Frankfurt\" \/>\n<meta property=\"og:description\" content=\"Im passwortgesch\u00fctzten Download-Center finden angemeldete Teilnehmer:innen Vortr\u00e4ge, Teilnehmerlisten und sonstige Dokumente exklusiv zum Download.\" \/>\n<meta property=\"og:url\" content=\"https:\/\/dfvcg-events.de\/lz-strategietag-frische\/download-center-2023\/\" \/>\n<meta property=\"og:site_name\" content=\"LZ Strategietag Frische\" \/>\n<meta property=\"article:modified_time\" content=\"2022-09-15T12:23:46+00:00\" \/>\n<meta name=\"twitter:card\" content=\"summary_large_image\" \/>\n<meta name=\"twitter:label1\" content=\"Gesch\u00e4tzte Lesezeit\" \/>\n\t<meta name=\"twitter:data1\" content=\"2\u00a0Minuten\" \/>\n<script type=\"application\/ld+json\" class=\"yoast-schema-graph\">{\"@context\":\"https:\\\/\\\/schema.org\",\"@graph\":[{\"@type\":\"WebPage\",\"@id\":\"https:\\\/\\\/dfvcg-events.de\\\/lz-strategietag-frische\\\/download-center-2023\\\/\",\"url\":\"https:\\\/\\\/dfvcg-events.de\\\/lz-strategietag-frische\\\/download-center-2023\\\/\",\"name\":\"Download-Center | LZ Strategietag Frische | 7. M\u00e4rz 2023 | Frankfurt\",\"isPartOf\":{\"@id\":\"https:\\\/\\\/dfvcg-events.de\\\/lz-strategietag-frische\\\/#website\"},\"datePublished\":\"2022-04-28T08:36:22+00:00\",\"dateModified\":\"2022-09-15T12:23:46+00:00\",\"description\":\"Im passwortgesch\u00fctzten Download-Center finden angemeldete Teilnehmer:innen Vortr\u00e4ge, Teilnehmerlisten und sonstige Dokumente exklusiv zum Download.\",\"breadcrumb\":{\"@id\":\"https:\\\/\\\/dfvcg-events.de\\\/lz-strategietag-frische\\\/download-center-2023\\\/#breadcrumb\"},\"inLanguage\":\"de\",\"potentialAction\":[{\"@type\":\"ReadAction\",\"target\":[\"https:\\\/\\\/dfvcg-events.de\\\/lz-strategietag-frische\\\/download-center-2023\\\/\"]}]},{\"@type\":\"BreadcrumbList\",\"@id\":\"https:\\\/\\\/dfvcg-events.de\\\/lz-strategietag-frische\\\/download-center-2023\\\/#breadcrumb\",\"itemListElement\":[{\"@type\":\"ListItem\",\"position\":1,\"name\":\"Startseite\",\"item\":\"https:\\\/\\\/dfvcg-events.de\\\/lz-strategietag-frische\\\/\"},{\"@type\":\"ListItem\",\"position\":2,\"name\":\"Download-Center 2023\"}]},{\"@type\":\"WebSite\",\"@id\":\"https:\\\/\\\/dfvcg-events.de\\\/lz-strategietag-frische\\\/#website\",\"url\":\"https:\\\/\\\/dfvcg-events.de\\\/lz-strategietag-frische\\\/\",\"name\":\"LZ Strategietag Frische\",\"description\":\"dfv Conference Group\",\"publisher\":{\"@id\":\"https:\\\/\\\/dfvcg-events.de\\\/lz-strategietag-frische\\\/#organization\"},\"potentialAction\":[{\"@type\":\"SearchAction\",\"target\":{\"@type\":\"EntryPoint\",\"urlTemplate\":\"https:\\\/\\\/dfvcg-events.de\\\/lz-strategietag-frische\\\/?s={search_term_string}\"},\"query-input\":{\"@type\":\"PropertyValueSpecification\",\"valueRequired\":true,\"valueName\":\"search_term_string\"}}],\"inLanguage\":\"de\"},{\"@type\":\"Organization\",\"@id\":\"https:\\\/\\\/dfvcg-events.de\\\/lz-strategietag-frische\\\/#organization\",\"name\":\"LZ Strategietag Frische\",\"url\":\"https:\\\/\\\/dfvcg-events.de\\\/lz-strategietag-frische\\\/\",\"logo\":{\"@type\":\"ImageObject\",\"inLanguage\":\"de\",\"@id\":\"https:\\\/\\\/dfvcg-events.de\\\/lz-strategietag-frische\\\/#\\\/schema\\\/logo\\\/image\\\/\",\"url\":\"https:\\\/\\\/dfvcg-events.de\\\/lz-strategietag-frische\\\/wp-content\\\/uploads\\\/sites\\\/10\\\/2020\\\/05\\\/dfvcg-lz-frische-2020.jpg\",\"contentUrl\":\"https:\\\/\\\/dfvcg-events.de\\\/lz-strategietag-frische\\\/wp-content\\\/uploads\\\/sites\\\/10\\\/2020\\\/05\\\/dfvcg-lz-frische-2020.jpg\",\"width\":800,\"height\":800,\"caption\":\"LZ Strategietag Frische\"},\"image\":{\"@id\":\"https:\\\/\\\/dfvcg-events.de\\\/lz-strategietag-frische\\\/#\\\/schema\\\/logo\\\/image\\\/\"}}]}<\/script>\n<!-- \/ Yoast SEO plugin. -->","yoast_head_json":{"title":"Download-Center | LZ Strategietag Frische | 7. M\u00e4rz 2023 | Frankfurt","description":"Im passwortgesch\u00fctzten Download-Center finden angemeldete Teilnehmer:innen Vortr\u00e4ge, Teilnehmerlisten und sonstige Dokumente exklusiv zum Download.","robots":{"index":"index","follow":"follow","max-snippet":"max-snippet:-1","max-image-preview":"max-image-preview:large","max-video-preview":"max-video-preview:-1"},"canonical":"https:\/\/dfvcg-events.de\/lz-strategietag-frische\/download-center-2023\/","og_locale":"de_DE","og_type":"article","og_title":"Download-Center | LZ Strategietag Frische | 7. M\u00e4rz 2023 | Frankfurt","og_description":"Im passwortgesch\u00fctzten Download-Center finden angemeldete Teilnehmer:innen Vortr\u00e4ge, Teilnehmerlisten und sonstige Dokumente exklusiv zum Download.","og_url":"https:\/\/dfvcg-events.de\/lz-strategietag-frische\/download-center-2023\/","og_site_name":"LZ Strategietag Frische","article_modified_time":"2022-09-15T12:23:46+00:00","twitter_card":"summary_large_image","twitter_misc":{"Gesch\u00e4tzte Lesezeit":"2\u00a0Minuten"},"schema":{"@context":"https:\/\/schema.org","@graph":[{"@type":"WebPage","@id":"https:\/\/dfvcg-events.de\/lz-strategietag-frische\/download-center-2023\/","url":"https:\/\/dfvcg-events.de\/lz-strategietag-frische\/download-center-2023\/","name":"Download-Center | LZ Strategietag Frische | 7. M\u00e4rz 2023 | Frankfurt","isPartOf":{"@id":"https:\/\/dfvcg-events.de\/lz-strategietag-frische\/#website"},"datePublished":"2022-04-28T08:36:22+00:00","dateModified":"2022-09-15T12:23:46+00:00","description":"Im passwortgesch\u00fctzten Download-Center finden angemeldete Teilnehmer:innen Vortr\u00e4ge, Teilnehmerlisten und sonstige Dokumente exklusiv zum Download.","breadcrumb":{"@id":"https:\/\/dfvcg-events.de\/lz-strategietag-frische\/download-center-2023\/#breadcrumb"},"inLanguage":"de","potentialAction":[{"@type":"ReadAction","target":["https:\/\/dfvcg-events.de\/lz-strategietag-frische\/download-center-2023\/"]}]},{"@type":"BreadcrumbList","@id":"https:\/\/dfvcg-events.de\/lz-strategietag-frische\/download-center-2023\/#breadcrumb","itemListElement":[{"@type":"ListItem","position":1,"name":"Startseite","item":"https:\/\/dfvcg-events.de\/lz-strategietag-frische\/"},{"@type":"ListItem","position":2,"name":"Download-Center 2023"}]},{"@type":"WebSite","@id":"https:\/\/dfvcg-events.de\/lz-strategietag-frische\/#website","url":"https:\/\/dfvcg-events.de\/lz-strategietag-frische\/","name":"LZ Strategietag Frische","description":"dfv Conference Group","publisher":{"@id":"https:\/\/dfvcg-events.de\/lz-strategietag-frische\/#organization"},"potentialAction":[{"@type":"SearchAction","target":{"@type":"EntryPoint","urlTemplate":"https:\/\/dfvcg-events.de\/lz-strategietag-frische\/?s={search_term_string}"},"query-input":{"@type":"PropertyValueSpecification","valueRequired":true,"valueName":"search_term_string"}}],"inLanguage":"de"},{"@type":"Organization","@id":"https:\/\/dfvcg-events.de\/lz-strategietag-frische\/#organization","name":"LZ Strategietag Frische","url":"https:\/\/dfvcg-events.de\/lz-strategietag-frische\/","logo":{"@type":"ImageObject","inLanguage":"de","@id":"https:\/\/dfvcg-events.de\/lz-strategietag-frische\/#\/schema\/logo\/image\/","url":"https:\/\/dfvcg-events.de\/lz-strategietag-frische\/wp-content\/uploads\/sites\/10\/2020\/05\/dfvcg-lz-frische-2020.jpg","contentUrl":"https:\/\/dfvcg-events.de\/lz-strategietag-frische\/wp-content\/uploads\/sites\/10\/2020\/05\/dfvcg-lz-frische-2020.jpg","width":800,"height":800,"caption":"LZ Strategietag Frische"},"image":{"@id":"https:\/\/dfvcg-events.de\/lz-strategietag-frische\/#\/schema\/logo\/image\/"}}]}},"_links":{"self":[{"href":"https:\/\/dfvcg-events.de\/lz-strategietag-frische\/wp-json\/wp\/v2\/pages\/1718","targetHints":{"allow":["GET"]}}],"collection":[{"href":"https:\/\/dfvcg-events.de\/lz-strategietag-frische\/wp-json\/wp\/v2\/pages"}],"about":[{"href":"https:\/\/dfvcg-events.de\/lz-strategietag-frische\/wp-json\/wp\/v2\/types\/page"}],"author":[{"embeddable":true,"href":"https:\/\/dfvcg-events.de\/lz-strategietag-frische\/wp-json\/wp\/v2\/users\/1"}],"replies":[{"embeddable":true,"href":"https:\/\/dfvcg-events.de\/lz-strategietag-frische\/wp-json\/wp\/v2\/comments?post=1718"}],"version-history":[{"count":0,"href":"https:\/\/dfvcg-events.de\/lz-strategietag-frische\/wp-json\/wp\/v2\/pages\/1718\/revisions"}],"wp:attachment":[{"href":"https:\/\/dfvcg-events.de\/lz-strategietag-frische\/wp-json\/wp\/v2\/media?parent=1718"}],"curies":[{"name":"wp","href":"https:\/\/api.w.org\/{rel}","templated":true}]}}