{"id":570,"date":"2020-03-23T16:15:43","date_gmt":"2020-03-23T15:15:43","guid":{"rendered":"https:\/\/dfvcg-events.de\/lz-health-day\/?page_id=570"},"modified":"2026-04-09T09:53:31","modified_gmt":"2026-04-09T07:53:31","slug":"teilnehmerbereich","status":"publish","type":"page","link":"https:\/\/dfvcg-events.de\/lz-health-day\/teilnehmerbereich\/","title":{"rendered":"Teilnehmerbereich"},"content":{"rendered":"","protected":true},"excerpt":{"rendered":"","protected":true},"author":1,"featured_media":0,"parent":0,"menu_order":0,"comment_status":"closed","ping_status":"closed","template":"","meta":{"footnotes":""},"class_list":["post-570","page","type-page","status-publish","post-password-required","hentry"],"yoast_head":"<!-- This site is optimized with the Yoast SEO plugin v27.3 - https:\/\/yoast.com\/product\/yoast-seo-wordpress\/ -->\n<title>Teilnehmerbereich | LZ Health Day<\/title>\n<meta name=\"robots\" content=\"noindex, nofollow\" \/>\n<meta property=\"og:locale\" content=\"de_DE\" \/>\n<meta property=\"og:type\" content=\"article\" \/>\n<meta property=\"og:title\" content=\"Teilnehmerbereich | LZ Health Day\" \/>\n<meta property=\"og:description\" content=\"Es gibt keinen Textauszug, da dies ein gesch\u00fctzter Beitrag ist.\" \/>\n<meta property=\"og:url\" content=\"https:\/\/dfvcg-events.de\/lz-health-day\/teilnehmerbereich\/\" \/>\n<meta property=\"og:site_name\" content=\"LZ Health Day\" \/>\n<meta property=\"article:modified_time\" content=\"2026-04-09T07:53:31+00:00\" \/>\n<meta name=\"twitter:card\" content=\"summary_large_image\" \/>\n<meta name=\"twitter:label1\" content=\"Gesch\u00e4tzte Lesezeit\" \/>\n\t<meta name=\"twitter:data1\" content=\"1\u00a0Minute\" \/>\n<script type=\"application\/ld+json\" class=\"yoast-schema-graph\">{\"@context\":\"https:\\\/\\\/schema.org\",\"@graph\":[{\"@type\":\"WebPage\",\"@id\":\"https:\\\/\\\/dfvcg-events.de\\\/lz-health-day\\\/teilnehmerbereich\\\/\",\"url\":\"https:\\\/\\\/dfvcg-events.de\\\/lz-health-day\\\/teilnehmerbereich\\\/\",\"name\":\"Teilnehmerbereich | LZ Health Day\",\"isPartOf\":{\"@id\":\"https:\\\/\\\/dfvcg-events.de\\\/lz-health-day\\\/#website\"},\"datePublished\":\"2020-03-23T15:15:43+00:00\",\"dateModified\":\"2026-04-09T07:53:31+00:00\",\"breadcrumb\":{\"@id\":\"https:\\\/\\\/dfvcg-events.de\\\/lz-health-day\\\/teilnehmerbereich\\\/#breadcrumb\"},\"inLanguage\":\"de\"},{\"@type\":\"WebSite\",\"@id\":\"https:\\\/\\\/dfvcg-events.de\\\/lz-health-day\\\/#website\",\"url\":\"https:\\\/\\\/dfvcg-events.de\\\/lz-health-day\\\/\",\"name\":\"LZ Health Day\",\"description\":\"dfv Conference Group\",\"publisher\":{\"@id\":\"https:\\\/\\\/dfvcg-events.de\\\/lz-health-day\\\/#organization\"},\"alternateName\":\"FMCG-Trends, die uns l\u00e4nger, sch\u00f6ner und ges\u00fcnder leben lassen.\",\"potentialAction\":[{\"@type\":\"SearchAction\",\"target\":{\"@type\":\"EntryPoint\",\"urlTemplate\":\"https:\\\/\\\/dfvcg-events.de\\\/lz-health-day\\\/?s={search_term_string}\"},\"query-input\":{\"@type\":\"PropertyValueSpecification\",\"valueRequired\":true,\"valueName\":\"search_term_string\"}}],\"inLanguage\":\"de\"},{\"@type\":\"Organization\",\"@id\":\"https:\\\/\\\/dfvcg-events.de\\\/lz-health-day\\\/#organization\",\"name\":\"LZ Health Day\",\"alternateName\":\"dfv Conference Group\",\"url\":\"https:\\\/\\\/dfvcg-events.de\\\/lz-health-day\\\/\",\"logo\":{\"@type\":\"ImageObject\",\"inLanguage\":\"de\",\"@id\":\"https:\\\/\\\/dfvcg-events.de\\\/lz-health-day\\\/#\\\/schema\\\/logo\\\/image\\\/\",\"url\":\"https:\\\/\\\/dfvcg-events.de\\\/lz-health-day\\\/wp-content\\\/uploads\\\/sites\\\/66\\\/2025\\\/11\\\/251103_Teaser-LZ-Health-Day_RZ.jpg\",\"contentUrl\":\"https:\\\/\\\/dfvcg-events.de\\\/lz-health-day\\\/wp-content\\\/uploads\\\/sites\\\/66\\\/2025\\\/11\\\/251103_Teaser-LZ-Health-Day_RZ.jpg\",\"width\":800,\"height\":800,\"caption\":\"LZ Health Day\"},\"image\":{\"@id\":\"https:\\\/\\\/dfvcg-events.de\\\/lz-health-day\\\/#\\\/schema\\\/logo\\\/image\\\/\"}}]}<\/script>\n<!-- \/ Yoast SEO plugin. -->","yoast_head_json":{"title":"Teilnehmerbereich | LZ Health Day","robots":{"index":"noindex","follow":"nofollow"},"og_locale":"de_DE","og_type":"article","og_title":"Teilnehmerbereich | LZ Health Day","og_description":"Es gibt keinen Textauszug, da dies ein gesch\u00fctzter Beitrag ist.","og_url":"https:\/\/dfvcg-events.de\/lz-health-day\/teilnehmerbereich\/","og_site_name":"LZ Health Day","article_modified_time":"2026-04-09T07:53:31+00:00","twitter_card":"summary_large_image","twitter_misc":{"Gesch\u00e4tzte Lesezeit":"1\u00a0Minute"},"schema":{"@context":"https:\/\/schema.org","@graph":[{"@type":"WebPage","@id":"https:\/\/dfvcg-events.de\/lz-health-day\/teilnehmerbereich\/","url":"https:\/\/dfvcg-events.de\/lz-health-day\/teilnehmerbereich\/","name":"Teilnehmerbereich | LZ Health Day","isPartOf":{"@id":"https:\/\/dfvcg-events.de\/lz-health-day\/#website"},"datePublished":"2020-03-23T15:15:43+00:00","dateModified":"2026-04-09T07:53:31+00:00","breadcrumb":{"@id":"https:\/\/dfvcg-events.de\/lz-health-day\/teilnehmerbereich\/#breadcrumb"},"inLanguage":"de"},{"@type":"WebSite","@id":"https:\/\/dfvcg-events.de\/lz-health-day\/#website","url":"https:\/\/dfvcg-events.de\/lz-health-day\/","name":"LZ Health Day","description":"dfv Conference Group","publisher":{"@id":"https:\/\/dfvcg-events.de\/lz-health-day\/#organization"},"alternateName":"FMCG-Trends, die uns l\u00e4nger, sch\u00f6ner und ges\u00fcnder leben lassen.","potentialAction":[{"@type":"SearchAction","target":{"@type":"EntryPoint","urlTemplate":"https:\/\/dfvcg-events.de\/lz-health-day\/?s={search_term_string}"},"query-input":{"@type":"PropertyValueSpecification","valueRequired":true,"valueName":"search_term_string"}}],"inLanguage":"de"},{"@type":"Organization","@id":"https:\/\/dfvcg-events.de\/lz-health-day\/#organization","name":"LZ Health Day","alternateName":"dfv Conference Group","url":"https:\/\/dfvcg-events.de\/lz-health-day\/","logo":{"@type":"ImageObject","inLanguage":"de","@id":"https:\/\/dfvcg-events.de\/lz-health-day\/#\/schema\/logo\/image\/","url":"https:\/\/dfvcg-events.de\/lz-health-day\/wp-content\/uploads\/sites\/66\/2025\/11\/251103_Teaser-LZ-Health-Day_RZ.jpg","contentUrl":"https:\/\/dfvcg-events.de\/lz-health-day\/wp-content\/uploads\/sites\/66\/2025\/11\/251103_Teaser-LZ-Health-Day_RZ.jpg","width":800,"height":800,"caption":"LZ Health Day"},"image":{"@id":"https:\/\/dfvcg-events.de\/lz-health-day\/#\/schema\/logo\/image\/"}}]}},"_links":{"self":[{"href":"https:\/\/dfvcg-events.de\/lz-health-day\/wp-json\/wp\/v2\/pages\/570","targetHints":{"allow":["GET"]}}],"collection":[{"href":"https:\/\/dfvcg-events.de\/lz-health-day\/wp-json\/wp\/v2\/pages"}],"about":[{"href":"https:\/\/dfvcg-events.de\/lz-health-day\/wp-json\/wp\/v2\/types\/page"}],"author":[{"embeddable":true,"href":"https:\/\/dfvcg-events.de\/lz-health-day\/wp-json\/wp\/v2\/users\/1"}],"replies":[{"embeddable":true,"href":"https:\/\/dfvcg-events.de\/lz-health-day\/wp-json\/wp\/v2\/comments?post=570"}],"version-history":[{"count":22,"href":"https:\/\/dfvcg-events.de\/lz-health-day\/wp-json\/wp\/v2\/pages\/570\/revisions"}],"predecessor-version":[{"id":2288,"href":"https:\/\/dfvcg-events.de\/lz-health-day\/wp-json\/wp\/v2\/pages\/570\/revisions\/2288"}],"wp:attachment":[{"href":"https:\/\/dfvcg-events.de\/lz-health-day\/wp-json\/wp\/v2\/media?parent=570"}],"curies":[{"name":"wp","href":"https:\/\/api.w.org\/{rel}","templated":true}]}}