{"id":26,"date":"2020-03-18T21:23:17","date_gmt":"2020-03-18T20:23:17","guid":{"rendered":"https:\/\/dfvcg-events.de\/lz-health-day\/?page_id=26"},"modified":"2026-03-05T16:25:31","modified_gmt":"2026-03-05T15:25:31","slug":"ticketshop","status":"publish","type":"page","link":"https:\/\/dfvcg-events.de\/lz-health-day\/ticketshop\/","title":{"rendered":"Ticketshop"},"content":{"rendered":"\n<style type=\"text\/css\" data-created_by=\"avia_inline_auto\" id=\"style-css-av-k7yuhjt1-cf4c60351fd97e165ee1f0953386676f\">\n.avia-section.av-k7yuhjt1-cf4c60351fd97e165ee1f0953386676f{\nbackground-repeat:no-repeat;\nbackground-image:url(https:\/\/dfvcg-events.de\/lz-health-day\/wp-content\/uploads\/sites\/66\/2025\/11\/LZ-Health-Day-background.jpg);\nbackground-position:50% 50%;\nbackground-attachment:scroll;\n}\n.avia-section.av-k7yuhjt1-cf4c60351fd97e165ee1f0953386676f .av-section-color-overlay{\nopacity:0.6;\nbackground-color:#ffffff;\n}\n<\/style>\n<div id='av_section_1'  class='avia-section av-k7yuhjt1-cf4c60351fd97e165ee1f0953386676f main_color avia-section-default avia-no-border-styling  avia-builder-el-0  el_before_av_heading  avia-builder-el-first  avia-full-stretch avia-bg-style-scroll av-section-color-overlay-active av-minimum-height av-minimum-height-25 av-height-25  container_wrap fullsize'  data-section-bg-repeat='stretch' data-av_minimum_height_pc='25' data-av_min_height_opt='25'><div class=\"av-section-color-overlay-wrap\"><div class=\"av-section-color-overlay\"><\/div><div class='container av-section-cont-open' ><main  role=\"main\" itemprop=\"mainContentOfPage\"  class='template-page content  av-content-full alpha units'><div class='post-entry post-entry-type-page post-entry-26'><div class='entry-content-wrapper clearfix'>\n\n<style type=\"text\/css\" data-created_by=\"avia_inline_auto\" id=\"style-css-av-kki3vl60-351ae0116bc763b46bbf4550a069590b\">\n#top .av-special-heading.av-kki3vl60-351ae0116bc763b46bbf4550a069590b{\npadding-bottom:0;\n}\nbody .av-special-heading.av-kki3vl60-351ae0116bc763b46bbf4550a069590b .av-special-heading-tag .heading-char{\nfont-size:25px;\n}\n#top #wrap_all .av-special-heading.av-kki3vl60-351ae0116bc763b46bbf4550a069590b .av-special-heading-tag{\npadding:20px 0 0 0;\n}\n.av-special-heading.av-kki3vl60-351ae0116bc763b46bbf4550a069590b .av-subheading{\nfont-size:19px;\n}\n<\/style>\n<div  class='av-special-heading av-kki3vl60-351ae0116bc763b46bbf4550a069590b av-special-heading-h1 custom-color-heading blockquote modern-quote  avia-builder-el-1  avia-builder-el-no-sibling '><h1 class='av-special-heading-tag '  itemprop=\"headline\"  >Ticketshop<\/h1><div class=\"special-heading-border\"><div class=\"special-heading-inner-border\"><\/div><\/div><\/div>\n<\/div><\/div><\/main><!-- close content main element --><\/div><\/div><\/div><div id='after_section_1'  class='main_color av_default_container_wrap container_wrap fullsize'  ><div class='container av-section-cont-open' ><div class='template-page content  av-content-full alpha units'><div class='post-entry post-entry-type-page post-entry-26'><div class='entry-content-wrapper clearfix'>\n\n<style type=\"text\/css\" data-created_by=\"avia_inline_auto\" id=\"style-css-av-mlhp9zmt-c7af701a3fe0cf8fe6eb02a29bb5835d\">\n#top .av-special-heading.av-mlhp9zmt-c7af701a3fe0cf8fe6eb02a29bb5835d{\npadding-bottom:10px;\n}\nbody .av-special-heading.av-mlhp9zmt-c7af701a3fe0cf8fe6eb02a29bb5835d .av-special-heading-tag .heading-char{\nfont-size:25px;\n}\n.av-special-heading.av-mlhp9zmt-c7af701a3fe0cf8fe6eb02a29bb5835d .av-subheading{\nfont-size:15px;\n}\n<\/style>\n<div  class='av-special-heading av-mlhp9zmt-c7af701a3fe0cf8fe6eb02a29bb5835d av-special-heading-h2 blockquote modern-quote  avia-builder-el-2  el_after_av_section  el_before_av_iconlist  avia-builder-el-first '><h2 class='av-special-heading-tag '  itemprop=\"headline\"  >Im Ticketpreis inbegriffen sind:<\/h2><div class=\"special-heading-border\"><div class=\"special-heading-inner-border\"><\/div><\/div><\/div>\n\n<style type=\"text\/css\" data-created_by=\"avia_inline_auto\" id=\"style-css-av-mlhpf6hu-30814806a49edf9e232a7ac6cc1800f7\">\n#top .avia-icon-list-container.av-mlhpf6hu-30814806a49edf9e232a7ac6cc1800f7 .iconlist_icon{\nbackground-color:#eb7a31;\nbackground:linear-gradient( to bottom, #eb7a31, #ffffff );\n}\n<\/style>\n<div  class='avia-icon-list-container av-mlhpf6hu-30814806a49edf9e232a7ac6cc1800f7  avia-builder-el-3  el_after_av_heading  el_before_av_codeblock '><ul class='avia-icon-list avia_animate_when_almost_visible avia-icon-list-left av-iconlist-big av-mlhpf6hu-30814806a49edf9e232a7ac6cc1800f7 avia-iconlist-animate'>\n<li><div class='iconlist_icon av-mlhpbgni-0e7ece82f1d356c94baa05b190b698a5 avia-font-entypo-fontello avia-iconfont avia-font-entypo-fontello'><span class='av-icon-char' data-av_icon='\ue84b' data-av_iconfont='entypo-fontello' aria-hidden=\"true\"><\/span><\/div><article class=\"article-icon-entry av-iconlist-empty\"  itemscope=\"itemscope\" itemtype=\"https:\/\/schema.org\/CreativeWork\" ><div class=\"iconlist_content_wrap\"><header class=\"entry-content-header\" aria-label=\"Icon: Die Teilnahme am gesamten Kongressprogramm\"><h4 class='av_iconlist_title iconlist_title  '  itemprop=\"headline\" >Die Teilnahme am gesamten Kongressprogramm<\/h4><\/header><div class='iconlist_content '  itemprop=\"text\" ><\/div><\/div><footer class=\"entry-footer\"><\/footer><\/article><div class=\"iconlist-timeline\"><\/div><\/li>\n<li><div class='iconlist_icon av-mlhpe34h-4324be876f3f1b61737479495cea085d avia-font-entypo-fontello avia-iconfont avia-font-entypo-fontello'><span class='av-icon-char' data-av_icon='\ue846' data-av_iconfont='entypo-fontello' aria-hidden=\"true\"><\/span><\/div><article class=\"article-icon-entry av-iconlist-empty\"  itemscope=\"itemscope\" itemtype=\"https:\/\/schema.org\/CreativeWork\" ><div class=\"iconlist_content_wrap\"><header class=\"entry-content-header\" aria-label=\"Icon: Speisen und Getr\u00e4nke w\u00e4hrend des gesamten Kongresses\"><h4 class='av_iconlist_title iconlist_title  '  itemprop=\"headline\" >Speisen und Getr\u00e4nke w\u00e4hrend des gesamten Kongresses<\/h4><\/header><div class='iconlist_content '  itemprop=\"text\" ><\/div><\/div><footer class=\"entry-footer\"><\/footer><\/article><div class=\"iconlist-timeline\"><\/div><\/li>\n<li><div class='iconlist_icon av-mlhpf3q8-a5b6b8f600d26a147b9b47af0fb9bce5 avia-font-svg_entypo-fontello avia-svg-icon avia-font-svg_entypo-fontello'><span class='av-icon-char' data-av_svg_icon='suitcase' data-av_iconset='svg_entypo-fontello'><svg version=\"1.1\" xmlns=\"http:\/\/www.w3.org\/2000\/svg\" width=\"32\" height=\"32\" viewBox=\"0 0 32 32\" preserveAspectRatio=\"xMidYMid meet\" aria-labelledby='av-svg-title-1' aria-describedby='av-svg-desc-1' role=\"graphics-symbol\" aria-hidden=\"true\">\n<title id='av-svg-title-1'>Suitcase<\/title>\n<desc id='av-svg-desc-1'>Suitcase<\/desc>\n<path d=\"M28.8 6.4q1.344 0 2.272 0.96t0.928 2.24v17.6q0 1.344-0.928 2.272t-2.272 0.928h-1.6v-24h1.6zM0 9.6q0-1.28 0.96-2.24t2.24-0.96h1.6v24h-1.6q-1.28 0-2.24-0.928t-0.96-2.272v-17.6zM21.44 3.072v3.328h3.52v24h-17.92v-24h3.52v-3.328q3.136-1.472 5.44-1.472t5.44 1.472zM19.52 6.4v-2.112q-1.664-0.768-3.52-0.768-1.728 0-3.52 0.768v2.112h7.040z\"><\/path>\n<\/svg><\/span><\/div><article class=\"article-icon-entry av-iconlist-empty\"  itemscope=\"itemscope\" itemtype=\"https:\/\/schema.org\/CreativeWork\" ><div class=\"iconlist_content_wrap\"><header class=\"entry-content-header\" aria-label=\"Icon: Verg\u00fcnstigte Konditionen in unseren Partnerhotels\"><h4 class='av_iconlist_title iconlist_title  '  itemprop=\"headline\" >Verg\u00fcnstigte Konditionen in unseren Partnerhotels<\/h4><\/header><div class='iconlist_content '  itemprop=\"text\" ><\/div><\/div><footer class=\"entry-footer\"><\/footer><\/article><div class=\"iconlist-timeline\"><\/div><\/li>\n<li><div class='iconlist_icon av-mlhph0at-f9c121c8e84c2f849cbc4aa9ce96cf93 avia-font-entypo-fontello avia-iconfont avia-font-entypo-fontello'><span class='av-icon-char' data-av_icon='\ue8c5' data-av_iconfont='entypo-fontello' aria-hidden=\"true\"><\/span><\/div><article class=\"article-icon-entry av-iconlist-empty\"  itemscope=\"itemscope\" itemtype=\"https:\/\/schema.org\/CreativeWork\" ><div class=\"iconlist_content_wrap\"><header class=\"entry-content-header\" aria-label=\"Icon: Zugriff auf die von den Referenten freigegebenen Pr\u00e4sentationen nach dem Kongress\"><h4 class='av_iconlist_title iconlist_title  '  itemprop=\"headline\" >Zugriff auf die von den Referenten freigegebenen Pr\u00e4sentationen nach dem Kongress<\/h4><\/header><div class='iconlist_content '  itemprop=\"text\" ><\/div><\/div><footer class=\"entry-footer\"><\/footer><\/article><div class=\"iconlist-timeline\"><\/div><\/li>\n<\/ul><\/div>\n\n","protected":false},"excerpt":{"rendered":"","protected":false},"author":1,"featured_media":0,"parent":0,"menu_order":0,"comment_status":"closed","ping_status":"closed","template":"","meta":{"footnotes":""},"class_list":["post-26","page","type-page","status-publish","hentry"],"yoast_head":"<!-- This site is optimized with the Yoast SEO plugin v27.3 - https:\/\/yoast.com\/product\/yoast-seo-wordpress\/ -->\n<title>Ticketshop | LZ Health Day<\/title>\n<meta name=\"description\" content=\"Hier k\u00f6nnen Sie Ihr Ticket f\u00fcr \u2026 kaufen. Jetzt anmelden und Ticket kaufen!\" \/>\n<meta name=\"robots\" content=\"index, follow, max-snippet:-1, max-image-preview:large, max-video-preview:-1\" \/>\n<link rel=\"canonical\" href=\"https:\/\/dfvcg-events.de\/lz-health-day\/ticketshop\/\" \/>\n<meta property=\"og:locale\" content=\"de_DE\" \/>\n<meta property=\"og:type\" content=\"article\" \/>\n<meta property=\"og:title\" content=\"Ticketshop | LZ Health Day\" \/>\n<meta property=\"og:description\" content=\"Hier k\u00f6nnen Sie Ihr Ticket f\u00fcr \u2026 kaufen. Jetzt anmelden und Ticket kaufen!\" \/>\n<meta property=\"og:url\" content=\"https:\/\/dfvcg-events.de\/lz-health-day\/ticketshop\/\" \/>\n<meta property=\"og:site_name\" content=\"LZ Health Day\" \/>\n<meta property=\"article:modified_time\" content=\"2026-03-05T15:25:31+00:00\" \/>\n<meta property=\"og:image\" content=\"https:\/\/dfvcg-events.de\/lz-health-day\/wp-content\/uploads\/sites\/66\/2025\/11\/251103_Teaser-LZ-Health-Day_RZ3.jpg\" \/>\n\t<meta property=\"og:image:width\" content=\"800\" \/>\n\t<meta property=\"og:image:height\" content=\"400\" \/>\n\t<meta property=\"og:image:type\" content=\"image\/jpeg\" \/>\n<meta name=\"twitter:card\" content=\"summary_large_image\" \/>\n<meta name=\"twitter:label1\" content=\"Gesch\u00e4tzte Lesezeit\" \/>\n\t<meta name=\"twitter:data1\" content=\"1\u00a0Minute\" \/>\n<script type=\"application\/ld+json\" class=\"yoast-schema-graph\">{\"@context\":\"https:\\\/\\\/schema.org\",\"@graph\":[{\"@type\":\"WebPage\",\"@id\":\"https:\\\/\\\/dfvcg-events.de\\\/lz-health-day\\\/ticketshop\\\/\",\"url\":\"https:\\\/\\\/dfvcg-events.de\\\/lz-health-day\\\/ticketshop\\\/\",\"name\":\"Ticketshop | LZ Health Day\",\"isPartOf\":{\"@id\":\"https:\\\/\\\/dfvcg-events.de\\\/lz-health-day\\\/#website\"},\"datePublished\":\"2020-03-18T20:23:17+00:00\",\"dateModified\":\"2026-03-05T15:25:31+00:00\",\"description\":\"Hier k\u00f6nnen Sie Ihr Ticket f\u00fcr \u2026 kaufen. Jetzt anmelden und Ticket kaufen!\",\"breadcrumb\":{\"@id\":\"https:\\\/\\\/dfvcg-events.de\\\/lz-health-day\\\/ticketshop\\\/#breadcrumb\"},\"inLanguage\":\"de\",\"potentialAction\":[{\"@type\":\"ReadAction\",\"target\":[\"https:\\\/\\\/dfvcg-events.de\\\/lz-health-day\\\/ticketshop\\\/\"]}]},{\"@type\":\"BreadcrumbList\",\"@id\":\"https:\\\/\\\/dfvcg-events.de\\\/lz-health-day\\\/ticketshop\\\/#breadcrumb\",\"itemListElement\":[{\"@type\":\"ListItem\",\"position\":1,\"name\":\"Startseite\",\"item\":\"https:\\\/\\\/dfvcg-events.de\\\/lz-health-day\\\/\"},{\"@type\":\"ListItem\",\"position\":2,\"name\":\"Ticketshop\"}]},{\"@type\":\"WebSite\",\"@id\":\"https:\\\/\\\/dfvcg-events.de\\\/lz-health-day\\\/#website\",\"url\":\"https:\\\/\\\/dfvcg-events.de\\\/lz-health-day\\\/\",\"name\":\"LZ Health Day\",\"description\":\"dfv Conference Group\",\"publisher\":{\"@id\":\"https:\\\/\\\/dfvcg-events.de\\\/lz-health-day\\\/#organization\"},\"alternateName\":\"FMCG-Trends, die uns l\u00e4nger, sch\u00f6ner und ges\u00fcnder leben lassen.\",\"potentialAction\":[{\"@type\":\"SearchAction\",\"target\":{\"@type\":\"EntryPoint\",\"urlTemplate\":\"https:\\\/\\\/dfvcg-events.de\\\/lz-health-day\\\/?s={search_term_string}\"},\"query-input\":{\"@type\":\"PropertyValueSpecification\",\"valueRequired\":true,\"valueName\":\"search_term_string\"}}],\"inLanguage\":\"de\"},{\"@type\":\"Organization\",\"@id\":\"https:\\\/\\\/dfvcg-events.de\\\/lz-health-day\\\/#organization\",\"name\":\"LZ Health Day\",\"alternateName\":\"dfv Conference Group\",\"url\":\"https:\\\/\\\/dfvcg-events.de\\\/lz-health-day\\\/\",\"logo\":{\"@type\":\"ImageObject\",\"inLanguage\":\"de\",\"@id\":\"https:\\\/\\\/dfvcg-events.de\\\/lz-health-day\\\/#\\\/schema\\\/logo\\\/image\\\/\",\"url\":\"https:\\\/\\\/dfvcg-events.de\\\/lz-health-day\\\/wp-content\\\/uploads\\\/sites\\\/66\\\/2025\\\/11\\\/251103_Teaser-LZ-Health-Day_RZ.jpg\",\"contentUrl\":\"https:\\\/\\\/dfvcg-events.de\\\/lz-health-day\\\/wp-content\\\/uploads\\\/sites\\\/66\\\/2025\\\/11\\\/251103_Teaser-LZ-Health-Day_RZ.jpg\",\"width\":800,\"height\":800,\"caption\":\"LZ Health Day\"},\"image\":{\"@id\":\"https:\\\/\\\/dfvcg-events.de\\\/lz-health-day\\\/#\\\/schema\\\/logo\\\/image\\\/\"}}]}<\/script>\n<!-- \/ Yoast SEO plugin. -->","yoast_head_json":{"title":"Ticketshop | LZ Health Day","description":"Hier k\u00f6nnen Sie Ihr Ticket f\u00fcr \u2026 kaufen. Jetzt anmelden und Ticket kaufen!","robots":{"index":"index","follow":"follow","max-snippet":"max-snippet:-1","max-image-preview":"max-image-preview:large","max-video-preview":"max-video-preview:-1"},"canonical":"https:\/\/dfvcg-events.de\/lz-health-day\/ticketshop\/","og_locale":"de_DE","og_type":"article","og_title":"Ticketshop | LZ Health Day","og_description":"Hier k\u00f6nnen Sie Ihr Ticket f\u00fcr \u2026 kaufen. Jetzt anmelden und Ticket kaufen!","og_url":"https:\/\/dfvcg-events.de\/lz-health-day\/ticketshop\/","og_site_name":"LZ Health Day","article_modified_time":"2026-03-05T15:25:31+00:00","og_image":[{"width":800,"height":400,"url":"https:\/\/dfvcg-events.de\/lz-health-day\/wp-content\/uploads\/sites\/66\/2025\/11\/251103_Teaser-LZ-Health-Day_RZ3.jpg","type":"image\/jpeg"}],"twitter_card":"summary_large_image","twitter_misc":{"Gesch\u00e4tzte Lesezeit":"1\u00a0Minute"},"schema":{"@context":"https:\/\/schema.org","@graph":[{"@type":"WebPage","@id":"https:\/\/dfvcg-events.de\/lz-health-day\/ticketshop\/","url":"https:\/\/dfvcg-events.de\/lz-health-day\/ticketshop\/","name":"Ticketshop | LZ Health Day","isPartOf":{"@id":"https:\/\/dfvcg-events.de\/lz-health-day\/#website"},"datePublished":"2020-03-18T20:23:17+00:00","dateModified":"2026-03-05T15:25:31+00:00","description":"Hier k\u00f6nnen Sie Ihr Ticket f\u00fcr \u2026 kaufen. Jetzt anmelden und Ticket kaufen!","breadcrumb":{"@id":"https:\/\/dfvcg-events.de\/lz-health-day\/ticketshop\/#breadcrumb"},"inLanguage":"de","potentialAction":[{"@type":"ReadAction","target":["https:\/\/dfvcg-events.de\/lz-health-day\/ticketshop\/"]}]},{"@type":"BreadcrumbList","@id":"https:\/\/dfvcg-events.de\/lz-health-day\/ticketshop\/#breadcrumb","itemListElement":[{"@type":"ListItem","position":1,"name":"Startseite","item":"https:\/\/dfvcg-events.de\/lz-health-day\/"},{"@type":"ListItem","position":2,"name":"Ticketshop"}]},{"@type":"WebSite","@id":"https:\/\/dfvcg-events.de\/lz-health-day\/#website","url":"https:\/\/dfvcg-events.de\/lz-health-day\/","name":"LZ Health Day","description":"dfv Conference Group","publisher":{"@id":"https:\/\/dfvcg-events.de\/lz-health-day\/#organization"},"alternateName":"FMCG-Trends, die uns l\u00e4nger, sch\u00f6ner und ges\u00fcnder leben lassen.","potentialAction":[{"@type":"SearchAction","target":{"@type":"EntryPoint","urlTemplate":"https:\/\/dfvcg-events.de\/lz-health-day\/?s={search_term_string}"},"query-input":{"@type":"PropertyValueSpecification","valueRequired":true,"valueName":"search_term_string"}}],"inLanguage":"de"},{"@type":"Organization","@id":"https:\/\/dfvcg-events.de\/lz-health-day\/#organization","name":"LZ Health Day","alternateName":"dfv Conference Group","url":"https:\/\/dfvcg-events.de\/lz-health-day\/","logo":{"@type":"ImageObject","inLanguage":"de","@id":"https:\/\/dfvcg-events.de\/lz-health-day\/#\/schema\/logo\/image\/","url":"https:\/\/dfvcg-events.de\/lz-health-day\/wp-content\/uploads\/sites\/66\/2025\/11\/251103_Teaser-LZ-Health-Day_RZ.jpg","contentUrl":"https:\/\/dfvcg-events.de\/lz-health-day\/wp-content\/uploads\/sites\/66\/2025\/11\/251103_Teaser-LZ-Health-Day_RZ.jpg","width":800,"height":800,"caption":"LZ Health Day"},"image":{"@id":"https:\/\/dfvcg-events.de\/lz-health-day\/#\/schema\/logo\/image\/"}}]}},"_links":{"self":[{"href":"https:\/\/dfvcg-events.de\/lz-health-day\/wp-json\/wp\/v2\/pages\/26","targetHints":{"allow":["GET"]}}],"collection":[{"href":"https:\/\/dfvcg-events.de\/lz-health-day\/wp-json\/wp\/v2\/pages"}],"about":[{"href":"https:\/\/dfvcg-events.de\/lz-health-day\/wp-json\/wp\/v2\/types\/page"}],"author":[{"embeddable":true,"href":"https:\/\/dfvcg-events.de\/lz-health-day\/wp-json\/wp\/v2\/users\/1"}],"replies":[{"embeddable":true,"href":"https:\/\/dfvcg-events.de\/lz-health-day\/wp-json\/wp\/v2\/comments?post=26"}],"version-history":[{"count":12,"href":"https:\/\/dfvcg-events.de\/lz-health-day\/wp-json\/wp\/v2\/pages\/26\/revisions"}],"predecessor-version":[{"id":2111,"href":"https:\/\/dfvcg-events.de\/lz-health-day\/wp-json\/wp\/v2\/pages\/26\/revisions\/2111"}],"wp:attachment":[{"href":"https:\/\/dfvcg-events.de\/lz-health-day\/wp-json\/wp\/v2\/media?parent=26"}],"curies":[{"name":"wp","href":"https:\/\/api.w.org\/{rel}","templated":true}]}}