{"id":240,"date":"2020-03-20T00:18:11","date_gmt":"2020-03-19T23:18:11","guid":{"rendered":"https:\/\/dfvcg-events.de\/lz-health-day\/?page_id=240"},"modified":"2026-03-31T13:29:05","modified_gmt":"2026-03-31T11:29:05","slug":"programm","status":"publish","type":"page","link":"https:\/\/dfvcg-events.de\/lz-health-day\/programm\/","title":{"rendered":"Programm"},"content":{"rendered":"\n<style type=\"text\/css\" data-created_by=\"avia_inline_auto\" id=\"style-css-av-7g46w-e26338abea1381999b8abce60f247072\">\n.avia-section.av-7g46w-e26338abea1381999b8abce60f247072{\nbackground-repeat:no-repeat;\nbackground-image:url(https:\/\/dfvcg-events.de\/lz-health-day\/wp-content\/uploads\/sites\/66\/2025\/11\/LZ-Health-Day-background.jpg);\nbackground-position:50% 50%;\nbackground-attachment:scroll;\n}\n.avia-section.av-7g46w-e26338abea1381999b8abce60f247072 .av-section-color-overlay{\nopacity:0.6;\nbackground-color:#ffffff;\n}\n<\/style>\n<div id='av_section_1'  class='avia-section av-7g46w-e26338abea1381999b8abce60f247072 main_color avia-section-default avia-no-border-styling  avia-builder-el-0  el_before_av_section  avia-builder-el-first  avia-full-stretch avia-bg-style-scroll av-section-color-overlay-active av-minimum-height av-minimum-height-25 av-height-25  container_wrap fullsize'  data-section-bg-repeat='stretch' data-av_minimum_height_pc='25' data-av_min_height_opt='25'><div class=\"av-section-color-overlay-wrap\"><div class=\"av-section-color-overlay\"><\/div><div class='container av-section-cont-open' ><main  role=\"main\" itemprop=\"mainContentOfPage\"  class='template-page content  av-content-full alpha units'><div class='post-entry post-entry-type-page post-entry-240'><div class='entry-content-wrapper clearfix'>\n\n<style type=\"text\/css\" data-created_by=\"avia_inline_auto\" id=\"style-css-av-mhkptw2w-1e3db9f2e7a0494e8415f49e24197a68\">\n#top .av-special-heading.av-mhkptw2w-1e3db9f2e7a0494e8415f49e24197a68{\npadding-bottom:0;\n}\nbody .av-special-heading.av-mhkptw2w-1e3db9f2e7a0494e8415f49e24197a68 .av-special-heading-tag .heading-char{\nfont-size:25px;\n}\n#top #wrap_all .av-special-heading.av-mhkptw2w-1e3db9f2e7a0494e8415f49e24197a68 .av-special-heading-tag{\npadding:20px 0 0 0;\n}\n.av-special-heading.av-mhkptw2w-1e3db9f2e7a0494e8415f49e24197a68 .av-subheading{\nfont-size:19px;\n}\n<\/style>\n<div  class='av-special-heading av-mhkptw2w-1e3db9f2e7a0494e8415f49e24197a68 av-special-heading-h1 custom-color-heading blockquote modern-quote  avia-builder-el-1  avia-builder-el-no-sibling '><h1 class='av-special-heading-tag '  itemprop=\"headline\"  >Programm<\/h1><div class=\"special-heading-border\"><div class=\"special-heading-inner-border\"><\/div><\/div><\/div>\n\n<\/div><\/div><\/main><!-- close content main element --><\/div><\/div><\/div><div id='av_section_2'  class='avia-section av-1at280-f125293cdb5ccf50b94978dd6ccac5c4 main_color avia-section-default avia-no-border-styling  avia-builder-el-2  el_after_av_section  avia-builder-el-last  avia-bg-style-scroll container_wrap fullsize'  ><div class='container av-section-cont-open' ><div class='template-page content  av-content-full alpha units'><div class='post-entry post-entry-type-page post-entry-240'><div class='entry-content-wrapper clearfix'>\n\n<style type=\"text\/css\" data-created_by=\"avia_inline_auto\" id=\"style-css-av-algfs-37000d96264c4009275ca2124b15d0c1\">\n#top .av-special-heading.av-algfs-37000d96264c4009275ca2124b15d0c1{\npadding-bottom:10px;\n}\nbody .av-special-heading.av-algfs-37000d96264c4009275ca2124b15d0c1 .av-special-heading-tag .heading-char{\nfont-size:25px;\n}\n.av-special-heading.av-algfs-37000d96264c4009275ca2124b15d0c1 .av-subheading{\nfont-size:15px;\n}\n<\/style>\n<div  class='av-special-heading av-algfs-37000d96264c4009275ca2124b15d0c1 av-special-heading-h2 blockquote modern-quote  avia-builder-el-3  el_before_av_hr  avia-builder-el-first '><h2 class='av-special-heading-tag '  itemprop=\"headline\"  >23. April 2026<\/h2><div class=\"special-heading-border\"><div class=\"special-heading-inner-border\"><\/div><\/div><\/div>\n\n<style type=\"text\/css\" data-created_by=\"avia_inline_auto\" id=\"style-css-av-mm220uxy-10da776ab66af0759bfea9ecdf7e10e3\">\n#top .hr.hr-invisible.av-mm220uxy-10da776ab66af0759bfea9ecdf7e10e3{\nheight:50px;\n}\n<\/style>\n<div  class='hr av-mm220uxy-10da776ab66af0759bfea9ecdf7e10e3 hr-invisible  avia-builder-el-4  el_after_av_heading  el_before_av_one_full '><span class='hr-inner '><span class=\"hr-inner-style\"><\/span><\/span><\/div>\n<div  class='flex_column av-12crqw-a22dd969c40af16558513ef2e759c3f9 av_one_full  avia-builder-el-5  el_after_av_hr  avia-builder-el-last  first flex_column_div  '     ><div class='avia-data-table-wrap av-9insx4-0d32577fe2fd7b247df57f1c2715177b avia_responsive_table avia-table-1'><table  id=\"programm-tabelle\"  class='avia-table avia-data-table avia_pricing_default  avia-builder-el-6  avia-builder-el-no-sibling  programm-tabelle'  itemscope=\"itemscope\" itemtype=\"https:\/\/schema.org\/Table\" ><tbody><tr class=''><th class='avia-desc-col'><\/th><td class=''><\/td><td class=''><\/td><\/tr><tr class=''><th class='avia-desc-col'>9:00<\/th><td class=''>Opening &amp; Begr\u00fc\u00dfung<br \/>\n<\/td><td class=''>Christian Kuhn, Gesch\u00e4ftsf\u00fchrer, dfv Conference Group<\/td><\/tr><tr class=''><th class='avia-desc-col'>9:05<\/th><td class=''>Einf\u00fchrung in das Programm<\/td><td class=''><a href=\"https:\/\/dfvcg-events.de\/lz-health-day\/vortragend\/bernd-biehl\/\">Bernd Biehl<\/a>, Chefredaktion, Lebensmittel Zeitung<br \/>\n<a href=\"https:\/\/dfvcg-events.de\/lz-health-day\/vortragend\/sabrina-schadwinkel\/\">Sabrina Schadwinkel<\/a>, Redakteurin, Lebensmittel Zeitung<\/td><\/tr><tr class=''><th class='avia-desc-col'>9:15<\/p>\n<p><\/th><td class=''><strong>VORTRAG<\/strong><br \/>\nBeyond Nutrition: Gesundheit ist mehr als Proteinpulver<\/td><td class=''><a href=\"https:\/\/dfvcg-events.de\/lz-health-day\/vortragend\/fabian-braumueller\/\">Fabian Braum\u00fcller<\/a>, Senior Consultant, YouGov<br \/>\n<a href=\"https:\/\/dfvcg-events.de\/lz-health-day\/vortragend\/anna-katharina-kraus\/\">Anna-Katharina Kraus<\/a>, Commercial Director Advanced Solutions, YouGov <\/td><\/tr><tr class=''><th class='avia-desc-col'>9:45<\/p>\n<p><\/th><td class=''><strong>VORTRAG<\/strong><br \/>\nPolykrise, mentale Gesundheit, Selbstoptimierung, Sch\u00f6nheits- und Gesundheitskult \u2013 Konsum als Resilienzstrategie<\/td><td class=''><a href=\"https:\/\/dfvcg-events.de\/lz-health-day\/vortragend\/oliver-heyden\/\">Oliver Heyden<\/a>, Chief Strategy Officer &amp; Member of Strategy Board, pressrelations<\/td><\/tr><tr class=''><th class='avia-desc-col'>10:05<\/p>\n<p><\/th><td class=''><strong>VORTRAG<\/strong><br \/>\nErn\u00e4hrung als Gesundheitsfaktor: Chancen durch neue Marktdynamiken<\/td><td class=''><a href=\"https:\/\/dfvcg-events.de\/lz-health-day\/vortragend\/alexander-smerz\/\">Dr. Alexander Smerz<\/a>, Head of Institute, The Future of Nutrition and Longevity Institute<\/td><\/tr><tr class=''><th class='avia-desc-col'>10:35<\/p>\n<p><\/th><td class=''>\u2022 COFFEE &amp; NETWORKING \u2022<br \/>\n<\/td><td class=''><\/td><\/tr><tr class=''><th class='avia-desc-col'>11:15<\/p>\n<p><\/th><td class=''><strong>TALKRUNDE<\/strong><br \/>\nStay young. Alt werden war gestern. Wie Marken die Gen Z gewinnen.<br \/>\n<\/td><td class=''><a href=\"https:\/\/dfvcg-events.de\/lz-health-day\/vortragend\/tom-inden-lohmar\/\">Tom Inden-Lohmar<\/a>, Head of Brands &amp; Marketing, OeTINGER GETR\u00c4NKE<br \/>\n<a href=\"https:\/\/dfvcg-events.de\/lz-health-day\/vortragend\/nicolas-lother\/\">Nicolas Lother<\/a>, Chief Product Officer, The Quality Group<br \/>\n<a href=\"https:\/\/dfvcg-events.de\/lz-health-day\/vortragend\/friederike-driftmann-egelhof\/\">Dr. Friederike Driftmann-Egelhof<\/a>, Gesch\u00e4ftsf\u00fchrerin &amp; CEO, Peter K\u00f6lln<\/p>\n<p>Moderation: <a href=\"https:\/\/dfvcg-events.de\/lz-health-day\/vortragend\/patrizia-stitz\/\">Patrizia Stitz<\/a>, Gr\u00fcnderin &amp; Inhaberin, FOOD IDEAS<\/td><\/tr><tr class=''><th class='avia-desc-col'>11:55<\/th><td class=''><strong>IMPULS VORTRAG<\/strong><br \/>\nLongevity meets traditionelle Molkerei<\/td><td class=''><a href=\"https:\/\/dfvcg-events.de\/lz-health-day\/vortragend\/moritz-collmar\/\">Moritz Collmar<\/a>, Leiter Marketing&amp;Business Development, Schwarzwaldmilch<\/td><\/tr><tr class=''><th class='avia-desc-col'>12:15<\/th><td class=''><strong>IMPULS VORTRAG<\/strong><br \/>\nSnacking-Unternehmen trifft auf neue Konsumbed\u00fcrfnisse: Wie Mars Wrigley Kaugummi als Begleiter zum &#8222;Durchatmen und Abschalten&#8220; positioniert<\/td><td class=''><a href=\"https:\/\/dfvcg-events.de\/lz-health-day\/vortragend\/carsten-simon\/\">Carsten Simon<\/a>, Gesch\u00e4ftsf\u00fchrer, Mars Wrigley Deutschland<\/td><\/tr><tr class=''><th class='avia-desc-col'>12:35<\/th><td class=''><strong>BEST CASE<\/strong><\/td><td class=''>in Abstimmung<\/td><\/tr><tr class=''><th class='avia-desc-col'>12:55<\/th><td class=''><strong>INTERVIEW<\/strong><\/td><td class=''><a href=\"https:\/\/dfvcg-events.de\/lz-health-day\/vortragend\/angelique-kerber\/\">Angelique Kerber<\/a>, ehemalige Nummer 1 der Tennis-Weltrangliste<br \/>\nim Gespr\u00e4ch mit: <a href=\"https:\/\/dfvcg-events.de\/lz-health-day\/vortragend\/sabrina-schadwinkel\/\">Sabrina Schadwinkel<\/a>, Redakteurin, Lebensmittel Zeitung<\/p>\n<p><\/td><\/tr><tr class=''><th class='avia-desc-col'>13:10<br \/>\n<\/th><td class=''><strong>GESPR\u00c4CH<\/strong><\/td><td class=''><a href=\"https:\/\/dfvcg-events.de\/lz-health-day\/vortragend\/angelique-kerber\/\">Angelique Kerber<\/a>, ehemalige Nummer 1 der Tennis-Weltrangliste<br \/>\n<a href=\"https:\/\/dfvcg-events.de\/lz-health-day\/vortragend\/philippe-schindler\/\">Philippe Schindler<\/a>, Gesch\u00e4ftsf\u00fchrer \u2013 Innovation &amp; Zukunftsentwicklung, Nutriluv Health<br \/>\nim Gespr\u00e4ch mit: <a href=\"https:\/\/dfvcg-events.de\/lz-health-day\/vortragend\/sabrina-schadwinkel\/\">Sabrina Schadwinkel<\/a>, Redakteurin, Lebensmittel Zeitung<\/p>\n<p><\/td><\/tr><tr class=''><th class='avia-desc-col'>13:25<\/th><td class=''>\u2022 LUNCH BREAK \u2022<\/td><td class=''><\/td><\/tr><tr class=''><th class='avia-desc-col'>14:30<\/p>\n<p><\/th><td class=''><strong>DEEP TALK<\/strong><br \/>\nSupplement-Boom im LEH: Wie Hersteller Wachstum, Lieferf\u00e4higkeit und Komplexit\u00e4t steuern<br \/>\n<\/td><td class=''><a href=\"https:\/\/dfvcg-events.de\/lz-health-day\/vortragend\/till-lesinski\/\">Till Lesinski<\/a>, Director Information Technology, Active Nutrition<br \/>\n<a href=\"https:\/\/dfvcg-events.de\/lz-health-day\/vortragend\/malte-sturm\/\">Malte Sturm<\/a>, Managing Director, Alphacaps<br \/>\nModeration: <a href=\"https:\/\/dfvcg-events.de\/lz-health-day\/vortragend\/matthias-neu\/\">Matthias Neu<\/a>, Senior Account Manager, Infor<\/td><\/tr><tr class=''><th class='avia-desc-col'>15:00<\/p>\n<p><\/th><td class=''><strong>INTERVIEW<\/strong><br \/>\nWir machen Longevity seit 140 Jahren<\/td><td class=''><a href=\"https:\/\/dfvcg-events.de\/lz-health-day\/vortragend\/guenter-althaus\/\">G\u00fcnter Althaus<\/a>, Gesch\u00e4ftsf\u00fchrer, Vorstandsvorsitzender, Reformhaus<br \/>\nim Gespr\u00e4ch mit: <a href=\"https:\/\/dfvcg-events.de\/lz-health-day\/vortragend\/bernd-biehl\/\">Bernd Biehl<\/a>, Chefredaktion, Lebensmittel Zeitung<\/td><\/tr><tr class=''><th class='avia-desc-col'>15:20<\/p>\n<p><\/th><td class=''><strong>INTERVIEW<\/strong><br \/>\n<\/td><td class=''><a href=\"https:\/\/dfvcg-events.de\/lz-health-day\/vortragend\/marius-hoechner\/\">Marius H\u00f6chner<\/a>, Inhaber, Fffrische Center H\u00f6chner<br \/>\n<\/td><\/tr><tr class=''><th class='avia-desc-col'>15:40<br \/>\n<\/th><td class=''><strong>VORTRAG<\/strong><br \/>\nDer rechtliche Rahmen f\u00fcr die Werbung mit Wellbeing und Longevity \u2013 wo verlaufen die Grenzen der Zul\u00e4ssigkeit?<br \/>\n<\/td><td class=''><a href=\"https:\/\/dfvcg-events.de\/lz-health-day\/vortragend\/sonja-schulz\/\">Sonja Schulz<\/a>, LL.M., Partnerin, ZENK Rechtsanw\u00e4lte<\/td><\/tr><tr class=''><th class='avia-desc-col'>16:10<br \/>\n<\/th><td class=''>Closing<\/td><td class=''><a href=\"https:\/\/dfvcg-events.de\/lz-health-day\/vortragend\/bernd-biehl\/\">Bernd Biehl<\/a>, Chefredaktion, Lebensmittel Zeitung<br \/>\n<a href=\"https:\/\/dfvcg-events.de\/lz-health-day\/vortragend\/sabrina-schadwinkel\/\">Sabrina Schadwinkel<\/a>, Redakteurin, Lebensmittel Zeitung<\/td><\/tr><tr class=''><th class='avia-desc-col'><\/th><td class=''><\/td><td class=''><\/td><\/tr><\/tbody><\/table><\/div><style type='text\/css'>.avia-table-1 td:nth-of-type(1):before { content: ''; } <\/style><\/div>\n","protected":false},"excerpt":{"rendered":"","protected":false},"author":1,"featured_media":0,"parent":0,"menu_order":0,"comment_status":"closed","ping_status":"closed","template":"","meta":{"footnotes":""},"class_list":["post-240","page","type-page","status-publish","hentry"],"yoast_head":"<!-- This site is optimized with the Yoast SEO plugin v27.3 - https:\/\/yoast.com\/product\/yoast-seo-wordpress\/ -->\n<title>Programm | LZ Health Day<\/title>\n<meta name=\"description\" content=\"Als Teilnehmer:in des LZ Health Day erwarten Sie die wichtigsten Themen, Innovationen und Highlights der Branche. Hier geht es zum Programm!\" \/>\n<meta name=\"robots\" content=\"index, follow, max-snippet:-1, max-image-preview:large, max-video-preview:-1\" \/>\n<link rel=\"canonical\" href=\"https:\/\/dfvcg-events.de\/lz-health-day\/programm\/\" \/>\n<meta property=\"og:locale\" content=\"de_DE\" \/>\n<meta property=\"og:type\" content=\"article\" \/>\n<meta property=\"og:title\" content=\"Programm | LZ Health Day\" \/>\n<meta property=\"og:description\" content=\"Als Teilnehmer:in des LZ Health Day erwarten Sie die wichtigsten Themen, Innovationen und Highlights der Branche. Hier geht es zum Programm!\" \/>\n<meta property=\"og:url\" content=\"https:\/\/dfvcg-events.de\/lz-health-day\/programm\/\" \/>\n<meta property=\"og:site_name\" content=\"LZ Health Day\" \/>\n<meta property=\"article:modified_time\" content=\"2026-03-31T11:29:05+00:00\" \/>\n<meta property=\"og:image\" content=\"https:\/\/dfvcg-events.de\/lz-health-day\/wp-content\/uploads\/sites\/66\/2025\/11\/251103_Teaser-LZ-Health-Day_RZ3.jpg\" \/>\n\t<meta property=\"og:image:width\" content=\"800\" \/>\n\t<meta property=\"og:image:height\" content=\"400\" \/>\n\t<meta property=\"og:image:type\" content=\"image\/jpeg\" \/>\n<meta name=\"twitter:card\" content=\"summary_large_image\" \/>\n<meta name=\"twitter:label1\" content=\"Gesch\u00e4tzte Lesezeit\" \/>\n\t<meta name=\"twitter:data1\" content=\"2\u00a0Minuten\" \/>\n<script type=\"application\/ld+json\" class=\"yoast-schema-graph\">{\"@context\":\"https:\\\/\\\/schema.org\",\"@graph\":[{\"@type\":\"WebPage\",\"@id\":\"https:\\\/\\\/dfvcg-events.de\\\/lz-health-day\\\/programm\\\/\",\"url\":\"https:\\\/\\\/dfvcg-events.de\\\/lz-health-day\\\/programm\\\/\",\"name\":\"Programm | LZ Health Day\",\"isPartOf\":{\"@id\":\"https:\\\/\\\/dfvcg-events.de\\\/lz-health-day\\\/#website\"},\"datePublished\":\"2020-03-19T23:18:11+00:00\",\"dateModified\":\"2026-03-31T11:29:05+00:00\",\"description\":\"Als Teilnehmer:in des LZ Health Day erwarten Sie die wichtigsten Themen, Innovationen und Highlights der Branche. Hier geht es zum Programm!\",\"breadcrumb\":{\"@id\":\"https:\\\/\\\/dfvcg-events.de\\\/lz-health-day\\\/programm\\\/#breadcrumb\"},\"inLanguage\":\"de\",\"potentialAction\":[{\"@type\":\"ReadAction\",\"target\":[\"https:\\\/\\\/dfvcg-events.de\\\/lz-health-day\\\/programm\\\/\"]}]},{\"@type\":\"BreadcrumbList\",\"@id\":\"https:\\\/\\\/dfvcg-events.de\\\/lz-health-day\\\/programm\\\/#breadcrumb\",\"itemListElement\":[{\"@type\":\"ListItem\",\"position\":1,\"name\":\"Startseite\",\"item\":\"https:\\\/\\\/dfvcg-events.de\\\/lz-health-day\\\/\"},{\"@type\":\"ListItem\",\"position\":2,\"name\":\"Programm\"}]},{\"@type\":\"WebSite\",\"@id\":\"https:\\\/\\\/dfvcg-events.de\\\/lz-health-day\\\/#website\",\"url\":\"https:\\\/\\\/dfvcg-events.de\\\/lz-health-day\\\/\",\"name\":\"LZ Health Day\",\"description\":\"dfv Conference Group\",\"publisher\":{\"@id\":\"https:\\\/\\\/dfvcg-events.de\\\/lz-health-day\\\/#organization\"},\"alternateName\":\"FMCG-Trends, die uns l\u00e4nger, sch\u00f6ner und ges\u00fcnder leben lassen.\",\"potentialAction\":[{\"@type\":\"SearchAction\",\"target\":{\"@type\":\"EntryPoint\",\"urlTemplate\":\"https:\\\/\\\/dfvcg-events.de\\\/lz-health-day\\\/?s={search_term_string}\"},\"query-input\":{\"@type\":\"PropertyValueSpecification\",\"valueRequired\":true,\"valueName\":\"search_term_string\"}}],\"inLanguage\":\"de\"},{\"@type\":\"Organization\",\"@id\":\"https:\\\/\\\/dfvcg-events.de\\\/lz-health-day\\\/#organization\",\"name\":\"LZ Health Day\",\"alternateName\":\"dfv Conference Group\",\"url\":\"https:\\\/\\\/dfvcg-events.de\\\/lz-health-day\\\/\",\"logo\":{\"@type\":\"ImageObject\",\"inLanguage\":\"de\",\"@id\":\"https:\\\/\\\/dfvcg-events.de\\\/lz-health-day\\\/#\\\/schema\\\/logo\\\/image\\\/\",\"url\":\"https:\\\/\\\/dfvcg-events.de\\\/lz-health-day\\\/wp-content\\\/uploads\\\/sites\\\/66\\\/2025\\\/11\\\/251103_Teaser-LZ-Health-Day_RZ.jpg\",\"contentUrl\":\"https:\\\/\\\/dfvcg-events.de\\\/lz-health-day\\\/wp-content\\\/uploads\\\/sites\\\/66\\\/2025\\\/11\\\/251103_Teaser-LZ-Health-Day_RZ.jpg\",\"width\":800,\"height\":800,\"caption\":\"LZ Health Day\"},\"image\":{\"@id\":\"https:\\\/\\\/dfvcg-events.de\\\/lz-health-day\\\/#\\\/schema\\\/logo\\\/image\\\/\"}}]}<\/script>\n<!-- \/ Yoast SEO plugin. -->","yoast_head_json":{"title":"Programm | LZ Health Day","description":"Als Teilnehmer:in des LZ Health Day erwarten Sie die wichtigsten Themen, Innovationen und Highlights der Branche. Hier geht es zum Programm!","robots":{"index":"index","follow":"follow","max-snippet":"max-snippet:-1","max-image-preview":"max-image-preview:large","max-video-preview":"max-video-preview:-1"},"canonical":"https:\/\/dfvcg-events.de\/lz-health-day\/programm\/","og_locale":"de_DE","og_type":"article","og_title":"Programm | LZ Health Day","og_description":"Als Teilnehmer:in des LZ Health Day erwarten Sie die wichtigsten Themen, Innovationen und Highlights der Branche. Hier geht es zum Programm!","og_url":"https:\/\/dfvcg-events.de\/lz-health-day\/programm\/","og_site_name":"LZ Health Day","article_modified_time":"2026-03-31T11:29:05+00:00","og_image":[{"width":800,"height":400,"url":"https:\/\/dfvcg-events.de\/lz-health-day\/wp-content\/uploads\/sites\/66\/2025\/11\/251103_Teaser-LZ-Health-Day_RZ3.jpg","type":"image\/jpeg"}],"twitter_card":"summary_large_image","twitter_misc":{"Gesch\u00e4tzte Lesezeit":"2\u00a0Minuten"},"schema":{"@context":"https:\/\/schema.org","@graph":[{"@type":"WebPage","@id":"https:\/\/dfvcg-events.de\/lz-health-day\/programm\/","url":"https:\/\/dfvcg-events.de\/lz-health-day\/programm\/","name":"Programm | LZ Health Day","isPartOf":{"@id":"https:\/\/dfvcg-events.de\/lz-health-day\/#website"},"datePublished":"2020-03-19T23:18:11+00:00","dateModified":"2026-03-31T11:29:05+00:00","description":"Als Teilnehmer:in des LZ Health Day erwarten Sie die wichtigsten Themen, Innovationen und Highlights der Branche. Hier geht es zum Programm!","breadcrumb":{"@id":"https:\/\/dfvcg-events.de\/lz-health-day\/programm\/#breadcrumb"},"inLanguage":"de","potentialAction":[{"@type":"ReadAction","target":["https:\/\/dfvcg-events.de\/lz-health-day\/programm\/"]}]},{"@type":"BreadcrumbList","@id":"https:\/\/dfvcg-events.de\/lz-health-day\/programm\/#breadcrumb","itemListElement":[{"@type":"ListItem","position":1,"name":"Startseite","item":"https:\/\/dfvcg-events.de\/lz-health-day\/"},{"@type":"ListItem","position":2,"name":"Programm"}]},{"@type":"WebSite","@id":"https:\/\/dfvcg-events.de\/lz-health-day\/#website","url":"https:\/\/dfvcg-events.de\/lz-health-day\/","name":"LZ Health Day","description":"dfv Conference Group","publisher":{"@id":"https:\/\/dfvcg-events.de\/lz-health-day\/#organization"},"alternateName":"FMCG-Trends, die uns l\u00e4nger, sch\u00f6ner und ges\u00fcnder leben lassen.","potentialAction":[{"@type":"SearchAction","target":{"@type":"EntryPoint","urlTemplate":"https:\/\/dfvcg-events.de\/lz-health-day\/?s={search_term_string}"},"query-input":{"@type":"PropertyValueSpecification","valueRequired":true,"valueName":"search_term_string"}}],"inLanguage":"de"},{"@type":"Organization","@id":"https:\/\/dfvcg-events.de\/lz-health-day\/#organization","name":"LZ Health Day","alternateName":"dfv Conference Group","url":"https:\/\/dfvcg-events.de\/lz-health-day\/","logo":{"@type":"ImageObject","inLanguage":"de","@id":"https:\/\/dfvcg-events.de\/lz-health-day\/#\/schema\/logo\/image\/","url":"https:\/\/dfvcg-events.de\/lz-health-day\/wp-content\/uploads\/sites\/66\/2025\/11\/251103_Teaser-LZ-Health-Day_RZ.jpg","contentUrl":"https:\/\/dfvcg-events.de\/lz-health-day\/wp-content\/uploads\/sites\/66\/2025\/11\/251103_Teaser-LZ-Health-Day_RZ.jpg","width":800,"height":800,"caption":"LZ Health Day"},"image":{"@id":"https:\/\/dfvcg-events.de\/lz-health-day\/#\/schema\/logo\/image\/"}}]}},"_links":{"self":[{"href":"https:\/\/dfvcg-events.de\/lz-health-day\/wp-json\/wp\/v2\/pages\/240","targetHints":{"allow":["GET"]}}],"collection":[{"href":"https:\/\/dfvcg-events.de\/lz-health-day\/wp-json\/wp\/v2\/pages"}],"about":[{"href":"https:\/\/dfvcg-events.de\/lz-health-day\/wp-json\/wp\/v2\/types\/page"}],"author":[{"embeddable":true,"href":"https:\/\/dfvcg-events.de\/lz-health-day\/wp-json\/wp\/v2\/users\/1"}],"replies":[{"embeddable":true,"href":"https:\/\/dfvcg-events.de\/lz-health-day\/wp-json\/wp\/v2\/comments?post=240"}],"version-history":[{"count":56,"href":"https:\/\/dfvcg-events.de\/lz-health-day\/wp-json\/wp\/v2\/pages\/240\/revisions"}],"predecessor-version":[{"id":2230,"href":"https:\/\/dfvcg-events.de\/lz-health-day\/wp-json\/wp\/v2\/pages\/240\/revisions\/2230"}],"wp:attachment":[{"href":"https:\/\/dfvcg-events.de\/lz-health-day\/wp-json\/wp\/v2\/media?parent=240"}],"curies":[{"name":"wp","href":"https:\/\/api.w.org\/{rel}","templated":true}]}}