{"id":234,"date":"2020-03-20T00:08:07","date_gmt":"2020-03-19T23:08:07","guid":{"rendered":"https:\/\/dfvcg-events.de\/lz-health-day\/?page_id=234"},"modified":"2025-11-06T12:40:06","modified_gmt":"2025-11-06T11:40:06","slug":"kontakt","status":"publish","type":"page","link":"https:\/\/dfvcg-events.de\/lz-health-day\/kontakt\/","title":{"rendered":"Kontakt"},"content":{"rendered":"\n<style type=\"text\/css\" data-created_by=\"avia_inline_auto\" id=\"style-css-av-dq3zm-2ca15612c660c65dadf350f5dce6dcab\">\n.avia-section.av-dq3zm-2ca15612c660c65dadf350f5dce6dcab{\nbackground-repeat:no-repeat;\nbackground-image:url(https:\/\/dfvcg-events.de\/lz-health-day\/wp-content\/uploads\/sites\/66\/2025\/11\/LZ-Health-Day-background.jpg);\nbackground-position:50% 50%;\nbackground-attachment:scroll;\n}\n.avia-section.av-dq3zm-2ca15612c660c65dadf350f5dce6dcab .av-section-color-overlay{\nopacity:0.6;\nbackground-color:#ffffff;\n}\n<\/style>\n<div id='av_section_1'  class='avia-section av-dq3zm-2ca15612c660c65dadf350f5dce6dcab main_color avia-section-default avia-no-border-styling  avia-builder-el-0  el_before_av_section  avia-builder-el-first  avia-full-stretch avia-bg-style-scroll av-section-color-overlay-active av-minimum-height av-minimum-height-25 av-height-25  container_wrap fullsize'  data-section-bg-repeat='stretch' data-av_minimum_height_pc='25' data-av_min_height_opt='25'><div class=\"av-section-color-overlay-wrap\"><div class=\"av-section-color-overlay\"><\/div><div class='container av-section-cont-open' ><main  role=\"main\" itemprop=\"mainContentOfPage\"  class='template-page content  av-content-full alpha units'><div class='post-entry post-entry-type-page post-entry-234'><div class='entry-content-wrapper clearfix'>\n\n<style type=\"text\/css\" data-created_by=\"avia_inline_auto\" id=\"style-css-av-mhkpzefe-44ac46bf886c4b3003ce307ec62a42e9\">\n#top .av-special-heading.av-mhkpzefe-44ac46bf886c4b3003ce307ec62a42e9{\npadding-bottom:0;\n}\nbody .av-special-heading.av-mhkpzefe-44ac46bf886c4b3003ce307ec62a42e9 .av-special-heading-tag .heading-char{\nfont-size:25px;\n}\n#top #wrap_all .av-special-heading.av-mhkpzefe-44ac46bf886c4b3003ce307ec62a42e9 .av-special-heading-tag{\npadding:20px 0 0 0;\n}\n.av-special-heading.av-mhkpzefe-44ac46bf886c4b3003ce307ec62a42e9 .av-subheading{\nfont-size:19px;\n}\n<\/style>\n<div  class='av-special-heading av-mhkpzefe-44ac46bf886c4b3003ce307ec62a42e9 av-special-heading-h1 custom-color-heading blockquote modern-quote  avia-builder-el-1  avia-builder-el-no-sibling '><h1 class='av-special-heading-tag '  itemprop=\"headline\"  >Kontakt<\/h1><div class=\"special-heading-border\"><div class=\"special-heading-inner-border\"><\/div><\/div><\/div>\n\n<\/div><\/div><\/main><!-- close content main element --><\/div><\/div><\/div><div id='av_section_2'  class='avia-section av-k7z9vjbr-9ac961e12b59148d9abf2fe64ac3f5c6 main_color avia-section-default avia-no-border-styling  avia-builder-el-2  el_after_av_section  el_before_av_section  avia-bg-style-scroll container_wrap fullsize'  ><div class='container av-section-cont-open' ><div class='template-page content  av-content-full alpha units'><div class='post-entry post-entry-type-page post-entry-234'><div class='entry-content-wrapper clearfix'>\n\n<style type=\"text\/css\" data-created_by=\"avia_inline_auto\" id=\"style-css-av-jahq2-0bce67c9aff528fbd03a215be6cfdd47\">\n#top .av-special-heading.av-jahq2-0bce67c9aff528fbd03a215be6cfdd47{\npadding-bottom:35px;\n}\nbody .av-special-heading.av-jahq2-0bce67c9aff528fbd03a215be6cfdd47 .av-special-heading-tag .heading-char{\nfont-size:25px;\n}\n.av-special-heading.av-jahq2-0bce67c9aff528fbd03a215be6cfdd47 .av-subheading{\nfont-size:19px;\n}\n<\/style>\n<div  class='av-special-heading av-jahq2-0bce67c9aff528fbd03a215be6cfdd47 av-special-heading-h2 blockquote modern-quote  avia-builder-el-3  el_before_av_one_fourth  avia-builder-el-first '><h2 class='av-special-heading-tag '  itemprop=\"headline\"  >Ihre Ansprechpartner:innen<\/h2><div class=\"special-heading-border\"><div class=\"special-heading-inner-border\"><\/div><\/div><\/div>\n\n<style type=\"text\/css\" data-created_by=\"avia_inline_auto\" id=\"style-css-av-d7cry-f5a046b61a82c31351c419d40394f541\">\n.flex_column.av-d7cry-f5a046b61a82c31351c419d40394f541{\nborder-radius:0px 0px 0px 0px;\npadding:0px 0px 0px 0px;\n}\n<\/style>\n<div  class='flex_column av-d7cry-f5a046b61a82c31351c419d40394f541 av_one_fourth  avia-builder-el-4  el_after_av_heading  el_before_av_one_fourth  first flex_column_div av-zero-column-padding  '     ><style type=\"text\/css\" data-created_by=\"avia_inline_auto\" id=\"style-css-av-k7z3il24-7b78b91209d0126f070780c352496aa6\">\n#top .av_textblock_section.av-k7z3il24-7b78b91209d0126f070780c352496aa6 .avia_textblock{\nfont-size:17px;\n}\n<\/style>\n<section  class='av_textblock_section av-k7z3il24-7b78b91209d0126f070780c352496aa6 '   itemscope=\"itemscope\" itemtype=\"https:\/\/schema.org\/CreativeWork\" ><div class='avia_textblock'  itemprop=\"text\" ><p><strong>Programm<\/strong><\/p>\n<p>Irina Niemann<br \/>\n<a href=\"&#109;&#x61;&#105;&#x6c;t&#x6f;:&#105;&#x72;&#105;&#x6e;a&#x2e;n&#105;&#x65;&#109;&#x61;n&#x6e;&#64;&#100;&#x66;&#118;&#x63;g&#x2e;d&#101;\">&#105;&#x72;i&#110;&#x61;&#46;&#110;&#x69;e&#109;&#x61;n&#110;&#x40;d&#102;&#x76;c&#103;&#x2e;d&#101;<\/a><br \/>\n+49 69 7595 3043<\/p>\n<\/div><\/section><\/div>\n<style type=\"text\/css\" data-created_by=\"avia_inline_auto\" id=\"style-css-av-1lqnyy-3d764cd00c34e00aa742f093912a8d11\">\n.flex_column.av-1lqnyy-3d764cd00c34e00aa742f093912a8d11{\nborder-radius:0px 0px 0px 0px;\npadding:0px 0px 0px 0px;\n}\n<\/style>\n<div  class='flex_column av-1lqnyy-3d764cd00c34e00aa742f093912a8d11 av_one_fourth  avia-builder-el-6  el_after_av_one_fourth  el_before_av_one_fourth  flex_column_div av-zero-column-padding  '     ><style type=\"text\/css\" data-created_by=\"avia_inline_auto\" id=\"style-css-av-18fowy-df3f7caaadeea310c6f78204912d5a9f\">\n#top .av_textblock_section.av-18fowy-df3f7caaadeea310c6f78204912d5a9f .avia_textblock{\nfont-size:17px;\n}\n<\/style>\n<section  class='av_textblock_section av-18fowy-df3f7caaadeea310c6f78204912d5a9f '   itemscope=\"itemscope\" itemtype=\"https:\/\/schema.org\/CreativeWork\" ><div class='avia_textblock'  itemprop=\"text\" ><p><strong>Organisation<\/strong><\/p>\n<p>Isabelle Chamayou<br \/>\n<a href=\"mail&#116;&#111;&#58;&#105;&#115;&#97;&#98;&#x65;&#x6c;&#x6c;&#x65;&#x2e;&#x63;&#x68;&#x61;&#x6d;ayou&#64;&#100;&#102;&#118;&#99;&#103;&#46;&#x64;&#x65;\">i&#115;&#97;&#x62;&#x65;ll&#101;&#46;&#x63;&#x68;am&#97;&#121;&#x6f;&#x75;&#64;d&#102;&#x76;&#x63;&#x67;&#46;&#100;&#101;<\/a><br \/>\n+49 69 7595 3025<\/p>\n<\/div><\/section><\/div>\n<style type=\"text\/css\" data-created_by=\"avia_inline_auto\" id=\"style-css-av-r6vdm-7602e2be4f9e2148f1099640a07318c0\">\n.flex_column.av-r6vdm-7602e2be4f9e2148f1099640a07318c0{\nborder-radius:0px 0px 0px 0px;\npadding:0px 0px 0px 0px;\n}\n<\/style>\n<div  class='flex_column av-r6vdm-7602e2be4f9e2148f1099640a07318c0 av_one_fourth  avia-builder-el-8  el_after_av_one_fourth  el_before_av_one_fourth  flex_column_div av-zero-column-padding  '     ><style type=\"text\/css\" data-created_by=\"avia_inline_auto\" id=\"style-css-av-mhm0twzc-68be899945c7bb18e79e8e1d69b4cc7c\">\n#top .av_textblock_section.av-mhm0twzc-68be899945c7bb18e79e8e1d69b4cc7c .avia_textblock{\nfont-size:17px;\n}\n<\/style>\n<section  class='av_textblock_section av-mhm0twzc-68be899945c7bb18e79e8e1d69b4cc7c '   itemscope=\"itemscope\" itemtype=\"https:\/\/schema.org\/CreativeWork\" ><div class='avia_textblock'  itemprop=\"text\" ><p><strong>Partner &amp; Aussteller<\/strong><\/p>\n<p>Kirsten Elsen<br \/>\n<a href=\"&#x6d;&#97;i&#x6c;&#116;o&#x3a;&#107;i&#x72;&#x73;&#116;&#x65;&#x6e;&#46;e&#x6c;&#115;e&#x6e;&#64;d&#x66;&#x76;&#99;&#x67;&#x2e;&#100;e\">&#x6b;&#x69;&#114;st&#x65;&#x6e;&#46;&#101;l&#x73;&#x65;&#110;&#64;d&#x66;&#x76;&#x63;&#103;&#46;d&#x65;<\/a><br \/>\n+49 69 7595 3045<\/p>\n<p>Mehtap Acar<br \/>\n<a href=\"&#109;&#x61;&#105;&#x6c;&#116;&#x6f;&#58;&#x6d;e&#x68;t&#x61;p&#x2e;a&#99;&#x61;&#114;&#x40;&#100;&#x66;&#118;&#x63;&#103;&#x2e;d&#x65;\">&#x6d;&#x65;&#104;ta&#x70;&#x2e;&#97;&#99;a&#x72;&#x40;&#100;&#102;v&#x63;&#x67;&#x2e;&#100;e<\/a><br \/>\n+49 69 7595 2883<\/p>\n<\/div><\/section><\/div>\n<style type=\"text\/css\" data-created_by=\"avia_inline_auto\" id=\"style-css-av-br7iq-4969f9bd14e159560de3ffea231d03f9\">\n.flex_column.av-br7iq-4969f9bd14e159560de3ffea231d03f9{\nborder-radius:0px 0px 0px 0px;\npadding:0px 0px 0px 0px;\n}\n<\/style>\n<div  class='flex_column av-br7iq-4969f9bd14e159560de3ffea231d03f9 av_one_fourth  avia-builder-el-10  el_after_av_one_fourth  avia-builder-el-last  flex_column_div av-zero-column-padding  '     ><style type=\"text\/css\" data-created_by=\"avia_inline_auto\" id=\"style-css-av-mhlw29f3-eda0d5c99c02d716e0c88b4a5b83dd04\">\n#top .av_textblock_section.av-mhlw29f3-eda0d5c99c02d716e0c88b4a5b83dd04 .avia_textblock{\nfont-size:17px;\n}\n<\/style>\n<section  class='av_textblock_section av-mhlw29f3-eda0d5c99c02d716e0c88b4a5b83dd04 '   itemscope=\"itemscope\" itemtype=\"https:\/\/schema.org\/CreativeWork\" ><div class='avia_textblock'  itemprop=\"text\" ><p><strong>Marketing &amp; Social Media<\/strong><\/p>\n<p>Philipp Zymolka<br \/>\n+49 69 7595 3014<br \/>\n<a href=\"&#109;&#x61;&#105;&#x6c;t&#x6f;:&#112;&#x68;&#105;&#x6c;&#105;&#x70;p&#x2e;z&#121;&#x6d;&#111;&#x6c;k&#x61;&#64;&#x64;&#x66;&#118;&#x63;&#103;&#x2e;d&#x65;\">&#x70;&#104;&#x69;&#108;i&#x70;&#112;&#46;&#x7a;&#121;&#x6d;&#x6f;l&#x6b;&#97;&#64;&#x64;&#102;&#x76;&#x63;g&#x2e;&#100;e<\/a><\/p>\n<\/div><\/section><\/div><\/div><\/div><\/div><!-- close content main div --><\/div><\/div><div id='av_section_3'  class='avia-section av-k7z9vjbr-4-ca3b94af0fbb68baeb42fed1f40f11ea main_color avia-section-default avia-no-shadow  avia-builder-el-12  el_after_av_section  avia-builder-el-last  avia-bg-style-scroll container_wrap fullsize'  ><div class='container av-section-cont-open' ><div class='template-page content  av-content-full alpha units'><div class='post-entry post-entry-type-page post-entry-234'><div class='entry-content-wrapper clearfix'>\n\n<style type=\"text\/css\" data-created_by=\"avia_inline_auto\" id=\"style-css-av-kauxqpb0-884cf0bce2f4d4aa0d553b54605b9b89\">\n#top .av-special-heading.av-kauxqpb0-884cf0bce2f4d4aa0d553b54605b9b89{\npadding-bottom:35px;\n}\nbody .av-special-heading.av-kauxqpb0-884cf0bce2f4d4aa0d553b54605b9b89 .av-special-heading-tag .heading-char{\nfont-size:25px;\n}\n.av-special-heading.av-kauxqpb0-884cf0bce2f4d4aa0d553b54605b9b89 .av-subheading{\nfont-size:19px;\n}\n<\/style>\n<div  class='av-special-heading av-kauxqpb0-884cf0bce2f4d4aa0d553b54605b9b89 av-special-heading-h2 blockquote modern-quote  avia-builder-el-13  el_before_av_one_fourth  avia-builder-el-first '><h2 class='av-special-heading-tag '  itemprop=\"headline\"  >Veranstalter<\/h2><div class=\"special-heading-border\"><div class=\"special-heading-inner-border\"><\/div><\/div><\/div>\n\n<style type=\"text\/css\" data-created_by=\"avia_inline_auto\" id=\"style-css-av-g76s2-506e25c9d6fc2af95ab4458171ca11d2\">\n.flex_column.av-g76s2-506e25c9d6fc2af95ab4458171ca11d2{\nborder-radius:0px 0px 0px 0px;\npadding:0px 0px 0px 0px;\n}\n<\/style>\n<div  class='flex_column av-g76s2-506e25c9d6fc2af95ab4458171ca11d2 av_one_fourth  avia-builder-el-14  el_after_av_heading  el_before_av_one_fourth  first flex_column_div av-zero-column-padding  '     ><style type=\"text\/css\" data-created_by=\"avia_inline_auto\" id=\"style-css-av-k7z3il24-1-10811270ec9099297f446ae48209c25f\">\n#top .av_textblock_section.av-k7z3il24-1-10811270ec9099297f446ae48209c25f .avia_textblock{\nfont-size:17px;\n}\n<\/style>\n<section  class='av_textblock_section av-k7z3il24-1-10811270ec9099297f446ae48209c25f '   itemscope=\"itemscope\" itemtype=\"https:\/\/schema.org\/CreativeWork\" ><div class='avia_textblock'  itemprop=\"text\" ><div class=\"description\">\n<p>dfv Conference Group GmbH<br \/>\nEin Unternehmen der dfv Mediengruppe<\/p>\n<p>Mainzer Landstra\u00dfe 251<br \/>\n60326 Frankfurt<\/p>\n<\/div>\n<\/div><\/section><\/div>\n<style type=\"text\/css\" data-created_by=\"avia_inline_auto\" id=\"style-css-av-9meuy-52fde6d6013df27c4a3471fd04f933f8\">\n.flex_column.av-9meuy-52fde6d6013df27c4a3471fd04f933f8{\nborder-radius:0px 0px 0px 0px;\npadding:0px 0px 0px 0px;\n}\n<\/style>\n<div  class='flex_column av-9meuy-52fde6d6013df27c4a3471fd04f933f8 av_one_fourth  avia-builder-el-16  el_after_av_one_fourth  el_before_av_one_fourth  flex_column_div av-zero-column-padding  '     ><style type=\"text\/css\" data-created_by=\"avia_inline_auto\" id=\"style-css-av-kauy5gbx-0460cc63e3397cdd30f1ea2c54610b8c\">\n.avia-image-container.av-kauy5gbx-0460cc63e3397cdd30f1ea2c54610b8c img.avia_image{\nbox-shadow:none;\n}\n.avia-image-container.av-kauy5gbx-0460cc63e3397cdd30f1ea2c54610b8c .av-image-caption-overlay-center{\ncolor:#ffffff;\n}\n<\/style>\n<div  class='avia-image-container av-kauy5gbx-0460cc63e3397cdd30f1ea2c54610b8c av-styling- avia-align-center  avia-builder-el-17  avia-builder-el-no-sibling '   itemprop=\"image\" itemscope=\"itemscope\" itemtype=\"https:\/\/schema.org\/ImageObject\" ><div class=\"avia-image-container-inner\"><div class=\"avia-image-overlay-wrap\"><img decoding=\"async\" fetchpriority=\"high\" class='wp-image-1064 avia-img-lazy-loading-not-1064 avia_image ' src=\"https:\/\/dfvcg-events.de\/lz-health-day\/wp-content\/uploads\/sites\/66\/2020\/05\/dfvcg-conference-group.jpg\" alt='' title='dfvcg-conference-group'  height=\"600\" width=\"800\"  itemprop=\"thumbnailUrl\"  \/><\/div><\/div><\/div><\/div>\n<style type=\"text\/css\" data-created_by=\"avia_inline_auto\" id=\"style-css-av-yomy-13c0eae2b6f52b22abf438412417667e\">\n.flex_column.av-yomy-13c0eae2b6f52b22abf438412417667e{\nborder-radius:0px 0px 0px 0px;\npadding:0px 0px 0px 0px;\n}\n<\/style>\n<div  class='flex_column av-yomy-13c0eae2b6f52b22abf438412417667e av_one_fourth  avia-builder-el-18  el_after_av_one_fourth  avia-builder-el-last  flex_column_div av-zero-column-padding  '     ><style type=\"text\/css\" data-created_by=\"avia_inline_auto\" id=\"style-css-av-mhkq04hb-25d01e605607342d5d61ce9230e78096\">\n.avia-image-container.av-mhkq04hb-25d01e605607342d5d61ce9230e78096 img.avia_image{\nbox-shadow:none;\n}\n.avia-image-container.av-mhkq04hb-25d01e605607342d5d61ce9230e78096 .av-image-caption-overlay-center{\ncolor:#ffffff;\n}\n<\/style>\n<div  class='avia-image-container av-mhkq04hb-25d01e605607342d5d61ce9230e78096 av-styling- av-img-linked avia-align-center  avia-builder-el-19  avia-builder-el-no-sibling '   itemprop=\"image\" itemscope=\"itemscope\" itemtype=\"https:\/\/schema.org\/ImageObject\" ><div class=\"avia-image-container-inner\"><div class=\"avia-image-overlay-wrap\"><a href=\"https:\/\/www.lebensmittelzeitung.net\/\" class='avia_image '  target=\"_blank\"  rel=\"noopener noreferrer\" aria-label='dfvcg-lebensmittel-zeitung'><img decoding=\"async\" fetchpriority=\"high\" class='wp-image-1589 avia-img-lazy-loading-not-1589 avia_image ' src=\"https:\/\/dfvcg-events.de\/lz-health-day\/wp-content\/uploads\/sites\/66\/2025\/11\/dfvcg-lebensmittel-zeitung.jpg\" alt='' title='dfvcg-lebensmittel-zeitung'  height=\"600\" width=\"800\"  itemprop=\"thumbnailUrl\" srcset=\"https:\/\/dfvcg-events.de\/lz-health-day\/wp-content\/uploads\/sites\/66\/2025\/11\/dfvcg-lebensmittel-zeitung.jpg 800w, https:\/\/dfvcg-events.de\/lz-health-day\/wp-content\/uploads\/sites\/66\/2025\/11\/dfvcg-lebensmittel-zeitung-705x529.jpg 705w\" sizes=\"(max-width: 800px) 100vw, 800px\" \/><\/a><\/div><\/div><\/div><\/div>\n<\/p>\n","protected":false},"excerpt":{"rendered":"","protected":false},"author":1,"featured_media":0,"parent":0,"menu_order":0,"comment_status":"closed","ping_status":"closed","template":"","meta":{"footnotes":""},"class_list":["post-234","page","type-page","status-publish","hentry"],"yoast_head":"<!-- This site is optimized with the Yoast SEO plugin v27.3 - https:\/\/yoast.com\/product\/yoast-seo-wordpress\/ -->\n<title>Kontakt | LZ Health Day<\/title>\n<meta name=\"description\" content=\"Hier finden Sie Ansprechpartner:innen mit E-Mail-Adresse und Telefonnummer f\u00fcr den LZ Health Day sowie weitere Kontaktdaten.\" \/>\n<meta name=\"robots\" content=\"index, follow, max-snippet:-1, max-image-preview:large, max-video-preview:-1\" \/>\n<link rel=\"canonical\" href=\"https:\/\/dfvcg-events.de\/lz-health-day\/kontakt\/\" \/>\n<meta property=\"og:locale\" content=\"de_DE\" \/>\n<meta property=\"og:type\" content=\"article\" \/>\n<meta property=\"og:title\" content=\"Kontakt | LZ Health Day\" \/>\n<meta property=\"og:description\" content=\"Hier finden Sie Ansprechpartner:innen mit E-Mail-Adresse und Telefonnummer f\u00fcr den LZ Health Day sowie weitere Kontaktdaten.\" \/>\n<meta property=\"og:url\" content=\"https:\/\/dfvcg-events.de\/lz-health-day\/kontakt\/\" \/>\n<meta property=\"og:site_name\" content=\"LZ Health Day\" \/>\n<meta property=\"article:modified_time\" content=\"2025-11-06T11:40:06+00:00\" \/>\n<meta property=\"og:image\" content=\"https:\/\/dfvcg-events.de\/lz-health-day\/wp-content\/uploads\/sites\/66\/2025\/11\/251103_Teaser-LZ-Health-Day_RZ3.jpg\" \/>\n\t<meta property=\"og:image:width\" content=\"800\" \/>\n\t<meta property=\"og:image:height\" content=\"400\" \/>\n\t<meta property=\"og:image:type\" content=\"image\/jpeg\" \/>\n<meta name=\"twitter:card\" content=\"summary_large_image\" \/>\n<meta name=\"twitter:label1\" content=\"Gesch\u00e4tzte Lesezeit\" \/>\n\t<meta name=\"twitter:data1\" content=\"1\u00a0Minute\" \/>\n<script type=\"application\/ld+json\" class=\"yoast-schema-graph\">{\"@context\":\"https:\\\/\\\/schema.org\",\"@graph\":[{\"@type\":\"WebPage\",\"@id\":\"https:\\\/\\\/dfvcg-events.de\\\/lz-health-day\\\/kontakt\\\/\",\"url\":\"https:\\\/\\\/dfvcg-events.de\\\/lz-health-day\\\/kontakt\\\/\",\"name\":\"Kontakt | LZ Health Day\",\"isPartOf\":{\"@id\":\"https:\\\/\\\/dfvcg-events.de\\\/lz-health-day\\\/#website\"},\"datePublished\":\"2020-03-19T23:08:07+00:00\",\"dateModified\":\"2025-11-06T11:40:06+00:00\",\"description\":\"Hier finden Sie Ansprechpartner:innen mit E-Mail-Adresse und Telefonnummer f\u00fcr den LZ Health Day sowie weitere Kontaktdaten.\",\"breadcrumb\":{\"@id\":\"https:\\\/\\\/dfvcg-events.de\\\/lz-health-day\\\/kontakt\\\/#breadcrumb\"},\"inLanguage\":\"de\",\"potentialAction\":[{\"@type\":\"ReadAction\",\"target\":[\"https:\\\/\\\/dfvcg-events.de\\\/lz-health-day\\\/kontakt\\\/\"]}]},{\"@type\":\"BreadcrumbList\",\"@id\":\"https:\\\/\\\/dfvcg-events.de\\\/lz-health-day\\\/kontakt\\\/#breadcrumb\",\"itemListElement\":[{\"@type\":\"ListItem\",\"position\":1,\"name\":\"Startseite\",\"item\":\"https:\\\/\\\/dfvcg-events.de\\\/lz-health-day\\\/\"},{\"@type\":\"ListItem\",\"position\":2,\"name\":\"Kontakt\"}]},{\"@type\":\"WebSite\",\"@id\":\"https:\\\/\\\/dfvcg-events.de\\\/lz-health-day\\\/#website\",\"url\":\"https:\\\/\\\/dfvcg-events.de\\\/lz-health-day\\\/\",\"name\":\"LZ Health Day\",\"description\":\"dfv Conference Group\",\"publisher\":{\"@id\":\"https:\\\/\\\/dfvcg-events.de\\\/lz-health-day\\\/#organization\"},\"alternateName\":\"FMCG-Trends, die uns l\u00e4nger, sch\u00f6ner und ges\u00fcnder leben lassen.\",\"potentialAction\":[{\"@type\":\"SearchAction\",\"target\":{\"@type\":\"EntryPoint\",\"urlTemplate\":\"https:\\\/\\\/dfvcg-events.de\\\/lz-health-day\\\/?s={search_term_string}\"},\"query-input\":{\"@type\":\"PropertyValueSpecification\",\"valueRequired\":true,\"valueName\":\"search_term_string\"}}],\"inLanguage\":\"de\"},{\"@type\":\"Organization\",\"@id\":\"https:\\\/\\\/dfvcg-events.de\\\/lz-health-day\\\/#organization\",\"name\":\"LZ Health Day\",\"alternateName\":\"dfv Conference Group\",\"url\":\"https:\\\/\\\/dfvcg-events.de\\\/lz-health-day\\\/\",\"logo\":{\"@type\":\"ImageObject\",\"inLanguage\":\"de\",\"@id\":\"https:\\\/\\\/dfvcg-events.de\\\/lz-health-day\\\/#\\\/schema\\\/logo\\\/image\\\/\",\"url\":\"https:\\\/\\\/dfvcg-events.de\\\/lz-health-day\\\/wp-content\\\/uploads\\\/sites\\\/66\\\/2025\\\/11\\\/251103_Teaser-LZ-Health-Day_RZ.jpg\",\"contentUrl\":\"https:\\\/\\\/dfvcg-events.de\\\/lz-health-day\\\/wp-content\\\/uploads\\\/sites\\\/66\\\/2025\\\/11\\\/251103_Teaser-LZ-Health-Day_RZ.jpg\",\"width\":800,\"height\":800,\"caption\":\"LZ Health Day\"},\"image\":{\"@id\":\"https:\\\/\\\/dfvcg-events.de\\\/lz-health-day\\\/#\\\/schema\\\/logo\\\/image\\\/\"}}]}<\/script>\n<!-- \/ Yoast SEO plugin. -->","yoast_head_json":{"title":"Kontakt | LZ Health Day","description":"Hier finden Sie Ansprechpartner:innen mit E-Mail-Adresse und Telefonnummer f\u00fcr den LZ Health Day sowie weitere Kontaktdaten.","robots":{"index":"index","follow":"follow","max-snippet":"max-snippet:-1","max-image-preview":"max-image-preview:large","max-video-preview":"max-video-preview:-1"},"canonical":"https:\/\/dfvcg-events.de\/lz-health-day\/kontakt\/","og_locale":"de_DE","og_type":"article","og_title":"Kontakt | LZ Health Day","og_description":"Hier finden Sie Ansprechpartner:innen mit E-Mail-Adresse und Telefonnummer f\u00fcr den LZ Health Day sowie weitere Kontaktdaten.","og_url":"https:\/\/dfvcg-events.de\/lz-health-day\/kontakt\/","og_site_name":"LZ Health Day","article_modified_time":"2025-11-06T11:40:06+00:00","og_image":[{"width":800,"height":400,"url":"https:\/\/dfvcg-events.de\/lz-health-day\/wp-content\/uploads\/sites\/66\/2025\/11\/251103_Teaser-LZ-Health-Day_RZ3.jpg","type":"image\/jpeg"}],"twitter_card":"summary_large_image","twitter_misc":{"Gesch\u00e4tzte Lesezeit":"1\u00a0Minute"},"schema":{"@context":"https:\/\/schema.org","@graph":[{"@type":"WebPage","@id":"https:\/\/dfvcg-events.de\/lz-health-day\/kontakt\/","url":"https:\/\/dfvcg-events.de\/lz-health-day\/kontakt\/","name":"Kontakt | LZ Health Day","isPartOf":{"@id":"https:\/\/dfvcg-events.de\/lz-health-day\/#website"},"datePublished":"2020-03-19T23:08:07+00:00","dateModified":"2025-11-06T11:40:06+00:00","description":"Hier finden Sie Ansprechpartner:innen mit E-Mail-Adresse und Telefonnummer f\u00fcr den LZ Health Day sowie weitere Kontaktdaten.","breadcrumb":{"@id":"https:\/\/dfvcg-events.de\/lz-health-day\/kontakt\/#breadcrumb"},"inLanguage":"de","potentialAction":[{"@type":"ReadAction","target":["https:\/\/dfvcg-events.de\/lz-health-day\/kontakt\/"]}]},{"@type":"BreadcrumbList","@id":"https:\/\/dfvcg-events.de\/lz-health-day\/kontakt\/#breadcrumb","itemListElement":[{"@type":"ListItem","position":1,"name":"Startseite","item":"https:\/\/dfvcg-events.de\/lz-health-day\/"},{"@type":"ListItem","position":2,"name":"Kontakt"}]},{"@type":"WebSite","@id":"https:\/\/dfvcg-events.de\/lz-health-day\/#website","url":"https:\/\/dfvcg-events.de\/lz-health-day\/","name":"LZ Health Day","description":"dfv Conference Group","publisher":{"@id":"https:\/\/dfvcg-events.de\/lz-health-day\/#organization"},"alternateName":"FMCG-Trends, die uns l\u00e4nger, sch\u00f6ner und ges\u00fcnder leben lassen.","potentialAction":[{"@type":"SearchAction","target":{"@type":"EntryPoint","urlTemplate":"https:\/\/dfvcg-events.de\/lz-health-day\/?s={search_term_string}"},"query-input":{"@type":"PropertyValueSpecification","valueRequired":true,"valueName":"search_term_string"}}],"inLanguage":"de"},{"@type":"Organization","@id":"https:\/\/dfvcg-events.de\/lz-health-day\/#organization","name":"LZ Health Day","alternateName":"dfv Conference Group","url":"https:\/\/dfvcg-events.de\/lz-health-day\/","logo":{"@type":"ImageObject","inLanguage":"de","@id":"https:\/\/dfvcg-events.de\/lz-health-day\/#\/schema\/logo\/image\/","url":"https:\/\/dfvcg-events.de\/lz-health-day\/wp-content\/uploads\/sites\/66\/2025\/11\/251103_Teaser-LZ-Health-Day_RZ.jpg","contentUrl":"https:\/\/dfvcg-events.de\/lz-health-day\/wp-content\/uploads\/sites\/66\/2025\/11\/251103_Teaser-LZ-Health-Day_RZ.jpg","width":800,"height":800,"caption":"LZ Health Day"},"image":{"@id":"https:\/\/dfvcg-events.de\/lz-health-day\/#\/schema\/logo\/image\/"}}]}},"_links":{"self":[{"href":"https:\/\/dfvcg-events.de\/lz-health-day\/wp-json\/wp\/v2\/pages\/234","targetHints":{"allow":["GET"]}}],"collection":[{"href":"https:\/\/dfvcg-events.de\/lz-health-day\/wp-json\/wp\/v2\/pages"}],"about":[{"href":"https:\/\/dfvcg-events.de\/lz-health-day\/wp-json\/wp\/v2\/types\/page"}],"author":[{"embeddable":true,"href":"https:\/\/dfvcg-events.de\/lz-health-day\/wp-json\/wp\/v2\/users\/1"}],"replies":[{"embeddable":true,"href":"https:\/\/dfvcg-events.de\/lz-health-day\/wp-json\/wp\/v2\/comments?post=234"}],"version-history":[{"count":22,"href":"https:\/\/dfvcg-events.de\/lz-health-day\/wp-json\/wp\/v2\/pages\/234\/revisions"}],"predecessor-version":[{"id":1742,"href":"https:\/\/dfvcg-events.de\/lz-health-day\/wp-json\/wp\/v2\/pages\/234\/revisions\/1742"}],"wp:attachment":[{"href":"https:\/\/dfvcg-events.de\/lz-health-day\/wp-json\/wp\/v2\/media?parent=234"}],"curies":[{"name":"wp","href":"https:\/\/api.w.org\/{rel}","templated":true}]}}