{"id":158,"date":"2020-03-19T22:30:05","date_gmt":"2020-03-19T21:30:05","guid":{"rendered":"https:\/\/dfvcg-events.de\/lz-health-day\/?page_id=158"},"modified":"2026-03-10T18:00:53","modified_gmt":"2026-03-10T17:00:53","slug":"hotel-anreise","status":"publish","type":"page","link":"https:\/\/dfvcg-events.de\/lz-health-day\/hotel-anreise\/","title":{"rendered":"Hotel &amp; Anreise"},"content":{"rendered":"\n<style type=\"text\/css\" data-created_by=\"avia_inline_auto\" id=\"style-css-av-8v3ry-1f8066885d7e31dfe9b83c3016d9bc9b\">\n.avia-section.av-8v3ry-1f8066885d7e31dfe9b83c3016d9bc9b{\nbackground-repeat:no-repeat;\nbackground-image:url(https:\/\/dfvcg-events.de\/lz-health-day\/wp-content\/uploads\/sites\/66\/2025\/11\/LZ-Health-Day-background.jpg);\nbackground-position:50% 50%;\nbackground-attachment:scroll;\n}\n.avia-section.av-8v3ry-1f8066885d7e31dfe9b83c3016d9bc9b .av-section-color-overlay{\nopacity:0.6;\nbackground-color:#ffffff;\n}\n<\/style>\n<div id='av_section_1'  class='avia-section av-8v3ry-1f8066885d7e31dfe9b83c3016d9bc9b main_color avia-section-default avia-no-border-styling  avia-builder-el-0  el_before_av_section  avia-builder-el-first  avia-full-stretch avia-bg-style-scroll av-section-color-overlay-active av-minimum-height av-minimum-height-25 av-height-25  container_wrap fullsize'  data-section-bg-repeat='stretch' data-av_minimum_height_pc='25' data-av_min_height_opt='25'><div class=\"av-section-color-overlay-wrap\"><div class=\"av-section-color-overlay\"><\/div><div class='container av-section-cont-open' ><main  role=\"main\" itemprop=\"mainContentOfPage\"  class='template-page content  av-content-full alpha units'><div class='post-entry post-entry-type-page post-entry-158'><div class='entry-content-wrapper clearfix'>\n\n<style type=\"text\/css\" data-created_by=\"avia_inline_auto\" id=\"style-css-av-mhkpwncd-58faa1285b1ea26b852c66649444d8fb\">\n#top .av-special-heading.av-mhkpwncd-58faa1285b1ea26b852c66649444d8fb{\npadding-bottom:0;\n}\nbody .av-special-heading.av-mhkpwncd-58faa1285b1ea26b852c66649444d8fb .av-special-heading-tag .heading-char{\nfont-size:25px;\n}\n#top #wrap_all .av-special-heading.av-mhkpwncd-58faa1285b1ea26b852c66649444d8fb .av-special-heading-tag{\npadding:20px 0 0 0;\n}\n.av-special-heading.av-mhkpwncd-58faa1285b1ea26b852c66649444d8fb .av-subheading{\nfont-size:19px;\n}\n<\/style>\n<div  class='av-special-heading av-mhkpwncd-58faa1285b1ea26b852c66649444d8fb av-special-heading-h1 custom-color-heading blockquote modern-quote  avia-builder-el-1  avia-builder-el-no-sibling '><h1 class='av-special-heading-tag '  itemprop=\"headline\"  >Hotel <span class='special_amp'>&amp;<\/span> Anreise<\/h1><div class=\"special-heading-border\"><div class=\"special-heading-inner-border\"><\/div><\/div><\/div>\n\n<\/div><\/div><\/main><!-- close content main element --><\/div><\/div><\/div><div id='av_section_2'  class='avia-section av-1fez5i-7b28ee8b14f8fb8e410c694c1def6499 main_color avia-section-default avia-no-border-styling  avia-builder-el-2  el_after_av_section  el_before_av_section  avia-bg-style-scroll container_wrap fullsize'  ><div class='container av-section-cont-open' ><div class='template-page content  av-content-full alpha units'><div class='post-entry post-entry-type-page post-entry-158'><div class='entry-content-wrapper clearfix'>\n<div class='flex_column_table av-1b7qpi-bfd987113b573088ba00b42b933e9e2b sc-av_one_fourth av-break-at-tablet-flextable av-equal-height-column-flextable'>\n<style type=\"text\/css\" data-created_by=\"avia_inline_auto\" id=\"style-css-av-1b7qpi-bfd987113b573088ba00b42b933e9e2b\">\n.flex_column.av-1b7qpi-bfd987113b573088ba00b42b933e9e2b{\nwidth:22.75%;\nmargin-left:0;\nborder-radius:0px 0px 0px 0px;\npadding:0px 0px 0px 0px;\n}\n#top .flex_column_table.av-equal-height-column-flextable.av-1b7qpi-bfd987113b573088ba00b42b933e9e2b .av-flex-placeholder{\nwidth:3%;\n}\n<\/style>\n<div  class='flex_column av-1b7qpi-bfd987113b573088ba00b42b933e9e2b av_one_fourth  avia-builder-el-3  el_before_av_three_fourth  avia-builder-el-first  first av-break-at-tablet flex_column_table_cell av-equal-height-column av-align-middle av-zero-column-padding  '     ><p>\n<style type=\"text\/css\" data-created_by=\"avia_inline_auto\" id=\"style-css-av-3up6e-482cfc31728e4aa4bae50bc140f75124\">\n#top .av-special-heading.av-3up6e-482cfc31728e4aa4bae50bc140f75124{\npadding-bottom:35px;\n}\nbody .av-special-heading.av-3up6e-482cfc31728e4aa4bae50bc140f75124 .av-special-heading-tag .heading-char{\nfont-size:25px;\n}\n.av-special-heading.av-3up6e-482cfc31728e4aa4bae50bc140f75124 .av-subheading{\nfont-size:19px;\n}\n<\/style>\n<div  class='av-special-heading av-3up6e-482cfc31728e4aa4bae50bc140f75124 av-special-heading-h3 blockquote modern-quote  avia-builder-el-4  el_before_av_textblock  avia-builder-el-first '><h3 class='av-special-heading-tag '  itemprop=\"headline\"  >Veranstaltungsort<\/h3><div class=\"special-heading-border\"><div class=\"special-heading-inner-border\"><\/div><\/div><\/div><br \/>\n\n<style type=\"text\/css\" data-created_by=\"avia_inline_auto\" id=\"style-css-av-whndi-9c5174a7879440eeeeace1db7aac6d16\">\n#top .av_textblock_section.av-whndi-9c5174a7879440eeeeace1db7aac6d16 .avia_textblock{\nfont-size:17px;\n}\n<\/style>\n<section  class='av_textblock_section av-whndi-9c5174a7879440eeeeace1db7aac6d16 '   itemscope=\"itemscope\" itemtype=\"https:\/\/schema.org\/CreativeWork\" ><div class='avia_textblock'  itemprop=\"text\" ><p><strong>Conference Center<br \/>\n<\/strong><strong>Dr. Rainer Wild Holding GmbH<br \/>\n<\/strong>Mittelgewannweg 10<br \/>\n69123 Heidelberg<\/p>\n<\/div><\/section><\/p><\/div><div class='av-flex-placeholder'><\/div>\n<style type=\"text\/css\" data-created_by=\"avia_inline_auto\" id=\"style-css-av-j6z4e-12dd153406277c1b94a1bc275dd53a0b\">\n.flex_column.av-j6z4e-12dd153406277c1b94a1bc275dd53a0b{\nwidth:74.25%;\nmargin-left:0;\nborder-radius:0px 0px 0px 0px;\npadding:0px 0px 0px 0px;\n}\n#top .flex_column_table.av-equal-height-column-flextable.av-j6z4e-12dd153406277c1b94a1bc275dd53a0b .av-flex-placeholder{\nwidth:3%;\n}\n<\/style>\n<div  class='flex_column av-j6z4e-12dd153406277c1b94a1bc275dd53a0b av_three_fourth  avia-builder-el-6  el_after_av_one_fourth  avia-builder-el-last  av-break-at-tablet flex_column_table_cell av-equal-height-column av-align-middle av-zero-column-padding  '     ><div  class='av_gmaps_sc_main_wrap av_gmaps_main_wrap '><div id='av_gmap_0' class='avia-google-map-container avia-google-map-sc av_gmaps_show_unconditionally av-no-fallback-img ' data-mapid='av_gmap_0'  style='height: 450px;'><a class=\"av_gmaps_browser_disabled av_text_confirm_link av_text_confirm_link_visible\" href=\"https:\/\/www.google.com\/maps\/search\/?api=1&#038;query=Mittelgewannweg%2010%2069123%20Heidelberg%20%20Deutschland\" target=\"_blank\">Karten wurden vom Besucher auf dieser Webseite deaktiviert. Klicken Sie hier, um die Karte in einem neuen Fenster zu \u00f6ffnen.<\/a><\/div><\/div><\/div><\/div><!--close column table wrapper. Autoclose: 1 -->\n\n<\/div><\/div><\/div><!-- close content main div --><\/div><\/div><div id='av_section_3'  class='avia-section av-t6pqm-9547717220290c445a08e70d57f0ef14 main_color avia-section-default avia-no-shadow  avia-builder-el-8  el_after_av_section  el_before_av_section  avia-bg-style-scroll container_wrap fullsize'  ><div class='container av-section-cont-open' ><div class='template-page content  av-content-full alpha units'><div class='post-entry post-entry-type-page post-entry-158'><div class='entry-content-wrapper clearfix'>\n\n<style type=\"text\/css\" data-created_by=\"avia_inline_auto\" id=\"style-css-av-mhlugf1l-b4488fe60bc5aa8b1ca5d1231bc691d0\">\n#top .av-special-heading.av-mhlugf1l-b4488fe60bc5aa8b1ca5d1231bc691d0{\npadding-bottom:35px;\n}\nbody .av-special-heading.av-mhlugf1l-b4488fe60bc5aa8b1ca5d1231bc691d0 .av-special-heading-tag .heading-char{\nfont-size:25px;\n}\n.av-special-heading.av-mhlugf1l-b4488fe60bc5aa8b1ca5d1231bc691d0 .av-subheading{\nfont-size:15px;\n}\n<\/style>\n<div  class='av-special-heading av-mhlugf1l-b4488fe60bc5aa8b1ca5d1231bc691d0 av-special-heading-h2 blockquote modern-quote  avia-builder-el-9  el_before_av_textblock  avia-builder-el-first '><h2 class='av-special-heading-tag '  itemprop=\"headline\"  >Ihre \u00dcbernachtungsm\u00f6glichkeiten<\/h2><div class=\"special-heading-border\"><div class=\"special-heading-inner-border\"><\/div><\/div><\/div>\n<section  class='av_textblock_section av-mhluh3jg-a1981eabfc3d02b6bb8e4e77d6f2a863 '   itemscope=\"itemscope\" itemtype=\"https:\/\/schema.org\/CreativeWork\" ><div class='avia_textblock'  itemprop=\"text\" ><p>Profitieren Sie von unseren exklusiven Sonderraten und buchen Sie jetzt bei Bedarf Ihr Hotelzimmer zum<strong> LZ Health Day<\/strong>\u00a0in einem der folgenden Hotels:<\/p>\n<\/div><\/section>\n<div  class='flex_column av-lyq66-66ba7ef814bbbbc407a24100e71eda86 av_one_half  avia-builder-el-11  el_after_av_textblock  el_before_av_one_half  first flex_column_div  column-top-margin'     ><section  class='av_textblock_section av-mhluisfu-505ba8bb2a4829ac117d1f67ed40941d '   itemscope=\"itemscope\" itemtype=\"https:\/\/schema.org\/CreativeWork\" ><div class='avia_textblock'  itemprop=\"text\" ><p><strong>Heidelberg Marriott Hotel<\/strong><br \/>\nVangerowstra\u00dfe 16<br \/>\n69115 Heidelberg<\/p>\n<p><strong>EZ: \u20ac149,-<\/strong> inkl. Fr\u00fchst\u00fcck &amp; zzgl. City-Tax<\/p>\n<p>Die Buchung k\u00f6nnen Sie online \u00fcber folgenden Link: vornehmen: <a href=\"https:\/\/www.marriott.com\/de\/event-reservations\/reservation-link.mi?id=1761654809807&amp;key=GRP&amp;dtt=true&amp;guestreslink2=true&amp;app=resvlink\">Website zur Buchung<\/a><br \/>\nOder telefonisch unter der Rufnummer +49 (0)6221 908650<\/p>\n<p>Stichwort: <strong>\u201eLZHD26\u201c<\/strong><\/p>\n<p><strong>Abrufbar bis zum 10.03.2026<br \/>\n<\/strong>Eine kostenfreie Stornierung ist bis 23:59 Uhr einen Tag vor der Anreise m\u00f6glich. Danach wird die vom Gast hinterlegte Kreditkarte mit 90% der \u00dcbernachtungskosten belastet.<\/p>\n<p>Mehr Informationen zum Hotel: <a href=\"https:\/\/www.marriott.com\/en-us\/hotels\/hdbmc-heidelberg-marriott-hotel\/overview\/?msockid=16569d6fd86f65af167788e5d9e4648f\">Marriott Hotel with Riverside Views | Heidelberg Hotel<\/a><\/p>\n<\/div><\/section><\/div><div  class='flex_column av-dkiji-4e64daa8d41d65affb8e92d987e2c9d3 av_one_half  avia-builder-el-13  el_after_av_one_half  avia-builder-el-last  flex_column_div  column-top-margin'     ><section  class='av_textblock_section av-mhlv8zzv-8c49771655f03c35a3d105c597d58a41 '   itemscope=\"itemscope\" itemtype=\"https:\/\/schema.org\/CreativeWork\" ><div class='avia_textblock'  itemprop=\"text\" ><p><strong>Qube Hotel Bahnstadt\u00a0 <\/strong><br \/>\nGr\u00fcne Meile 21<br \/>\n69115 Heidelberg<\/p>\n<p><strong>EZ: \u20ac149,-<\/strong> inkl. Fr\u00fchst\u00fcck &amp; zzgl. City-Tax<\/p>\n<p>Die Buchung k\u00f6nnen per e-Mail vornehmen: <a href=\"&#109;&#x61;&#x69;l&#116;&#x6f;&#x3a;v&#101;&#x72;a&#110;&#x73;&#x74;a&#108;&#x74;u&#110;&#x67;&#x40;q&#117;&#x62;&#x65;&#45;&#x68;&#x65;i&#100;&#x65;&#x6c;b&#101;&#x72;g&#46;&#x64;&#x65;\">&#118;&#x65;r&#97;&#x6e;s&#116;&#x61;l&#x74;&#x75;&#110;&#x67;&#64;&#113;&#x75;b&#101;&#x2d;h&#x65;&#x69;&#100;&#x65;&#x6c;&#98;&#x65;r&#103;&#x2e;d&#101;<\/a><\/p>\n<p>Stichwort: <strong>\u201eLZHD26\u201c<\/strong><\/p>\n<p><strong>Abrufbar bis zum 08.04.2026<br \/>\n<\/strong>Eine kostenfreie Stornierung ist bis 10 Tage vor der Anreise m\u00f6glich. Danach wird die vom Gast hinterlegte Kreditkarte mit 90% der \u00dcbernachtungskosten belastet.<\/p>\n<p>Mehr Informationen zum Hotel: <a href=\"https:\/\/qube-hotel-heidelberg.de\/bahnstadt\/\">Bahnstadt \u2013 Qube Hotel<\/a><\/p>\n<\/div><\/section><\/div><\/div><\/div><\/div><!-- close content main div --><\/div><\/div><div id='av_section_4'  class='avia-section av-k7z9vjbr-39cb3bc39dc793954eeb08633ff5a734 main_color avia-section-default avia-no-shadow  avia-builder-el-15  el_after_av_section  avia-builder-el-last  avia-bg-style-scroll container_wrap fullsize'  ><div class='container av-section-cont-open' ><div class='template-page content  av-content-full alpha units'><div class='post-entry post-entry-type-page post-entry-158'><div class='entry-content-wrapper clearfix'>\n\n<style type=\"text\/css\" data-created_by=\"avia_inline_auto\" id=\"style-css-av-kasqb63b-013197469aaa579c39b0a9b05e7c7fde\">\n#top .av-special-heading.av-kasqb63b-013197469aaa579c39b0a9b05e7c7fde{\npadding-bottom:25px;\n}\nbody .av-special-heading.av-kasqb63b-013197469aaa579c39b0a9b05e7c7fde .av-special-heading-tag .heading-char{\nfont-size:25px;\n}\n.av-special-heading.av-kasqb63b-013197469aaa579c39b0a9b05e7c7fde .av-subheading{\nfont-size:19px;\n}\n<\/style>\n<div  class='av-special-heading av-kasqb63b-013197469aaa579c39b0a9b05e7c7fde av-special-heading-h2 blockquote modern-quote  avia-builder-el-16  el_before_av_textblock  avia-builder-el-first '><h2 class='av-special-heading-tag '  itemprop=\"headline\"  >Ihre Anreise mit der Deutschen Bahn<\/h2><div class=\"special-heading-border\"><div class=\"special-heading-inner-border\"><\/div><\/div><\/div>\n<section  class='av_textblock_section av-k7z3il24-1-a31a88ab8e63c8c6f476edea4a053f98 '   itemscope=\"itemscope\" itemtype=\"https:\/\/schema.org\/CreativeWork\" ><div class='avia_textblock'  itemprop=\"text\" ><p>Mit dem exklusiv f\u00fcr Teilnehmende Kooperationsangebot der dfv Conference Group und der Deutschen Bahn reisen Sie zu einem g\u00fcnstigen Einstiegspreis nachhaltig (100 % \u00d6kostrom), entspannt und komfortabel zum<strong> LZ Health Day<\/strong>.<\/p>\n<p>Buchen Sie jetzt online und sichern Sie sich Ihr g\u00fcnstiges Ticket.<\/p>\n<\/div><\/section>\n\n<\/p>\n","protected":false},"excerpt":{"rendered":"","protected":false},"author":1,"featured_media":0,"parent":0,"menu_order":0,"comment_status":"closed","ping_status":"closed","template":"","meta":{"footnotes":""},"class_list":["post-158","page","type-page","status-publish","hentry"],"yoast_head":"<!-- This site is optimized with the Yoast SEO plugin v27.3 - https:\/\/yoast.com\/product\/yoast-seo-wordpress\/ -->\n<title>Hotel &amp; Anreise | LZ Health Day<\/title>\n<meta name=\"description\" content=\"LZ Health Day, 23. April 2026 in Heidelberg: Wichtige Informationen zur Anreise und Hotelbuchung finden Sie hier.\" \/>\n<meta name=\"robots\" content=\"index, follow, max-snippet:-1, max-image-preview:large, max-video-preview:-1\" \/>\n<link rel=\"canonical\" href=\"https:\/\/dfvcg-events.de\/lz-health-day\/hotel-anreise\/\" \/>\n<meta property=\"og:locale\" content=\"de_DE\" \/>\n<meta property=\"og:type\" content=\"article\" \/>\n<meta property=\"og:title\" content=\"Hotel &amp; Anreise | LZ Health Day\" \/>\n<meta property=\"og:description\" content=\"LZ Health Day, 23. April 2026 in Heidelberg: Wichtige Informationen zur Anreise und Hotelbuchung finden Sie hier.\" \/>\n<meta property=\"og:url\" content=\"https:\/\/dfvcg-events.de\/lz-health-day\/hotel-anreise\/\" \/>\n<meta property=\"og:site_name\" content=\"LZ Health Day\" \/>\n<meta property=\"article:modified_time\" content=\"2026-03-10T17:00:53+00:00\" \/>\n<meta property=\"og:image\" content=\"https:\/\/www.veranstaltungsticket-bahn.de\/resources\/buttons\/design2-2.png\" \/>\n<meta name=\"twitter:card\" content=\"summary_large_image\" \/>\n<meta name=\"twitter:label1\" content=\"Gesch\u00e4tzte Lesezeit\" \/>\n\t<meta name=\"twitter:data1\" content=\"2\u00a0Minuten\" \/>\n<script type=\"application\/ld+json\" class=\"yoast-schema-graph\">{\"@context\":\"https:\\\/\\\/schema.org\",\"@graph\":[{\"@type\":\"WebPage\",\"@id\":\"https:\\\/\\\/dfvcg-events.de\\\/lz-health-day\\\/hotel-anreise\\\/\",\"url\":\"https:\\\/\\\/dfvcg-events.de\\\/lz-health-day\\\/hotel-anreise\\\/\",\"name\":\"Hotel &amp; Anreise | LZ Health Day\",\"isPartOf\":{\"@id\":\"https:\\\/\\\/dfvcg-events.de\\\/lz-health-day\\\/#website\"},\"primaryImageOfPage\":{\"@id\":\"https:\\\/\\\/dfvcg-events.de\\\/lz-health-day\\\/hotel-anreise\\\/#primaryimage\"},\"image\":{\"@id\":\"https:\\\/\\\/dfvcg-events.de\\\/lz-health-day\\\/hotel-anreise\\\/#primaryimage\"},\"thumbnailUrl\":\"https:\\\/\\\/www.veranstaltungsticket-bahn.de\\\/resources\\\/buttons\\\/design2-2.png\",\"datePublished\":\"2020-03-19T21:30:05+00:00\",\"dateModified\":\"2026-03-10T17:00:53+00:00\",\"description\":\"LZ Health Day, 23. April 2026 in Heidelberg: Wichtige Informationen zur Anreise und Hotelbuchung finden Sie hier.\",\"breadcrumb\":{\"@id\":\"https:\\\/\\\/dfvcg-events.de\\\/lz-health-day\\\/hotel-anreise\\\/#breadcrumb\"},\"inLanguage\":\"de\",\"potentialAction\":[{\"@type\":\"ReadAction\",\"target\":[\"https:\\\/\\\/dfvcg-events.de\\\/lz-health-day\\\/hotel-anreise\\\/\"]}]},{\"@type\":\"ImageObject\",\"inLanguage\":\"de\",\"@id\":\"https:\\\/\\\/dfvcg-events.de\\\/lz-health-day\\\/hotel-anreise\\\/#primaryimage\",\"url\":\"https:\\\/\\\/www.veranstaltungsticket-bahn.de\\\/resources\\\/buttons\\\/design2-2.png\",\"contentUrl\":\"https:\\\/\\\/www.veranstaltungsticket-bahn.de\\\/resources\\\/buttons\\\/design2-2.png\"},{\"@type\":\"BreadcrumbList\",\"@id\":\"https:\\\/\\\/dfvcg-events.de\\\/lz-health-day\\\/hotel-anreise\\\/#breadcrumb\",\"itemListElement\":[{\"@type\":\"ListItem\",\"position\":1,\"name\":\"Startseite\",\"item\":\"https:\\\/\\\/dfvcg-events.de\\\/lz-health-day\\\/\"},{\"@type\":\"ListItem\",\"position\":2,\"name\":\"Hotel &amp; Anreise\"}]},{\"@type\":\"WebSite\",\"@id\":\"https:\\\/\\\/dfvcg-events.de\\\/lz-health-day\\\/#website\",\"url\":\"https:\\\/\\\/dfvcg-events.de\\\/lz-health-day\\\/\",\"name\":\"LZ Health Day\",\"description\":\"dfv Conference Group\",\"publisher\":{\"@id\":\"https:\\\/\\\/dfvcg-events.de\\\/lz-health-day\\\/#organization\"},\"alternateName\":\"FMCG-Trends, die uns l\u00e4nger, sch\u00f6ner und ges\u00fcnder leben lassen.\",\"potentialAction\":[{\"@type\":\"SearchAction\",\"target\":{\"@type\":\"EntryPoint\",\"urlTemplate\":\"https:\\\/\\\/dfvcg-events.de\\\/lz-health-day\\\/?s={search_term_string}\"},\"query-input\":{\"@type\":\"PropertyValueSpecification\",\"valueRequired\":true,\"valueName\":\"search_term_string\"}}],\"inLanguage\":\"de\"},{\"@type\":\"Organization\",\"@id\":\"https:\\\/\\\/dfvcg-events.de\\\/lz-health-day\\\/#organization\",\"name\":\"LZ Health Day\",\"alternateName\":\"dfv Conference Group\",\"url\":\"https:\\\/\\\/dfvcg-events.de\\\/lz-health-day\\\/\",\"logo\":{\"@type\":\"ImageObject\",\"inLanguage\":\"de\",\"@id\":\"https:\\\/\\\/dfvcg-events.de\\\/lz-health-day\\\/#\\\/schema\\\/logo\\\/image\\\/\",\"url\":\"https:\\\/\\\/dfvcg-events.de\\\/lz-health-day\\\/wp-content\\\/uploads\\\/sites\\\/66\\\/2025\\\/11\\\/251103_Teaser-LZ-Health-Day_RZ.jpg\",\"contentUrl\":\"https:\\\/\\\/dfvcg-events.de\\\/lz-health-day\\\/wp-content\\\/uploads\\\/sites\\\/66\\\/2025\\\/11\\\/251103_Teaser-LZ-Health-Day_RZ.jpg\",\"width\":800,\"height\":800,\"caption\":\"LZ Health Day\"},\"image\":{\"@id\":\"https:\\\/\\\/dfvcg-events.de\\\/lz-health-day\\\/#\\\/schema\\\/logo\\\/image\\\/\"}}]}<\/script>\n<!-- \/ Yoast SEO plugin. -->","yoast_head_json":{"title":"Hotel &amp; Anreise | LZ Health Day","description":"LZ Health Day, 23. April 2026 in Heidelberg: Wichtige Informationen zur Anreise und Hotelbuchung finden Sie hier.","robots":{"index":"index","follow":"follow","max-snippet":"max-snippet:-1","max-image-preview":"max-image-preview:large","max-video-preview":"max-video-preview:-1"},"canonical":"https:\/\/dfvcg-events.de\/lz-health-day\/hotel-anreise\/","og_locale":"de_DE","og_type":"article","og_title":"Hotel &amp; Anreise | LZ Health Day","og_description":"LZ Health Day, 23. April 2026 in Heidelberg: Wichtige Informationen zur Anreise und Hotelbuchung finden Sie hier.","og_url":"https:\/\/dfvcg-events.de\/lz-health-day\/hotel-anreise\/","og_site_name":"LZ Health Day","article_modified_time":"2026-03-10T17:00:53+00:00","og_image":[{"url":"https:\/\/www.veranstaltungsticket-bahn.de\/resources\/buttons\/design2-2.png","type":"","width":"","height":""}],"twitter_card":"summary_large_image","twitter_misc":{"Gesch\u00e4tzte Lesezeit":"2\u00a0Minuten"},"schema":{"@context":"https:\/\/schema.org","@graph":[{"@type":"WebPage","@id":"https:\/\/dfvcg-events.de\/lz-health-day\/hotel-anreise\/","url":"https:\/\/dfvcg-events.de\/lz-health-day\/hotel-anreise\/","name":"Hotel &amp; Anreise | LZ Health Day","isPartOf":{"@id":"https:\/\/dfvcg-events.de\/lz-health-day\/#website"},"primaryImageOfPage":{"@id":"https:\/\/dfvcg-events.de\/lz-health-day\/hotel-anreise\/#primaryimage"},"image":{"@id":"https:\/\/dfvcg-events.de\/lz-health-day\/hotel-anreise\/#primaryimage"},"thumbnailUrl":"https:\/\/www.veranstaltungsticket-bahn.de\/resources\/buttons\/design2-2.png","datePublished":"2020-03-19T21:30:05+00:00","dateModified":"2026-03-10T17:00:53+00:00","description":"LZ Health Day, 23. April 2026 in Heidelberg: Wichtige Informationen zur Anreise und Hotelbuchung finden Sie hier.","breadcrumb":{"@id":"https:\/\/dfvcg-events.de\/lz-health-day\/hotel-anreise\/#breadcrumb"},"inLanguage":"de","potentialAction":[{"@type":"ReadAction","target":["https:\/\/dfvcg-events.de\/lz-health-day\/hotel-anreise\/"]}]},{"@type":"ImageObject","inLanguage":"de","@id":"https:\/\/dfvcg-events.de\/lz-health-day\/hotel-anreise\/#primaryimage","url":"https:\/\/www.veranstaltungsticket-bahn.de\/resources\/buttons\/design2-2.png","contentUrl":"https:\/\/www.veranstaltungsticket-bahn.de\/resources\/buttons\/design2-2.png"},{"@type":"BreadcrumbList","@id":"https:\/\/dfvcg-events.de\/lz-health-day\/hotel-anreise\/#breadcrumb","itemListElement":[{"@type":"ListItem","position":1,"name":"Startseite","item":"https:\/\/dfvcg-events.de\/lz-health-day\/"},{"@type":"ListItem","position":2,"name":"Hotel &amp; Anreise"}]},{"@type":"WebSite","@id":"https:\/\/dfvcg-events.de\/lz-health-day\/#website","url":"https:\/\/dfvcg-events.de\/lz-health-day\/","name":"LZ Health Day","description":"dfv Conference Group","publisher":{"@id":"https:\/\/dfvcg-events.de\/lz-health-day\/#organization"},"alternateName":"FMCG-Trends, die uns l\u00e4nger, sch\u00f6ner und ges\u00fcnder leben lassen.","potentialAction":[{"@type":"SearchAction","target":{"@type":"EntryPoint","urlTemplate":"https:\/\/dfvcg-events.de\/lz-health-day\/?s={search_term_string}"},"query-input":{"@type":"PropertyValueSpecification","valueRequired":true,"valueName":"search_term_string"}}],"inLanguage":"de"},{"@type":"Organization","@id":"https:\/\/dfvcg-events.de\/lz-health-day\/#organization","name":"LZ Health Day","alternateName":"dfv Conference Group","url":"https:\/\/dfvcg-events.de\/lz-health-day\/","logo":{"@type":"ImageObject","inLanguage":"de","@id":"https:\/\/dfvcg-events.de\/lz-health-day\/#\/schema\/logo\/image\/","url":"https:\/\/dfvcg-events.de\/lz-health-day\/wp-content\/uploads\/sites\/66\/2025\/11\/251103_Teaser-LZ-Health-Day_RZ.jpg","contentUrl":"https:\/\/dfvcg-events.de\/lz-health-day\/wp-content\/uploads\/sites\/66\/2025\/11\/251103_Teaser-LZ-Health-Day_RZ.jpg","width":800,"height":800,"caption":"LZ Health Day"},"image":{"@id":"https:\/\/dfvcg-events.de\/lz-health-day\/#\/schema\/logo\/image\/"}}]}},"_links":{"self":[{"href":"https:\/\/dfvcg-events.de\/lz-health-day\/wp-json\/wp\/v2\/pages\/158","targetHints":{"allow":["GET"]}}],"collection":[{"href":"https:\/\/dfvcg-events.de\/lz-health-day\/wp-json\/wp\/v2\/pages"}],"about":[{"href":"https:\/\/dfvcg-events.de\/lz-health-day\/wp-json\/wp\/v2\/types\/page"}],"author":[{"embeddable":true,"href":"https:\/\/dfvcg-events.de\/lz-health-day\/wp-json\/wp\/v2\/users\/1"}],"replies":[{"embeddable":true,"href":"https:\/\/dfvcg-events.de\/lz-health-day\/wp-json\/wp\/v2\/comments?post=158"}],"version-history":[{"count":24,"href":"https:\/\/dfvcg-events.de\/lz-health-day\/wp-json\/wp\/v2\/pages\/158\/revisions"}],"predecessor-version":[{"id":1662,"href":"https:\/\/dfvcg-events.de\/lz-health-day\/wp-json\/wp\/v2\/pages\/158\/revisions\/1662"}],"wp:attachment":[{"href":"https:\/\/dfvcg-events.de\/lz-health-day\/wp-json\/wp\/v2\/media?parent=158"}],"curies":[{"name":"wp","href":"https:\/\/api.w.org\/{rel}","templated":true}]}}