{"id":570,"date":"2020-03-23T16:15:43","date_gmt":"2020-03-23T15:15:43","guid":{"rendered":"https:\/\/dfvcg-events.de\/lz-food-beverage\/?page_id=570"},"modified":"2025-11-17T16:34:28","modified_gmt":"2025-11-17T15:34:28","slug":"teilnehmerbereich","status":"publish","type":"page","link":"https:\/\/dfvcg-events.de\/lz-food-beverage\/teilnehmerbereich\/","title":{"rendered":"Teilnehmerbereich"},"content":{"rendered":"","protected":true},"excerpt":{"rendered":"","protected":true},"author":1,"featured_media":0,"parent":0,"menu_order":0,"comment_status":"closed","ping_status":"closed","template":"","meta":{"footnotes":""},"class_list":["post-570","page","type-page","status-publish","post-password-required","hentry"],"yoast_head":"<!-- This site is optimized with the Yoast SEO plugin v27.3 - https:\/\/yoast.com\/product\/yoast-seo-wordpress\/ -->\n<title>Teilnehmerbereich | LZ Food &amp; Beverage Innovation Day | 25. September 2024 | D\u00fcsseldorf<\/title>\n<meta name=\"description\" content=\"Als Teilnehmer:innen des LZ Food &amp; Beverage Innovation Day k\u00f6nnen Sie hier Teilnehmerliste und Vortr\u00e4ge der Vortragenden herunterladen.\" \/>\n<meta name=\"robots\" content=\"noindex, nofollow\" \/>\n<meta property=\"og:locale\" content=\"de_DE\" \/>\n<meta property=\"og:type\" content=\"article\" \/>\n<meta property=\"og:title\" content=\"Teilnehmerbereich | LZ Food &amp; Beverage Innovation Day | 25. September 2024 | D\u00fcsseldorf\" \/>\n<meta property=\"og:description\" content=\"Als Teilnehmer:innen des LZ Food &amp; Beverage Innovation Day k\u00f6nnen Sie hier Teilnehmerliste und Vortr\u00e4ge der Vortragenden herunterladen.\" \/>\n<meta property=\"og:url\" content=\"https:\/\/dfvcg-events.de\/lz-food-beverage\/teilnehmerbereich\/\" \/>\n<meta property=\"og:site_name\" content=\"LZ Food &amp; Beverage Innovation Day\" \/>\n<meta property=\"article:publisher\" content=\"https:\/\/www.facebook.com\/Lebensmittel.Zeitung\" \/>\n<meta property=\"article:modified_time\" content=\"2025-11-17T15:34:28+00:00\" \/>\n<meta name=\"twitter:card\" content=\"summary_large_image\" \/>\n<meta name=\"twitter:site\" content=\"@LZNETnews\" \/>\n<meta name=\"twitter:label1\" content=\"Gesch\u00e4tzte Lesezeit\" \/>\n\t<meta name=\"twitter:data1\" content=\"8\u00a0Minuten\" \/>\n<script type=\"application\/ld+json\" class=\"yoast-schema-graph\">{\"@context\":\"https:\\\/\\\/schema.org\",\"@graph\":[{\"@type\":\"WebPage\",\"@id\":\"https:\\\/\\\/dfvcg-events.de\\\/lz-food-beverage\\\/teilnehmerbereich\\\/\",\"url\":\"https:\\\/\\\/dfvcg-events.de\\\/lz-food-beverage\\\/teilnehmerbereich\\\/\",\"name\":\"Teilnehmerbereich | LZ Food & Beverage Innovation Day | 25. September 2024 | D\u00fcsseldorf\",\"isPartOf\":{\"@id\":\"https:\\\/\\\/dfvcg-events.de\\\/lz-food-beverage\\\/#website\"},\"datePublished\":\"2020-03-23T15:15:43+00:00\",\"dateModified\":\"2025-11-17T15:34:28+00:00\",\"breadcrumb\":{\"@id\":\"https:\\\/\\\/dfvcg-events.de\\\/lz-food-beverage\\\/teilnehmerbereich\\\/#breadcrumb\"},\"inLanguage\":\"de\"},{\"@type\":\"WebSite\",\"@id\":\"https:\\\/\\\/dfvcg-events.de\\\/lz-food-beverage\\\/#website\",\"url\":\"https:\\\/\\\/dfvcg-events.de\\\/lz-food-beverage\\\/\",\"name\":\"LZ Food & Beverage Innovation Day\",\"description\":\"dfv Conference Group\",\"publisher\":{\"@id\":\"https:\\\/\\\/dfvcg-events.de\\\/lz-food-beverage\\\/#organization\"},\"alternateName\":\"LebensmittelZeitung Food & Beverage Day\",\"potentialAction\":[{\"@type\":\"SearchAction\",\"target\":{\"@type\":\"EntryPoint\",\"urlTemplate\":\"https:\\\/\\\/dfvcg-events.de\\\/lz-food-beverage\\\/?s={search_term_string}\"},\"query-input\":{\"@type\":\"PropertyValueSpecification\",\"valueRequired\":true,\"valueName\":\"search_term_string\"}}],\"inLanguage\":\"de\"},{\"@type\":\"Organization\",\"@id\":\"https:\\\/\\\/dfvcg-events.de\\\/lz-food-beverage\\\/#organization\",\"name\":\"Lebensmittel Zeitung, dfv Conference Group\",\"url\":\"https:\\\/\\\/dfvcg-events.de\\\/lz-food-beverage\\\/\",\"logo\":{\"@type\":\"ImageObject\",\"inLanguage\":\"de\",\"@id\":\"https:\\\/\\\/dfvcg-events.de\\\/lz-food-beverage\\\/#\\\/schema\\\/logo\\\/image\\\/\",\"url\":\"https:\\\/\\\/dfvcg-events.de\\\/lz-food-beverage\\\/wp-content\\\/uploads\\\/sites\\\/55\\\/2023\\\/11\\\/dfvcg-lz-food-beverage-innovation-day-teaser.jpg\",\"contentUrl\":\"https:\\\/\\\/dfvcg-events.de\\\/lz-food-beverage\\\/wp-content\\\/uploads\\\/sites\\\/55\\\/2023\\\/11\\\/dfvcg-lz-food-beverage-innovation-day-teaser.jpg\",\"width\":800,\"height\":800,\"caption\":\"Lebensmittel Zeitung, dfv Conference Group\"},\"image\":{\"@id\":\"https:\\\/\\\/dfvcg-events.de\\\/lz-food-beverage\\\/#\\\/schema\\\/logo\\\/image\\\/\"},\"sameAs\":[\"https:\\\/\\\/www.facebook.com\\\/Lebensmittel.Zeitung\",\"https:\\\/\\\/x.com\\\/LZNETnews\",\"https:\\\/\\\/www.linkedin.com\\\/company\\\/lebensmittel-zeitung\\\/\"]}]}<\/script>\n<!-- \/ Yoast SEO plugin. -->","yoast_head_json":{"title":"Teilnehmerbereich | LZ Food & Beverage Innovation Day | 25. September 2024 | D\u00fcsseldorf","description":"Als Teilnehmer:innen des LZ Food & Beverage Innovation Day k\u00f6nnen Sie hier Teilnehmerliste und Vortr\u00e4ge der Vortragenden herunterladen.","robots":{"index":"noindex","follow":"nofollow"},"og_locale":"de_DE","og_type":"article","og_title":"Teilnehmerbereich | LZ Food & Beverage Innovation Day | 25. September 2024 | D\u00fcsseldorf","og_description":"Als Teilnehmer:innen des LZ Food & Beverage Innovation Day k\u00f6nnen Sie hier Teilnehmerliste und Vortr\u00e4ge der Vortragenden herunterladen.","og_url":"https:\/\/dfvcg-events.de\/lz-food-beverage\/teilnehmerbereich\/","og_site_name":"LZ Food &amp; Beverage Innovation Day","article_publisher":"https:\/\/www.facebook.com\/Lebensmittel.Zeitung","article_modified_time":"2025-11-17T15:34:28+00:00","twitter_card":"summary_large_image","twitter_site":"@LZNETnews","twitter_misc":{"Gesch\u00e4tzte Lesezeit":"8\u00a0Minuten"},"schema":{"@context":"https:\/\/schema.org","@graph":[{"@type":"WebPage","@id":"https:\/\/dfvcg-events.de\/lz-food-beverage\/teilnehmerbereich\/","url":"https:\/\/dfvcg-events.de\/lz-food-beverage\/teilnehmerbereich\/","name":"Teilnehmerbereich | LZ Food & Beverage Innovation Day | 25. September 2024 | D\u00fcsseldorf","isPartOf":{"@id":"https:\/\/dfvcg-events.de\/lz-food-beverage\/#website"},"datePublished":"2020-03-23T15:15:43+00:00","dateModified":"2025-11-17T15:34:28+00:00","breadcrumb":{"@id":"https:\/\/dfvcg-events.de\/lz-food-beverage\/teilnehmerbereich\/#breadcrumb"},"inLanguage":"de"},{"@type":"WebSite","@id":"https:\/\/dfvcg-events.de\/lz-food-beverage\/#website","url":"https:\/\/dfvcg-events.de\/lz-food-beverage\/","name":"LZ Food & Beverage Innovation Day","description":"dfv Conference Group","publisher":{"@id":"https:\/\/dfvcg-events.de\/lz-food-beverage\/#organization"},"alternateName":"LebensmittelZeitung Food & Beverage Day","potentialAction":[{"@type":"SearchAction","target":{"@type":"EntryPoint","urlTemplate":"https:\/\/dfvcg-events.de\/lz-food-beverage\/?s={search_term_string}"},"query-input":{"@type":"PropertyValueSpecification","valueRequired":true,"valueName":"search_term_string"}}],"inLanguage":"de"},{"@type":"Organization","@id":"https:\/\/dfvcg-events.de\/lz-food-beverage\/#organization","name":"Lebensmittel Zeitung, dfv Conference Group","url":"https:\/\/dfvcg-events.de\/lz-food-beverage\/","logo":{"@type":"ImageObject","inLanguage":"de","@id":"https:\/\/dfvcg-events.de\/lz-food-beverage\/#\/schema\/logo\/image\/","url":"https:\/\/dfvcg-events.de\/lz-food-beverage\/wp-content\/uploads\/sites\/55\/2023\/11\/dfvcg-lz-food-beverage-innovation-day-teaser.jpg","contentUrl":"https:\/\/dfvcg-events.de\/lz-food-beverage\/wp-content\/uploads\/sites\/55\/2023\/11\/dfvcg-lz-food-beverage-innovation-day-teaser.jpg","width":800,"height":800,"caption":"Lebensmittel Zeitung, dfv Conference Group"},"image":{"@id":"https:\/\/dfvcg-events.de\/lz-food-beverage\/#\/schema\/logo\/image\/"},"sameAs":["https:\/\/www.facebook.com\/Lebensmittel.Zeitung","https:\/\/x.com\/LZNETnews","https:\/\/www.linkedin.com\/company\/lebensmittel-zeitung\/"]}]}},"_links":{"self":[{"href":"https:\/\/dfvcg-events.de\/lz-food-beverage\/wp-json\/wp\/v2\/pages\/570","targetHints":{"allow":["GET"]}}],"collection":[{"href":"https:\/\/dfvcg-events.de\/lz-food-beverage\/wp-json\/wp\/v2\/pages"}],"about":[{"href":"https:\/\/dfvcg-events.de\/lz-food-beverage\/wp-json\/wp\/v2\/types\/page"}],"author":[{"embeddable":true,"href":"https:\/\/dfvcg-events.de\/lz-food-beverage\/wp-json\/wp\/v2\/users\/1"}],"replies":[{"embeddable":true,"href":"https:\/\/dfvcg-events.de\/lz-food-beverage\/wp-json\/wp\/v2\/comments?post=570"}],"version-history":[{"count":26,"href":"https:\/\/dfvcg-events.de\/lz-food-beverage\/wp-json\/wp\/v2\/pages\/570\/revisions"}],"predecessor-version":[{"id":2877,"href":"https:\/\/dfvcg-events.de\/lz-food-beverage\/wp-json\/wp\/v2\/pages\/570\/revisions\/2877"}],"wp:attachment":[{"href":"https:\/\/dfvcg-events.de\/lz-food-beverage\/wp-json\/wp\/v2\/media?parent=570"}],"curies":[{"name":"wp","href":"https:\/\/api.w.org\/{rel}","templated":true}]}}