{"id":2711,"date":"2022-11-07T13:31:13","date_gmt":"2022-11-07T12:31:13","guid":{"rendered":"https:\/\/dfvcg-events.de\/digitale-zukunft\/?page_id=2711"},"modified":"2026-02-10T11:28:04","modified_gmt":"2026-02-10T10:28:04","slug":"partner-aussteller","status":"publish","type":"page","link":"https:\/\/dfvcg-events.de\/lz-ai-day\/partner-aussteller\/","title":{"rendered":"Partner &amp; Aussteller 2024"},"content":{"rendered":"<div id='av_section_1'  class='avia-section av-k7yuhjt1-1d81fd9cd2f1046b77b73613459576a5 main_color avia-section-default avia-no-border-styling  avia-builder-el-0  el_before_av_section  avia-builder-el-first  header-verlauf avia-bg-style-scroll container_wrap fullsize'  ><div class='container av-section-cont-open' ><main  role=\"main\" itemprop=\"mainContentOfPage\"  class='template-page content  av-content-full alpha units'><div class='post-entry post-entry-type-page post-entry-2711'><div class='entry-content-wrapper clearfix'>\n\n<style type=\"text\/css\" data-created_by=\"avia_inline_auto\" id=\"style-css-av-kmnabeqr-dbb261d0f741a2868a64128fea6fda85\">\n#top .av-special-heading.av-kmnabeqr-dbb261d0f741a2868a64128fea6fda85{\npadding-bottom:0;\ncolor:#ffffff;\n}\nbody .av-special-heading.av-kmnabeqr-dbb261d0f741a2868a64128fea6fda85 .av-special-heading-tag .heading-char{\nfont-size:25px;\n}\n.av-special-heading.av-kmnabeqr-dbb261d0f741a2868a64128fea6fda85 .special-heading-inner-border{\nborder-color:#ffffff;\n}\n.av-special-heading.av-kmnabeqr-dbb261d0f741a2868a64128fea6fda85 .av-subheading{\nfont-size:19px;\n}\n<\/style>\n<div  class='av-special-heading av-kmnabeqr-dbb261d0f741a2868a64128fea6fda85 av-special-heading-h1 custom-color-heading blockquote modern-quote  avia-builder-el-1  avia-builder-el-no-sibling '><div class='av_custom_color av-subheading av-subheading_above'><p>LZ AI Day<\/p>\n<\/div><h1 class='av-special-heading-tag '  itemprop=\"headline\"  >PARTNER <span class='special_amp'>&amp;<\/span> AUSSTELLER<\/h1><div class=\"special-heading-border\"><div class=\"special-heading-inner-border\"><\/div><\/div><\/div>\n\n<\/div><\/div><\/main><!-- close content main element --><\/div><\/div><div id='av_section_2'  class='avia-section av-kw2dxu04-73d7c88da73a232cec8c383d6ea08bc2 main_color avia-section-default avia-no-shadow  avia-builder-el-2  el_after_av_section  avia-builder-el-last  avia-bg-style-scroll container_wrap fullsize'  ><div class='container av-section-cont-open' ><div class='template-page content  av-content-full alpha units'><div class='post-entry post-entry-type-page post-entry-2711'><div class='entry-content-wrapper clearfix'>\n\n<style type=\"text\/css\" data-created_by=\"avia_inline_auto\" id=\"style-css-av-8w41x-888dc33053942f6c11b6e5413637a16d\">\n#top .av-special-heading.av-8w41x-888dc33053942f6c11b6e5413637a16d{\npadding-bottom:35px;\n}\nbody .av-special-heading.av-8w41x-888dc33053942f6c11b6e5413637a16d .av-special-heading-tag .heading-char{\nfont-size:25px;\n}\n.av-special-heading.av-8w41x-888dc33053942f6c11b6e5413637a16d .av-subheading{\nfont-size:15px;\n}\n<\/style>\n<div  class='av-special-heading av-8w41x-888dc33053942f6c11b6e5413637a16d av-special-heading-h3 blockquote modern-quote  avia-builder-el-3  el_before_av_textblock  avia-builder-el-first '><h3 class='av-special-heading-tag '  itemprop=\"headline\"  >Begleiten Sie uns als Partner oder Aussteller auf dem LZ AI Day:<\/h3><div class=\"special-heading-border\"><div class=\"special-heading-inner-border\"><\/div><\/div><\/div>\n<section  class='av_textblock_section av-kauxm635-6e961896ad03d723817689a042453196 '   itemscope=\"itemscope\" itemtype=\"https:\/\/schema.org\/CreativeWork\" ><div class='avia_textblock'  itemprop=\"text\" ><ul>\n<li>Treffen Sie die IT- und Innovationsverantwortlichen f\u00fchrender Unternehmen des Lebensmittelsektors.<\/li>\n<li>Generieren Sie neue Leads und optimieren Sie Ihr Netzwerk.<\/li>\n<li>Setzen Sie Impulse und r\u00fccken Sie als Expertin und Experte in das Blickfeld der Branche.<\/li>\n<li>\u00dcberraschen Sie mit einem raffinierten Gadget auf der Fl\u00e4che f\u00fcr maximale Aufmerksamkeit.<\/li>\n<li>Profitieren Sie von der starken Medienpr\u00e4senz \u2013 die reichweitenstarke Begleitung durch die Lebensmittel Zeitung.<\/li>\n<\/ul>\n<p>Zu Ihrem individuellen Auftritt ber\u00e4t Sie gerne:<\/p>\n<\/div><\/section>\n<div  class='flex_column av-av_one_half-a2cef933b0a555f25d1e39b22a8e9dae av_one_half  avia-builder-el-5  el_after_av_textblock  el_before_av_one_half  first flex_column_div  column-top-margin'     ><section  class='av_textblock_section av-lyo88y9t-c9fe84e1643272b1036061f0542c2b46 '   itemscope=\"itemscope\" itemtype=\"https:\/\/schema.org\/CreativeWork\" ><div class='avia_textblock'  itemprop=\"text\" ><p><strong>Kirsten Elsen<br \/>\n<\/strong>Telefon: +49 69 7595 3045<br \/>\n<a href=\"&#109;&#x61;i&#x6c;t&#111;&#x3a;&#107;&#x69;r&#115;&#x74;&#101;&#x6e;&#46;&#x65;&#x6c;&#115;&#x65;n&#x40;d&#102;&#x76;&#99;&#x67;&#46;&#100;&#x65;\">&#107;&#x69;&#114;&#x73;&#116;&#x65;&#110;&#x2e;e&#x6c;s&#x65;n&#x40;d&#102;&#x76;&#99;&#x67;&#46;&#x64;&#101;<\/a><\/p>\n<\/div><\/section><\/div><div  class='flex_column av-av_one_half-538dd737667e19053994a94b9156413b av_one_half  avia-builder-el-7  el_after_av_one_half  avia-builder-el-last  flex_column_div  column-top-margin'     ><section  class='av_textblock_section av-ml9lgiip-0c5e25f6d3c76a2183b6205f7ec95f16 '   itemscope=\"itemscope\" itemtype=\"https:\/\/schema.org\/CreativeWork\" ><div class='avia_textblock'  itemprop=\"text\" ><p><strong>Mehtap Acar<br \/>\n<\/strong>Telefon: +49 69 7595 2883<br \/>\n<a href=\"&#x6d;&#x61;&#x69;&#x6c;&#x74;&#x6f;&#x3a;&#x6d;&#x65;&#x68;&#x74;&#97;&#112;&#46;&#97;&#99;&#97;&#114;&#64;dfvcg&#x2e;&#x64;&#x65;\">&#x6d;&#x65;&#x68;&#x74;&#x61;&#x70;&#x2e;&#x61;&#x63;&#x61;&#x72;&#x40;&#x64;&#x66;&#x76;&#x63;&#x67;&#x2e;&#x64;&#x65;<\/a><\/p>\n<\/div><\/section><\/div>\n","protected":false},"excerpt":{"rendered":"","protected":false},"author":1,"featured_media":0,"parent":0,"menu_order":0,"comment_status":"closed","ping_status":"closed","template":"","meta":{"footnotes":""},"class_list":["post-2711","page","type-page","status-publish","hentry"],"yoast_head":"<!-- This site is optimized with the Yoast SEO plugin v27.3 - https:\/\/yoast.com\/product\/yoast-seo-wordpress\/ -->\n<title>Partner &amp; Aussteller | LZ AI Day | 1. Dezember 2026 | Frankfurt<\/title>\n<meta name=\"description\" content=\"Als Partner &amp; Aussteller erhalten Sie maximale Aufmerksamkeit und haben die M\u00f6glichkeit interessante Kontakte zu kn\u00fcpfen.\" \/>\n<meta name=\"robots\" content=\"index, follow, max-snippet:-1, max-image-preview:large, max-video-preview:-1\" \/>\n<link rel=\"canonical\" href=\"https:\/\/dfvcg-events.de\/lz-ai-day\/partner-aussteller\/\" \/>\n<meta property=\"og:locale\" content=\"de_DE\" \/>\n<meta property=\"og:type\" content=\"article\" \/>\n<meta property=\"og:title\" content=\"Partner &amp; Aussteller | LZ AI Day | 1. Dezember 2026 | Frankfurt\" \/>\n<meta property=\"og:description\" content=\"Als Partner &amp; Aussteller erhalten Sie maximale Aufmerksamkeit und haben die M\u00f6glichkeit interessante Kontakte zu kn\u00fcpfen.\" \/>\n<meta property=\"og:url\" content=\"https:\/\/dfvcg-events.de\/lz-ai-day\/partner-aussteller\/\" \/>\n<meta property=\"og:site_name\" content=\"LZ AI Day\" \/>\n<meta property=\"article:modified_time\" content=\"2026-02-10T10:28:04+00:00\" \/>\n<meta name=\"twitter:card\" content=\"summary_large_image\" \/>\n<meta name=\"twitter:label1\" content=\"Gesch\u00e4tzte Lesezeit\" \/>\n\t<meta name=\"twitter:data1\" content=\"1\u00a0Minute\" \/>\n<script type=\"application\/ld+json\" class=\"yoast-schema-graph\">{\"@context\":\"https:\\\/\\\/schema.org\",\"@graph\":[{\"@type\":\"WebPage\",\"@id\":\"https:\\\/\\\/dfvcg-events.de\\\/lz-ai-day\\\/partner-aussteller\\\/\",\"url\":\"https:\\\/\\\/dfvcg-events.de\\\/lz-ai-day\\\/partner-aussteller\\\/\",\"name\":\"Partner & Aussteller | LZ AI Day | 1. Dezember 2026 | Frankfurt\",\"isPartOf\":{\"@id\":\"https:\\\/\\\/dfvcg-events.de\\\/lz-ai-day\\\/#website\"},\"datePublished\":\"2022-11-07T12:31:13+00:00\",\"dateModified\":\"2026-02-10T10:28:04+00:00\",\"description\":\"Als Partner & Aussteller erhalten Sie maximale Aufmerksamkeit und haben die M\u00f6glichkeit interessante Kontakte zu kn\u00fcpfen.\",\"breadcrumb\":{\"@id\":\"https:\\\/\\\/dfvcg-events.de\\\/lz-ai-day\\\/partner-aussteller\\\/#breadcrumb\"},\"inLanguage\":\"de\",\"potentialAction\":[{\"@type\":\"ReadAction\",\"target\":[\"https:\\\/\\\/dfvcg-events.de\\\/lz-ai-day\\\/partner-aussteller\\\/\"]}]},{\"@type\":\"BreadcrumbList\",\"@id\":\"https:\\\/\\\/dfvcg-events.de\\\/lz-ai-day\\\/partner-aussteller\\\/#breadcrumb\",\"itemListElement\":[{\"@type\":\"ListItem\",\"position\":1,\"name\":\"Startseite\",\"item\":\"https:\\\/\\\/dfvcg-events.de\\\/lz-ai-day\\\/\"},{\"@type\":\"ListItem\",\"position\":2,\"name\":\"Partner &amp; Aussteller 2024\"}]},{\"@type\":\"WebSite\",\"@id\":\"https:\\\/\\\/dfvcg-events.de\\\/lz-ai-day\\\/#website\",\"url\":\"https:\\\/\\\/dfvcg-events.de\\\/lz-ai-day\\\/\",\"name\":\"LZ Strategietag Digitale Zukunft\",\"description\":\"dfv Conference Group\",\"publisher\":{\"@id\":\"https:\\\/\\\/dfvcg-events.de\\\/lz-ai-day\\\/#organization\"},\"alternateName\":\"dfv Conference Group\",\"potentialAction\":[{\"@type\":\"SearchAction\",\"target\":{\"@type\":\"EntryPoint\",\"urlTemplate\":\"https:\\\/\\\/dfvcg-events.de\\\/lz-ai-day\\\/?s={search_term_string}\"},\"query-input\":{\"@type\":\"PropertyValueSpecification\",\"valueRequired\":true,\"valueName\":\"search_term_string\"}}],\"inLanguage\":\"de\"},{\"@type\":\"Organization\",\"@id\":\"https:\\\/\\\/dfvcg-events.de\\\/lz-ai-day\\\/#organization\",\"name\":\"LZ Strategietag Digitale Zukunft\",\"alternateName\":\"dfv Conference Group\",\"url\":\"https:\\\/\\\/dfvcg-events.de\\\/lz-ai-day\\\/\",\"logo\":{\"@type\":\"ImageObject\",\"inLanguage\":\"de\",\"@id\":\"https:\\\/\\\/dfvcg-events.de\\\/lz-ai-day\\\/#\\\/schema\\\/logo\\\/image\\\/\",\"url\":\"https:\\\/\\\/dfvcg-events.de\\\/digitale-zukunft\\\/wp-content\\\/uploads\\\/sites\\\/31\\\/2023\\\/05\\\/dfvc-Digitale-Zukunft-2023-Teaser-800px-2.jpg\",\"contentUrl\":\"https:\\\/\\\/dfvcg-events.de\\\/digitale-zukunft\\\/wp-content\\\/uploads\\\/sites\\\/31\\\/2023\\\/05\\\/dfvc-Digitale-Zukunft-2023-Teaser-800px-2.jpg\",\"width\":800,\"height\":800,\"caption\":\"LZ Strategietag Digitale Zukunft\"},\"image\":{\"@id\":\"https:\\\/\\\/dfvcg-events.de\\\/lz-ai-day\\\/#\\\/schema\\\/logo\\\/image\\\/\"}}]}<\/script>\n<!-- \/ Yoast SEO plugin. -->","yoast_head_json":{"title":"Partner & Aussteller | LZ AI Day | 1. Dezember 2026 | Frankfurt","description":"Als Partner & Aussteller erhalten Sie maximale Aufmerksamkeit und haben die M\u00f6glichkeit interessante Kontakte zu kn\u00fcpfen.","robots":{"index":"index","follow":"follow","max-snippet":"max-snippet:-1","max-image-preview":"max-image-preview:large","max-video-preview":"max-video-preview:-1"},"canonical":"https:\/\/dfvcg-events.de\/lz-ai-day\/partner-aussteller\/","og_locale":"de_DE","og_type":"article","og_title":"Partner & Aussteller | LZ AI Day | 1. Dezember 2026 | Frankfurt","og_description":"Als Partner & Aussteller erhalten Sie maximale Aufmerksamkeit und haben die M\u00f6glichkeit interessante Kontakte zu kn\u00fcpfen.","og_url":"https:\/\/dfvcg-events.de\/lz-ai-day\/partner-aussteller\/","og_site_name":"LZ AI Day","article_modified_time":"2026-02-10T10:28:04+00:00","twitter_card":"summary_large_image","twitter_misc":{"Gesch\u00e4tzte Lesezeit":"1\u00a0Minute"},"schema":{"@context":"https:\/\/schema.org","@graph":[{"@type":"WebPage","@id":"https:\/\/dfvcg-events.de\/lz-ai-day\/partner-aussteller\/","url":"https:\/\/dfvcg-events.de\/lz-ai-day\/partner-aussteller\/","name":"Partner & Aussteller | LZ AI Day | 1. Dezember 2026 | Frankfurt","isPartOf":{"@id":"https:\/\/dfvcg-events.de\/lz-ai-day\/#website"},"datePublished":"2022-11-07T12:31:13+00:00","dateModified":"2026-02-10T10:28:04+00:00","description":"Als Partner & Aussteller erhalten Sie maximale Aufmerksamkeit und haben die M\u00f6glichkeit interessante Kontakte zu kn\u00fcpfen.","breadcrumb":{"@id":"https:\/\/dfvcg-events.de\/lz-ai-day\/partner-aussteller\/#breadcrumb"},"inLanguage":"de","potentialAction":[{"@type":"ReadAction","target":["https:\/\/dfvcg-events.de\/lz-ai-day\/partner-aussteller\/"]}]},{"@type":"BreadcrumbList","@id":"https:\/\/dfvcg-events.de\/lz-ai-day\/partner-aussteller\/#breadcrumb","itemListElement":[{"@type":"ListItem","position":1,"name":"Startseite","item":"https:\/\/dfvcg-events.de\/lz-ai-day\/"},{"@type":"ListItem","position":2,"name":"Partner &amp; Aussteller 2024"}]},{"@type":"WebSite","@id":"https:\/\/dfvcg-events.de\/lz-ai-day\/#website","url":"https:\/\/dfvcg-events.de\/lz-ai-day\/","name":"LZ Strategietag Digitale Zukunft","description":"dfv Conference Group","publisher":{"@id":"https:\/\/dfvcg-events.de\/lz-ai-day\/#organization"},"alternateName":"dfv Conference Group","potentialAction":[{"@type":"SearchAction","target":{"@type":"EntryPoint","urlTemplate":"https:\/\/dfvcg-events.de\/lz-ai-day\/?s={search_term_string}"},"query-input":{"@type":"PropertyValueSpecification","valueRequired":true,"valueName":"search_term_string"}}],"inLanguage":"de"},{"@type":"Organization","@id":"https:\/\/dfvcg-events.de\/lz-ai-day\/#organization","name":"LZ Strategietag Digitale Zukunft","alternateName":"dfv Conference Group","url":"https:\/\/dfvcg-events.de\/lz-ai-day\/","logo":{"@type":"ImageObject","inLanguage":"de","@id":"https:\/\/dfvcg-events.de\/lz-ai-day\/#\/schema\/logo\/image\/","url":"https:\/\/dfvcg-events.de\/digitale-zukunft\/wp-content\/uploads\/sites\/31\/2023\/05\/dfvc-Digitale-Zukunft-2023-Teaser-800px-2.jpg","contentUrl":"https:\/\/dfvcg-events.de\/digitale-zukunft\/wp-content\/uploads\/sites\/31\/2023\/05\/dfvc-Digitale-Zukunft-2023-Teaser-800px-2.jpg","width":800,"height":800,"caption":"LZ Strategietag Digitale Zukunft"},"image":{"@id":"https:\/\/dfvcg-events.de\/lz-ai-day\/#\/schema\/logo\/image\/"}}]}},"_links":{"self":[{"href":"https:\/\/dfvcg-events.de\/lz-ai-day\/wp-json\/wp\/v2\/pages\/2711","targetHints":{"allow":["GET"]}}],"collection":[{"href":"https:\/\/dfvcg-events.de\/lz-ai-day\/wp-json\/wp\/v2\/pages"}],"about":[{"href":"https:\/\/dfvcg-events.de\/lz-ai-day\/wp-json\/wp\/v2\/types\/page"}],"author":[{"embeddable":true,"href":"https:\/\/dfvcg-events.de\/lz-ai-day\/wp-json\/wp\/v2\/users\/1"}],"replies":[{"embeddable":true,"href":"https:\/\/dfvcg-events.de\/lz-ai-day\/wp-json\/wp\/v2\/comments?post=2711"}],"version-history":[{"count":22,"href":"https:\/\/dfvcg-events.de\/lz-ai-day\/wp-json\/wp\/v2\/pages\/2711\/revisions"}],"predecessor-version":[{"id":5186,"href":"https:\/\/dfvcg-events.de\/lz-ai-day\/wp-json\/wp\/v2\/pages\/2711\/revisions\/5186"}],"wp:attachment":[{"href":"https:\/\/dfvcg-events.de\/lz-ai-day\/wp-json\/wp\/v2\/media?parent=2711"}],"curies":[{"name":"wp","href":"https:\/\/api.w.org\/{rel}","templated":true}]}}