{"id":1773,"date":"2017-08-28T18:04:56","date_gmt":"2017-08-28T16:04:56","guid":{"rendered":"http:\/\/dfvcg-events.de\/deutscher-medienkongress\/?page_id=1773"},"modified":"2026-01-30T09:39:29","modified_gmt":"2026-01-30T08:39:29","slug":"ticket-shop","status":"publish","type":"page","link":"https:\/\/dfvcg-events.de\/horizont-kongress\/ticket-shop\/","title":{"rendered":"Ticket Shop"},"content":{"rendered":"<div id='av_section_1'  class='avia-section av-fvsbbh-92d6c5ae3ffb1d9e9f4d54d266f42986 main_color avia-section-default avia-no-border-styling  avia-builder-el-0  el_before_av_iconlist  avia-builder-el-first  header-farbe avia-bg-style-scroll container_wrap fullsize'  ><div class='container av-section-cont-open' ><main  role=\"main\" itemprop=\"mainContentOfPage\"  class='template-page content  av-content-full alpha units'><div class='post-entry post-entry-type-page post-entry-1773'><div class='entry-content-wrapper clearfix'>\n\n<style type=\"text\/css\" data-created_by=\"avia_inline_auto\" id=\"style-css-av-egktkt-067b011e499625386669d1aec7775fa8\">\n#top .av-special-heading.av-egktkt-067b011e499625386669d1aec7775fa8{\npadding-bottom:0;\ncolor:#ffffff;\n}\nbody .av-special-heading.av-egktkt-067b011e499625386669d1aec7775fa8 .av-special-heading-tag .heading-char{\nfont-size:25px;\n}\n.av-special-heading.av-egktkt-067b011e499625386669d1aec7775fa8 .special-heading-inner-border{\nborder-color:#ffffff;\n}\n.av-special-heading.av-egktkt-067b011e499625386669d1aec7775fa8 .av-subheading{\nfont-size:24px;\n}\n\n@media only screen and (min-width: 768px) and (max-width: 989px){ \n#top #wrap_all .av-special-heading.av-egktkt-067b011e499625386669d1aec7775fa8 .av-special-heading-tag{\nfont-size:56px;\n}\n}\n\n@media only screen and (min-width: 480px) and (max-width: 767px){ \n#top #wrap_all .av-special-heading.av-egktkt-067b011e499625386669d1aec7775fa8 .av-special-heading-tag{\nfont-size:48px;\n}\n}\n\n@media only screen and (max-width: 479px){ \n#top #wrap_all .av-special-heading.av-egktkt-067b011e499625386669d1aec7775fa8 .av-special-heading-tag{\nfont-size:31px;\n}\n}\n<\/style>\n<div  class='av-special-heading av-egktkt-067b011e499625386669d1aec7775fa8 av-special-heading-h1 custom-color-heading blockquote modern-quote  avia-builder-el-1  avia-builder-el-no-sibling '><div class='av_custom_color av-subheading av-subheading_above'><p>HORIZONT Kongress 2026 l 02.\/03. Juni 2026 l Radialsystem in Berlin<\/p>\n<\/div><h1 class='av-special-heading-tag '  itemprop=\"headline\"  >Jetzt anmelden!<\/h1><div class=\"special-heading-border\"><div class=\"special-heading-inner-border\"><\/div><\/div><\/div>\n<\/div><\/div><\/main><!-- close content main element --><\/div><\/div><div id='after_section_1'  class='main_color av_default_container_wrap container_wrap fullsize'  ><div class='container av-section-cont-open' ><div class='template-page content  av-content-full alpha units'><div class='post-entry post-entry-type-page post-entry-1773'><div class='entry-content-wrapper clearfix'>\n\n<style type=\"text\/css\" data-created_by=\"avia_inline_auto\" id=\"style-css-av-ml0mjbup-de01e17ed3dd06aa8267498310895426\">\n#top .avia-icon-list-container.av-ml0mjbup-de01e17ed3dd06aa8267498310895426 .iconlist_icon{\ncolor:#ffffff;\nbackground-color:#f38e00;\nborder:1px solid #f38e00;\n}\n#top .avia-icon-list-container.av-ml0mjbup-de01e17ed3dd06aa8267498310895426 .iconlist_icon svg:first-child{\nstroke:#ffffff;\nfill:#ffffff;\n}\n<\/style>\n<div  class='avia-icon-list-container av-ml0mjbup-de01e17ed3dd06aa8267498310895426  avia-builder-el-2  el_after_av_section  el_before_av_notification  avia-builder-el-first '><ul class='avia-icon-list avia_animate_when_almost_visible avia-icon-list-left av-iconlist-big av-ml0mjbup-de01e17ed3dd06aa8267498310895426 avia-iconlist-animate'>\n<li><div class='iconlist_icon av-ml0m9ozo-1fa8a77e868c275658f73289715f96c3 avia-font-svg_entypo-fontello avia-svg-icon avia-font-svg_entypo-fontello'><span class='av-icon-char' data-av_svg_icon='mic' data-av_iconset='svg_entypo-fontello'><svg version=\"1.1\" xmlns=\"http:\/\/www.w3.org\/2000\/svg\" width=\"20\" height=\"32\" viewBox=\"0 0 20 32\" preserveAspectRatio=\"xMidYMid meet\" aria-labelledby='av-svg-title-1' aria-describedby='av-svg-desc-1' role=\"graphics-symbol\" aria-hidden=\"true\">\n<title id='av-svg-title-1'>Mic<\/title>\n<desc id='av-svg-desc-1'>Mic<\/desc>\n<path d=\"M19.84 11.584q0.64 0 0.64 0.64v4.416q0 2.944-2.208 5.248t-6.432 2.688v4.224h4.16q0.64 0 0.64 0.64v1.92q0 0.64-0.64 0.64h-11.52q-0.64 0-0.64-0.64v-1.92q0-0.64 0.64-0.64h4.16v-4.224q-4.224-0.384-6.432-2.688t-2.208-5.248v-4.416q0-0.64 0.64-0.64h0.96q0.64 0 0.64 0.64v4.416q0 2.112 1.888 3.936t6.112 1.824 6.112-1.824 1.888-3.936v-4.416q0-0.64 0.64-0.64h0.96zM10.24 19.2q-2.56 0-3.68-0.8t-1.12-1.76v-5.056h9.6v5.056q0 0.96-1.12 1.76t-3.68 0.8zM15.040 2.56v6.784h-9.6v-6.784q0-0.96 1.12-1.76t3.68-0.8 3.68 0.8 1.12 1.76z\"><\/path>\n<\/svg><\/span><\/div><article class=\"article-icon-entry \"  itemscope=\"itemscope\" itemtype=\"https:\/\/schema.org\/CreativeWork\" ><div class=\"iconlist_content_wrap\"><header class=\"entry-content-header\" aria-label=\"Icon: Programm\"><h4 class='av_iconlist_title iconlist_title  '  itemprop=\"headline\" >Programm<\/h4><\/header><div class='iconlist_content '  itemprop=\"text\" ><p>Die Teilnahme an den Hauptprogrammformaten auf zwei B\u00fchnen an beiden Tagen. Side Events sind nicht inbegriffen.<\/p>\n<\/div><\/div><footer class=\"entry-footer\"><\/footer><\/article><div class=\"iconlist-timeline\"><\/div><\/li>\n<li><div class='iconlist_icon av-ml0md3i6-7ccc0eb8332089799a97b28bc555cdfa avia-font-svg_entypo-fontello avia-svg-icon avia-font-svg_entypo-fontello'><span class='av-icon-char' data-av_svg_icon='cup' data-av_iconset='svg_entypo-fontello'><svg version=\"1.1\" xmlns=\"http:\/\/www.w3.org\/2000\/svg\" width=\"22\" height=\"32\" viewBox=\"0 0 22 32\" preserveAspectRatio=\"xMidYMid meet\" aria-labelledby='av-svg-title-2' aria-describedby='av-svg-desc-2' role=\"graphics-symbol\" aria-hidden=\"true\">\n<title id='av-svg-title-2'>Cup<\/title>\n<desc id='av-svg-desc-2'>Cup<\/desc>\n<path d=\"M10.88 2.88q4.864 0 7.968 1.312t2.912 2.784l-2.304 19.008q-0.064 0.448-1.088 1.152t-3.104 1.344-4.384 0.64-4.352-0.64-3.104-1.344-1.12-1.152l-2.304-19.008q-0.128-0.896 1.152-1.824t3.872-1.6 5.856-0.672zM10.88 9.792q2.304 0 4.384-0.48t3.136-1.056 1.056-0.96-1.056-0.928-3.136-1.024-4.384-0.48-4.384 0.48-3.136 1.024-1.056 0.928 1.056 0.96 3.136 1.056 4.384 0.48z\"><\/path>\n<\/svg><\/span><\/div><article class=\"article-icon-entry \"  itemscope=\"itemscope\" itemtype=\"https:\/\/schema.org\/CreativeWork\" ><div class=\"iconlist_content_wrap\"><header class=\"entry-content-header\" aria-label=\"Icon: Food &amp; Drinks\"><h4 class='av_iconlist_title iconlist_title  '  itemprop=\"headline\" >Food &amp; Drinks<\/h4><\/header><div class='iconlist_content '  itemprop=\"text\" ><p>Speisen und Getr\u00e4nke w\u00e4hrend der beiden Veranstaltungstage.<\/p>\n<\/div><\/div><footer class=\"entry-footer\"><\/footer><\/article><div class=\"iconlist-timeline\"><\/div><\/li>\n<li><div class='iconlist_icon av-ml0meoe0-117cbec95003e43c5ce4476d37501cd0 avia-font-entypo-fontello avia-iconfont avia-font-entypo-fontello'><span class='av-icon-char' data-av_icon='\ue80b' data-av_iconfont='entypo-fontello' aria-hidden=\"true\"><\/span><\/div><article class=\"article-icon-entry \"  itemscope=\"itemscope\" itemtype=\"https:\/\/schema.org\/CreativeWork\" ><div class=\"iconlist_content_wrap\"><header class=\"entry-content-header\" aria-label=\"Icon: Ausstellungs- und Networkingfl\u00e4che\"><h4 class='av_iconlist_title iconlist_title  '  itemprop=\"headline\" >Ausstellungs- und Networkingfl\u00e4che<\/h4><\/header><div class='iconlist_content '  itemprop=\"text\" ><p>Zugang zu allen Partnern &amp; Ausstellern auf der Ausstellungs- und Networkingfl\u00e4che \u2013 inklusive Foodtrucks f\u00fcr kulinarischer Highlights.<\/p>\n<\/div><\/div><footer class=\"entry-footer\"><\/footer><\/article><div class=\"iconlist-timeline\"><\/div><\/li>\n<li><div class='iconlist_icon av-ml0mf0ev-f37b999a2c642c783c0d10b5dcd61162 avia-font-svg_entypo-fontello avia-svg-icon avia-font-svg_entypo-fontello'><span class='av-icon-char' data-av_svg_icon='trophy' data-av_iconset='svg_entypo-fontello'><svg version=\"1.1\" xmlns=\"http:\/\/www.w3.org\/2000\/svg\" width=\"29\" height=\"32\" viewBox=\"0 0 29 32\" preserveAspectRatio=\"xMidYMid meet\" aria-labelledby='av-svg-title-3' aria-describedby='av-svg-desc-3' role=\"graphics-symbol\" aria-hidden=\"true\">\n<title id='av-svg-title-3'>Trophy<\/title>\n<desc id='av-svg-desc-3'>Trophy<\/desc>\n<path d=\"M16.32 22.912v2.112q2.24 0.256 3.712 1.024t1.472 1.792q0 1.152-2.080 2.016t-5.024 0.864q-2.88 0-4.992-0.864t-2.112-2.016q0-1.024 1.472-1.792t3.776-1.024v-2.112q0-1.6-1.056-2.688t-3.616-2.816q-1.792-1.152-2.784-1.952t-2.4-2.304-2.048-3.456-0.64-4.384q0-0.448 0.352-0.768t0.8-0.32h5.504q1.536-2.944 7.744-2.944 6.272 0 7.808 2.944h5.44q0.448 0 0.8 0.32t0.352 0.768q0 2.432-0.64 4.384t-2.048 3.456-2.4 2.304-2.784 1.952q-2.496 1.664-3.552 2.784t-1.056 2.72zM20.736 14.848q2.56-1.792 4.032-3.648t1.728-4.736h-4.032q-0.192 5.056-1.728 8.384zM14.4 3.2q-1.984 0-3.456 0.48t-2.048 1.024-0.576 0.928q0 0.448 0.576 0.992t2.048 1.024 3.456 0.48 3.456-0.48 2.048-1.024 0.576-0.992q0-0.384-0.576-0.928t-2.048-1.024-3.456-0.48zM2.304 6.464q0.256 2.88 1.728 4.736t4.032 3.648q-1.536-3.328-1.728-8.384h-4.032z\"><\/path>\n<\/svg><\/span><\/div><article class=\"article-icon-entry \"  itemscope=\"itemscope\" itemtype=\"https:\/\/schema.org\/CreativeWork\" ><div class=\"iconlist_content_wrap\"><header class=\"entry-content-header\" aria-label=\"Icon: HORIZONT Award\"><h4 class='av_iconlist_title iconlist_title  '  itemprop=\"headline\" >HORIZONT Award<\/h4><\/header><div class='iconlist_content '  itemprop=\"text\" ><p>Die Teilnahme am HORIZONT Award ist <strong>nicht<\/strong> automatisch <strong>inbegriffen<\/strong>. Wenn Sie am Award teilnehmen m\u00f6chten, w\u00e4hlen Sie dies bitte <strong>im n\u00e4chsten Schritt<\/strong> aus. Die Pl\u00e4tze zum Award sind<strong> limitiert<\/strong>.<\/p>\n<\/div><\/div><footer class=\"entry-footer\"><\/footer><\/article><div class=\"iconlist-timeline\"><\/div><\/li>\n<\/ul><\/div>\n<div id='avia-messagebox-' class='avia_message_box av_notification av-ll24unth-21aa4b97b71da01404ed193c3d9a7a62 avia-color-orange avia-size-large avia-icon_select-yes avia-border-  avia-builder-el-3  el_after_av_iconlist  el_before_av_heading ' ><span class='avia_message_box_title' >Wichtiger Hinweis<\/span><div class=\"avia_message_box_content\"><span class='avia_message_box_icon avia-iconfont avia-font-entypo-fontello' data-av_icon='\ue81f' data-av_iconfont='entypo-fontello' ><\/span><p>Das Ticket zum Kongress inkludiert auch die Teilnahme am HORIZONT Award, sofern dies im zweiten Schritt der Buchung ausgew\u00e4hlt wird.<\/p>\n<\/div><\/div>\n\n<style type=\"text\/css\" data-created_by=\"avia_inline_auto\" id=\"style-css-av-1tni8t-5e6f40935936fb8e3ac2c0154eed9704\">\n#top .av-special-heading.av-1tni8t-5e6f40935936fb8e3ac2c0154eed9704{\npadding-bottom:35px;\n}\nbody .av-special-heading.av-1tni8t-5e6f40935936fb8e3ac2c0154eed9704 .av-special-heading-tag .heading-char{\nfont-size:25px;\n}\n.av-special-heading.av-1tni8t-5e6f40935936fb8e3ac2c0154eed9704 .av-subheading{\nfont-size:15px;\n}\n\n@media only screen and (min-width: 480px) and (max-width: 767px){ \n#top #wrap_all .av-special-heading.av-1tni8t-5e6f40935936fb8e3ac2c0154eed9704 .av-special-heading-tag{\nfont-size:32px;\n}\n}\n\n@media only screen and (max-width: 479px){ \n#top #wrap_all .av-special-heading.av-1tni8t-5e6f40935936fb8e3ac2c0154eed9704 .av-special-heading-tag{\nfont-size:27px;\n}\n}\n<\/style>\n<div  class='av-special-heading av-1tni8t-5e6f40935936fb8e3ac2c0154eed9704 av-special-heading-h2 blockquote modern-quote  avia-builder-el-4  el_after_av_notification  el_before_av_codeblock '><h2 class='av-special-heading-tag '  itemprop=\"headline\"  >Preise f\u00fcr Teilnehmende<\/h2><div class='av-subheading av-subheading_below'><p>(alle Preise verstehen sich zzgl. gesetzl. MwSt.)<\/p>\n<\/div><div class=\"special-heading-border\"><div class=\"special-heading-inner-border\"><\/div><\/div><\/div>\n\n","protected":false},"excerpt":{"rendered":"","protected":false},"author":1,"featured_media":0,"parent":0,"menu_order":0,"comment_status":"closed","ping_status":"closed","template":"","meta":{"footnotes":""},"class_list":["post-1773","page","type-page","status-publish","hentry"],"yoast_head":"<!-- This site is optimized with the Yoast SEO plugin v27.4 - https:\/\/yoast.com\/product\/yoast-seo-wordpress\/ -->\n<title>HORIZONT Kongress 2026 | Jetzt anmelden &amp; Ticket kaufen<\/title>\n<meta name=\"description\" content=\"Hier k\u00f6nnen Sie Ihr Ticket zum HORIZONT Kongress in Frankfurt am Main kaufen. Wir freuen uns auf Ihre Teilnahme!\" \/>\n<meta name=\"robots\" content=\"index, follow, max-snippet:-1, max-image-preview:large, max-video-preview:-1\" \/>\n<link rel=\"canonical\" href=\"https:\/\/dfvcg-events.de\/horizont-kongress\/ticket-shop\/\" \/>\n<meta name=\"twitter:label1\" content=\"Gesch\u00e4tzte Lesezeit\" \/>\n\t<meta name=\"twitter:data1\" content=\"1\u00a0Minute\" \/>\n<script type=\"application\/ld+json\" class=\"yoast-schema-graph\">{\"@context\":\"https:\\\/\\\/schema.org\",\"@graph\":[{\"@type\":\"WebPage\",\"@id\":\"https:\\\/\\\/dfvcg-events.de\\\/horizont-kongress\\\/ticket-shop\\\/\",\"url\":\"https:\\\/\\\/dfvcg-events.de\\\/horizont-kongress\\\/ticket-shop\\\/\",\"name\":\"HORIZONT Kongress 2026 | Jetzt anmelden & Ticket kaufen\",\"isPartOf\":{\"@id\":\"https:\\\/\\\/dfvcg-events.de\\\/horizont-kongress\\\/#website\"},\"datePublished\":\"2017-08-28T16:04:56+00:00\",\"dateModified\":\"2026-01-30T08:39:29+00:00\",\"description\":\"Hier k\u00f6nnen Sie Ihr Ticket zum HORIZONT Kongress in Frankfurt am Main kaufen. Wir freuen uns auf Ihre Teilnahme!\",\"breadcrumb\":{\"@id\":\"https:\\\/\\\/dfvcg-events.de\\\/horizont-kongress\\\/ticket-shop\\\/#breadcrumb\"},\"inLanguage\":\"de\",\"potentialAction\":[{\"@type\":\"ReadAction\",\"target\":[\"https:\\\/\\\/dfvcg-events.de\\\/horizont-kongress\\\/ticket-shop\\\/\"]}]},{\"@type\":\"BreadcrumbList\",\"@id\":\"https:\\\/\\\/dfvcg-events.de\\\/horizont-kongress\\\/ticket-shop\\\/#breadcrumb\",\"itemListElement\":[{\"@type\":\"ListItem\",\"position\":1,\"name\":\"Startseite\",\"item\":\"https:\\\/\\\/dfvcg-events.de\\\/horizont-kongress\\\/\"},{\"@type\":\"ListItem\",\"position\":2,\"name\":\"Ticket Shop\"}]},{\"@type\":\"WebSite\",\"@id\":\"https:\\\/\\\/dfvcg-events.de\\\/horizont-kongress\\\/#website\",\"url\":\"https:\\\/\\\/dfvcg-events.de\\\/horizont-kongress\\\/\",\"name\":\"HORIZONT Kongress 2025 + HORIZONT AWARD\",\"description\":\"02.\\\/03. Juni 2026 | Radialsystem | Berlin\",\"alternateName\":\"Der Top-Jahreskongress f\u00fcr das \u201eWho is Who\u201c aus Marketing und Werbung\",\"potentialAction\":[{\"@type\":\"SearchAction\",\"target\":{\"@type\":\"EntryPoint\",\"urlTemplate\":\"https:\\\/\\\/dfvcg-events.de\\\/horizont-kongress\\\/?s={search_term_string}\"},\"query-input\":{\"@type\":\"PropertyValueSpecification\",\"valueRequired\":true,\"valueName\":\"search_term_string\"}}],\"inLanguage\":\"de\"}]}<\/script>\n<!-- \/ Yoast SEO plugin. -->","yoast_head_json":{"title":"HORIZONT Kongress 2026 | Jetzt anmelden & Ticket kaufen","description":"Hier k\u00f6nnen Sie Ihr Ticket zum HORIZONT Kongress in Frankfurt am Main kaufen. Wir freuen uns auf Ihre Teilnahme!","robots":{"index":"index","follow":"follow","max-snippet":"max-snippet:-1","max-image-preview":"max-image-preview:large","max-video-preview":"max-video-preview:-1"},"canonical":"https:\/\/dfvcg-events.de\/horizont-kongress\/ticket-shop\/","twitter_misc":{"Gesch\u00e4tzte Lesezeit":"1\u00a0Minute"},"schema":{"@context":"https:\/\/schema.org","@graph":[{"@type":"WebPage","@id":"https:\/\/dfvcg-events.de\/horizont-kongress\/ticket-shop\/","url":"https:\/\/dfvcg-events.de\/horizont-kongress\/ticket-shop\/","name":"HORIZONT Kongress 2026 | Jetzt anmelden & Ticket kaufen","isPartOf":{"@id":"https:\/\/dfvcg-events.de\/horizont-kongress\/#website"},"datePublished":"2017-08-28T16:04:56+00:00","dateModified":"2026-01-30T08:39:29+00:00","description":"Hier k\u00f6nnen Sie Ihr Ticket zum HORIZONT Kongress in Frankfurt am Main kaufen. Wir freuen uns auf Ihre Teilnahme!","breadcrumb":{"@id":"https:\/\/dfvcg-events.de\/horizont-kongress\/ticket-shop\/#breadcrumb"},"inLanguage":"de","potentialAction":[{"@type":"ReadAction","target":["https:\/\/dfvcg-events.de\/horizont-kongress\/ticket-shop\/"]}]},{"@type":"BreadcrumbList","@id":"https:\/\/dfvcg-events.de\/horizont-kongress\/ticket-shop\/#breadcrumb","itemListElement":[{"@type":"ListItem","position":1,"name":"Startseite","item":"https:\/\/dfvcg-events.de\/horizont-kongress\/"},{"@type":"ListItem","position":2,"name":"Ticket Shop"}]},{"@type":"WebSite","@id":"https:\/\/dfvcg-events.de\/horizont-kongress\/#website","url":"https:\/\/dfvcg-events.de\/horizont-kongress\/","name":"HORIZONT Kongress 2025 + HORIZONT AWARD","description":"02.\/03. Juni 2026 | Radialsystem | Berlin","alternateName":"Der Top-Jahreskongress f\u00fcr das \u201eWho is Who\u201c aus Marketing und Werbung","potentialAction":[{"@type":"SearchAction","target":{"@type":"EntryPoint","urlTemplate":"https:\/\/dfvcg-events.de\/horizont-kongress\/?s={search_term_string}"},"query-input":{"@type":"PropertyValueSpecification","valueRequired":true,"valueName":"search_term_string"}}],"inLanguage":"de"}]}},"_links":{"self":[{"href":"https:\/\/dfvcg-events.de\/horizont-kongress\/wp-json\/wp\/v2\/pages\/1773","targetHints":{"allow":["GET"]}}],"collection":[{"href":"https:\/\/dfvcg-events.de\/horizont-kongress\/wp-json\/wp\/v2\/pages"}],"about":[{"href":"https:\/\/dfvcg-events.de\/horizont-kongress\/wp-json\/wp\/v2\/types\/page"}],"author":[{"embeddable":true,"href":"https:\/\/dfvcg-events.de\/horizont-kongress\/wp-json\/wp\/v2\/users\/1"}],"replies":[{"embeddable":true,"href":"https:\/\/dfvcg-events.de\/horizont-kongress\/wp-json\/wp\/v2\/comments?post=1773"}],"version-history":[{"count":6,"href":"https:\/\/dfvcg-events.de\/horizont-kongress\/wp-json\/wp\/v2\/pages\/1773\/revisions"}],"predecessor-version":[{"id":14820,"href":"https:\/\/dfvcg-events.de\/horizont-kongress\/wp-json\/wp\/v2\/pages\/1773\/revisions\/14820"}],"wp:attachment":[{"href":"https:\/\/dfvcg-events.de\/horizont-kongress\/wp-json\/wp\/v2\/media?parent=1773"}],"curies":[{"name":"wp","href":"https:\/\/api.w.org\/{rel}","templated":true}]}}