{"id":240,"date":"2020-03-20T00:18:11","date_gmt":"2020-03-19T23:18:11","guid":{"rendered":"https:\/\/dfvcg-events.de\/forum\/?page_id=240"},"modified":"2022-06-07T14:13:51","modified_gmt":"2022-06-07T12:13:51","slug":"programm-2022","status":"publish","type":"page","link":"https:\/\/dfvcg-events.de\/forum\/programm-2022\/","title":{"rendered":"Programm 2022"},"content":{"rendered":"<div id='av_section_1'  class='avia-section av-k7yuhjt1-676f3ed4420f2c40c202d201fc1a3016 main_color avia-section-default avia-no-border-styling  avia-builder-el-0  el_before_av_one_full  avia-builder-el-first  header-farbe avia-bg-style-scroll container_wrap fullsize'  ><div class='container av-section-cont-open' ><main  role=\"main\" itemprop=\"mainContentOfPage\"  class='template-page content  av-content-full alpha units'><div class='post-entry post-entry-type-page post-entry-240'><div class='entry-content-wrapper clearfix'>\n\n<style type=\"text\/css\" data-created_by=\"avia_inline_auto\" id=\"style-css-av-g3mxag-508b975237112b5b272735bdf77e9618\">\n#top .av-special-heading.av-g3mxag-508b975237112b5b272735bdf77e9618{\npadding-bottom:0;\n}\nbody .av-special-heading.av-g3mxag-508b975237112b5b272735bdf77e9618 .av-special-heading-tag .heading-char{\nfont-size:25px;\n}\n.av-special-heading.av-g3mxag-508b975237112b5b272735bdf77e9618 .av-subheading{\nfont-size:19px;\n}\n<\/style>\n<div  class='av-special-heading av-g3mxag-508b975237112b5b272735bdf77e9618 av-special-heading-h1 blockquote modern-quote  avia-builder-el-1  avia-builder-el-no-sibling '><div class='av-subheading av-subheading_above'><p>Forum der TextilWirtschaft | 4. Juli 2022 | Gesellschaftshaus Palmengarten | Frankfurt<\/p>\n<\/div><h1 class='av-special-heading-tag '  itemprop=\"headline\"  >Das Programm<\/h1><div class=\"special-heading-border\"><div class=\"special-heading-inner-border\"><\/div><\/div><\/div>\n<\/div><\/div><\/main><!-- close content main element --><\/div><\/div><div id='after_section_1'  class='main_color av_default_container_wrap container_wrap fullsize'  ><div class='container av-section-cont-open' ><div class='template-page content  av-content-full alpha units'><div class='post-entry post-entry-type-page post-entry-240'><div class='entry-content-wrapper clearfix'>\n\n<style type=\"text\/css\" data-created_by=\"avia_inline_auto\" id=\"style-css-av-799a0-71f67d84d0136e631da342ae717fe965\">\n.flex_column.av-799a0-71f67d84d0136e631da342ae717fe965{\nborder-radius:0px 0px 0px 0px;\npadding:0px 0px 0px 0px;\n}\n<\/style>\n<div  class='flex_column av-799a0-71f67d84d0136e631da342ae717fe965 av_one_full  avia-builder-el-2  el_after_av_section  el_before_av_one_half  avia-builder-el-first  first flex_column_div av-zero-column-padding  '     ><section  class='av_textblock_section av-krvv9jsd-dba6683db0e842f1b69ee74f2d60c6e8 '   itemscope=\"itemscope\" itemtype=\"https:\/\/schema.org\/CreativeWork\" ><div class='avia_textblock'  itemprop=\"text\" ><p>Wir freuen uns, Sie beim 63. Forum der TextilWirtschaft begr\u00fc\u00dfen zu d\u00fcrfen. H\u00f6hepunkt des Abends wird die Verleihung der TW-Forum-Preise f\u00fcr das Jahr 2022 sein. Freuen Sie sich auf ein Podium renommierter, \u00fcberraschender und internationaler Namen.<\/p>\n<div class=\"avia-table-cell \"><\/div>\n<div class=\"avia-table-cell \">\n<div class=\"avia-table-content\"><\/div>\n<\/div>\n<\/div><\/section><\/div>\n<div  class='flex_column av-37lgoo-9f995d28d6f46e040749d86996b56a47 av_one_half  avia-builder-el-4  el_after_av_one_full  el_before_av_section  avia-builder-el-last  first flex_column_div  column-top-margin'     ><div class='avia-data-table-wrap av-4aevs8-d0f739bcd642f4161a15b1c0d27128e8 avia_responsive_table avia-table-1'><table  class='avia-table avia-data-table avia_pricing_minimal  avia-builder-el-5  avia-builder-el-no-sibling '  itemscope=\"itemscope\" itemtype=\"https:\/\/schema.org\/Table\" ><tbody><tr class=''><td class=''>12.00 Uhr<\/td><td class=''><b> Get-together und Lunch <\/b><\/td><\/tr><tr class=''><td class=''>14.00 Uhr<\/td><td class=''><b> Keynotes <\/b><\/td><\/tr><tr class=''><td class=''><\/td><td class=''><b> K\u00fcss mich, Internet! <\/b><br \/>\nDonald Schneider<br \/>\nCreative Director &amp; Founder,<br \/>\nDonald Schneider Studio<\/p>\n<p>Julian Jansen &amp; Chris Nickel<br \/>\nDirectors Content,<br \/>\nAbout You<br \/>\n<b> \u00dcber Sticky Content <\/b><\/td><\/tr><tr class=''><td class=''><\/td><td class=''><b> Was kannst Du, Metaverse? <\/b><br \/>\nToan Nguyen<br \/>\nFounder &amp; Managing Director,<br \/>\nJung von Matt, NERD<br \/>\n<b> \u00dcber Web 3.0 <\/b><\/td><\/tr><tr class=''><td class=''><\/td><td class=''><b> Kommt mir nicht mit<br \/>\nHuman Ressources! <\/b><br \/>\nKlaus Kobjoll<br \/>\nHotelier (Schindlerhof) und<br \/>\nBuchautor<br \/>\n<b> \u00dcber Wa(h)re Herzlichkeit <\/b><\/td><\/tr><tr class=''><td class=''><\/td><td class=''><b> Wo hast Du Dein \u201cLove\u201d her,<br \/>\nLove Brand? <\/b><br \/>\nAvery Baker<br \/>\nPresident &amp; Chief Brand Officer,<br \/>\nTommy Hilfiger<br \/>\n<b> \u00dcber Markenenergie <\/b><\/td><\/tr><tr class=''><td class=''>17.00 Uhr<\/td><td class=''><b> Cooldown <\/b><\/td><\/tr><tr class=''><td class=''>18.00 Uhr<\/td><td class=''><b> Empfang <\/b><\/td><\/tr><tr class=''><td class=''>19.00 Uhr<\/td><td class=''><b> Begr\u00fc\u00dfung <\/b><br \/>\nMichael Werner<br \/>\nChefredakteur<\/p>\n<p>Markus Gotta<br \/>\nGesch\u00e4ftsf\u00fchrer<\/td><\/tr><tr class=''><td class=''><\/td><td class=''><b> Ehrung der<br \/>\nF\u00f6rderpreistr\u00e4ger:innen 2022<br \/>\nder Wilhelm-Lorch-Stiftung <\/b><br \/>\nProf. Dr.-Ing. habil. Maike Rabe,<br \/>\nVorsitzende Stiftungsrat<\/p>\n<p><b> Verleihung Forum-Preise 2022 <\/b><br \/>\nMichael Werner<\/td><\/tr><tr class=''><td class=''>21.00 Uhr<\/td><td class=''><b>Abendessen und Get-together<\/b><\/td><\/tr><\/tbody><\/table><\/div><\/div>\n<\/div><\/div><\/div><!-- close content main div --><\/div><\/div><div id='av_section_2'  class='avia-section av-6wnko-79f97fb6c37931d4f27da34ac89e6ad8 main_color avia-section-default avia-no-border-styling  avia-builder-el-6  el_after_av_one_half  avia-builder-el-last  avia-bg-style-scroll container_wrap fullsize'  ><div class='container av-section-cont-open' ><div class='template-page content  av-content-full alpha units'><div class='post-entry post-entry-type-page post-entry-240'><div class='entry-content-wrapper clearfix'>\n\n<style type=\"text\/css\" data-created_by=\"avia_inline_auto\" id=\"style-css-av-l3lkbn3y-98588aec529b111f8d4074ec09f58188\">\n.avia-image-container.av-l3lkbn3y-98588aec529b111f8d4074ec09f58188 img.avia_image{\nbox-shadow:none;\n}\n.avia-image-container.av-l3lkbn3y-98588aec529b111f8d4074ec09f58188 .av-image-caption-overlay-center{\ncolor:#ffffff;\n}\n<\/style>\n<div  class='avia-image-container av-l3lkbn3y-98588aec529b111f8d4074ec09f58188 av-styling- avia-align-center  avia-builder-el-7  avia-builder-el-no-sibling '   itemprop=\"image\" itemscope=\"itemscope\" itemtype=\"https:\/\/schema.org\/ImageObject\" ><div class=\"avia-image-container-inner\"><div class=\"avia-image-overlay-wrap\"><img decoding=\"async\" fetchpriority=\"high\" class='wp-image-1755 avia-img-lazy-loading-not-1755 avia_image ' src=\"https:\/\/dfvcg-events.de\/forum\/wp-content\/uploads\/sites\/24\/2022\/06\/Forum-Foerderer-02.jpg\" alt='' title='Forum-Foerderer-02'  height=\"500\" width=\"1200\"  itemprop=\"thumbnailUrl\"  \/><\/div><\/div><\/div>\n\n","protected":false},"excerpt":{"rendered":"","protected":false},"author":1,"featured_media":0,"parent":0,"menu_order":0,"comment_status":"closed","ping_status":"closed","template":"","meta":{"footnotes":""},"class_list":["post-240","page","type-page","status-publish","hentry"],"yoast_head":"<!-- This site is optimized with the Yoast SEO plugin v27.3 - https:\/\/yoast.com\/product\/yoast-seo-wordpress\/ -->\n<title>Programm 2022 - TextilWirtschaft Forum<\/title>\n<meta name=\"robots\" content=\"noindex, follow, max-snippet:-1, max-image-preview:large, max-video-preview:-1\" \/>\n<meta property=\"og:locale\" content=\"de_DE\" \/>\n<meta property=\"og:type\" content=\"article\" \/>\n<meta property=\"og:title\" content=\"Programm 2022 - TextilWirtschaft Forum\" \/>\n<meta property=\"og:url\" content=\"https:\/\/dfvcg-events.de\/forum\/programm-2022\/\" \/>\n<meta property=\"og:site_name\" content=\"TextilWirtschaft Forum\" \/>\n<meta property=\"article:modified_time\" content=\"2022-06-07T12:13:51+00:00\" \/>\n<meta name=\"twitter:card\" content=\"summary_large_image\" \/>\n<meta name=\"twitter:label1\" content=\"Gesch\u00e4tzte Lesezeit\" \/>\n\t<meta name=\"twitter:data1\" content=\"9\u00a0Minuten\" \/>\n<script type=\"application\/ld+json\" class=\"yoast-schema-graph\">{\"@context\":\"https:\\\/\\\/schema.org\",\"@graph\":[{\"@type\":\"WebPage\",\"@id\":\"https:\\\/\\\/dfvcg-events.de\\\/forum\\\/programm-2022\\\/\",\"url\":\"https:\\\/\\\/dfvcg-events.de\\\/forum\\\/programm-2022\\\/\",\"name\":\"Programm 2022 - TextilWirtschaft Forum\",\"isPartOf\":{\"@id\":\"https:\\\/\\\/dfvcg-events.de\\\/forum\\\/#website\"},\"datePublished\":\"2020-03-19T23:18:11+00:00\",\"dateModified\":\"2022-06-07T12:13:51+00:00\",\"breadcrumb\":{\"@id\":\"https:\\\/\\\/dfvcg-events.de\\\/forum\\\/programm-2022\\\/#breadcrumb\"},\"inLanguage\":\"de\",\"potentialAction\":[{\"@type\":\"ReadAction\",\"target\":[\"https:\\\/\\\/dfvcg-events.de\\\/forum\\\/programm-2022\\\/\"]}]},{\"@type\":\"BreadcrumbList\",\"@id\":\"https:\\\/\\\/dfvcg-events.de\\\/forum\\\/programm-2022\\\/#breadcrumb\",\"itemListElement\":[{\"@type\":\"ListItem\",\"position\":1,\"name\":\"Startseite\",\"item\":\"https:\\\/\\\/dfvcg-events.de\\\/forum\\\/\"},{\"@type\":\"ListItem\",\"position\":2,\"name\":\"Programm 2022\"}]},{\"@type\":\"WebSite\",\"@id\":\"https:\\\/\\\/dfvcg-events.de\\\/forum\\\/#website\",\"url\":\"https:\\\/\\\/dfvcg-events.de\\\/forum\\\/\",\"name\":\"TextilWirtschaft Forum\",\"description\":\"dfv Conference Group\",\"potentialAction\":[{\"@type\":\"SearchAction\",\"target\":{\"@type\":\"EntryPoint\",\"urlTemplate\":\"https:\\\/\\\/dfvcg-events.de\\\/forum\\\/?s={search_term_string}\"},\"query-input\":{\"@type\":\"PropertyValueSpecification\",\"valueRequired\":true,\"valueName\":\"search_term_string\"}}],\"inLanguage\":\"de\"}]}<\/script>\n<!-- \/ Yoast SEO plugin. -->","yoast_head_json":{"title":"Programm 2022 - TextilWirtschaft Forum","robots":{"index":"noindex","follow":"follow","max-snippet":"max-snippet:-1","max-image-preview":"max-image-preview:large","max-video-preview":"max-video-preview:-1"},"og_locale":"de_DE","og_type":"article","og_title":"Programm 2022 - TextilWirtschaft Forum","og_url":"https:\/\/dfvcg-events.de\/forum\/programm-2022\/","og_site_name":"TextilWirtschaft Forum","article_modified_time":"2022-06-07T12:13:51+00:00","twitter_card":"summary_large_image","twitter_misc":{"Gesch\u00e4tzte Lesezeit":"9\u00a0Minuten"},"schema":{"@context":"https:\/\/schema.org","@graph":[{"@type":"WebPage","@id":"https:\/\/dfvcg-events.de\/forum\/programm-2022\/","url":"https:\/\/dfvcg-events.de\/forum\/programm-2022\/","name":"Programm 2022 - TextilWirtschaft Forum","isPartOf":{"@id":"https:\/\/dfvcg-events.de\/forum\/#website"},"datePublished":"2020-03-19T23:18:11+00:00","dateModified":"2022-06-07T12:13:51+00:00","breadcrumb":{"@id":"https:\/\/dfvcg-events.de\/forum\/programm-2022\/#breadcrumb"},"inLanguage":"de","potentialAction":[{"@type":"ReadAction","target":["https:\/\/dfvcg-events.de\/forum\/programm-2022\/"]}]},{"@type":"BreadcrumbList","@id":"https:\/\/dfvcg-events.de\/forum\/programm-2022\/#breadcrumb","itemListElement":[{"@type":"ListItem","position":1,"name":"Startseite","item":"https:\/\/dfvcg-events.de\/forum\/"},{"@type":"ListItem","position":2,"name":"Programm 2022"}]},{"@type":"WebSite","@id":"https:\/\/dfvcg-events.de\/forum\/#website","url":"https:\/\/dfvcg-events.de\/forum\/","name":"TextilWirtschaft Forum","description":"dfv Conference Group","potentialAction":[{"@type":"SearchAction","target":{"@type":"EntryPoint","urlTemplate":"https:\/\/dfvcg-events.de\/forum\/?s={search_term_string}"},"query-input":{"@type":"PropertyValueSpecification","valueRequired":true,"valueName":"search_term_string"}}],"inLanguage":"de"}]}},"_links":{"self":[{"href":"https:\/\/dfvcg-events.de\/forum\/wp-json\/wp\/v2\/pages\/240","targetHints":{"allow":["GET"]}}],"collection":[{"href":"https:\/\/dfvcg-events.de\/forum\/wp-json\/wp\/v2\/pages"}],"about":[{"href":"https:\/\/dfvcg-events.de\/forum\/wp-json\/wp\/v2\/types\/page"}],"author":[{"embeddable":true,"href":"https:\/\/dfvcg-events.de\/forum\/wp-json\/wp\/v2\/users\/1"}],"replies":[{"embeddable":true,"href":"https:\/\/dfvcg-events.de\/forum\/wp-json\/wp\/v2\/comments?post=240"}],"version-history":[{"count":0,"href":"https:\/\/dfvcg-events.de\/forum\/wp-json\/wp\/v2\/pages\/240\/revisions"}],"wp:attachment":[{"href":"https:\/\/dfvcg-events.de\/forum\/wp-json\/wp\/v2\/media?parent=240"}],"curies":[{"name":"wp","href":"https:\/\/api.w.org\/{rel}","templated":true}]}}