{"id":2590,"date":"2024-12-06T09:30:07","date_gmt":"2024-12-06T08:30:07","guid":{"rendered":"https:\/\/dfvcg-events.de\/digital-restaurant-day\/?page_id=2590"},"modified":"2026-04-07T11:22:02","modified_gmt":"2026-04-07T09:22:02","slug":"location-hotel-anreise","status":"publish","type":"page","link":"https:\/\/dfvcg-events.de\/digital-restaurant-day\/location-hotel-anreise\/","title":{"rendered":"Location, Hotel &amp; Anreise"},"content":{"rendered":"<div id='av_section_1'  class='avia-section av-k7yuhjt1-1d81fd9cd2f1046b77b73613459576a5 main_color avia-section-default avia-no-border-styling  avia-builder-el-0  el_before_av_section  avia-builder-el-first  header-verlauf avia-bg-style-scroll container_wrap fullsize'  ><div class='container av-section-cont-open' ><main  role=\"main\" itemprop=\"mainContentOfPage\"  class='template-page content  av-content-full alpha units'><div class='post-entry post-entry-type-page post-entry-2590'><div class='entry-content-wrapper clearfix'>\n\n<style type=\"text\/css\" data-created_by=\"avia_inline_auto\" id=\"style-css-av-kki409e1-8a6b8d210e33a7a3731f920ccc4b3455\">\n#top .av-special-heading.av-kki409e1-8a6b8d210e33a7a3731f920ccc4b3455{\npadding-bottom:0;\ncolor:#ffffff;\n}\nbody .av-special-heading.av-kki409e1-8a6b8d210e33a7a3731f920ccc4b3455 .av-special-heading-tag .heading-char{\nfont-size:25px;\n}\n.av-special-heading.av-kki409e1-8a6b8d210e33a7a3731f920ccc4b3455 .special-heading-inner-border{\nborder-color:#ffffff;\n}\n.av-special-heading.av-kki409e1-8a6b8d210e33a7a3731f920ccc4b3455 .av-subheading{\nfont-size:15px;\n}\n<\/style>\n<div  class='av-special-heading av-kki409e1-8a6b8d210e33a7a3731f920ccc4b3455 av-special-heading-h1 custom-color-heading blockquote modern-quote  avia-builder-el-1  avia-builder-el-no-sibling '><div class='av_custom_color av-subheading av-subheading_above'><p>foodservice Digital Restaurant Day<\/p>\n<\/div><h1 class='av-special-heading-tag '  itemprop=\"headline\"  >Location, Hotel <span class='special_amp'>&amp;<\/span> Anreise<\/h1><div class=\"special-heading-border\"><div class=\"special-heading-inner-border\"><\/div><\/div><\/div>\n\n<\/div><\/div><\/main><!-- close content main element --><\/div><\/div><div id='av_section_2'  class='avia-section av-kasq6ann-cc4b07c74feacadd27f09bbb193d6146 main_color avia-section-default avia-no-border-styling  avia-builder-el-2  el_after_av_section  el_before_av_section  avia-bg-style-scroll container_wrap fullsize'  ><div class='container av-section-cont-open' ><div class='template-page content  av-content-full alpha units'><div class='post-entry post-entry-type-page post-entry-2590'><div class='entry-content-wrapper clearfix'>\n<div  class='flex_column av-48b5z2-03189d86b418e030647fc03b80635898 av_two_third  avia-builder-el-3  el_before_av_one_third  avia-builder-el-first  first flex_column_div  '     ><section  class='av_textblock_section av-mlgnn5t5-67881b162faea07af8047993a8c8864f '   itemscope=\"itemscope\" itemtype=\"https:\/\/schema.org\/CreativeWork\" ><div class='avia_textblock'  itemprop=\"text\" ><h2>Location<\/h2>\n<p><strong><span style=\"color: #bf364c\">The 6<sup>th<\/sup> FLOOR<\/span><\/strong><br \/>\nby Coca-Cola Europacific Partners Deutschland (CCEP)<\/p>\n<p>The 6<sup>th<\/sup> Floor by CCEP ist das brandneue Customer Experience Center (CEC) von Coca-Cola in Deutschland.<\/p>\n<p>Mit Blick auf die Spree im deutschen Headquarter, auf \u00fcber 1.500 qm<sup>2<\/sup>, in 8 Areas, sowie eigenem Restaurant &amp; Pemberton\u00b4s Bar wartet das The 6<sup>th<\/sup> Floor auf jegliche Art von Austausch mit unseren Kunden und Partnern.<\/p>\n<p>Ausgestattet mit der modernsten Bild &amp; Tontechnik, \u00fcber 30 Kamerapositionen und eigenem Mediencenter sind jede Art von Face to Face und digitalen Events mit weltweiter Ausstrahlung m\u00f6glich.<\/p>\n<p>Ob Fachkongresse, Workshops, Verhandlungen, Pressekonferenzen, Livetalks oder Musikevents, jede Art von Events ist m\u00f6glich und bereits fest gebucht.<\/p>\n<p><strong><span style=\"color: #bf364c\">The 6<sup>th<\/sup> Floor, CCEP Deutschland<br \/>\n<\/span><\/strong>Stralauer Allee 4<br \/>\n10245 Berlin<\/p>\n<\/div><\/section><\/div>\n<style type=\"text\/css\" data-created_by=\"avia_inline_auto\" id=\"style-css-av-2c5gn2-48246f19f5875a77ab9facdaf84932b4\">\n.flex_column.av-2c5gn2-48246f19f5875a77ab9facdaf84932b4{\npadding:100px 0 0 0;\n}\n<\/style>\n<div  class='flex_column av-2c5gn2-48246f19f5875a77ab9facdaf84932b4 av_one_third  avia-builder-el-5  el_after_av_two_third  el_before_av_one_full  flex_column_div  '     ><style type=\"text\/css\" data-created_by=\"avia_inline_auto\" id=\"style-css-av-mlgnnl2b-7c5d4e58b1aab071a7dfce6cecf2a7bf\">\n.avia-image-container.av-mlgnnl2b-7c5d4e58b1aab071a7dfce6cecf2a7bf img.avia_image{\nbox-shadow:none;\n}\n.avia-image-container.av-mlgnnl2b-7c5d4e58b1aab071a7dfce6cecf2a7bf .av-image-caption-overlay-center{\ncolor:#ffffff;\n}\n<\/style>\n<div  class='avia-image-container av-mlgnnl2b-7c5d4e58b1aab071a7dfce6cecf2a7bf av-styling- avia-align-center  avia-builder-el-6  avia-builder-el-no-sibling '   itemprop=\"image\" itemscope=\"itemscope\" itemtype=\"https:\/\/schema.org\/ImageObject\" ><div class=\"avia-image-container-inner\"><div class=\"avia-image-overlay-wrap\"><img decoding=\"async\" fetchpriority=\"high\" class='wp-image-4076 avia-img-lazy-loading-not-4076 avia_image ' src=\"https:\/\/dfvcg-events.de\/digital-restaurant-day\/wp-content\/uploads\/sites\/46\/2026\/01\/CCEP_6thFloor_Logo_4c.jpg\" alt='' title='CCEP_6thFloor_Logo_4c'  height=\"750\" width=\"1299\"  itemprop=\"thumbnailUrl\" srcset=\"https:\/\/dfvcg-events.de\/digital-restaurant-day\/wp-content\/uploads\/sites\/46\/2026\/01\/CCEP_6thFloor_Logo_4c.jpg 1299w, https:\/\/dfvcg-events.de\/digital-restaurant-day\/wp-content\/uploads\/sites\/46\/2026\/01\/CCEP_6thFloor_Logo_4c-705x407.jpg 705w\" sizes=\"(max-width: 1299px) 100vw, 1299px\" \/><\/div><\/div><\/div><\/div>\n<style type=\"text\/css\" data-created_by=\"avia_inline_auto\" id=\"style-css-av-g3kbi-2-d2c3590b7d8a19441107cb8516dacb68\">\n.flex_column.av-g3kbi-2-d2c3590b7d8a19441107cb8516dacb68{\nborder-radius:0px 0px 0px 0px;\npadding:0px 0px 0px 0px;\n}\n<\/style>\n<div  class='flex_column av-g3kbi-2-d2c3590b7d8a19441107cb8516dacb68 av_one_full  avia-builder-el-7  el_after_av_one_third  avia-builder-el-last  first flex_column_div av-zero-column-padding  column-top-margin'     ><div  class='av_gmaps_sc_main_wrap av_gmaps_main_wrap '><div id='av_gmap_0' class='avia-google-map-container avia-google-map-sc av_gmaps_show_unconditionally av-no-fallback-img ' data-mapid='av_gmap_0'  style='height: 400px;'><a class=\"av_gmaps_browser_disabled av_text_confirm_link av_text_confirm_link_visible\" href=\"https:\/\/www.google.com\/maps\/search\/?api=1&#038;query=Stralauer%20Allee%204%2010245%20Berlin\" target=\"_blank\">Karten wurden vom Besucher auf dieser Webseite deaktiviert. Klicken Sie hier, um die Karte in einem neuen Fenster zu \u00f6ffnen.<\/a><\/div><\/div><\/div>\n\n<\/div><\/div><\/div><!-- close content main div --><\/div><\/div><div id='av_section_3'  class='avia-section av-77jc0u-d08c521557de0f6d0ae963f464521931 main_color avia-section-default avia-no-border-styling  avia-builder-el-9  el_after_av_section  el_before_av_section  avia-bg-style-scroll container_wrap fullsize'  ><div class='container av-section-cont-open' ><div class='template-page content  av-content-full alpha units'><div class='post-entry post-entry-type-page post-entry-2590'><div class='entry-content-wrapper clearfix'>\n<div  class='flex_column av-5r31mm-ec1656d5cda1cdce116d807051deeaf4 av_one_full  avia-builder-el-10  el_before_av_one_half  avia-builder-el-first  first flex_column_div  '     ><section  class='av_textblock_section av-mnfyseah-b90242deeb7d38e1efaab26fd32d75b3 '   itemscope=\"itemscope\" itemtype=\"https:\/\/schema.org\/CreativeWork\" ><div class='avia_textblock'  itemprop=\"text\" ><h2>Zimmerreservierung<\/h2>\n<\/div><\/section><\/div><div  class='flex_column av-4vj2ke-7f7ee89373bdf8cfdb7d02b1743cc936 av_one_half  avia-builder-el-12  el_after_av_one_full  el_before_av_one_half  first flex_column_div  column-top-margin'     ><section  class='av_textblock_section av-mnfyxoof-6d7899ee0a7a0a748a6e1ec43ccaf78c '   itemscope=\"itemscope\" itemtype=\"https:\/\/schema.org\/CreativeWork\" ><div class='avia_textblock'  itemprop=\"text\" ><h3>nhow Berlin<\/h3>\n<p>Das nhow Berlin h\u00e4lt als exklusives Partnerhotel Zimmerkontingente f\u00fcr die Kongressteilnehmer:innen bereit, auf das Sie bei Bedarf zur\u00fcckgreifen k\u00f6nnen. Das Hotel befindet sich in unmittelbarer N\u00e4he zum The Sixth Floor und somit in bester Lage f\u00fcr Ihre Kongressteilnahme.<\/p>\n<p><strong><br \/>\nnhow Berlin<br \/>\n<\/strong>Stralauer Allee 3<br \/>\n10245 Berlin<\/p>\n<p>Tel.: +49 (0)30 290 299 0<br \/>\n<a href=\"&#x6d;&#x61;&#105;l&#x74;&#x6f;&#58;be&#x72;&#x6c;&#105;n&#x40;&#x6e;&#104;&#111;w&#x2d;&#x68;&#111;t&#x65;&#x6c;&#115;&#46;c&#x6f;&#x6d;\" target=\"_blank\" rel=\"noopener\">&#98;&#x65;&#x72;&#108;&#x69;&#x6e;&#64;&#x6e;&#x68;&#111;&#x77;&#x2d;&#104;&#x6f;&#x74;&#101;&#x6c;&#x73;&#46;&#x63;&#x6f;&#109;<\/a><\/p>\n<p>Sie k\u00f6nnen die Buchung \u00fcber folgenden Link vornehmen:<\/p>\n<p><a href=\"https:\/\/www.nh-hotels.com\/de\/eventsweb\/dfv-conference\" target=\"_blank\" rel=\"noopener\">www.nh-hotels.com<\/a><\/p>\n<p>Weitere Infos zum Hotel finden Sie <a href=\"https:\/\/www.nhow-hotels.com\/de\/nhow-berlin\" target=\"_blank\" rel=\"noopener\">hier<\/a>.<br \/>\nEZ pro Nacht: 189,00 \u20ac | inkl. Fr\u00fchst\u00fcck | zzgl. 12,67 \u20ac City Tax<\/p>\n<p>Das Abrufkontingent ist <strong>bis einschlie\u00dflich 9. Juni 2026 verf\u00fcgbar.<\/strong><\/p>\n<\/div><\/section><\/div><div  class='flex_column av-2lhyu6-dcda74cb890f989532430b921fed5060 av_one_half  avia-builder-el-14  el_after_av_one_half  avia-builder-el-last  flex_column_div  column-top-margin'     ><section  class='av_textblock_section av-mng08hwz-309150e57fcedb26356a13cd273a8219 '   itemscope=\"itemscope\" itemtype=\"https:\/\/schema.org\/CreativeWork\" ><div class='avia_textblock'  itemprop=\"text\" ><h3>Zimmerempfehlung<\/h3>\n<p data-testid=\"hotelDetailsInfoHotelName\"><strong><br \/>\nHoliday Inn Berlin &#8211; City East Side<br \/>\n<\/strong>Wanda-Kallenbach-Stra\u00dfe 2<br \/>\n10243 Berlin<strong><br \/>\n<\/strong><\/p>\n<p data-testid=\"hotelDetailsInfoHotelName\">Tel.: +49 (0) 800 723 9002<br \/>\n<a class=\"cmp-list__action-link cmp-button--basic\" href=\"&#x6d;&#x61;&#105;l&#x74;&#x6f;&#x3a;&#105;n&#x66;&#x6f;&#x2e;&#104;i&#x2d;&#x62;&#x65;&#114;l&#x69;&#x6e;&#x40;&#116;r&#x69;&#x73;&#x74;&#97;r&#x2d;&#x68;&#x6f;&#116;e&#x6c;&#x73;&#x2e;&#100;e\">info&#46;&#104;&#105;&#45;&#98;&#x65;&#x72;&#x6c;&#x69;&#x6e;&#x40;&#x74;rist&#97;&#114;&#45;&#104;&#111;&#x74;&#x65;&#x6c;&#x73;&#x2e;&#x64;&#x65;<\/a><\/p>\n<p data-testid=\"hotelDetailsInfoHotelName\">Reservierung unter: <a href=\"https:\/\/www.ihg.com\/hotels\/de\/de\/find-hotels\/select-roomrate?fromRedirect=true&amp;qSrt=sAV&amp;qIta=99618783&amp;icdv=99618783&amp;glat=META&amp;qSlH=BEROW&amp;qRms=1&amp;qAdlt=2&amp;qChld=0&amp;qCiD=01&amp;qCiMy=032026&amp;qCoD=02&amp;qCoMy=032026&amp;qrtPt=101.87&amp;setPMCookies=true&amp;qSlRc=CSTN&amp;qRtP=IGCOR&amp;qSHBrC=HI&amp;qDest=Wanda-Kallenbach%20Str.%202,%20Berlin,%20DE&amp;partnerVerification=false&amp;channel=GHPA&amp;userSelectedRatePlan=CSTNIGCOR&amp;userBookingWindow=0&amp;hmGUID=593d360c-5385-42ed-9e59-8630747b29da&amp;clk_src=bl&amp;isHotelCampaign=true&amp;partnerRateShown=101.87&amp;partnerDateType=default&amp;mktgvar=hpa_paid_DE_desktop_BEROW_mapresults_1_EUR_2026-04-01_default_12259868353__FALSE_CSTNIGCOR&amp;userCountryCode=DE&amp;partnerTotalRateShown=127.93&amp;userDeviceType=desktop&amp;adjustMonth=true&amp;partnerClickType=hotel&amp;partnerCurrencyCode=EUR&amp;partnerAdSite=mapresults&amp;trso=MT_Google_BEROW_DE_Paid-Meta&amp;gclid=EAIaIQobChMIq8_YndDMkwMVL39BAh2bKyZyEAoYASABEgLyk_D_BwE&amp;cm_mmc=hpa_paid_META_HI_BEROW_desktop&amp;partnerAdType=paid&amp;srb_u=1&amp;qRmFltr=\" target=\"_blank\" rel=\"noopener\">www.ihg.com<\/a><\/p>\n<\/div><\/section><\/div>\n\n<\/div><\/div><\/div><!-- close content main div --><\/div><\/div><div id='av_section_4'  class='avia-section av-av_section-e4ef95e6d64daa5d43c9bd2540e73530 main_color avia-section-default avia-no-border-styling  avia-builder-el-16  el_after_av_section  avia-builder-el-last  avia-bg-style-scroll container_wrap fullsize'  ><div class='container av-section-cont-open' ><div class='template-page content  av-content-full alpha units'><div class='post-entry post-entry-type-page post-entry-2590'><div class='entry-content-wrapper clearfix'>\n<div  class='flex_column av-av_two_third-a2cef933b0a555f25d1e39b22a8e9dae av_two_third  avia-builder-el-17  el_before_av_one_third  avia-builder-el-first  first flex_column_div  '     ><p>\n<style type=\"text\/css\" data-created_by=\"avia_inline_auto\" id=\"style-css-av-mnobvc8m-11e4ef3e75fc3a1d93054abd786d3363\">\n#top .av-special-heading.av-mnobvc8m-11e4ef3e75fc3a1d93054abd786d3363{\npadding-bottom:10px;\n}\nbody .av-special-heading.av-mnobvc8m-11e4ef3e75fc3a1d93054abd786d3363 .av-special-heading-tag .heading-char{\nfont-size:25px;\n}\n.av-special-heading.av-mnobvc8m-11e4ef3e75fc3a1d93054abd786d3363 .av-subheading{\nfont-size:15px;\n}\n<\/style>\n<div  class='av-special-heading av-mnobvc8m-11e4ef3e75fc3a1d93054abd786d3363 av-special-heading-h2 blockquote modern-quote  avia-builder-el-18  el_before_av_toggle_container  avia-builder-el-first '><h2 class='av-special-heading-tag '  itemprop=\"headline\"  >Anreise<\/h2><div class=\"special-heading-border\"><div class=\"special-heading-inner-border\"><\/div><\/div><\/div><br \/>\n\n<style type=\"text\/css\" data-created_by=\"avia_inline_auto\" id=\"style-css-av-mnobzt5a-a880ff01dda9f086359e19250bb52a69\">\n#top .togglecontainer.av-mnobzt5a-a880ff01dda9f086359e19250bb52a69 p.toggler{\ncolor:#ffffff;\nbackground-color:#bf364c;\n}\n#top .togglecontainer.av-mnobzt5a-a880ff01dda9f086359e19250bb52a69 p.toggler .toggle_icon{\ncolor:#ffffff;\nborder-color:#ffffff;\n}\n#top .togglecontainer.av-mnobzt5a-a880ff01dda9f086359e19250bb52a69 .toggle_wrap .toggle_content{\ncolor:#ffffff;\nbackground-color:#bf364c;\n}\n<\/style>\n<div  class='togglecontainer av-mnobzt5a-a880ff01dda9f086359e19250bb52a69 av-minimal-toggle  avia-builder-el-19  el_after_av_heading  avia-builder-el-last  toggle_close_all' >\n<section class='av_toggle_section av-mnobzq3u-0e4824d882dbbd882a10f74bc9d68873'  itemscope=\"itemscope\" itemtype=\"https:\/\/schema.org\/CreativeWork\" ><div role=\"tablist\" class=\"single_toggle\" data-tags=\"{Alle} \"  ><p id='toggle-toggle-id-1' data-fake-id='#toggle-id-1' class='toggler  av-title-above av-inherit-font-color hasCustomColor'  itemprop=\"headline\"  role='tab' tabindex='0' aria-controls='toggle-id-1' data-slide-speed=\"200\" data-title=\"Anreise mit der Deutschen Bahn\" data-title-open=\"\" data-aria_collapsed=\"Click to expand: Anreise mit der Deutschen Bahn\" data-aria_expanded=\"Click to collapse: Anreise mit der Deutschen Bahn\">Anreise mit der Deutschen Bahn<span class=\"toggle_icon\"><span class=\"vert_icon\"><\/span><span class=\"hor_icon\"><\/span><\/span><\/p><div id='toggle-id-1' aria-labelledby='toggle-toggle-id-1' role='region' class='toggle_wrap  av-title-above'  ><div class='toggle_content invers-color av-inherit-font-color hasCustomColor'  itemprop=\"text\" ><p>Vom Hauptbahnhof Berlin k\u00f6nnen Sie mit der S-Bahn direkt zum The Sixth Floor\u00a0 weiterreisen.<br \/>\n<strong>Die n\u00e4chstgelegenen Haltestation ist:<\/strong><br \/>\nWarschauer Stra\u00dfe<\/p>\n<\/div><\/div><\/div><\/section>\n<section class='av_toggle_section av-mnodzma0-23e6bfd22a009ff8cf9b77589bbe1309'  itemscope=\"itemscope\" itemtype=\"https:\/\/schema.org\/CreativeWork\" ><div role=\"tablist\" class=\"single_toggle\" data-tags=\"{Alle} \"  ><p id='toggle-toggle-id-2' data-fake-id='#toggle-id-2' class='toggler  av-title-above av-inherit-font-color hasCustomColor'  itemprop=\"headline\"  role='tab' tabindex='0' aria-controls='toggle-id-2' data-slide-speed=\"200\" data-title=\"Anreise mit dem Auto\" data-title-open=\"\" data-aria_collapsed=\"Click to expand: Anreise mit dem Auto\" data-aria_expanded=\"Click to collapse: Anreise mit dem Auto\">Anreise mit dem Auto<span class=\"toggle_icon\"><span class=\"vert_icon\"><\/span><span class=\"hor_icon\"><\/span><\/span><\/p><div id='toggle-id-2' aria-labelledby='toggle-toggle-id-2' role='region' class='toggle_wrap  av-title-above'  ><div class='toggle_content invers-color av-inherit-font-color hasCustomColor'  itemprop=\"text\" ><p>Wenn Sie mit dem Auto anreisen, bietet Ihnen das Parkhaus der East Side Mall eine Vielzahl an Parkpl\u00e4tzen und ist nur 1,2 km vom The Sixth Floor entfernt.<\/p>\n<p><strong>\u00d6ffentliche Parkm\u00f6glichkeiten<\/strong><br \/>\nParkhaus East Side Mall<\/p>\n<p>Helen-Ernst-Stra\u00dfe<br \/>\n10243 Berlin<\/p>\n<\/div><\/div><\/div><\/section>\n<\/div><\/p><\/div><div  class='flex_column av-av_one_third-538dd737667e19053994a94b9156413b av_one_third  avia-builder-el-20  el_after_av_two_third  avia-builder-el-last  flex_column_div  '     ><\/div>\n","protected":false},"excerpt":{"rendered":"","protected":false},"author":19,"featured_media":0,"parent":0,"menu_order":0,"comment_status":"closed","ping_status":"closed","template":"","meta":{"footnotes":""},"class_list":["post-2590","page","type-page","status-publish","hentry"],"yoast_head":"<!-- This site is optimized with the Yoast SEO plugin v27.4 - https:\/\/yoast.com\/product\/yoast-seo-wordpress\/ -->\n<title>Location, Hotel &amp; Anreise | foodservice Digital Restaurant Day | 17.\/18. Juni 2026 | Hamburg<\/title>\n<meta name=\"description\" content=\"Alle Informationen rund um \u00dcbernachtungsm\u00f6glichkeiten und die Location des foodservice Digital Restaurant Day in Frankfurt.\" \/>\n<meta name=\"robots\" content=\"index, follow, max-snippet:-1, max-image-preview:large, max-video-preview:-1\" \/>\n<link rel=\"canonical\" href=\"https:\/\/dfvcg-events.de\/digital-restaurant-day\/location-hotel-anreise\/\" \/>\n<meta property=\"og:locale\" content=\"de_DE\" \/>\n<meta property=\"og:type\" content=\"article\" \/>\n<meta property=\"og:title\" content=\"Location, Hotel &amp; Anreise | foodservice Digital Restaurant Day | 17.\/18. Juni 2026 | Hamburg\" \/>\n<meta property=\"og:description\" content=\"Alle Informationen rund um \u00dcbernachtungsm\u00f6glichkeiten und die Location des foodservice Digital Restaurant Day in Frankfurt.\" \/>\n<meta property=\"og:url\" content=\"https:\/\/dfvcg-events.de\/digital-restaurant-day\/location-hotel-anreise\/\" \/>\n<meta property=\"og:site_name\" content=\"Digital Restaurant Day\" \/>\n<meta property=\"article:publisher\" content=\"https:\/\/www.facebook.com\/foodservice.de\" \/>\n<meta property=\"article:modified_time\" content=\"2026-04-07T09:22:02+00:00\" \/>\n<meta name=\"twitter:card\" content=\"summary_large_image\" \/>\n<meta name=\"twitter:site\" content=\"@foodservice_de\" \/>\n<meta name=\"twitter:label1\" content=\"Gesch\u00e4tzte Lesezeit\" \/>\n\t<meta name=\"twitter:data1\" content=\"3\u00a0Minuten\" \/>\n<script type=\"application\/ld+json\" class=\"yoast-schema-graph\">{\"@context\":\"https:\\\/\\\/schema.org\",\"@graph\":[{\"@type\":\"WebPage\",\"@id\":\"https:\\\/\\\/dfvcg-events.de\\\/digital-restaurant-day\\\/location-hotel-anreise\\\/\",\"url\":\"https:\\\/\\\/dfvcg-events.de\\\/digital-restaurant-day\\\/location-hotel-anreise\\\/\",\"name\":\"Location, Hotel & Anreise | foodservice Digital Restaurant Day | 17.\\\/18. Juni 2026 | Hamburg\",\"isPartOf\":{\"@id\":\"https:\\\/\\\/dfvcg-events.de\\\/digital-restaurant-day\\\/#website\"},\"datePublished\":\"2024-12-06T08:30:07+00:00\",\"dateModified\":\"2026-04-07T09:22:02+00:00\",\"description\":\"Alle Informationen rund um \u00dcbernachtungsm\u00f6glichkeiten und die Location des foodservice Digital Restaurant Day in Frankfurt.\",\"breadcrumb\":{\"@id\":\"https:\\\/\\\/dfvcg-events.de\\\/digital-restaurant-day\\\/location-hotel-anreise\\\/#breadcrumb\"},\"inLanguage\":\"de\",\"potentialAction\":[{\"@type\":\"ReadAction\",\"target\":[\"https:\\\/\\\/dfvcg-events.de\\\/digital-restaurant-day\\\/location-hotel-anreise\\\/\"]}]},{\"@type\":\"BreadcrumbList\",\"@id\":\"https:\\\/\\\/dfvcg-events.de\\\/digital-restaurant-day\\\/location-hotel-anreise\\\/#breadcrumb\",\"itemListElement\":[{\"@type\":\"ListItem\",\"position\":1,\"name\":\"Startseite\",\"item\":\"https:\\\/\\\/dfvcg-events.de\\\/digital-restaurant-day\\\/\"},{\"@type\":\"ListItem\",\"position\":2,\"name\":\"Location, Hotel &amp; Anreise\"}]},{\"@type\":\"WebSite\",\"@id\":\"https:\\\/\\\/dfvcg-events.de\\\/digital-restaurant-day\\\/#website\",\"url\":\"https:\\\/\\\/dfvcg-events.de\\\/digital-restaurant-day\\\/\",\"name\":\"Digital Restaurant Day\",\"description\":\"dfv Conference Group\",\"publisher\":{\"@id\":\"https:\\\/\\\/dfvcg-events.de\\\/digital-restaurant-day\\\/#organization\"},\"potentialAction\":[{\"@type\":\"SearchAction\",\"target\":{\"@type\":\"EntryPoint\",\"urlTemplate\":\"https:\\\/\\\/dfvcg-events.de\\\/digital-restaurant-day\\\/?s={search_term_string}\"},\"query-input\":{\"@type\":\"PropertyValueSpecification\",\"valueRequired\":true,\"valueName\":\"search_term_string\"}}],\"inLanguage\":\"de\"},{\"@type\":\"Organization\",\"@id\":\"https:\\\/\\\/dfvcg-events.de\\\/digital-restaurant-day\\\/#organization\",\"name\":\"Digital Restaurant Day\",\"url\":\"https:\\\/\\\/dfvcg-events.de\\\/digital-restaurant-day\\\/\",\"logo\":{\"@type\":\"ImageObject\",\"inLanguage\":\"de\",\"@id\":\"https:\\\/\\\/dfvcg-events.de\\\/digital-restaurant-day\\\/#\\\/schema\\\/logo\\\/image\\\/\",\"url\":\"https:\\\/\\\/dfvcg-events.de\\\/digital-restaurant-day\\\/wp-content\\\/uploads\\\/sites\\\/46\\\/2022\\\/11\\\/digital-restaurant-day-800x800px.jpg\",\"contentUrl\":\"https:\\\/\\\/dfvcg-events.de\\\/digital-restaurant-day\\\/wp-content\\\/uploads\\\/sites\\\/46\\\/2022\\\/11\\\/digital-restaurant-day-800x800px.jpg\",\"width\":800,\"height\":800,\"caption\":\"Digital Restaurant Day\"},\"image\":{\"@id\":\"https:\\\/\\\/dfvcg-events.de\\\/digital-restaurant-day\\\/#\\\/schema\\\/logo\\\/image\\\/\"},\"sameAs\":[\"https:\\\/\\\/www.facebook.com\\\/foodservice.de\",\"https:\\\/\\\/x.com\\\/foodservice_de\"]}]}<\/script>\n<!-- \/ Yoast SEO plugin. -->","yoast_head_json":{"title":"Location, Hotel & Anreise | foodservice Digital Restaurant Day | 17.\/18. Juni 2026 | Hamburg","description":"Alle Informationen rund um \u00dcbernachtungsm\u00f6glichkeiten und die Location des foodservice Digital Restaurant Day in Frankfurt.","robots":{"index":"index","follow":"follow","max-snippet":"max-snippet:-1","max-image-preview":"max-image-preview:large","max-video-preview":"max-video-preview:-1"},"canonical":"https:\/\/dfvcg-events.de\/digital-restaurant-day\/location-hotel-anreise\/","og_locale":"de_DE","og_type":"article","og_title":"Location, Hotel & Anreise | foodservice Digital Restaurant Day | 17.\/18. Juni 2026 | Hamburg","og_description":"Alle Informationen rund um \u00dcbernachtungsm\u00f6glichkeiten und die Location des foodservice Digital Restaurant Day in Frankfurt.","og_url":"https:\/\/dfvcg-events.de\/digital-restaurant-day\/location-hotel-anreise\/","og_site_name":"Digital Restaurant Day","article_publisher":"https:\/\/www.facebook.com\/foodservice.de","article_modified_time":"2026-04-07T09:22:02+00:00","twitter_card":"summary_large_image","twitter_site":"@foodservice_de","twitter_misc":{"Gesch\u00e4tzte Lesezeit":"3\u00a0Minuten"},"schema":{"@context":"https:\/\/schema.org","@graph":[{"@type":"WebPage","@id":"https:\/\/dfvcg-events.de\/digital-restaurant-day\/location-hotel-anreise\/","url":"https:\/\/dfvcg-events.de\/digital-restaurant-day\/location-hotel-anreise\/","name":"Location, Hotel & Anreise | foodservice Digital Restaurant Day | 17.\/18. Juni 2026 | Hamburg","isPartOf":{"@id":"https:\/\/dfvcg-events.de\/digital-restaurant-day\/#website"},"datePublished":"2024-12-06T08:30:07+00:00","dateModified":"2026-04-07T09:22:02+00:00","description":"Alle Informationen rund um \u00dcbernachtungsm\u00f6glichkeiten und die Location des foodservice Digital Restaurant Day in Frankfurt.","breadcrumb":{"@id":"https:\/\/dfvcg-events.de\/digital-restaurant-day\/location-hotel-anreise\/#breadcrumb"},"inLanguage":"de","potentialAction":[{"@type":"ReadAction","target":["https:\/\/dfvcg-events.de\/digital-restaurant-day\/location-hotel-anreise\/"]}]},{"@type":"BreadcrumbList","@id":"https:\/\/dfvcg-events.de\/digital-restaurant-day\/location-hotel-anreise\/#breadcrumb","itemListElement":[{"@type":"ListItem","position":1,"name":"Startseite","item":"https:\/\/dfvcg-events.de\/digital-restaurant-day\/"},{"@type":"ListItem","position":2,"name":"Location, Hotel &amp; Anreise"}]},{"@type":"WebSite","@id":"https:\/\/dfvcg-events.de\/digital-restaurant-day\/#website","url":"https:\/\/dfvcg-events.de\/digital-restaurant-day\/","name":"Digital Restaurant Day","description":"dfv Conference Group","publisher":{"@id":"https:\/\/dfvcg-events.de\/digital-restaurant-day\/#organization"},"potentialAction":[{"@type":"SearchAction","target":{"@type":"EntryPoint","urlTemplate":"https:\/\/dfvcg-events.de\/digital-restaurant-day\/?s={search_term_string}"},"query-input":{"@type":"PropertyValueSpecification","valueRequired":true,"valueName":"search_term_string"}}],"inLanguage":"de"},{"@type":"Organization","@id":"https:\/\/dfvcg-events.de\/digital-restaurant-day\/#organization","name":"Digital Restaurant Day","url":"https:\/\/dfvcg-events.de\/digital-restaurant-day\/","logo":{"@type":"ImageObject","inLanguage":"de","@id":"https:\/\/dfvcg-events.de\/digital-restaurant-day\/#\/schema\/logo\/image\/","url":"https:\/\/dfvcg-events.de\/digital-restaurant-day\/wp-content\/uploads\/sites\/46\/2022\/11\/digital-restaurant-day-800x800px.jpg","contentUrl":"https:\/\/dfvcg-events.de\/digital-restaurant-day\/wp-content\/uploads\/sites\/46\/2022\/11\/digital-restaurant-day-800x800px.jpg","width":800,"height":800,"caption":"Digital Restaurant Day"},"image":{"@id":"https:\/\/dfvcg-events.de\/digital-restaurant-day\/#\/schema\/logo\/image\/"},"sameAs":["https:\/\/www.facebook.com\/foodservice.de","https:\/\/x.com\/foodservice_de"]}]}},"_links":{"self":[{"href":"https:\/\/dfvcg-events.de\/digital-restaurant-day\/wp-json\/wp\/v2\/pages\/2590","targetHints":{"allow":["GET"]}}],"collection":[{"href":"https:\/\/dfvcg-events.de\/digital-restaurant-day\/wp-json\/wp\/v2\/pages"}],"about":[{"href":"https:\/\/dfvcg-events.de\/digital-restaurant-day\/wp-json\/wp\/v2\/types\/page"}],"author":[{"embeddable":true,"href":"https:\/\/dfvcg-events.de\/digital-restaurant-day\/wp-json\/wp\/v2\/users\/19"}],"replies":[{"embeddable":true,"href":"https:\/\/dfvcg-events.de\/digital-restaurant-day\/wp-json\/wp\/v2\/comments?post=2590"}],"version-history":[{"count":49,"href":"https:\/\/dfvcg-events.de\/digital-restaurant-day\/wp-json\/wp\/v2\/pages\/2590\/revisions"}],"predecessor-version":[{"id":4171,"href":"https:\/\/dfvcg-events.de\/digital-restaurant-day\/wp-json\/wp\/v2\/pages\/2590\/revisions\/4171"}],"wp:attachment":[{"href":"https:\/\/dfvcg-events.de\/digital-restaurant-day\/wp-json\/wp\/v2\/media?parent=2590"}],"curies":[{"name":"wp","href":"https:\/\/api.w.org\/{rel}","templated":true}]}}