{"id":173,"date":"2020-03-19T22:45:57","date_gmt":"2020-03-19T21:45:57","guid":{"rendered":"https:\/\/dfvcg-events.de\/coating-converting-summit\/?page_id=173"},"modified":"2024-05-02T13:43:24","modified_gmt":"2024-05-02T11:43:24","slug":"aussteller-sponsoren","status":"publish","type":"page","link":"https:\/\/dfvcg-events.de\/coating-converting-summit\/aussteller-sponsoren\/","title":{"rendered":"Aussteller &#038; Sponsoren"},"content":{"rendered":"<div id='av_section_1'  class='avia-section av-k7yuhjt1-711b660821cdb0bef3297fbcdc0befcb main_color avia-section-default avia-no-border-styling  avia-builder-el-0  el_before_av_section  avia-builder-el-first  header-verlauf avia-bg-style-scroll container_wrap fullsize'  ><div class='container av-section-cont-open' ><main  role=\"main\" itemprop=\"mainContentOfPage\"  class='template-page content  av-content-full alpha units'><div class='post-entry post-entry-type-page post-entry-173'><div class='entry-content-wrapper clearfix'>\n\n<style type=\"text\/css\" data-created_by=\"avia_inline_auto\" id=\"style-css-av-kki40zxv-ab37c8409c6570ea7f03dffe536a8a5b\">\n#top .av-special-heading.av-kki40zxv-ab37c8409c6570ea7f03dffe536a8a5b{\npadding-bottom:0;\ncolor:#ffffff;\n}\nbody .av-special-heading.av-kki40zxv-ab37c8409c6570ea7f03dffe536a8a5b .av-special-heading-tag .heading-char{\nfont-size:25px;\n}\n.av-special-heading.av-kki40zxv-ab37c8409c6570ea7f03dffe536a8a5b .special-heading-inner-border{\nborder-color:#ffffff;\n}\n.av-special-heading.av-kki40zxv-ab37c8409c6570ea7f03dffe536a8a5b .av-subheading{\nfont-size:15px;\n}\n<\/style>\n<div  class='av-special-heading av-kki40zxv-ab37c8409c6570ea7f03dffe536a8a5b av-special-heading-h1 custom-color-heading blockquote modern-quote  avia-builder-el-1  avia-builder-el-no-sibling '><div class='av_custom_color av-subheading av-subheading_above'><p>C2 Coating &amp; Converting Summit<\/p>\n<\/div><h1 class='av-special-heading-tag '  itemprop=\"headline\"  >Aussteller <span class='special_amp'>&amp;<\/span> Sponsoren<\/h1><div class=\"special-heading-border\"><div class=\"special-heading-inner-border\"><\/div><\/div><\/div>\n\n<\/div><\/div><\/main><!-- close content main element --><\/div><\/div><div id='av_section_2'  class='avia-section av-eccv9-a05aad59f97599171fe61b4dd435e23c main_color avia-section-default avia-no-border-styling  avia-builder-el-2  el_after_av_section  el_before_av_section  avia-bg-style-scroll container_wrap fullsize'  ><div class='container av-section-cont-open' ><div class='template-page content  av-content-full alpha units'><div class='post-entry post-entry-type-page post-entry-173'><div class='entry-content-wrapper clearfix'>\n\n<style type=\"text\/css\" data-created_by=\"avia_inline_auto\" id=\"style-css-av-8w41x-691ee679136e7b364a3c4d3b8004ff3b\">\n#top .av-special-heading.av-8w41x-691ee679136e7b364a3c4d3b8004ff3b{\npadding-bottom:10px;\n}\nbody .av-special-heading.av-8w41x-691ee679136e7b364a3c4d3b8004ff3b .av-special-heading-tag .heading-char{\nfont-size:25px;\n}\n.av-special-heading.av-8w41x-691ee679136e7b364a3c4d3b8004ff3b .av-subheading{\nfont-size:15px;\n}\n<\/style>\n<div  class='av-special-heading av-8w41x-691ee679136e7b364a3c4d3b8004ff3b av-special-heading-h2 blockquote modern-quote  avia-builder-el-3  el_before_av_three_fourth  avia-builder-el-first '><h2 class='av-special-heading-tag '  itemprop=\"headline\"  >Partner werden<\/h2><div class=\"special-heading-border\"><div class=\"special-heading-inner-border\"><\/div><\/div><\/div>\n<div class='flex_column_table av-kauxmmrr-f5e0321c8df61028b7ab8eb2fdffdcc8 sc-av_three_fourth av-equal-height-column-flextable'>\n<style type=\"text\/css\" data-created_by=\"avia_inline_auto\" id=\"style-css-av-kauxmmrr-f5e0321c8df61028b7ab8eb2fdffdcc8\">\n.flex_column.av-kauxmmrr-f5e0321c8df61028b7ab8eb2fdffdcc8{\nborder-radius:0px 0px 0px 0px;\npadding:0px 0px 0px 0px;\n}\n<\/style>\n<div  class='flex_column av-kauxmmrr-f5e0321c8df61028b7ab8eb2fdffdcc8 av_three_fourth  avia-builder-el-4  el_after_av_heading  el_before_av_one_fourth  first flex_column_table_cell av-equal-height-column av-align-middle av-zero-column-padding  '     ><section  class='av_textblock_section av-kauxm635-6e961896ad03d723817689a042453196 '   itemscope=\"itemscope\" itemtype=\"https:\/\/schema.org\/CreativeWork\" ><div class='avia_textblock'  itemprop=\"text\" ><h2><strong>Sie m\u00f6chten dabei sein? Begleiten Sie als Sponsor den <span style=\"color: #f29500;\">C2 Coating &amp; Converting Summit 2024!<\/span><\/strong><\/h2>\n<p>Wir sprechen die wichtigsten Entscheider der Coating- und Converting-Industrie, sowie Kunden aus der Konsumg\u00fcter-, Verpackungs- und Textilindustrie an.<\/p>\n<p>Nutzen Sie unsere breitgef\u00e4cherten Leistungspakete f\u00fcr Ihren individuellen Auftritt als Sponsor.<\/p>\n<p>Gerne unterst\u00fctze ich Sie dabei und freue mich auf den Austausch mit Ihnen.<\/p>\n<p><strong>F\u00fcr Ihren erfolgreichen Auftritt auf dem C2 Coating &amp; Converting Summit 2024 kontaktieren Sie:<\/strong><\/p>\n<p><strong>Ibo \u00dccel<\/strong><br \/>\nTelefon: +49 69 7595-1227<br \/>\nMobil: +49 170 852 26 32<br \/>\nE-Mail: <a href=\"&#109;&#x61;&#x69;l&#116;&#x6f;:&#73;&#x62;&#x6f;&#46;&#x55;&#x65;c&#101;&#x6c;&#64;&#100;&#x66;&#x76;&#46;&#x64;&#x65;\">&#x49;&#98;o&#x2e;&#85;e&#x63;&#101;l&#x40;&#x64;&#102;&#x76;&#x2e;&#100;e<\/a><\/p>\n<\/div><\/section><\/div><div class='av-flex-placeholder'><\/div>\n<style type=\"text\/css\" data-created_by=\"avia_inline_auto\" id=\"style-css-av-70vj1-00292db64ce6f592d658eec37ab25598\">\n.flex_column.av-70vj1-00292db64ce6f592d658eec37ab25598{\nborder-radius:0px 0px 0px 0px;\npadding:0px 0px 0px 0px;\n}\n<\/style>\n<div  class='flex_column av-70vj1-00292db64ce6f592d658eec37ab25598 av_one_fourth  avia-builder-el-6  el_after_av_three_fourth  avia-builder-el-last  flex_column_table_cell av-equal-height-column av-align-middle av-zero-column-padding  '     ><style type=\"text\/css\" data-created_by=\"avia_inline_auto\" id=\"style-css-av-kauxmgni-dbb6b64e3b787d51cfc3b19913834c03\">\n.avia-image-container.av-kauxmgni-dbb6b64e3b787d51cfc3b19913834c03 img.avia_image{\nbox-shadow:none;\n}\n.avia-image-container.av-kauxmgni-dbb6b64e3b787d51cfc3b19913834c03 .av-image-caption-overlay-center{\ncolor:#ffffff;\n}\n<\/style>\n<div  class='avia-image-container av-kauxmgni-dbb6b64e3b787d51cfc3b19913834c03 av-styling- avia-align-center  avia-builder-el-7  avia-builder-el-no-sibling '   itemprop=\"image\" itemscope=\"itemscope\" itemtype=\"https:\/\/schema.org\/ImageObject\" ><div class=\"avia-image-container-inner\"><div class=\"avia-image-overlay-wrap\"><img decoding=\"async\" fetchpriority=\"high\" class='wp-image-1471 avia-img-lazy-loading-not-1471 avia_image ' src=\"https:\/\/dfvcg-events.de\/coating-converting-summit\/wp-content\/uploads\/sites\/58\/2024\/03\/240322_dfvCG-C2-CC-Summit-Visual-800x800px-date.jpg\" alt='' title='240322_dfvCG-C2-CC-Summit-Visual-800x800px-date'  height=\"800\" width=\"800\"  itemprop=\"thumbnailUrl\" srcset=\"https:\/\/dfvcg-events.de\/coating-converting-summit\/wp-content\/uploads\/sites\/58\/2024\/03\/240322_dfvCG-C2-CC-Summit-Visual-800x800px-date.jpg 800w, https:\/\/dfvcg-events.de\/coating-converting-summit\/wp-content\/uploads\/sites\/58\/2024\/03\/240322_dfvCG-C2-CC-Summit-Visual-800x800px-date-705x705.jpg 705w\" sizes=\"(max-width: 800px) 100vw, 800px\" \/><\/div><\/div><\/div><\/div><\/div><!--close column table wrapper. Autoclose: 1 --><\/div><\/div><\/div><!-- close content main div --><\/div><\/div><div id='av_section_3'  class='avia-section av-kauxiont-9d792ff3834f91b5627eec4f1b321303 main_color avia-section-default avia-no-shadow  avia-builder-el-8  el_after_av_section  el_before_av_section  av-desktop-hide av-medium-hide av-small-hide av-mini-hide avia-bg-style-scroll container_wrap fullsize'  ><div class='container av-section-cont-open' ><div class='template-page content  av-content-full alpha units'><div class='post-entry post-entry-type-page post-entry-173'><div class='entry-content-wrapper clearfix'>\n\n<style type=\"text\/css\" data-created_by=\"avia_inline_auto\" id=\"style-css-av-dqqbh-d21633743e3085cfcedb2fdad1f31976\">\n#top .av-special-heading.av-dqqbh-d21633743e3085cfcedb2fdad1f31976{\npadding-bottom:10px;\n}\nbody .av-special-heading.av-dqqbh-d21633743e3085cfcedb2fdad1f31976 .av-special-heading-tag .heading-char{\nfont-size:25px;\n}\n.av-special-heading.av-dqqbh-d21633743e3085cfcedb2fdad1f31976 .av-subheading{\nfont-size:15px;\n}\n<\/style>\n<div  class='av-special-heading av-dqqbh-d21633743e3085cfcedb2fdad1f31976 av-special-heading-h3 blockquote modern-quote  avia-builder-el-9  el_before_av_masonry_entries  avia-builder-el-no-sibling '><h3 class='av-special-heading-tag '  itemprop=\"headline\"  >Partner<\/h3><div class=\"special-heading-border\"><div class=\"special-heading-inner-border\"><\/div><\/div><\/div>\n<div id='av-masonry-1' class='av-masonry av-k7zap5p9-64d6465d167228df83f4feca6d8b2abf noHover av-fixed-size av-large-gap av-hover-overlay- av-masonry-animation-active av-masonry-col-6 av-caption-always av-caption-style- av-masonry-entries ' data-post_id=\"173\"><div class=\"av-masonry-container isotope av-js-disabled\"><div class='av-masonry-entry isotope-item av-masonry-item-no-image '><\/div><a href=\"https:\/\/dfvcg-events.de\/coating-converting-summit\/aussteller-partner\/\"  id='av-masonry-1-item-218' data-av-masonry-item='218' class='av-masonry-entry isotope-item post-218 post type-post status-publish format-standard has-post-thumbnail hentry category-aussteller category-medienpartner category-partner  av-masonry-item-with-image' title=\"platzhalter-logo\"   itemscope=\"itemscope\" itemtype=\"https:\/\/schema.org\/CreativeWork\" ><div class='av-inner-masonry-sizer'><\/div><figure class='av-inner-masonry main_color'><div class=\"av-masonry-outerimage-container\"><div class='av-masonry-image-container' style=\"background-image: url(https:\/\/dfvcg-events.de\/coating-converting-summit\/wp-content\/uploads\/sites\/58\/2020\/03\/platzhalter-logo.jpg);\"  title=\"platzhalter-logo\" ><\/div><\/div><\/figure><\/a><!--end av-masonry entry--><\/div><\/div>\n<\/p>\n<\/div><\/div><\/div><!-- close content main div --><\/div><\/div><div id='av_section_4'  class='avia-section av-kauxiont-4-73a3714ef3380842cf6705ab6664cb0e main_color avia-section-default avia-no-shadow  avia-builder-el-11  el_after_av_section  el_before_av_section  av-desktop-hide av-medium-hide av-small-hide av-mini-hide avia-bg-style-scroll container_wrap fullsize'  ><div class='container av-section-cont-open' ><div class='template-page content  av-content-full alpha units'><div class='post-entry post-entry-type-page post-entry-173'><div class='entry-content-wrapper clearfix'>\n\n<style type=\"text\/css\" data-created_by=\"avia_inline_auto\" id=\"style-css-av-ab25p-f19164f467dfdde2d103afa0ca67e2bf\">\n#top .av-special-heading.av-ab25p-f19164f467dfdde2d103afa0ca67e2bf{\npadding-bottom:10px;\n}\nbody .av-special-heading.av-ab25p-f19164f467dfdde2d103afa0ca67e2bf .av-special-heading-tag .heading-char{\nfont-size:25px;\n}\n.av-special-heading.av-ab25p-f19164f467dfdde2d103afa0ca67e2bf .av-subheading{\nfont-size:15px;\n}\n<\/style>\n<div  class='av-special-heading av-ab25p-f19164f467dfdde2d103afa0ca67e2bf av-special-heading-h3 blockquote modern-quote  avia-builder-el-12  el_before_av_masonry_entries  avia-builder-el-no-sibling '><h3 class='av-special-heading-tag '  itemprop=\"headline\"  >Aussteller<\/h3><div class=\"special-heading-border\"><div class=\"special-heading-inner-border\"><\/div><\/div><\/div>\n<div id='av-masonry-2' class='av-masonry av-k7zap5p9-3-57eb718800cba043dcc15d2f3999390d noHover av-fixed-size av-large-gap av-hover-overlay- av-masonry-animation-active av-masonry-col-6 av-caption-always av-caption-style- av-masonry-entries ' data-post_id=\"173\"><div class=\"av-masonry-container isotope av-js-disabled\"><div class='av-masonry-entry isotope-item av-masonry-item-no-image '><\/div><a href=\"https:\/\/dfvcg-events.de\/coating-converting-summit\/aussteller-partner\/\"  id='av-masonry-2-item-218' data-av-masonry-item='218' class='av-masonry-entry isotope-item post-218 post type-post status-publish format-standard has-post-thumbnail hentry category-aussteller category-medienpartner category-partner  av-masonry-item-with-image' title=\"platzhalter-logo\"   itemscope=\"itemscope\" itemtype=\"https:\/\/schema.org\/CreativeWork\" ><div class='av-inner-masonry-sizer'><\/div><figure class='av-inner-masonry main_color'><div class=\"av-masonry-outerimage-container\"><div class='av-masonry-image-container' style=\"background-image: url(https:\/\/dfvcg-events.de\/coating-converting-summit\/wp-content\/uploads\/sites\/58\/2020\/03\/platzhalter-logo.jpg);\"  title=\"platzhalter-logo\" ><\/div><\/div><\/figure><\/a><!--end av-masonry entry--><\/div><\/div>\n\n<\/div><\/div><\/div><!-- close content main div --><\/div><\/div><div id='av_section_5'  class='avia-section av-kauxiont-2-e52184148f528ee88c9ab831a855dd37 main_color avia-section-default avia-no-shadow  avia-builder-el-14  el_after_av_section  avia-builder-el-last  av-desktop-hide av-medium-hide av-small-hide av-mini-hide avia-bg-style-scroll container_wrap fullsize'  ><div class='container av-section-cont-open' ><div class='template-page content  av-content-full alpha units'><div class='post-entry post-entry-type-page post-entry-173'><div class='entry-content-wrapper clearfix'>\n\n<style type=\"text\/css\" data-created_by=\"avia_inline_auto\" id=\"style-css-av-kauxh99v-a830495348e329ff279e83571a8f3c8b\">\n#top .av-special-heading.av-kauxh99v-a830495348e329ff279e83571a8f3c8b{\npadding-bottom:10px;\n}\nbody .av-special-heading.av-kauxh99v-a830495348e329ff279e83571a8f3c8b .av-special-heading-tag .heading-char{\nfont-size:25px;\n}\n.av-special-heading.av-kauxh99v-a830495348e329ff279e83571a8f3c8b .av-subheading{\nfont-size:15px;\n}\n<\/style>\n<div  class='av-special-heading av-kauxh99v-a830495348e329ff279e83571a8f3c8b av-special-heading-h3 blockquote modern-quote  avia-builder-el-15  el_before_av_masonry_entries  avia-builder-el-no-sibling '><h3 class='av-special-heading-tag '  itemprop=\"headline\"  >Medienpartner<\/h3><div class=\"special-heading-border\"><div class=\"special-heading-inner-border\"><\/div><\/div><\/div>\n<div id='av-masonry-3' class='av-masonry av-k7zap5p9-1-ad9ca42ce03e3752be8d41c4deed4f8f noHover av-fixed-size av-large-gap av-hover-overlay- av-masonry-animation-active av-masonry-col-6 av-caption-always av-caption-style- av-masonry-entries ' data-post_id=\"173\"><div class=\"av-masonry-container isotope av-js-disabled\"><div class='av-masonry-entry isotope-item av-masonry-item-no-image '><\/div><a href=\"https:\/\/dfvcg-events.de\/coating-converting-summit\/aussteller-partner\/\"  id='av-masonry-3-item-218' data-av-masonry-item='218' class='av-masonry-entry isotope-item post-218 post type-post status-publish format-standard has-post-thumbnail hentry category-aussteller category-medienpartner category-partner  av-masonry-item-with-image' title=\"platzhalter-logo\"   itemscope=\"itemscope\" itemtype=\"https:\/\/schema.org\/CreativeWork\" ><div class='av-inner-masonry-sizer'><\/div><figure class='av-inner-masonry main_color'><div class=\"av-masonry-outerimage-container\"><div class='av-masonry-image-container' style=\"background-image: url(https:\/\/dfvcg-events.de\/coating-converting-summit\/wp-content\/uploads\/sites\/58\/2020\/03\/platzhalter-logo.jpg);\"  title=\"platzhalter-logo\" ><\/div><\/div><\/figure><\/a><!--end av-masonry entry--><\/div><\/div>\n\n","protected":false},"excerpt":{"rendered":"","protected":false},"author":1,"featured_media":0,"parent":0,"menu_order":0,"comment_status":"closed","ping_status":"closed","template":"","meta":{"footnotes":""},"class_list":["post-173","page","type-page","status-publish","hentry"],"yoast_head":"<!-- This site is optimized with the Yoast SEO plugin v27.3 - https:\/\/yoast.com\/product\/yoast-seo-wordpress\/ -->\n<title>Aussteller &amp; Sponsoren | C2 Coating- &amp; Converting-Summit<\/title>\n<meta name=\"description\" content=\"Treffen Sie F\u00fchrungskr\u00e4fte, Unternehmer und Top-Entscheide und Verantwortliche aus f\u00fchrenden Unternehmen der Branche.\" \/>\n<meta name=\"robots\" content=\"index, follow, max-snippet:-1, max-image-preview:large, max-video-preview:-1\" \/>\n<link rel=\"canonical\" href=\"https:\/\/dfvcg-events.de\/coating-converting-summit\/aussteller-sponsoren\/\" \/>\n<meta property=\"og:locale\" content=\"de_DE\" \/>\n<meta property=\"og:type\" content=\"article\" \/>\n<meta property=\"og:title\" content=\"Aussteller &amp; Sponsoren | C2 Coating- &amp; Converting-Summit\" \/>\n<meta property=\"og:description\" content=\"Treffen Sie F\u00fchrungskr\u00e4fte, Unternehmer und Top-Entscheide und Verantwortliche aus f\u00fchrenden Unternehmen der Branche.\" \/>\n<meta property=\"og:url\" content=\"https:\/\/dfvcg-events.de\/coating-converting-summit\/aussteller-sponsoren\/\" \/>\n<meta property=\"og:site_name\" content=\"C2 Coating- &amp; Converting-Summit\" \/>\n<meta property=\"article:modified_time\" content=\"2024-05-02T11:43:24+00:00\" \/>\n<meta property=\"og:image\" content=\"https:\/\/dfvcg-events.de\/coating-converting-summit\/wp-content\/uploads\/sites\/58\/2024\/03\/dfvcg-coating-converting-summit-social-2024.jpg\" \/>\n\t<meta property=\"og:image:width\" content=\"800\" \/>\n\t<meta property=\"og:image:height\" content=\"400\" \/>\n\t<meta property=\"og:image:type\" content=\"image\/jpeg\" \/>\n<meta name=\"twitter:card\" content=\"summary_large_image\" \/>\n<meta name=\"twitter:label1\" content=\"Gesch\u00e4tzte Lesezeit\" \/>\n\t<meta name=\"twitter:data1\" content=\"1\u00a0Minute\" \/>\n<script type=\"application\/ld+json\" class=\"yoast-schema-graph\">{\"@context\":\"https:\\\/\\\/schema.org\",\"@graph\":[{\"@type\":\"WebPage\",\"@id\":\"https:\\\/\\\/dfvcg-events.de\\\/coating-converting-summit\\\/aussteller-sponsoren\\\/\",\"url\":\"https:\\\/\\\/dfvcg-events.de\\\/coating-converting-summit\\\/aussteller-sponsoren\\\/\",\"name\":\"Aussteller & Sponsoren | C2 Coating- &amp; Converting-Summit\",\"isPartOf\":{\"@id\":\"https:\\\/\\\/dfvcg-events.de\\\/coating-converting-summit\\\/#website\"},\"datePublished\":\"2020-03-19T21:45:57+00:00\",\"dateModified\":\"2024-05-02T11:43:24+00:00\",\"description\":\"Treffen Sie F\u00fchrungskr\u00e4fte, Unternehmer und Top-Entscheide und Verantwortliche aus f\u00fchrenden Unternehmen der Branche.\",\"breadcrumb\":{\"@id\":\"https:\\\/\\\/dfvcg-events.de\\\/coating-converting-summit\\\/aussteller-sponsoren\\\/#breadcrumb\"},\"inLanguage\":\"de\",\"potentialAction\":[{\"@type\":\"ReadAction\",\"target\":[\"https:\\\/\\\/dfvcg-events.de\\\/coating-converting-summit\\\/aussteller-sponsoren\\\/\"]}]},{\"@type\":\"BreadcrumbList\",\"@id\":\"https:\\\/\\\/dfvcg-events.de\\\/coating-converting-summit\\\/aussteller-sponsoren\\\/#breadcrumb\",\"itemListElement\":[{\"@type\":\"ListItem\",\"position\":1,\"name\":\"Startseite\",\"item\":\"https:\\\/\\\/dfvcg-events.de\\\/coating-converting-summit\\\/start\\\/\"},{\"@type\":\"ListItem\",\"position\":2,\"name\":\"Aussteller &#038; Sponsoren\"}]},{\"@type\":\"WebSite\",\"@id\":\"https:\\\/\\\/dfvcg-events.de\\\/coating-converting-summit\\\/#website\",\"url\":\"https:\\\/\\\/dfvcg-events.de\\\/coating-converting-summit\\\/\",\"name\":\"C2 Coating- & Converting-Summit\",\"description\":\"dfv Conference Group\",\"publisher\":{\"@id\":\"https:\\\/\\\/dfvcg-events.de\\\/coating-converting-summit\\\/#organization\"},\"alternateName\":\"Konsumg\u00fcter-, Verpackungs- und Textilindustrie, Veredelungsbranche\",\"potentialAction\":[{\"@type\":\"SearchAction\",\"target\":{\"@type\":\"EntryPoint\",\"urlTemplate\":\"https:\\\/\\\/dfvcg-events.de\\\/coating-converting-summit\\\/?s={search_term_string}\"},\"query-input\":{\"@type\":\"PropertyValueSpecification\",\"valueRequired\":true,\"valueName\":\"search_term_string\"}}],\"inLanguage\":\"de\"},{\"@type\":\"Organization\",\"@id\":\"https:\\\/\\\/dfvcg-events.de\\\/coating-converting-summit\\\/#organization\",\"name\":\"C2 Coating- & Converting-Summit\",\"alternateName\":\"dfv Conference Group\",\"url\":\"https:\\\/\\\/dfvcg-events.de\\\/coating-converting-summit\\\/\",\"logo\":{\"@type\":\"ImageObject\",\"inLanguage\":\"de\",\"@id\":\"https:\\\/\\\/dfvcg-events.de\\\/coating-converting-summit\\\/#\\\/schema\\\/logo\\\/image\\\/\",\"url\":\"https:\\\/\\\/dfvcg-events.de\\\/coating-converting-summit\\\/wp-content\\\/uploads\\\/sites\\\/58\\\/2024\\\/03\\\/dfvcg-coating-converting-summit-social-2024.jpg\",\"contentUrl\":\"https:\\\/\\\/dfvcg-events.de\\\/coating-converting-summit\\\/wp-content\\\/uploads\\\/sites\\\/58\\\/2024\\\/03\\\/dfvcg-coating-converting-summit-social-2024.jpg\",\"width\":800,\"height\":400,\"caption\":\"C2 Coating- & Converting-Summit\"},\"image\":{\"@id\":\"https:\\\/\\\/dfvcg-events.de\\\/coating-converting-summit\\\/#\\\/schema\\\/logo\\\/image\\\/\"}}]}<\/script>\n<!-- \/ Yoast SEO plugin. -->","yoast_head_json":{"title":"Aussteller & Sponsoren | C2 Coating- &amp; Converting-Summit","description":"Treffen Sie F\u00fchrungskr\u00e4fte, Unternehmer und Top-Entscheide und Verantwortliche aus f\u00fchrenden Unternehmen der Branche.","robots":{"index":"index","follow":"follow","max-snippet":"max-snippet:-1","max-image-preview":"max-image-preview:large","max-video-preview":"max-video-preview:-1"},"canonical":"https:\/\/dfvcg-events.de\/coating-converting-summit\/aussteller-sponsoren\/","og_locale":"de_DE","og_type":"article","og_title":"Aussteller & Sponsoren | C2 Coating- &amp; Converting-Summit","og_description":"Treffen Sie F\u00fchrungskr\u00e4fte, Unternehmer und Top-Entscheide und Verantwortliche aus f\u00fchrenden Unternehmen der Branche.","og_url":"https:\/\/dfvcg-events.de\/coating-converting-summit\/aussteller-sponsoren\/","og_site_name":"C2 Coating- &amp; Converting-Summit","article_modified_time":"2024-05-02T11:43:24+00:00","og_image":[{"width":800,"height":400,"url":"https:\/\/dfvcg-events.de\/coating-converting-summit\/wp-content\/uploads\/sites\/58\/2024\/03\/dfvcg-coating-converting-summit-social-2024.jpg","type":"image\/jpeg"}],"twitter_card":"summary_large_image","twitter_misc":{"Gesch\u00e4tzte Lesezeit":"1\u00a0Minute"},"schema":{"@context":"https:\/\/schema.org","@graph":[{"@type":"WebPage","@id":"https:\/\/dfvcg-events.de\/coating-converting-summit\/aussteller-sponsoren\/","url":"https:\/\/dfvcg-events.de\/coating-converting-summit\/aussteller-sponsoren\/","name":"Aussteller & Sponsoren | C2 Coating- &amp; Converting-Summit","isPartOf":{"@id":"https:\/\/dfvcg-events.de\/coating-converting-summit\/#website"},"datePublished":"2020-03-19T21:45:57+00:00","dateModified":"2024-05-02T11:43:24+00:00","description":"Treffen Sie F\u00fchrungskr\u00e4fte, Unternehmer und Top-Entscheide und Verantwortliche aus f\u00fchrenden Unternehmen der Branche.","breadcrumb":{"@id":"https:\/\/dfvcg-events.de\/coating-converting-summit\/aussteller-sponsoren\/#breadcrumb"},"inLanguage":"de","potentialAction":[{"@type":"ReadAction","target":["https:\/\/dfvcg-events.de\/coating-converting-summit\/aussteller-sponsoren\/"]}]},{"@type":"BreadcrumbList","@id":"https:\/\/dfvcg-events.de\/coating-converting-summit\/aussteller-sponsoren\/#breadcrumb","itemListElement":[{"@type":"ListItem","position":1,"name":"Startseite","item":"https:\/\/dfvcg-events.de\/coating-converting-summit\/start\/"},{"@type":"ListItem","position":2,"name":"Aussteller &#038; Sponsoren"}]},{"@type":"WebSite","@id":"https:\/\/dfvcg-events.de\/coating-converting-summit\/#website","url":"https:\/\/dfvcg-events.de\/coating-converting-summit\/","name":"C2 Coating- & Converting-Summit","description":"dfv Conference Group","publisher":{"@id":"https:\/\/dfvcg-events.de\/coating-converting-summit\/#organization"},"alternateName":"Konsumg\u00fcter-, Verpackungs- und Textilindustrie, Veredelungsbranche","potentialAction":[{"@type":"SearchAction","target":{"@type":"EntryPoint","urlTemplate":"https:\/\/dfvcg-events.de\/coating-converting-summit\/?s={search_term_string}"},"query-input":{"@type":"PropertyValueSpecification","valueRequired":true,"valueName":"search_term_string"}}],"inLanguage":"de"},{"@type":"Organization","@id":"https:\/\/dfvcg-events.de\/coating-converting-summit\/#organization","name":"C2 Coating- & Converting-Summit","alternateName":"dfv Conference Group","url":"https:\/\/dfvcg-events.de\/coating-converting-summit\/","logo":{"@type":"ImageObject","inLanguage":"de","@id":"https:\/\/dfvcg-events.de\/coating-converting-summit\/#\/schema\/logo\/image\/","url":"https:\/\/dfvcg-events.de\/coating-converting-summit\/wp-content\/uploads\/sites\/58\/2024\/03\/dfvcg-coating-converting-summit-social-2024.jpg","contentUrl":"https:\/\/dfvcg-events.de\/coating-converting-summit\/wp-content\/uploads\/sites\/58\/2024\/03\/dfvcg-coating-converting-summit-social-2024.jpg","width":800,"height":400,"caption":"C2 Coating- & Converting-Summit"},"image":{"@id":"https:\/\/dfvcg-events.de\/coating-converting-summit\/#\/schema\/logo\/image\/"}}]}},"_links":{"self":[{"href":"https:\/\/dfvcg-events.de\/coating-converting-summit\/wp-json\/wp\/v2\/pages\/173","targetHints":{"allow":["GET"]}}],"collection":[{"href":"https:\/\/dfvcg-events.de\/coating-converting-summit\/wp-json\/wp\/v2\/pages"}],"about":[{"href":"https:\/\/dfvcg-events.de\/coating-converting-summit\/wp-json\/wp\/v2\/types\/page"}],"author":[{"embeddable":true,"href":"https:\/\/dfvcg-events.de\/coating-converting-summit\/wp-json\/wp\/v2\/users\/1"}],"replies":[{"embeddable":true,"href":"https:\/\/dfvcg-events.de\/coating-converting-summit\/wp-json\/wp\/v2\/comments?post=173"}],"version-history":[{"count":0,"href":"https:\/\/dfvcg-events.de\/coating-converting-summit\/wp-json\/wp\/v2\/pages\/173\/revisions"}],"wp:attachment":[{"href":"https:\/\/dfvcg-events.de\/coating-converting-summit\/wp-json\/wp\/v2\/media?parent=173"}],"curies":[{"name":"wp","href":"https:\/\/api.w.org\/{rel}","templated":true}]}}