{"id":26,"date":"2020-03-18T21:23:17","date_gmt":"2020-03-18T20:23:17","guid":{"rendered":"https:\/\/dfvcg-events.de\/china\/?page_id=26"},"modified":"2026-04-02T13:05:50","modified_gmt":"2026-04-02T11:05:50","slug":"ticketshop","status":"publish","type":"page","link":"https:\/\/dfvcg-events.de\/china\/ticketshop\/","title":{"rendered":"Ticketshop"},"content":{"rendered":"<div id='av_section_1'  class='avia-section av-k7yuhjt1-eaf9fb71fed44637e71cb6d2754fd226 main_color avia-section-default avia-no-border-styling  avia-builder-el-0  el_before_av_section  avia-builder-el-first  header-verlauf avia-bg-style-scroll container_wrap fullsize'  ><div class='container av-section-cont-open' ><main  role=\"main\" itemprop=\"mainContentOfPage\"  class='template-page content  av-content-full alpha units'><div class='post-entry post-entry-type-page post-entry-26'><div class='entry-content-wrapper clearfix'>\n\n<style type=\"text\/css\" data-created_by=\"avia_inline_auto\" id=\"style-css-av-kki3vl60-df41ead5874f5f57b899220651c9d6ca\">\n#top .av-special-heading.av-kki3vl60-df41ead5874f5f57b899220651c9d6ca{\npadding-bottom:0;\ncolor:#ffffff;\n}\nbody .av-special-heading.av-kki3vl60-df41ead5874f5f57b899220651c9d6ca .av-special-heading-tag .heading-char{\nfont-size:25px;\n}\n.av-special-heading.av-kki3vl60-df41ead5874f5f57b899220651c9d6ca .special-heading-inner-border{\nborder-color:#ffffff;\n}\n.av-special-heading.av-kki3vl60-df41ead5874f5f57b899220651c9d6ca .av-subheading{\nfont-size:19px;\n}\n<\/style>\n<div  class='av-special-heading av-kki3vl60-df41ead5874f5f57b899220651c9d6ca av-special-heading-h1 custom-color-heading blockquote modern-quote  avia-builder-el-1  avia-builder-el-no-sibling '><h1 class='av-special-heading-tag '  itemprop=\"headline\"  >Jetzt buchen<\/h1><div class=\"special-heading-border\"><div class=\"special-heading-inner-border\"><\/div><\/div><\/div>\n\n<\/div><\/div><\/main><!-- close content main element --><\/div><\/div><div id='av_section_2'  class='avia-section av-mnhd91mt-3ebcac1f448045e5afe3a0c16a67831b main_color avia-section-large avia-no-border-styling  avia-builder-el-2  el_after_av_section  el_before_av_section  avia-bg-style-scroll container_wrap fullsize'  ><div class='container av-section-cont-open' ><div class='template-page content  av-content-full alpha units'><div class='post-entry post-entry-type-page post-entry-26'><div class='entry-content-wrapper clearfix'>\n\n\n<\/div><\/div><\/div><!-- close content main div --><\/div><\/div>\n<style type=\"text\/css\" data-created_by=\"avia_inline_auto\" id=\"style-css-av-mgs2mno9-7227f4c239ee12b12e92016b1f14c206\">\n.avia-section.av-mgs2mno9-7227f4c239ee12b12e92016b1f14c206{\nbackground-color:#eaebf2;\nbackground-image:unset;\n}\n<\/style>\n<div id='av_section_3'  class='avia-section av-mgs2mno9-7227f4c239ee12b12e92016b1f14c206 main_color avia-section-large avia-no-shadow  avia-builder-el-4  el_after_av_section  el_before_av_section  avia-bg-style-scroll container_wrap fullsize'  ><div class='container av-section-cont-open' ><div class='template-page content  av-content-full alpha units'><div class='post-entry post-entry-type-page post-entry-26'><div class='entry-content-wrapper clearfix'>\n<section  class='av_textblock_section av-11qyy-aa5b89ea504e0f7977d988a4f426205b '   itemscope=\"itemscope\" itemtype=\"https:\/\/schema.org\/CreativeWork\" ><div class='avia_textblock'  itemprop=\"text\" ><p><strong>Bei Fragen zur Organisation oder zum Teilnehmermanagement wenden Sie sich bitte an:<\/strong><\/p>\n<p>Inga Kern<br \/>\n<a href=\"&#109;a&#x69;l&#x74;o&#x3a;&#105;&#x6e;&#103;&#x61;&#46;k&#x65;r&#x6e;&#64;&#x64;&#102;&#x76;&#46;&#x64;&#101;\">&#x69;&#x6e;&#103;&#97;&#46;k&#x65;&#x72;&#x6e;&#64;df&#x76;&#x2e;&#x64;&#101;<\/a><br \/>\n+49 69 7595 1752<\/p>\n<\/div><\/section>\n\n<\/div><\/div><\/div><!-- close content main div --><\/div><\/div>\n<style type=\"text\/css\" data-created_by=\"avia_inline_auto\" id=\"style-css-av-24oii-e2d9b72693f9148bfd3d2127c906e60a\">\n.avia-section.av-24oii-e2d9b72693f9148bfd3d2127c906e60a{\nbackground-color:#eaebf2;\nbackground-image:unset;\n}\n<\/style>\n<div id='av_section_4'  class='avia-section av-24oii-e2d9b72693f9148bfd3d2127c906e60a main_color avia-section-default avia-no-shadow  avia-builder-el-6  el_after_av_section  avia-builder-el-last  av-desktop-hide av-medium-hide av-small-hide av-mini-hide avia-bg-style-scroll container_wrap fullsize'  ><div class='container av-section-cont-open' ><div class='template-page content  av-content-full alpha units'><div class='post-entry post-entry-type-page post-entry-26'><div class='entry-content-wrapper clearfix'>\n\n<style type=\"text\/css\" data-created_by=\"avia_inline_auto\" id=\"style-css-av-1dak2-8a673ef759f6cadd9faa0b3756809416\">\n#top .av-special-heading.av-1dak2-8a673ef759f6cadd9faa0b3756809416{\npadding-bottom:10px;\n}\nbody .av-special-heading.av-1dak2-8a673ef759f6cadd9faa0b3756809416 .av-special-heading-tag .heading-char{\nfont-size:25px;\n}\n.av-special-heading.av-1dak2-8a673ef759f6cadd9faa0b3756809416 .av-subheading{\nfont-size:15px;\n}\n<\/style>\n<div  class='av-special-heading av-1dak2-8a673ef759f6cadd9faa0b3756809416 av-special-heading-h3 blockquote modern-quote  avia-builder-el-7  el_before_av_textblock  avia-builder-el-first '><h3 class='av-special-heading-tag '  itemprop=\"headline\"  >Anmerkungen zum Visum<\/h3><div class=\"special-heading-border\"><div class=\"special-heading-inner-border\"><\/div><\/div><\/div>\n<section  class='av_textblock_section av-13fp2-9475643a5f0c06b76e0feb09664c98ab '   itemscope=\"itemscope\" itemtype=\"https:\/\/schema.org\/CreativeWork\" ><div class='avia_textblock'  itemprop=\"text\" ><p><strong>Bitte beachten Sie, dass Ihr Reisepass ab Einreise mindestens noch 6 Monate Restg\u00fcltigkeit haben muss und eine freie Doppelseite im Pass zur Verf\u00fcgung stehen muss.<\/strong><\/p>\n<p>Seit dem 01.12.2024 k\u00f6nnen sich deutsche Staatsangeh\u00f6rige, die im Besitz eines g\u00fcltigen Reisepasses sind, zu gesch\u00e4ftlichen oder touristischen Zwecken f\u00fcr die Dauer von 30 Tagen ohne Visum in China aufhalten. Weitere Informationen zur visumsfreien Einreise finden Sie hier: <a href=\"http:\/\/de.china-embassy.gov.cn\/det\/lsfw\/202412\/t20241217_11495715.htm\" target=\"_blank\" rel=\"noopener\">http:\/\/de.china-embassy.gov.cn\/det\/lsfw\/202412\/t20241217_11495715.htm<\/a><\/p>\n<\/div><\/section>\n\n","protected":false},"excerpt":{"rendered":"","protected":false},"author":1,"featured_media":0,"parent":0,"menu_order":0,"comment_status":"closed","ping_status":"closed","template":"","meta":{"footnotes":""},"class_list":["post-26","page","type-page","status-publish","hentry"],"yoast_head":"<!-- This site is optimized with the Yoast SEO plugin v27.3 - https:\/\/yoast.com\/product\/yoast-seo-wordpress\/ -->\n<title>Ticketshop | European China Circle<\/title>\n<meta name=\"description\" content=\"Hier k\u00f6nnen Sie Ihr Ticket f\u00fcr Ihre AI Innovation Journey nach Shenzhen kaufen. Jetzt buchen und Ticket kaufen!\" \/>\n<meta name=\"robots\" content=\"index, follow, max-snippet:-1, max-image-preview:large, max-video-preview:-1\" \/>\n<link rel=\"canonical\" href=\"https:\/\/dfvcg-events.de\/china\/ticketshop\/\" \/>\n<meta property=\"og:locale\" content=\"de_DE\" \/>\n<meta property=\"og:type\" content=\"article\" \/>\n<meta property=\"og:title\" content=\"Ticketshop | European China Circle\" \/>\n<meta property=\"og:description\" content=\"Hier k\u00f6nnen Sie Ihr Ticket f\u00fcr Ihre AI Innovation Journey nach Shenzhen kaufen. Jetzt buchen und Ticket kaufen!\" \/>\n<meta property=\"og:url\" content=\"https:\/\/dfvcg-events.de\/china\/ticketshop\/\" \/>\n<meta property=\"og:site_name\" content=\"European China Circle\" \/>\n<meta property=\"article:modified_time\" content=\"2026-04-02T11:05:50+00:00\" \/>\n<meta property=\"og:image\" content=\"https:\/\/dfvcg-events.de\/china\/wp-content\/uploads\/sites\/63\/2025\/07\/LZ-China-Circle-Key-Visual-800px.png\" \/>\n\t<meta property=\"og:image:width\" content=\"800\" \/>\n\t<meta property=\"og:image:height\" content=\"800\" \/>\n\t<meta property=\"og:image:type\" content=\"image\/png\" \/>\n<meta name=\"twitter:card\" content=\"summary_large_image\" \/>\n<meta name=\"twitter:label1\" content=\"Gesch\u00e4tzte Lesezeit\" \/>\n\t<meta name=\"twitter:data1\" content=\"1\u00a0Minute\" \/>\n<script type=\"application\/ld+json\" class=\"yoast-schema-graph\">{\"@context\":\"https:\\\/\\\/schema.org\",\"@graph\":[{\"@type\":\"WebPage\",\"@id\":\"https:\\\/\\\/dfvcg-events.de\\\/china\\\/ticketshop\\\/\",\"url\":\"https:\\\/\\\/dfvcg-events.de\\\/china\\\/ticketshop\\\/\",\"name\":\"Ticketshop | European China Circle\",\"isPartOf\":{\"@id\":\"https:\\\/\\\/dfvcg-events.de\\\/china\\\/#website\"},\"datePublished\":\"2020-03-18T20:23:17+00:00\",\"dateModified\":\"2026-04-02T11:05:50+00:00\",\"description\":\"Hier k\u00f6nnen Sie Ihr Ticket f\u00fcr Ihre AI Innovation Journey nach Shenzhen kaufen. Jetzt buchen und Ticket kaufen!\",\"breadcrumb\":{\"@id\":\"https:\\\/\\\/dfvcg-events.de\\\/china\\\/ticketshop\\\/#breadcrumb\"},\"inLanguage\":\"de\",\"potentialAction\":[{\"@type\":\"ReadAction\",\"target\":[\"https:\\\/\\\/dfvcg-events.de\\\/china\\\/ticketshop\\\/\"]}]},{\"@type\":\"BreadcrumbList\",\"@id\":\"https:\\\/\\\/dfvcg-events.de\\\/china\\\/ticketshop\\\/#breadcrumb\",\"itemListElement\":[{\"@type\":\"ListItem\",\"position\":1,\"name\":\"Startseite\",\"item\":\"https:\\\/\\\/dfvcg-events.de\\\/china\\\/\"},{\"@type\":\"ListItem\",\"position\":2,\"name\":\"Ticketshop\"}]},{\"@type\":\"WebSite\",\"@id\":\"https:\\\/\\\/dfvcg-events.de\\\/china\\\/#website\",\"url\":\"https:\\\/\\\/dfvcg-events.de\\\/china\\\/\",\"name\":\"European China Circle\",\"description\":\"Zukunftsm\u00e4rkte verstehen. Strategien neu denken.\",\"publisher\":{\"@id\":\"https:\\\/\\\/dfvcg-events.de\\\/china\\\/#organization\"},\"alternateName\":\"Zukunftsm\u00e4rkte verstehen. Strategien neu denken.\",\"potentialAction\":[{\"@type\":\"SearchAction\",\"target\":{\"@type\":\"EntryPoint\",\"urlTemplate\":\"https:\\\/\\\/dfvcg-events.de\\\/china\\\/?s={search_term_string}\"},\"query-input\":{\"@type\":\"PropertyValueSpecification\",\"valueRequired\":true,\"valueName\":\"search_term_string\"}}],\"inLanguage\":\"de\"},{\"@type\":\"Organization\",\"@id\":\"https:\\\/\\\/dfvcg-events.de\\\/china\\\/#organization\",\"name\":\"LZ CHINA CIRCLE\",\"alternateName\":\"Zukunftsm\u00e4rkte verstehen. Strategien neu denken.\",\"url\":\"https:\\\/\\\/dfvcg-events.de\\\/china\\\/\",\"logo\":{\"@type\":\"ImageObject\",\"inLanguage\":\"de\",\"@id\":\"https:\\\/\\\/dfvcg-events.de\\\/china\\\/#\\\/schema\\\/logo\\\/image\\\/\",\"url\":\"https:\\\/\\\/dfvcg-events.de\\\/china\\\/wp-content\\\/uploads\\\/sites\\\/63\\\/2025\\\/07\\\/LZ-China-Circle-Key-Visual-800px.png\",\"contentUrl\":\"https:\\\/\\\/dfvcg-events.de\\\/china\\\/wp-content\\\/uploads\\\/sites\\\/63\\\/2025\\\/07\\\/LZ-China-Circle-Key-Visual-800px.png\",\"width\":800,\"height\":800,\"caption\":\"LZ CHINA CIRCLE\"},\"image\":{\"@id\":\"https:\\\/\\\/dfvcg-events.de\\\/china\\\/#\\\/schema\\\/logo\\\/image\\\/\"}}]}<\/script>\n<!-- \/ Yoast SEO plugin. -->","yoast_head_json":{"title":"Ticketshop | European China Circle","description":"Hier k\u00f6nnen Sie Ihr Ticket f\u00fcr Ihre AI Innovation Journey nach Shenzhen kaufen. Jetzt buchen und Ticket kaufen!","robots":{"index":"index","follow":"follow","max-snippet":"max-snippet:-1","max-image-preview":"max-image-preview:large","max-video-preview":"max-video-preview:-1"},"canonical":"https:\/\/dfvcg-events.de\/china\/ticketshop\/","og_locale":"de_DE","og_type":"article","og_title":"Ticketshop | European China Circle","og_description":"Hier k\u00f6nnen Sie Ihr Ticket f\u00fcr Ihre AI Innovation Journey nach Shenzhen kaufen. Jetzt buchen und Ticket kaufen!","og_url":"https:\/\/dfvcg-events.de\/china\/ticketshop\/","og_site_name":"European China Circle","article_modified_time":"2026-04-02T11:05:50+00:00","og_image":[{"width":800,"height":800,"url":"https:\/\/dfvcg-events.de\/china\/wp-content\/uploads\/sites\/63\/2025\/07\/LZ-China-Circle-Key-Visual-800px.png","type":"image\/png"}],"twitter_card":"summary_large_image","twitter_misc":{"Gesch\u00e4tzte Lesezeit":"1\u00a0Minute"},"schema":{"@context":"https:\/\/schema.org","@graph":[{"@type":"WebPage","@id":"https:\/\/dfvcg-events.de\/china\/ticketshop\/","url":"https:\/\/dfvcg-events.de\/china\/ticketshop\/","name":"Ticketshop | European China Circle","isPartOf":{"@id":"https:\/\/dfvcg-events.de\/china\/#website"},"datePublished":"2020-03-18T20:23:17+00:00","dateModified":"2026-04-02T11:05:50+00:00","description":"Hier k\u00f6nnen Sie Ihr Ticket f\u00fcr Ihre AI Innovation Journey nach Shenzhen kaufen. Jetzt buchen und Ticket kaufen!","breadcrumb":{"@id":"https:\/\/dfvcg-events.de\/china\/ticketshop\/#breadcrumb"},"inLanguage":"de","potentialAction":[{"@type":"ReadAction","target":["https:\/\/dfvcg-events.de\/china\/ticketshop\/"]}]},{"@type":"BreadcrumbList","@id":"https:\/\/dfvcg-events.de\/china\/ticketshop\/#breadcrumb","itemListElement":[{"@type":"ListItem","position":1,"name":"Startseite","item":"https:\/\/dfvcg-events.de\/china\/"},{"@type":"ListItem","position":2,"name":"Ticketshop"}]},{"@type":"WebSite","@id":"https:\/\/dfvcg-events.de\/china\/#website","url":"https:\/\/dfvcg-events.de\/china\/","name":"European China Circle","description":"Zukunftsm\u00e4rkte verstehen. Strategien neu denken.","publisher":{"@id":"https:\/\/dfvcg-events.de\/china\/#organization"},"alternateName":"Zukunftsm\u00e4rkte verstehen. Strategien neu denken.","potentialAction":[{"@type":"SearchAction","target":{"@type":"EntryPoint","urlTemplate":"https:\/\/dfvcg-events.de\/china\/?s={search_term_string}"},"query-input":{"@type":"PropertyValueSpecification","valueRequired":true,"valueName":"search_term_string"}}],"inLanguage":"de"},{"@type":"Organization","@id":"https:\/\/dfvcg-events.de\/china\/#organization","name":"LZ CHINA CIRCLE","alternateName":"Zukunftsm\u00e4rkte verstehen. Strategien neu denken.","url":"https:\/\/dfvcg-events.de\/china\/","logo":{"@type":"ImageObject","inLanguage":"de","@id":"https:\/\/dfvcg-events.de\/china\/#\/schema\/logo\/image\/","url":"https:\/\/dfvcg-events.de\/china\/wp-content\/uploads\/sites\/63\/2025\/07\/LZ-China-Circle-Key-Visual-800px.png","contentUrl":"https:\/\/dfvcg-events.de\/china\/wp-content\/uploads\/sites\/63\/2025\/07\/LZ-China-Circle-Key-Visual-800px.png","width":800,"height":800,"caption":"LZ CHINA CIRCLE"},"image":{"@id":"https:\/\/dfvcg-events.de\/china\/#\/schema\/logo\/image\/"}}]}},"_links":{"self":[{"href":"https:\/\/dfvcg-events.de\/china\/wp-json\/wp\/v2\/pages\/26","targetHints":{"allow":["GET"]}}],"collection":[{"href":"https:\/\/dfvcg-events.de\/china\/wp-json\/wp\/v2\/pages"}],"about":[{"href":"https:\/\/dfvcg-events.de\/china\/wp-json\/wp\/v2\/types\/page"}],"author":[{"embeddable":true,"href":"https:\/\/dfvcg-events.de\/china\/wp-json\/wp\/v2\/users\/1"}],"replies":[{"embeddable":true,"href":"https:\/\/dfvcg-events.de\/china\/wp-json\/wp\/v2\/comments?post=26"}],"version-history":[{"count":25,"href":"https:\/\/dfvcg-events.de\/china\/wp-json\/wp\/v2\/pages\/26\/revisions"}],"predecessor-version":[{"id":1697,"href":"https:\/\/dfvcg-events.de\/china\/wp-json\/wp\/v2\/pages\/26\/revisions\/1697"}],"wp:attachment":[{"href":"https:\/\/dfvcg-events.de\/china\/wp-json\/wp\/v2\/media?parent=26"}],"curies":[{"name":"wp","href":"https:\/\/api.w.org\/{rel}","templated":true}]}}