{"id":84,"date":"2020-03-19T19:38:27","date_gmt":"2020-03-19T18:38:27","guid":{"rendered":"https:\/\/dfvcg-events.de\/cannabis-con\/?page_id=84"},"modified":"2024-02-09T13:01:30","modified_gmt":"2024-02-09T12:01:30","slug":"vortragende","status":"publish","type":"page","link":"https:\/\/dfvcg-events.de\/cannabis-con\/vortragende\/","title":{"rendered":"Vortragende"},"content":{"rendered":"<div id='av_section_1'  class='avia-section av-k7yuhjt1-d4acce290cfa487d320d2121e50233ec main_color avia-section-default avia-no-border-styling  avia-builder-el-0  el_before_av_section  avia-builder-el-first  header-farbe avia-bg-style-scroll container_wrap fullsize'  ><div class='container av-section-cont-open' ><main  role=\"main\" itemprop=\"mainContentOfPage\"  class='template-page content  av-content-full alpha units'><div class='post-entry post-entry-type-page post-entry-84'><div class='entry-content-wrapper clearfix'>\n\n<style type=\"text\/css\" data-created_by=\"avia_inline_auto\" id=\"style-css-av-kki3wglu-39e3a62ef14fa1e4049427bae654ade0\">\n#top .av-special-heading.av-kki3wglu-39e3a62ef14fa1e4049427bae654ade0{\npadding-bottom:0;\n}\nbody .av-special-heading.av-kki3wglu-39e3a62ef14fa1e4049427bae654ade0 .av-special-heading-tag .heading-char{\nfont-size:25px;\n}\n.av-special-heading.av-kki3wglu-39e3a62ef14fa1e4049427bae654ade0 .av-subheading{\nfont-size:15px;\n}\n<\/style>\n<div  class='av-special-heading av-kki3wglu-39e3a62ef14fa1e4049427bae654ade0 av-special-heading-h1 blockquote modern-quote  avia-builder-el-1  el_before_av_textblock  avia-builder-el-first '><div class='av-subheading av-subheading_above'><p>CannabisCON Live<\/p>\n<\/div><h1 class='av-special-heading-tag '  itemprop=\"headline\"  >Die ersten Vortragenden f\u00fcr 2024 stehen fest<\/h1><div class=\"special-heading-border\"><div class=\"special-heading-inner-border\"><\/div><\/div><\/div>\n<section  class='av_textblock_section av-lptotd68-96f81e2245e19938e4d11c61d39e3dfa '   itemscope=\"itemscope\" itemtype=\"https:\/\/schema.org\/CreativeWork\" ><div class='avia_textblock'  itemprop=\"text\" ><p>Weitere Vortragende folgen in K\u00fcrze.<\/p>\n<\/div><\/section>\n<\/div><\/div><\/main><!-- close content main element --><\/div><\/div><div id='av_section_2'  class='avia-section av-xixk-697944ad8e8ee2da4bc16825371a8dca main_color avia-section-default avia-no-border-styling  avia-builder-el-3  el_after_av_section  avia-builder-el-last  avia-bg-style-scroll container_wrap fullsize'  ><div class='container av-section-cont-open' ><div class='template-page content  av-content-full alpha units'><div class='post-entry post-entry-type-page post-entry-84'><div class='entry-content-wrapper clearfix'>\n<div id='av-masonry-1' class='av-masonry av-k7z3l9y7-534f92b93d764ed3f768c274674dd110 noHover av-fixed-size av-large-gap av-hover-overlay- av-masonry-animation-active av-masonry-col-4 av-caption-always av-caption-style- av-masonry-entries av-medium-columns-overwrite av-medium-columns-2 av-small-columns-overwrite av-small-columns-2 av-mini-columns-overwrite av-mini-columns-1 av-orientation-portrait-large ' data-post_id=\"84\"><div class=\"av-masonry-container isotope av-js-disabled\"><div class='av-masonry-entry isotope-item av-masonry-item-no-image '><\/div><a href=\"https:\/\/dfvcg-events.de\/cannabis-con\/vortragend\/james-ardinast\/\"  id='av-masonry-1-item-1642' data-av-masonry-item='1642' class='av-masonry-entry isotope-item post-1642 portfolio type-portfolio status-publish has-post-thumbnail hentry portfolio_entries-vortragend portfolio_entries-vortragend-feature portfolio_entries-vortragende-2024  av-masonry-item-with-image' title=\"Ardinast_James_IMA CLIQUE_2023_web\"   itemscope=\"itemscope\" itemtype=\"https:\/\/schema.org\/CreativeWork\" ><div class='av-inner-masonry-sizer'><\/div><figure class='av-inner-masonry main_color'><div class=\"av-masonry-outerimage-container\"><div class='av-masonry-image-container' style=\"background-image: url(https:\/\/dfvcg-events.de\/cannabis-con\/wp-content\/uploads\/sites\/43\/2023\/03\/Ardinast_James_IMA-CLIQUE_2023_web.jpg);\"  title=\"Ardinast_James_IMA CLIQUE_2023_web\" ><\/div><\/div><figcaption class='av-inner-masonry-content site-background'><div class='av-inner-masonry-content-pos'><div class='av-inner-masonry-content-pos-content'><div class='avia-arrow'><\/div><h3 class='av-masonry-entry-title entry-title '  itemprop=\"headline\" >James Ardinast<\/h3><div class='av-masonry-entry-content entry-content'  itemprop=\"text\" >IMA CLIQUE \/ Canna Union<\/div><\/div><\/div><\/figcaption><\/figure><\/a><!--end av-masonry entry--><a href=\"https:\/\/dfvcg-events.de\/cannabis-con\/vortragend\/moritz-dapprich\/\"  id='av-masonry-1-item-2167' data-av-masonry-item='2167' class='av-masonry-entry isotope-item post-2167 portfolio type-portfolio status-publish has-post-thumbnail hentry portfolio_entries-vortragende-2024  av-masonry-item-with-image' title=\"Dapprich_Moritz_Falcanna_2023_web\"   itemscope=\"itemscope\" itemtype=\"https:\/\/schema.org\/CreativeWork\" ><div class='av-inner-masonry-sizer'><\/div><figure class='av-inner-masonry main_color'><div class=\"av-masonry-outerimage-container\"><div class='av-masonry-image-container' style=\"background-image: url(https:\/\/dfvcg-events.de\/cannabis-con\/wp-content\/uploads\/sites\/43\/2024\/03\/Dapprich_Moritz_Falcanna_2023_web.jpg);\"  title=\"Dapprich_Moritz_Falcanna_2023_web\" ><\/div><\/div><figcaption class='av-inner-masonry-content site-background'><div class='av-inner-masonry-content-pos'><div class='av-inner-masonry-content-pos-content'><div class='avia-arrow'><\/div><h3 class='av-masonry-entry-title entry-title '  itemprop=\"headline\" >Moritz Dapprich<\/h3><div class='av-masonry-entry-content entry-content'  itemprop=\"text\" >Falcanna<\/div><\/div><\/div><\/figcaption><\/figure><\/a><!--end av-masonry entry--><a href=\"https:\/\/dfvcg-events.de\/cannabis-con\/vortragend\/olivia-ewenike\/\"  id='av-masonry-1-item-2234' data-av-masonry-item='2234' class='av-masonry-entry isotope-item post-2234 portfolio type-portfolio status-publish has-post-thumbnail hentry portfolio_entries-vortragende-2024  av-masonry-item-with-image' title=\"Ewenike-Olivia-LLA-web\"   itemscope=\"itemscope\" itemtype=\"https:\/\/schema.org\/CreativeWork\" ><div class='av-inner-masonry-sizer'><\/div><figure class='av-inner-masonry main_color'><div class=\"av-masonry-outerimage-container\"><div class='av-masonry-image-container' style=\"background-image: url(https:\/\/dfvcg-events.de\/cannabis-con\/wp-content\/uploads\/sites\/43\/2024\/05\/Ewenike-Olivia-LLA-web.jpg);\"  title=\"Ewenike-Olivia-LLA-web\" ><\/div><\/div><figcaption class='av-inner-masonry-content site-background'><div class='av-inner-masonry-content-pos'><div class='av-inner-masonry-content-pos-content'><div class='avia-arrow'><\/div><h3 class='av-masonry-entry-title entry-title '  itemprop=\"headline\" >Olivia Ewenike<\/h3><div class='av-masonry-entry-content entry-content'  itemprop=\"text\" >Lito Law Academy<\/div><\/div><\/div><\/figcaption><\/figure><\/a><!--end av-masonry entry--><a href=\"https:\/\/dfvcg-events.de\/cannabis-con\/vortragend\/frederike-s-faescher\/\"  id='av-masonry-1-item-2147' data-av-masonry-item='2147' class='av-masonry-entry isotope-item post-2147 portfolio type-portfolio status-publish has-post-thumbnail hentry portfolio_entries-vortragende-2024 portfolio_entries-vortragende-feature-2024  av-masonry-item-with-image' title=\"F\u00e4scher Frederike S._Werter Web\"   itemscope=\"itemscope\" itemtype=\"https:\/\/schema.org\/CreativeWork\" ><div class='av-inner-masonry-sizer'><\/div><figure class='av-inner-masonry main_color'><div class=\"av-masonry-outerimage-container\"><div class='av-masonry-image-container' style=\"background-image: url(https:\/\/dfvcg-events.de\/cannabis-con\/wp-content\/uploads\/sites\/43\/2024\/03\/Faescher-Frederike-S._Werter-Web.jpg);\"  title=\"F\u00e4scher Frederike S._Werter Web\" ><\/div><\/div><figcaption class='av-inner-masonry-content site-background'><div class='av-inner-masonry-content-pos'><div class='av-inner-masonry-content-pos-content'><div class='avia-arrow'><\/div><h3 class='av-masonry-entry-title entry-title '  itemprop=\"headline\" >Frederike S. F\u00e4scher<\/h3><div class='av-masonry-entry-content entry-content'  itemprop=\"text\" >PIVOT Regulatory<\/div><\/div><\/div><\/figcaption><\/figure><\/a><!--end av-masonry entry--><a href=\"https:\/\/dfvcg-events.de\/cannabis-con\/vortragend\/dirk-heitepriem\/\"  id='av-masonry-1-item-1519' data-av-masonry-item='1519' class='av-masonry-entry isotope-item post-1519 portfolio type-portfolio status-publish has-post-thumbnail hentry portfolio_entries-vortragend portfolio_entries-vortragend-feature portfolio_entries-vortragende-2024 portfolio_entries-vortragende-feature-2024  av-masonry-item-with-image' title=\"Heitepriem_Dirk_2022-web\"   itemscope=\"itemscope\" itemtype=\"https:\/\/schema.org\/CreativeWork\" ><div class='av-inner-masonry-sizer'><\/div><figure class='av-inner-masonry main_color'><div class=\"av-masonry-outerimage-container\"><div class='av-masonry-image-container' style=\"background-image: url(https:\/\/dfvcg-events.de\/cannabis-con\/wp-content\/uploads\/sites\/43\/2023\/02\/Heitepriem_Dirk_2022-web.jpg);\"  title=\"Heitepriem_Dirk_2022-web\" ><\/div><\/div><figcaption class='av-inner-masonry-content site-background'><div class='av-inner-masonry-content-pos'><div class='av-inner-masonry-content-pos-content'><div class='avia-arrow'><\/div><h3 class='av-masonry-entry-title entry-title '  itemprop=\"headline\" >Dirk Heitepriem<\/h3><div class='av-masonry-entry-content entry-content'  itemprop=\"text\" >Aurora Europe<\/div><\/div><\/div><\/figcaption><\/figure><\/a><!--end av-masonry entry--><a href=\"https:\/\/dfvcg-events.de\/cannabis-con\/vortragend\/klaus-madzia\/\"  id='av-masonry-1-item-2272' data-av-masonry-item='2272' class='av-masonry-entry isotope-item post-2272 portfolio type-portfolio status-publish has-post-thumbnail hentry portfolio_entries-vortragende-2024  av-masonry-item-with-image' title=\"Madzia-Klaus-Cannovum-web\"   itemscope=\"itemscope\" itemtype=\"https:\/\/schema.org\/CreativeWork\" ><div class='av-inner-masonry-sizer'><\/div><figure class='av-inner-masonry main_color'><div class=\"av-masonry-outerimage-container\"><div class='av-masonry-image-container' style=\"background-image: url(https:\/\/dfvcg-events.de\/cannabis-con\/wp-content\/uploads\/sites\/43\/2024\/07\/Madzia-Klaus-Cannovum-web.jpg);\"  title=\"Madzia-Klaus-Cannovum-web\" ><\/div><\/div><figcaption class='av-inner-masonry-content site-background'><div class='av-inner-masonry-content-pos'><div class='av-inner-masonry-content-pos-content'><div class='avia-arrow'><\/div><h3 class='av-masonry-entry-title entry-title '  itemprop=\"headline\" >Klaus Madzia<\/h3><div class='av-masonry-entry-content entry-content'  itemprop=\"text\" >Cannovum<\/div><\/div><\/div><\/figcaption><\/figure><\/a><!--end av-masonry entry--><a href=\"https:\/\/dfvcg-events.de\/cannabis-con\/vortragend\/lorenz-minks\/\"  id='av-masonry-1-item-2155' data-av-masonry-item='2155' class='av-masonry-entry isotope-item post-2155 portfolio type-portfolio status-publish has-post-thumbnail hentry portfolio_entries-vortragende-2024  av-masonry-item-with-image' title=\"Bild Lorenz web\"   itemscope=\"itemscope\" itemtype=\"https:\/\/schema.org\/CreativeWork\" ><div class='av-inner-masonry-sizer'><\/div><figure class='av-inner-masonry main_color'><div class=\"av-masonry-outerimage-container\"><div class='av-masonry-image-container' style=\"background-image: url(https:\/\/dfvcg-events.de\/cannabis-con\/wp-content\/uploads\/sites\/43\/2024\/03\/Bild-Lorenz-web.jpg);\"  title=\"Bild Lorenz web\" ><\/div><\/div><figcaption class='av-inner-masonry-content site-background'><div class='av-inner-masonry-content-pos'><div class='av-inner-masonry-content-pos-content'><div class='avia-arrow'><\/div><h3 class='av-masonry-entry-title entry-title '  itemprop=\"headline\" >Lorenz Minks<\/h3><div class='av-masonry-entry-content entry-content'  itemprop=\"text\" >Research-Gardens<\/div><\/div><\/div><\/figcaption><\/figure><\/a><!--end av-masonry entry--><a href=\"https:\/\/dfvcg-events.de\/cannabis-con\/vortragend\/dr-christiane-neubaur\/\"  id='av-masonry-1-item-2017' data-av-masonry-item='2017' class='av-masonry-entry isotope-item post-2017 portfolio type-portfolio status-publish has-post-thumbnail hentry portfolio_entries-vortragende-2024 portfolio_entries-vortragende-feature-2024  av-masonry-item-with-image' title=\"Neubaur_Christiane_2023_web\"   itemscope=\"itemscope\" itemtype=\"https:\/\/schema.org\/CreativeWork\" ><div class='av-inner-masonry-sizer'><\/div><figure class='av-inner-masonry main_color'><div class=\"av-masonry-outerimage-container\"><div class='av-masonry-image-container' style=\"background-image: url(https:\/\/dfvcg-events.de\/cannabis-con\/wp-content\/uploads\/sites\/43\/2023\/12\/Neubaur_Christiane_2023_web.jpg);\"  title=\"Neubaur_Christiane_2023_web\" ><\/div><\/div><figcaption class='av-inner-masonry-content site-background'><div class='av-inner-masonry-content-pos'><div class='av-inner-masonry-content-pos-content'><div class='avia-arrow'><\/div><h3 class='av-masonry-entry-title entry-title '  itemprop=\"headline\" >Dr. Christiane Neubaur<\/h3><div class='av-masonry-entry-content entry-content'  itemprop=\"text\" >Verband der Cannabis versorgenden Apotheken<\/div><\/div><\/div><\/figcaption><\/figure><\/a><!--end av-masonry entry--><a href=\"https:\/\/dfvcg-events.de\/cannabis-con\/vortragend\/lito-michael-schulte\/\"  id='av-masonry-1-item-1526' data-av-masonry-item='1526' class='av-masonry-entry isotope-item post-1526 portfolio type-portfolio status-publish has-post-thumbnail hentry portfolio_entries-vortragende-2024  av-masonry-item-with-image' title=\"Schulte_Lito_Michael_2022-web\"   itemscope=\"itemscope\" itemtype=\"https:\/\/schema.org\/CreativeWork\" ><div class='av-inner-masonry-sizer'><\/div><figure class='av-inner-masonry main_color'><div class=\"av-masonry-outerimage-container\"><div class='av-masonry-image-container' style=\"background-image: url(https:\/\/dfvcg-events.de\/cannabis-con\/wp-content\/uploads\/sites\/43\/2023\/02\/Schulte_Lito_Michael_2022-web.jpg);\"  title=\"Schulte_Lito_Michael_2022-web\" ><\/div><\/div><figcaption class='av-inner-masonry-content site-background'><div class='av-inner-masonry-content-pos'><div class='av-inner-masonry-content-pos-content'><div class='avia-arrow'><\/div><h3 class='av-masonry-entry-title entry-title '  itemprop=\"headline\" >Lito Michael Schulte<\/h3><div class='av-masonry-entry-content entry-content'  itemprop=\"text\" >Jurist<\/div><\/div><\/div><\/figcaption><\/figure><\/a><!--end av-masonry entry--><a href=\"https:\/\/dfvcg-events.de\/cannabis-con\/vortragend\/aleksandra-vujinovic\/\"  id='av-masonry-1-item-2239' data-av-masonry-item='2239' class='av-masonry-entry isotope-item post-2239 portfolio type-portfolio status-publish has-post-thumbnail hentry portfolio_entries-vortragende-2024  av-masonry-item-with-image' title=\"Vujinovic-Aleksandra-LLA-web\"   itemscope=\"itemscope\" itemtype=\"https:\/\/schema.org\/CreativeWork\" ><div class='av-inner-masonry-sizer'><\/div><figure class='av-inner-masonry main_color'><div class=\"av-masonry-outerimage-container\"><div class='av-masonry-image-container' style=\"background-image: url(https:\/\/dfvcg-events.de\/cannabis-con\/wp-content\/uploads\/sites\/43\/2024\/05\/Vujinovic-Aleksandra-LLA-web.jpg);\"  title=\"Vujinovic-Aleksandra-LLA-web\" ><\/div><\/div><figcaption class='av-inner-masonry-content site-background'><div class='av-inner-masonry-content-pos'><div class='av-inner-masonry-content-pos-content'><div class='avia-arrow'><\/div><h3 class='av-masonry-entry-title entry-title '  itemprop=\"headline\" >Aleksandra Vujinovic<\/h3><div class='av-masonry-entry-content entry-content'  itemprop=\"text\" >Lito Law Academy<\/div><\/div><\/div><\/figcaption><\/figure><\/a><!--end av-masonry entry--><a href=\"https:\/\/dfvcg-events.de\/cannabis-con\/vortragend\/arne-loeffel\/\"  id='av-masonry-1-item-945' data-av-masonry-item='945' class='av-masonry-entry isotope-item post-945 portfolio type-portfolio status-publish has-post-thumbnail hentry portfolio_entries-vortragend portfolio_entries-vortragende-2024  av-masonry-item-with-image' title=\"L\u00f6ffel_Arne_2022_web\"   itemscope=\"itemscope\" itemtype=\"https:\/\/schema.org\/CreativeWork\" ><div class='av-inner-masonry-sizer'><\/div><figure class='av-inner-masonry main_color'><div class=\"av-masonry-outerimage-container\"><div class='av-masonry-image-container' style=\"background-image: url(https:\/\/dfvcg-events.de\/cannabis-con\/wp-content\/uploads\/sites\/43\/2020\/05\/Loeffel_Arne_2022_web.jpg);\"  title=\"L\u00f6ffel_Arne_2022_web\" ><\/div><\/div><figcaption class='av-inner-masonry-content site-background'><div class='av-inner-masonry-content-pos'><div class='av-inner-masonry-content-pos-content'><div class='avia-arrow'><\/div><h3 class='av-masonry-entry-title entry-title '  itemprop=\"headline\" >Arne L\u00f6ffel<\/h3><div class='av-masonry-entry-content entry-content'  itemprop=\"text\" >dfv Conference Group<\/div><\/div><\/div><\/figcaption><\/figure><\/a><!--end av-masonry entry--><\/div><\/div>\n<\/p>\n","protected":false},"excerpt":{"rendered":"","protected":false},"author":1,"featured_media":0,"parent":0,"menu_order":0,"comment_status":"closed","ping_status":"closed","template":"","meta":{"footnotes":""},"class_list":["post-84","page","type-page","status-publish","hentry"],"yoast_head":"<!-- This site is optimized with the Yoast SEO plugin v27.3 - https:\/\/yoast.com\/product\/yoast-seo-wordpress\/ -->\n<title>Vortragende | CannabisCon live<\/title>\n<meta name=\"description\" content=\"Zu CannabisCon begr\u00fc\u00dfen wir Top-Vortragende aus der Branche. Freuen Sie sich auf spannende Vortr\u00e4ge zu wichtigen Themen und Innovationen.\" \/>\n<meta name=\"robots\" content=\"index, follow, max-snippet:-1, max-image-preview:large, max-video-preview:-1\" \/>\n<link rel=\"canonical\" href=\"https:\/\/dfvcg-events.de\/cannabis-con\/vortragende\/\" \/>\n<meta property=\"og:locale\" content=\"de_DE\" \/>\n<meta property=\"og:type\" content=\"article\" \/>\n<meta property=\"og:title\" content=\"Vortragende | CannabisCon live\" \/>\n<meta property=\"og:description\" content=\"Zu CannabisCon begr\u00fc\u00dfen wir Top-Vortragende aus der Branche. Freuen Sie sich auf spannende Vortr\u00e4ge zu wichtigen Themen und Innovationen.\" \/>\n<meta property=\"og:url\" content=\"https:\/\/dfvcg-events.de\/cannabis-con\/vortragende\/\" \/>\n<meta property=\"og:site_name\" content=\"CannabisCon live\" \/>\n<meta property=\"article:publisher\" content=\"https:\/\/www.facebook.com\/dfvcg.de\/\" \/>\n<meta property=\"article:modified_time\" content=\"2024-02-09T12:01:30+00:00\" \/>\n<meta property=\"og:image\" content=\"https:\/\/dfvcg-events.de\/cannabis-con\/wp-content\/uploads\/sites\/43\/2023\/02\/cannabis-con-live-logo-header-schrift.png\" \/>\n\t<meta property=\"og:image:width\" content=\"708\" \/>\n\t<meta property=\"og:image:height\" content=\"325\" \/>\n\t<meta property=\"og:image:type\" content=\"image\/png\" \/>\n<meta name=\"twitter:card\" content=\"summary_large_image\" \/>\n<meta name=\"twitter:site\" content=\"@dfvcg_\" \/>\n<meta name=\"twitter:label1\" content=\"Gesch\u00e4tzte Lesezeit\" \/>\n\t<meta name=\"twitter:data1\" content=\"1\u00a0Minute\" \/>\n<script type=\"application\/ld+json\" class=\"yoast-schema-graph\">{\"@context\":\"https:\\\/\\\/schema.org\",\"@graph\":[{\"@type\":\"WebPage\",\"@id\":\"https:\\\/\\\/dfvcg-events.de\\\/cannabis-con\\\/vortragende\\\/\",\"url\":\"https:\\\/\\\/dfvcg-events.de\\\/cannabis-con\\\/vortragende\\\/\",\"name\":\"Vortragende | CannabisCon live\",\"isPartOf\":{\"@id\":\"https:\\\/\\\/dfvcg-events.de\\\/cannabis-con\\\/#website\"},\"datePublished\":\"2020-03-19T18:38:27+00:00\",\"dateModified\":\"2024-02-09T12:01:30+00:00\",\"description\":\"Zu CannabisCon begr\u00fc\u00dfen wir Top-Vortragende aus der Branche. Freuen Sie sich auf spannende Vortr\u00e4ge zu wichtigen Themen und Innovationen.\",\"breadcrumb\":{\"@id\":\"https:\\\/\\\/dfvcg-events.de\\\/cannabis-con\\\/vortragende\\\/#breadcrumb\"},\"inLanguage\":\"de\",\"potentialAction\":[{\"@type\":\"ReadAction\",\"target\":[\"https:\\\/\\\/dfvcg-events.de\\\/cannabis-con\\\/vortragende\\\/\"]}]},{\"@type\":\"BreadcrumbList\",\"@id\":\"https:\\\/\\\/dfvcg-events.de\\\/cannabis-con\\\/vortragende\\\/#breadcrumb\",\"itemListElement\":[{\"@type\":\"ListItem\",\"position\":1,\"name\":\"Startseite\",\"item\":\"https:\\\/\\\/dfvcg-events.de\\\/cannabis-con\\\/\"},{\"@type\":\"ListItem\",\"position\":2,\"name\":\"Vortragende\"}]},{\"@type\":\"WebSite\",\"@id\":\"https:\\\/\\\/dfvcg-events.de\\\/cannabis-con\\\/#website\",\"url\":\"https:\\\/\\\/dfvcg-events.de\\\/cannabis-con\\\/\",\"name\":\"CannabisCon live\",\"description\":\"dfv Conference Group\",\"publisher\":{\"@id\":\"https:\\\/\\\/dfvcg-events.de\\\/cannabis-con\\\/#organization\"},\"alternateName\":\"CannabisCon live\",\"potentialAction\":[{\"@type\":\"SearchAction\",\"target\":{\"@type\":\"EntryPoint\",\"urlTemplate\":\"https:\\\/\\\/dfvcg-events.de\\\/cannabis-con\\\/?s={search_term_string}\"},\"query-input\":{\"@type\":\"PropertyValueSpecification\",\"valueRequired\":true,\"valueName\":\"search_term_string\"}}],\"inLanguage\":\"de\"},{\"@type\":\"Organization\",\"@id\":\"https:\\\/\\\/dfvcg-events.de\\\/cannabis-con\\\/#organization\",\"name\":\"CannabisCON live\",\"alternateName\":\"CannabisCon live\",\"url\":\"https:\\\/\\\/dfvcg-events.de\\\/cannabis-con\\\/\",\"logo\":{\"@type\":\"ImageObject\",\"inLanguage\":\"de\",\"@id\":\"https:\\\/\\\/dfvcg-events.de\\\/cannabis-con\\\/#\\\/schema\\\/logo\\\/image\\\/\",\"url\":\"https:\\\/\\\/dfvcg-events.de\\\/cannabis-con\\\/wp-content\\\/uploads\\\/sites\\\/43\\\/2023\\\/02\\\/dfvcg_CanConlive_Logo.png\",\"contentUrl\":\"https:\\\/\\\/dfvcg-events.de\\\/cannabis-con\\\/wp-content\\\/uploads\\\/sites\\\/43\\\/2023\\\/02\\\/dfvcg_CanConlive_Logo.png\",\"width\":3233,\"height\":2500,\"caption\":\"CannabisCON live\"},\"image\":{\"@id\":\"https:\\\/\\\/dfvcg-events.de\\\/cannabis-con\\\/#\\\/schema\\\/logo\\\/image\\\/\"},\"sameAs\":[\"https:\\\/\\\/www.facebook.com\\\/dfvcg.de\\\/\",\"https:\\\/\\\/x.com\\\/dfvcg_\"]}]}<\/script>\n<!-- \/ Yoast SEO plugin. -->","yoast_head_json":{"title":"Vortragende | CannabisCon live","description":"Zu CannabisCon begr\u00fc\u00dfen wir Top-Vortragende aus der Branche. Freuen Sie sich auf spannende Vortr\u00e4ge zu wichtigen Themen und Innovationen.","robots":{"index":"index","follow":"follow","max-snippet":"max-snippet:-1","max-image-preview":"max-image-preview:large","max-video-preview":"max-video-preview:-1"},"canonical":"https:\/\/dfvcg-events.de\/cannabis-con\/vortragende\/","og_locale":"de_DE","og_type":"article","og_title":"Vortragende | CannabisCon live","og_description":"Zu CannabisCon begr\u00fc\u00dfen wir Top-Vortragende aus der Branche. Freuen Sie sich auf spannende Vortr\u00e4ge zu wichtigen Themen und Innovationen.","og_url":"https:\/\/dfvcg-events.de\/cannabis-con\/vortragende\/","og_site_name":"CannabisCon live","article_publisher":"https:\/\/www.facebook.com\/dfvcg.de\/","article_modified_time":"2024-02-09T12:01:30+00:00","og_image":[{"width":708,"height":325,"url":"https:\/\/dfvcg-events.de\/cannabis-con\/wp-content\/uploads\/sites\/43\/2023\/02\/cannabis-con-live-logo-header-schrift.png","type":"image\/png"}],"twitter_card":"summary_large_image","twitter_site":"@dfvcg_","twitter_misc":{"Gesch\u00e4tzte Lesezeit":"1\u00a0Minute"},"schema":{"@context":"https:\/\/schema.org","@graph":[{"@type":"WebPage","@id":"https:\/\/dfvcg-events.de\/cannabis-con\/vortragende\/","url":"https:\/\/dfvcg-events.de\/cannabis-con\/vortragende\/","name":"Vortragende | CannabisCon live","isPartOf":{"@id":"https:\/\/dfvcg-events.de\/cannabis-con\/#website"},"datePublished":"2020-03-19T18:38:27+00:00","dateModified":"2024-02-09T12:01:30+00:00","description":"Zu CannabisCon begr\u00fc\u00dfen wir Top-Vortragende aus der Branche. Freuen Sie sich auf spannende Vortr\u00e4ge zu wichtigen Themen und Innovationen.","breadcrumb":{"@id":"https:\/\/dfvcg-events.de\/cannabis-con\/vortragende\/#breadcrumb"},"inLanguage":"de","potentialAction":[{"@type":"ReadAction","target":["https:\/\/dfvcg-events.de\/cannabis-con\/vortragende\/"]}]},{"@type":"BreadcrumbList","@id":"https:\/\/dfvcg-events.de\/cannabis-con\/vortragende\/#breadcrumb","itemListElement":[{"@type":"ListItem","position":1,"name":"Startseite","item":"https:\/\/dfvcg-events.de\/cannabis-con\/"},{"@type":"ListItem","position":2,"name":"Vortragende"}]},{"@type":"WebSite","@id":"https:\/\/dfvcg-events.de\/cannabis-con\/#website","url":"https:\/\/dfvcg-events.de\/cannabis-con\/","name":"CannabisCon live","description":"dfv Conference Group","publisher":{"@id":"https:\/\/dfvcg-events.de\/cannabis-con\/#organization"},"alternateName":"CannabisCon live","potentialAction":[{"@type":"SearchAction","target":{"@type":"EntryPoint","urlTemplate":"https:\/\/dfvcg-events.de\/cannabis-con\/?s={search_term_string}"},"query-input":{"@type":"PropertyValueSpecification","valueRequired":true,"valueName":"search_term_string"}}],"inLanguage":"de"},{"@type":"Organization","@id":"https:\/\/dfvcg-events.de\/cannabis-con\/#organization","name":"CannabisCON live","alternateName":"CannabisCon live","url":"https:\/\/dfvcg-events.de\/cannabis-con\/","logo":{"@type":"ImageObject","inLanguage":"de","@id":"https:\/\/dfvcg-events.de\/cannabis-con\/#\/schema\/logo\/image\/","url":"https:\/\/dfvcg-events.de\/cannabis-con\/wp-content\/uploads\/sites\/43\/2023\/02\/dfvcg_CanConlive_Logo.png","contentUrl":"https:\/\/dfvcg-events.de\/cannabis-con\/wp-content\/uploads\/sites\/43\/2023\/02\/dfvcg_CanConlive_Logo.png","width":3233,"height":2500,"caption":"CannabisCON live"},"image":{"@id":"https:\/\/dfvcg-events.de\/cannabis-con\/#\/schema\/logo\/image\/"},"sameAs":["https:\/\/www.facebook.com\/dfvcg.de\/","https:\/\/x.com\/dfvcg_"]}]}},"_links":{"self":[{"href":"https:\/\/dfvcg-events.de\/cannabis-con\/wp-json\/wp\/v2\/pages\/84","targetHints":{"allow":["GET"]}}],"collection":[{"href":"https:\/\/dfvcg-events.de\/cannabis-con\/wp-json\/wp\/v2\/pages"}],"about":[{"href":"https:\/\/dfvcg-events.de\/cannabis-con\/wp-json\/wp\/v2\/types\/page"}],"author":[{"embeddable":true,"href":"https:\/\/dfvcg-events.de\/cannabis-con\/wp-json\/wp\/v2\/users\/1"}],"replies":[{"embeddable":true,"href":"https:\/\/dfvcg-events.de\/cannabis-con\/wp-json\/wp\/v2\/comments?post=84"}],"version-history":[{"count":0,"href":"https:\/\/dfvcg-events.de\/cannabis-con\/wp-json\/wp\/v2\/pages\/84\/revisions"}],"wp:attachment":[{"href":"https:\/\/dfvcg-events.de\/cannabis-con\/wp-json\/wp\/v2\/media?parent=84"}],"curies":[{"name":"wp","href":"https:\/\/api.w.org\/{rel}","templated":true}]}}